{"id":7691,"date":"2024-08-08T10:19:21","date_gmt":"2024-08-08T10:19:21","guid":{"rendered":"https:\/\/www.aimycomfort.com\/store\/product\/coussin-a-billes-lavable-premium-pour-enfants\/"},"modified":"2024-08-22T08:27:41","modified_gmt":"2024-08-22T08:27:41","slug":"coussin-a-billes-lavable-premium-pour-enfants","status":"publish","type":"product","link":"https:\/\/www.aimycomfort.com\/store\/fr\/produit\/coussin-a-billes-lavable-premium-pour-enfants\/","title":{"rendered":"Coussin \u00e0 Billes Lavable Premium pour Enfants"},"content":{"rendered":"<p>Notre Coussin \u00e0 Billes pour Enfants n&rsquo;est pas qu&rsquo;un simple coussin &#8211; c&rsquo;est un compagnon nocturne con\u00e7u pour grandir avec votre enfant. De la petite enfance aux ann\u00e9es de tout-petit, ce coussin offre le confort, la s\u00e9curit\u00e9 et le soutien dont votre petit a besoin pour un sommeil r\u00e9parateur et sain.<\/p>\n<p>Pourquoi choisir notre Coussin \u00e0 Billes pour Enfants ?<\/p>\n<ol>\n<li>Design enti\u00e8rement lavable :<\/li>\n<\/ol>\n<ul>\n<li>Conserve ses couleurs m\u00eame apr\u00e8s de nombreux lavages<\/li>\n<li>Lavable en machine sans perdre de sa douceur<\/li>\n<\/ul>\n<ol start=\"2\">\n<li>Confort double face :<\/li>\n<\/ol>\n<ul>\n<li>C\u00f4t\u00e9 A : 100% Coton Pur<\/li>\n<li>C\u00f4t\u00e9 B : Texture apaisante \u00e0 billes<\/li>\n<\/ul>\n<ol start=\"3\">\n<li>Polyvalence toutes saisons :<\/li>\n<\/ol>\n<ul>\n<li>S&rsquo;adapte aux besoins de confort de votre enfant tout au long de l&rsquo;ann\u00e9e<\/li>\n<\/ul>\n<ol start=\"4\">\n<li>Garnissage en fibre 3D de haute qualit\u00e9 :<\/li>\n<\/ol>\n<ul>\n<li>Fibres longues, fines et blanches pour une durabilit\u00e9 et un gonflant durables<\/li>\n<li>L\u00e9ger et sans odeur<\/li>\n<\/ul>\n<ol start=\"5\">\n<li>Texture \u00e0 billes de qualit\u00e9 SPA :<\/li>\n<\/ol>\n<ul>\n<li>Imite le toucher apaisant d&rsquo;une m\u00e8re<\/li>\n<li>Exp\u00e9rience tactile multi-couches pour faciliter l&rsquo;endormissement<\/li>\n<\/ul>\n<ol start=\"6\">\n<li>Zones scientifiquement con\u00e7ues :<\/li>\n<\/ol>\n<ul>\n<li>Soutient l&rsquo;alignement correct du cou<\/li>\n<li>Favorise des postures de sommeil saines<\/li>\n<\/ul>\n<p>La s\u00e9curit\u00e9 avant tout :<\/p>\n<ul>\n<li>Conforme \u00e0 la norme de classe A : Sans agents fluorescents, sans odeurs<\/li>\n<li>Teinture r\u00e9active \u00e9cologique : S\u00fbr pour m\u00e2cher et mordre<\/li>\n<li>Mat\u00e9riaux hypoallerg\u00e9niques : Prot\u00e8ge la peau d\u00e9licate<\/li>\n<\/ul>\n","protected":false},"excerpt":{"rendered":"<p>Pr\u00e9sentation du Coussin \u00e0 Billes Lavable Premium pour Enfants : Le Confort Rencontre la S\u00e9curit\u00e9<\/p>\n<p>Offrez \u00e0 votre petit le cadeau de doux r\u00eaves avec notre innovant Coussin \u00e0 Billes pour Enfants. Con\u00e7u en pensant \u00e0 la fois au confort et \u00e0 la s\u00e9curit\u00e9, ce coussin est le compagnon de sommeil parfait pour votre enfant.<\/p>\n","protected":false},"featured_media":6516,"comment_status":"open","ping_status":"closed","template":"","meta":{"site-sidebar-layout":"default","site-content-layout":"","ast-site-content-layout":"default","site-content-style":"default","site-sidebar-style":"default","ast-global-header-display":"","ast-banner-title-visibility":"","ast-main-header-display":"","ast-hfb-above-header-display":"","ast-hfb-below-header-display":"","ast-hfb-mobile-header-display":"","site-post-title":"","ast-breadcrumbs-content":"","ast-featured-img":"","footer-sml-layout":"","theme-transparent-header-meta":"default","adv-header-id-meta":"","stick-header-meta":"","header-above-stick-meta":"","header-main-stick-meta":"","header-below-stick-meta":"","astra-migrate-meta-layouts":"set","ast-page-background-enabled":"default","ast-page-background-meta":{"desktop":{"background-color":"var(--ast-global-color-4)","background-image":"","background-repeat":"repeat","background-position":"center center","background-size":"auto","background-attachment":"scroll","background-type":"","background-media":"","overlay-type":"","overlay-color":"","overlay-opacity":"","overlay-gradient":""},"tablet":{"background-color":"","background-image":"","background-repeat":"repeat","background-position":"center center","background-size":"auto","background-attachment":"scroll","background-type":"","background-media":"","overlay-type":"","overlay-color":"","overlay-opacity":"","overlay-gradient":""},"mobile":{"background-color":"","background-image":"","background-repeat":"repeat","background-position":"center center","background-size":"auto","background-attachment":"scroll","background-type":"","background-media":"","overlay-type":"","overlay-color":"","overlay-opacity":"","overlay-gradient":""}},"ast-content-background-meta":{"desktop":{"background-color":"var(--ast-global-color-5)","background-image":"","background-repeat":"repeat","background-position":"center center","background-size":"auto","background-attachment":"scroll","background-type":"","background-media":"","overlay-type":"","overlay-color":"","overlay-opacity":"","overlay-gradient":""},"tablet":{"background-color":"var(--ast-global-color-5)","background-image":"","background-repeat":"repeat","background-position":"center center","background-size":"auto","background-attachment":"scroll","background-type":"","background-media":"","overlay-type":"","overlay-color":"","overlay-opacity":"","overlay-gradient":""},"mobile":{"background-color":"var(--ast-global-color-5)","background-image":"","background-repeat":"repeat","background-position":"center center","background-size":"auto","background-attachment":"scroll","background-type":"","background-media":"","overlay-type":"","overlay-color":"","overlay-opacity":"","overlay-gradient":""}}},"product_brand":[],"product_cat":[227],"product_tag":[228,225],"class_list":{"0":"post-7691","1":"product","2":"type-product","3":"status-publish","4":"has-post-thumbnail","6":"product_cat-collection-doreillers","7":"product_tag-oreiller","8":"product_tag-soulagement-de-la-pression","9":"desktop-align-left","10":"tablet-align-left","11":"mobile-align-left","12":"ast-product-gallery-layout-horizontal-slider","13":"ast-product-single-variable","14":"ast-product-tabs-layout-horizontal","15":"ast-qv-on-image","17":"first","18":"instock","19":"shipping-taxable","20":"purchasable","21":"product-type-variable"},"aioseo_notices":[],"_links":{"self":[{"href":"https:\/\/www.aimycomfort.com\/store\/fr\/wp-json\/wp\/v2\/product\/7691","targetHints":{"allow":["GET"]}}],"collection":[{"href":"https:\/\/www.aimycomfort.com\/store\/fr\/wp-json\/wp\/v2\/product"}],"about":[{"href":"https:\/\/www.aimycomfort.com\/store\/fr\/wp-json\/wp\/v2\/types\/product"}],"replies":[{"embeddable":true,"href":"https:\/\/www.aimycomfort.com\/store\/fr\/wp-json\/wp\/v2\/comments?post=7691"}],"wp:featuredmedia":[{"embeddable":true,"href":"https:\/\/www.aimycomfort.com\/store\/fr\/wp-json\/wp\/v2\/media\/6516"}],"wp:attachment":[{"href":"https:\/\/www.aimycomfort.com\/store\/fr\/wp-json\/wp\/v2\/media?parent=7691"}],"wp:term":[{"taxonomy":"product_brand","embeddable":true,"href":"https:\/\/www.aimycomfort.com\/store\/fr\/wp-json\/wp\/v2\/product_brand?post=7691"},{"taxonomy":"product_cat","embeddable":true,"href":"https:\/\/www.aimycomfort.com\/store\/fr\/wp-json\/wp\/v2\/product_cat?post=7691"},{"taxonomy":"product_tag","embeddable":true,"href":"https:\/\/www.aimycomfort.com\/store\/fr\/wp-json\/wp\/v2\/product_tag?post=7691"}],"curies":[{"name":"wp","href":"https:\/\/api.w.org\/{rel}","templated":true}]}}