{"id":7294,"date":"2024-08-09T09:00:15","date_gmt":"2024-08-09T09:00:15","guid":{"rendered":"https:\/\/www.aimycomfort.com\/store\/product\/dossier-de-tete-de-lit-multifonctionnel-4-en-1\/"},"modified":"2024-08-22T08:12:22","modified_gmt":"2024-08-22T08:12:22","slug":"dossier-de-tete-de-lit-multifonctionnel-4-en-1","status":"publish","type":"product","link":"https:\/\/www.aimycomfort.com\/store\/fr\/produit\/dossier-de-tete-de-lit-multifonctionnel-4-en-1\/","title":{"rendered":"Dossier de T\u00eate de Lit Multifonctionnel 4-en-1"},"content":{"rendered":"<p>Que vous lisiez, regardiez la t\u00e9l\u00e9vision, travailliez ou vous d\u00e9tendiez simplement, notre Dossier de Lit Multifonctionnel s&rsquo;adapte \u00e0 vos besoins. D\u00e9couvrez le m\u00e9lange parfait de soutien et de confort.<\/p>\n<p>Caract\u00e9ristiques principales :<\/p>\n<ol>\n<li>Merveille ergonomique :<\/li>\n<\/ol>\n<ul>\n<li>Imite la courbe naturelle de votre colonne vert\u00e9brale pour un soutien parfait<\/li>\n<li>Design par zones qui nourrit chaque partie de votre dos<\/li>\n<\/ul>\n<ol start=\"2\">\n<li>Fonctionnalit\u00e9 4-en-1 :<\/li>\n<\/ol>\n<ul>\n<li>Passe sans effort de dossier de lit \u00e0 oreiller, support de cou ou repose-jambes<\/li>\n<li>M\u00e9langez et associez les composants pour votre configuration de confort id\u00e9ale<\/li>\n<\/ul>\n<ol start=\"3\">\n<li>Soutien enveloppant :<\/li>\n<\/ol>\n<ul>\n<li>C\u00f4t\u00e9s sur\u00e9lev\u00e9s avec design enveloppant 3D<\/li>\n<li>Donne l&rsquo;impression d&rsquo;une douce \u00e9treinte pour votre bas du dos<\/li>\n<\/ul>\n<ol start=\"4\">\n<li>Confort universel :<\/li>\n<\/ol>\n<ul>\n<li>Surface g\u00e9n\u00e9reuse qui s&rsquo;adapte \u00e0 tous les types de corps<\/li>\n<li>Confort luxueux dans toutes les positions &#8211; allong\u00e9, assis ou d\u00e9tendu<\/li>\n<\/ul>\n<ol start=\"5\">\n<li>Stabilit\u00e9 garantie :<\/li>\n<\/ol>\n<ul>\n<li>Syst\u00e8me de sangles cach\u00e9es qui maintient fermement le dossier en place<\/li>\n<\/ul>\n<ol start=\"6\">\n<li>Mat\u00e9riaux de qualit\u00e9 sup\u00e9rieure :<\/li>\n<\/ol>\n<ul>\n<li>Noyau en mousse \u00e0 m\u00e9moire de forme \u00e0 rebond lent pour un confort soulageant la pression<\/li>\n<li>Housse en tissu yoga bross\u00e9 &#8211; respirant, doux comme de la soie et respectueux de la peau<\/li>\n<\/ul>\n<ol start=\"7\">\n<li>Design convivial :<\/li>\n<\/ol>\n<ul>\n<li>Fermeture \u00e9clair lisse pour un retrait et un nettoyage faciles de la housse<\/li>\n<\/ul>\n","protected":false},"excerpt":{"rendered":"<p>Le Dossier de Lit Polyvalent<\/p>\n<p>Transformez votre lit en un havre de relaxation avec notre Dossier de Lit Multifonctionnel. Con\u00e7u pour bercer tout votre dos, ce produit innovant offre un confort et un soutien in\u00e9gal\u00e9s pour chaque position.<\/p>\n","protected":false},"featured_media":6435,"comment_status":"open","ping_status":"closed","template":"","meta":{"site-sidebar-layout":"default","site-content-layout":"","ast-site-content-layout":"default","site-content-style":"default","site-sidebar-style":"default","ast-global-header-display":"","ast-banner-title-visibility":"","ast-main-header-display":"","ast-hfb-above-header-display":"","ast-hfb-below-header-display":"","ast-hfb-mobile-header-display":"","site-post-title":"","ast-breadcrumbs-content":"","ast-featured-img":"","footer-sml-layout":"","theme-transparent-header-meta":"default","adv-header-id-meta":"","stick-header-meta":"","header-above-stick-meta":"","header-main-stick-meta":"","header-below-stick-meta":"","astra-migrate-meta-layouts":"set","ast-page-background-enabled":"default","ast-page-background-meta":{"desktop":{"background-color":"var(--ast-global-color-4)","background-image":"","background-repeat":"repeat","background-position":"center center","background-size":"auto","background-attachment":"scroll","background-type":"","background-media":"","overlay-type":"","overlay-color":"","overlay-opacity":"","overlay-gradient":""},"tablet":{"background-color":"","background-image":"","background-repeat":"repeat","background-position":"center center","background-size":"auto","background-attachment":"scroll","background-type":"","background-media":"","overlay-type":"","overlay-color":"","overlay-opacity":"","overlay-gradient":""},"mobile":{"background-color":"","background-image":"","background-repeat":"repeat","background-position":"center center","background-size":"auto","background-attachment":"scroll","background-type":"","background-media":"","overlay-type":"","overlay-color":"","overlay-opacity":"","overlay-gradient":""}},"ast-content-background-meta":{"desktop":{"background-color":"var(--ast-global-color-5)","background-image":"","background-repeat":"repeat","background-position":"center center","background-size":"auto","background-attachment":"scroll","background-type":"","background-media":"","overlay-type":"","overlay-color":"","overlay-opacity":"","overlay-gradient":""},"tablet":{"background-color":"var(--ast-global-color-5)","background-image":"","background-repeat":"repeat","background-position":"center center","background-size":"auto","background-attachment":"scroll","background-type":"","background-media":"","overlay-type":"","overlay-color":"","overlay-opacity":"","overlay-gradient":""},"mobile":{"background-color":"var(--ast-global-color-5)","background-image":"","background-repeat":"repeat","background-position":"center center","background-size":"auto","background-attachment":"scroll","background-type":"","background-media":"","overlay-type":"","overlay-color":"","overlay-opacity":"","overlay-gradient":""}}},"product_brand":[],"product_cat":[227,224],"product_tag":[225,226],"class_list":{"0":"post-7294","1":"product","2":"type-product","3":"status-publish","4":"has-post-thumbnail","6":"product_cat-collection-doreillers","7":"product_cat-support-lombaire","8":"product_tag-soulagement-de-la-pression","9":"product_tag-support-lombaire","10":"desktop-align-left","11":"tablet-align-left","12":"mobile-align-left","13":"ast-product-gallery-layout-horizontal-slider","14":"ast-product-single-variable","15":"ast-product-tabs-layout-horizontal","16":"ast-qv-on-image","18":"first","19":"instock","20":"shipping-taxable","21":"purchasable","22":"product-type-variable"},"aioseo_notices":[],"_links":{"self":[{"href":"https:\/\/www.aimycomfort.com\/store\/fr\/wp-json\/wp\/v2\/product\/7294","targetHints":{"allow":["GET"]}}],"collection":[{"href":"https:\/\/www.aimycomfort.com\/store\/fr\/wp-json\/wp\/v2\/product"}],"about":[{"href":"https:\/\/www.aimycomfort.com\/store\/fr\/wp-json\/wp\/v2\/types\/product"}],"replies":[{"embeddable":true,"href":"https:\/\/www.aimycomfort.com\/store\/fr\/wp-json\/wp\/v2\/comments?post=7294"}],"wp:featuredmedia":[{"embeddable":true,"href":"https:\/\/www.aimycomfort.com\/store\/fr\/wp-json\/wp\/v2\/media\/6435"}],"wp:attachment":[{"href":"https:\/\/www.aimycomfort.com\/store\/fr\/wp-json\/wp\/v2\/media?parent=7294"}],"wp:term":[{"taxonomy":"product_brand","embeddable":true,"href":"https:\/\/www.aimycomfort.com\/store\/fr\/wp-json\/wp\/v2\/product_brand?post=7294"},{"taxonomy":"product_cat","embeddable":true,"href":"https:\/\/www.aimycomfort.com\/store\/fr\/wp-json\/wp\/v2\/product_cat?post=7294"},{"taxonomy":"product_tag","embeddable":true,"href":"https:\/\/www.aimycomfort.com\/store\/fr\/wp-json\/wp\/v2\/product_tag?post=7294"}],"curies":[{"name":"wp","href":"https:\/\/api.w.org\/{rel}","templated":true}]}}