{"id":7246,"date":"2024-08-09T09:07:19","date_gmt":"2024-08-09T09:07:19","guid":{"rendered":"https:\/\/www.aimycomfort.com\/store\/product\/support-lombaire-confort-bicolore\/"},"modified":"2024-08-09T09:07:19","modified_gmt":"2024-08-09T09:07:19","slug":"support-lombaire-confort-bicolore","status":"publish","type":"product","link":"https:\/\/www.aimycomfort.com\/store\/fr\/produit\/support-lombaire-confort-bicolore\/","title":{"rendered":"Support Lombaire Confort Bicolore"},"content":{"rendered":"<p>Que vous naviguiez dans les embouteillages aux heures de pointe, traversiez une journ\u00e9e de travail, ou vous d\u00e9tendiez \u00e0 la maison, notre Support Dorsal en Mousse \u00e0 M\u00e9moire de Forme vous soutient &#8211; litt\u00e9ralement ! Dites adieu \u00e0 l&rsquo;inconfort et bonjour \u00e0 un nouveau niveau de b\u00e9atitude assise.<\/p>\n<p>Caract\u00e9ristiques principales :<\/p>\n<ol>\n<li>Design adapt\u00e9 \u00e0 la colonne vert\u00e9brale :<\/li>\n<\/ol>\n<ul>\n<li>Courb\u00e9 ergonomiquement pour \u00e9pouser les contours naturels de votre dos<\/li>\n<li>Offre un soulagement doux de la pression pour un confort durable<\/li>\n<\/ul>\n<ol start=\"2\">\n<li>Confort toute la journ\u00e9e :<\/li>\n<\/ol>\n<ul>\n<li>Soulage la pression sur votre bas du dos et votre colonne vert\u00e9brale pendant les longues p\u00e9riodes assises<\/li>\n<li>Parfait pour les longs trajets, le travail de bureau ou la d\u00e9tente \u00e0 la maison<\/li>\n<\/ul>\n<ol start=\"3\">\n<li>Soutien enveloppant :<\/li>\n<\/ol>\n<ul>\n<li>Donne l&rsquo;impression que deux mains bercent doucement votre dos<\/li>\n<li>Les ailes lat\u00e9rales \u00e9tendues offrent un soutien lat\u00e9ral complet<\/li>\n<\/ul>\n<ol start=\"4\">\n<li>Ajustement sans espace :<\/li>\n<\/ol>\n<ul>\n<li>S&rsquo;\u00e9tend pour combler l&rsquo;espace entre vous et votre si\u00e8ge<\/li>\n<li>\u00c9limine les espaces d&rsquo;air inconfortables pour un soutien continu<\/li>\n<\/ul>\n<ol start=\"5\">\n<li>Mat\u00e9riaux de qualit\u00e9 sup\u00e9rieure :<\/li>\n<\/ol>\n<ul>\n<li>Mousse \u00e0 m\u00e9moire de forme \u00e0 haute densit\u00e9 et \u00e0 rebond lent qui s&rsquo;adapte \u00e0 votre forme unique<\/li>\n<li>Maintient ses propri\u00e9t\u00e9s de soutien dans le temps<\/li>\n<\/ul>\n<ol start=\"6\">\n<li>Polyvalence \u00e9l\u00e9gante :<\/li>\n<\/ol>\n<ul>\n<li>Disponible dans une gamme de couleurs pour correspondre \u00e0 votre style personnel<\/li>\n<li>Design \u00e9l\u00e9gant qui compl\u00e8te tous les environnements &#8211; voiture, bureau ou maison<\/li>\n<\/ul>\n","protected":false},"excerpt":{"rendered":"<p>Le Support Dorsal Polyvalent en Mousse \u00e0 M\u00e9moire de Forme<\/p>\n<p>D\u00e9couvrez un confort et un soutien in\u00e9gal\u00e9s avec notre innovant Support Dorsal en Mousse \u00e0 M\u00e9moire de Forme. Con\u00e7u pour une utilisation au bureau, \u00e0 la maison ou dans votre voiture, cette merveille ergonomique assure que votre colonne vert\u00e9brale reste heureuse, peu importe o\u00f9 vous \u00eates assis.<\/p>\n","protected":false},"featured_media":6408,"comment_status":"open","ping_status":"closed","template":"","meta":{"site-sidebar-layout":"default","site-content-layout":"","ast-site-content-layout":"default","site-content-style":"default","site-sidebar-style":"default","ast-global-header-display":"","ast-banner-title-visibility":"","ast-main-header-display":"","ast-hfb-above-header-display":"","ast-hfb-below-header-display":"","ast-hfb-mobile-header-display":"","site-post-title":"","ast-breadcrumbs-content":"","ast-featured-img":"","footer-sml-layout":"","theme-transparent-header-meta":"default","adv-header-id-meta":"","stick-header-meta":"","header-above-stick-meta":"","header-main-stick-meta":"","header-below-stick-meta":"","astra-migrate-meta-layouts":"default","ast-page-background-enabled":"default","ast-page-background-meta":{"desktop":{"background-color":"var(--ast-global-color-4)","background-image":"","background-repeat":"repeat","background-position":"center center","background-size":"auto","background-attachment":"scroll","background-type":"","background-media":"","overlay-type":"","overlay-color":"","overlay-opacity":"","overlay-gradient":""},"tablet":{"background-color":"","background-image":"","background-repeat":"repeat","background-position":"center center","background-size":"auto","background-attachment":"scroll","background-type":"","background-media":"","overlay-type":"","overlay-color":"","overlay-opacity":"","overlay-gradient":""},"mobile":{"background-color":"","background-image":"","background-repeat":"repeat","background-position":"center center","background-size":"auto","background-attachment":"scroll","background-type":"","background-media":"","overlay-type":"","overlay-color":"","overlay-opacity":"","overlay-gradient":""}},"ast-content-background-meta":{"desktop":{"background-color":"var(--ast-global-color-5)","background-image":"","background-repeat":"repeat","background-position":"center center","background-size":"auto","background-attachment":"scroll","background-type":"","background-media":"","overlay-type":"","overlay-color":"","overlay-opacity":"","overlay-gradient":""},"tablet":{"background-color":"var(--ast-global-color-5)","background-image":"","background-repeat":"repeat","background-position":"center center","background-size":"auto","background-attachment":"scroll","background-type":"","background-media":"","overlay-type":"","overlay-color":"","overlay-opacity":"","overlay-gradient":""},"mobile":{"background-color":"var(--ast-global-color-5)","background-image":"","background-repeat":"repeat","background-position":"center center","background-size":"auto","background-attachment":"scroll","background-type":"","background-media":"","overlay-type":"","overlay-color":"","overlay-opacity":"","overlay-gradient":""}}},"product_brand":[],"product_cat":[224],"product_tag":[228,225],"class_list":{"0":"post-7246","1":"product","2":"type-product","3":"status-publish","4":"has-post-thumbnail","6":"product_cat-support-lombaire","7":"product_tag-oreiller","8":"product_tag-soulagement-de-la-pression","9":"desktop-align-left","10":"tablet-align-left","11":"mobile-align-left","12":"ast-product-gallery-layout-horizontal-slider","13":"ast-product-single-variable","14":"ast-product-tabs-layout-horizontal","15":"ast-qv-on-image","17":"first","18":"instock","19":"shipping-taxable","20":"purchasable","21":"product-type-variable"},"aioseo_notices":[],"_links":{"self":[{"href":"https:\/\/www.aimycomfort.com\/store\/fr\/wp-json\/wp\/v2\/product\/7246","targetHints":{"allow":["GET"]}}],"collection":[{"href":"https:\/\/www.aimycomfort.com\/store\/fr\/wp-json\/wp\/v2\/product"}],"about":[{"href":"https:\/\/www.aimycomfort.com\/store\/fr\/wp-json\/wp\/v2\/types\/product"}],"replies":[{"embeddable":true,"href":"https:\/\/www.aimycomfort.com\/store\/fr\/wp-json\/wp\/v2\/comments?post=7246"}],"wp:featuredmedia":[{"embeddable":true,"href":"https:\/\/www.aimycomfort.com\/store\/fr\/wp-json\/wp\/v2\/media\/6408"}],"wp:attachment":[{"href":"https:\/\/www.aimycomfort.com\/store\/fr\/wp-json\/wp\/v2\/media?parent=7246"}],"wp:term":[{"taxonomy":"product_brand","embeddable":true,"href":"https:\/\/www.aimycomfort.com\/store\/fr\/wp-json\/wp\/v2\/product_brand?post=7246"},{"taxonomy":"product_cat","embeddable":true,"href":"https:\/\/www.aimycomfort.com\/store\/fr\/wp-json\/wp\/v2\/product_cat?post=7246"},{"taxonomy":"product_tag","embeddable":true,"href":"https:\/\/www.aimycomfort.com\/store\/fr\/wp-json\/wp\/v2\/product_tag?post=7246"}],"curies":[{"name":"wp","href":"https:\/\/api.w.org\/{rel}","templated":true}]}}