{"id":7193,"date":"2024-08-13T03:58:06","date_gmt":"2024-08-13T03:58:06","guid":{"rendered":"https:\/\/www.aimycomfort.com\/store\/product\/oreiller-premium-en-coton-pp-et-mousse-dechiquetee\/"},"modified":"2024-08-22T08:03:37","modified_gmt":"2024-08-22T08:03:37","slug":"oreiller-premium-en-coton-pp-et-mousse-dechiquetee","status":"publish","type":"product","link":"https:\/\/www.aimycomfort.com\/store\/fr\/produit\/oreiller-premium-en-coton-pp-et-mousse-dechiquetee\/","title":{"rendered":"Oreiller Premium en Coton PP et Mousse D\u00e9chiquet\u00e9e"},"content":{"rendered":"<p>Dites adieu aux nuits blanches et bonjour aux matins revigorants. Votre voyage vers un meilleur sommeil commence ici !<\/p>\n<p>Que vous dormiez sur le c\u00f4t\u00e9, sur le dos ou entre les deux, notre Oreiller en Coton PP et Mousse D\u00e9chiquet\u00e9e s&rsquo;adapte \u00e0 vos besoins. D\u00e9couvrez l&rsquo;\u00e9quilibre parfait entre un confort moelleux et une structure de soutien qui s&rsquo;adapte \u00e0 vous, et non l&rsquo;inverse.<\/p>\n<p>Caract\u00e9ristiques principales :<\/p>\n<ol>\n<li>Luxe de qualit\u00e9 h\u00f4teli\u00e8re :<\/li>\n<\/ol>\n<ul>\n<li>Profitez du m\u00eame confort moelleux que dans les h\u00f4tels haut de gamme<\/li>\n<li>Transformez votre chambre en un havre de relaxation<\/li>\n<\/ul>\n<ol start=\"2\">\n<li>Fibre \u00e0 haute \u00e9lasticit\u00e9 :<\/li>\n<\/ol>\n<ul>\n<li>Fibres de qualit\u00e9 sup\u00e9rieure et r\u00e9silientes pour un excellent rebond<\/li>\n<li>Durabilit\u00e9 exceptionnelle pour un confort durable<\/li>\n<\/ul>\n<ol start=\"3\">\n<li>Confort triple action :<\/li>\n<\/ol>\n<ul>\n<li>Haut rebond pour un soutien r\u00e9actif<\/li>\n<li>Soutien fort et stable pour un bon alignement<\/li>\n<li>\u00c9vacuation de l&rsquo;humidit\u00e9 et respirabilit\u00e9 pour une nuit fra\u00eeche<\/li>\n<\/ul>\n<ol start=\"4\">\n<li>Libert\u00e9 multi-couches :<\/li>\n<\/ol>\n<ul>\n<li>Design innovant multi-couches \u00e9quilibrant douceur et soutien<\/li>\n<li>S&rsquo;adapte \u00e0 votre style de sommeil unique, vous lib\u00e9rant de l&rsquo;inconfort<\/li>\n<\/ul>\n<ol start=\"5\">\n<li>Confort polyvalent :<\/li>\n<\/ol>\n<ul>\n<li>Parfait pour toutes les positions de sommeil<\/li>\n<li>Soutien personnalisable selon vos pr\u00e9f\u00e9rences<\/li>\n<\/ul>\n<p>Passez \u00e0 un sommeil cinq \u00e9toiles d\u00e8s ce soir. Parce que quand vous dormez mieux, vous vivez mieux !<\/p>\n","protected":false},"excerpt":{"rendered":"<p>Votre Billet pour un Sommeil Cinq \u00c9toiles<\/p>\n<p>Les nuits blanches vous freinent-elles ? Dites adieu aux retournements incessants et bonjour au confort luxueux d&rsquo;un h\u00f4tel cinq \u00e9toiles &#8211; directement dans votre chambre !<\/p>\n<p>Plongez dans un monde de confort doux et sans pression avec notre innovant Oreiller en Coton PP et Mousse D\u00e9chiquet\u00e9e. Ce n&rsquo;est pas qu&rsquo;un simple oreiller ; c&rsquo;est votre sanctuaire personnel pour le sommeil.<\/p>\n","protected":false},"featured_media":6849,"comment_status":"open","ping_status":"closed","template":"","meta":{"site-sidebar-layout":"default","site-content-layout":"","ast-site-content-layout":"default","site-content-style":"default","site-sidebar-style":"default","ast-global-header-display":"","ast-banner-title-visibility":"","ast-main-header-display":"","ast-hfb-above-header-display":"","ast-hfb-below-header-display":"","ast-hfb-mobile-header-display":"","site-post-title":"","ast-breadcrumbs-content":"","ast-featured-img":"","footer-sml-layout":"","theme-transparent-header-meta":"default","adv-header-id-meta":"","stick-header-meta":"","header-above-stick-meta":"","header-main-stick-meta":"","header-below-stick-meta":"","astra-migrate-meta-layouts":"set","ast-page-background-enabled":"default","ast-page-background-meta":{"desktop":{"background-color":"var(--ast-global-color-4)","background-image":"","background-repeat":"repeat","background-position":"center center","background-size":"auto","background-attachment":"scroll","background-type":"","background-media":"","overlay-type":"","overlay-color":"","overlay-opacity":"","overlay-gradient":""},"tablet":{"background-color":"","background-image":"","background-repeat":"repeat","background-position":"center center","background-size":"auto","background-attachment":"scroll","background-type":"","background-media":"","overlay-type":"","overlay-color":"","overlay-opacity":"","overlay-gradient":""},"mobile":{"background-color":"","background-image":"","background-repeat":"repeat","background-position":"center center","background-size":"auto","background-attachment":"scroll","background-type":"","background-media":"","overlay-type":"","overlay-color":"","overlay-opacity":"","overlay-gradient":""}},"ast-content-background-meta":{"desktop":{"background-color":"var(--ast-global-color-5)","background-image":"","background-repeat":"repeat","background-position":"center center","background-size":"auto","background-attachment":"scroll","background-type":"","background-media":"","overlay-type":"","overlay-color":"","overlay-opacity":"","overlay-gradient":""},"tablet":{"background-color":"var(--ast-global-color-5)","background-image":"","background-repeat":"repeat","background-position":"center center","background-size":"auto","background-attachment":"scroll","background-type":"","background-media":"","overlay-type":"","overlay-color":"","overlay-opacity":"","overlay-gradient":""},"mobile":{"background-color":"var(--ast-global-color-5)","background-image":"","background-repeat":"repeat","background-position":"center center","background-size":"auto","background-attachment":"scroll","background-type":"","background-media":"","overlay-type":"","overlay-color":"","overlay-opacity":"","overlay-gradient":""}}},"product_brand":[],"product_cat":[227],"product_tag":[228,225],"class_list":{"0":"post-7193","1":"product","2":"type-product","3":"status-publish","4":"has-post-thumbnail","6":"product_cat-collection-doreillers","7":"product_tag-oreiller","8":"product_tag-soulagement-de-la-pression","9":"desktop-align-left","10":"tablet-align-left","11":"mobile-align-left","12":"ast-product-gallery-layout-horizontal-slider","13":"ast-product-tabs-layout-horizontal","14":"ast-qv-on-image","16":"first","17":"instock","18":"shipping-taxable","19":"purchasable","20":"product-type-simple"},"aioseo_notices":[],"_links":{"self":[{"href":"https:\/\/www.aimycomfort.com\/store\/fr\/wp-json\/wp\/v2\/product\/7193","targetHints":{"allow":["GET"]}}],"collection":[{"href":"https:\/\/www.aimycomfort.com\/store\/fr\/wp-json\/wp\/v2\/product"}],"about":[{"href":"https:\/\/www.aimycomfort.com\/store\/fr\/wp-json\/wp\/v2\/types\/product"}],"replies":[{"embeddable":true,"href":"https:\/\/www.aimycomfort.com\/store\/fr\/wp-json\/wp\/v2\/comments?post=7193"}],"wp:featuredmedia":[{"embeddable":true,"href":"https:\/\/www.aimycomfort.com\/store\/fr\/wp-json\/wp\/v2\/media\/6849"}],"wp:attachment":[{"href":"https:\/\/www.aimycomfort.com\/store\/fr\/wp-json\/wp\/v2\/media?parent=7193"}],"wp:term":[{"taxonomy":"product_brand","embeddable":true,"href":"https:\/\/www.aimycomfort.com\/store\/fr\/wp-json\/wp\/v2\/product_brand?post=7193"},{"taxonomy":"product_cat","embeddable":true,"href":"https:\/\/www.aimycomfort.com\/store\/fr\/wp-json\/wp\/v2\/product_cat?post=7193"},{"taxonomy":"product_tag","embeddable":true,"href":"https:\/\/www.aimycomfort.com\/store\/fr\/wp-json\/wp\/v2\/product_tag?post=7193"}],"curies":[{"name":"wp","href":"https:\/\/api.w.org\/{rel}","templated":true}]}}