{"id":28834,"date":"2025-02-05T07:49:15","date_gmt":"2025-02-05T07:49:15","guid":{"rendered":"https:\/\/www.aimycomfort.com\/store\/product\/summer-cool-quilt-antibacterial-non-indentation\/"},"modified":"2025-02-05T08:30:58","modified_gmt":"2025-02-05T08:30:58","slug":"summer-cool-quilt-antibacterial-non-indentation","status":"publish","type":"product","link":"https:\/\/www.aimycomfort.com\/store\/fr\/produit\/summer-cool-quilt-antibacterial-non-indentation\/","title":{"rendered":"Couette Fra\u00eeche d&rsquo;\u00c9t\u00e9 Antibact\u00e9rienne et Anti-D\u00e9formation"},"content":{"rendered":"<p class=\"first:mt-1.5\">La Couette Fra\u00eeche d&rsquo;\u00c9t\u00e9 Antibact\u00e9rienne et Anti-D\u00e9formation est con\u00e7ue pour offrir un sommeil rafra\u00eechissant et sans souci pendant l&rsquo;\u00e9t\u00e9. Fabriqu\u00e9e en coton lav\u00e9, elle est respirante, soyeuse et parfaite pour un contact direct avec la peau, offrant une exp\u00e9rience de sommeil relaxante et \u00ab\u00a0comme si vous dormiez nu\u00a0\u00bb. Remplie de coton l\u00e9ger \u00e0 plumes, elle offre une grande douceur sans s&rsquo;agglom\u00e9rer ni exercer de pression sur le corps. Ses propri\u00e9t\u00e9s antibact\u00e9riennes garantissent un environnement de sommeil propre et sain, tandis que la technologie d&rsquo;impression et de teinture r\u00e9active assure des couleurs vibrantes, r\u00e9sistantes \u00e0 la d\u00e9coloration et durables.<\/p>\n<h4><strong>Caract\u00e9ristiques principales de la Couette Fra\u00eeche d&rsquo;\u00c9t\u00e9 :<\/strong><\/h4>\n<ul>\n<li><strong>Tissu en coton lav\u00e9<\/strong> : Doux, respirant et respectueux de la peau, id\u00e9al pour un contact direct avec la peau pour un sommeil frais et relaxant.<\/li>\n<li><strong>Remplissage en coton l\u00e9ger \u00e0 plumes<\/strong> : Offre une grande douceur et une r\u00e9partition uniforme sans s&rsquo;agglom\u00e9rer, garantissant un confort sans ajouter de poids.<\/li>\n<li><strong>Propri\u00e9t\u00e9s antibact\u00e9riennes<\/strong> : \u00c9limine 99 % des bact\u00e9ries, favorisant un environnement de sommeil propre et sain.<\/li>\n<li><strong>Impression et teinture r\u00e9active<\/strong> : Technologie avanc\u00e9e garantissant des couleurs vibrantes et r\u00e9sistantes \u00e0 la d\u00e9coloration, lavables et r\u00e9sistantes au r\u00e9tr\u00e9cissement ou au boulochage.<\/li>\n<li><strong>Lavable en machine et durable<\/strong> : Facile \u00e0 nettoyer et \u00e0 entretenir, avec un design \u00e0 bordure enveloppante et des coutures serr\u00e9es pour une utilisation prolong\u00e9e.<\/li>\n<li><strong>Design \u00e9l\u00e9gant de matelassage<\/strong> : Des coutures raffin\u00e9es qui augmentent la durabilit\u00e9 et ajoutent une touche de sophistication \u00e0 votre literie.<\/li>\n<\/ul>\n<p class=\"first:mt-1.5\">La Couette Fra\u00eeche d&rsquo;\u00c9t\u00e9 Antibact\u00e9rienne et Anti-D\u00e9formation combine douceur, respirabilit\u00e9 et durabilit\u00e9, en faisant le choix parfait pour un sommeil estival luxueux et rafra\u00eechissant.<\/p>\n","protected":false},"excerpt":{"rendered":"<p>La Couette Fra\u00eeche d&rsquo;\u00c9t\u00e9 Antibact\u00e9rienne et Anti-D\u00e9formation est fabriqu\u00e9e avec un tissu en coton lav\u00e9 doux et un rembourrage l\u00e9ger en coton \u00e0 plumes pour un confort respirant et respectueux de la peau. Antibact\u00e9rienne, r\u00e9sistante \u00e0 la d\u00e9coloration et lavable en machine, elle garantit un sommeil propre, frais et luxueux pendant les nuits d&rsquo;\u00e9t\u00e9.<\/p>\n","protected":false},"featured_media":28701,"comment_status":"open","ping_status":"closed","template":"","meta":{"site-sidebar-layout":"default","site-content-layout":"","ast-site-content-layout":"default","site-content-style":"default","site-sidebar-style":"default","ast-global-header-display":"","ast-banner-title-visibility":"","ast-main-header-display":"","ast-hfb-above-header-display":"","ast-hfb-below-header-display":"","ast-hfb-mobile-header-display":"","site-post-title":"","ast-breadcrumbs-content":"","ast-featured-img":"","footer-sml-layout":"","theme-transparent-header-meta":"default","adv-header-id-meta":"","stick-header-meta":"","header-above-stick-meta":"","header-main-stick-meta":"","header-below-stick-meta":"","astra-migrate-meta-layouts":"set","ast-page-background-enabled":"default","ast-page-background-meta":{"desktop":{"background-color":"var(--ast-global-color-4)","background-image":"","background-repeat":"repeat","background-position":"center center","background-size":"auto","background-attachment":"scroll","background-type":"","background-media":"","overlay-type":"","overlay-color":"","overlay-opacity":"","overlay-gradient":""},"tablet":{"background-color":"","background-image":"","background-repeat":"repeat","background-position":"center center","background-size":"auto","background-attachment":"scroll","background-type":"","background-media":"","overlay-type":"","overlay-color":"","overlay-opacity":"","overlay-gradient":""},"mobile":{"background-color":"","background-image":"","background-repeat":"repeat","background-position":"center center","background-size":"auto","background-attachment":"scroll","background-type":"","background-media":"","overlay-type":"","overlay-color":"","overlay-opacity":"","overlay-gradient":""}},"ast-content-background-meta":{"desktop":{"background-color":"var(--ast-global-color-5)","background-image":"","background-repeat":"repeat","background-position":"center center","background-size":"auto","background-attachment":"scroll","background-type":"","background-media":"","overlay-type":"","overlay-color":"","overlay-opacity":"","overlay-gradient":""},"tablet":{"background-color":"var(--ast-global-color-5)","background-image":"","background-repeat":"repeat","background-position":"center center","background-size":"auto","background-attachment":"scroll","background-type":"","background-media":"","overlay-type":"","overlay-color":"","overlay-opacity":"","overlay-gradient":""},"mobile":{"background-color":"var(--ast-global-color-5)","background-image":"","background-repeat":"repeat","background-position":"center center","background-size":"auto","background-attachment":"scroll","background-type":"","background-media":"","overlay-type":"","overlay-color":"","overlay-opacity":"","overlay-gradient":""}}},"product_brand":[],"product_cat":[995],"product_tag":[1046],"class_list":{"0":"post-28834","1":"product","2":"type-product","3":"status-publish","4":"has-post-thumbnail","6":"product_cat-couette","7":"product_tag-couette","8":"desktop-align-left","9":"tablet-align-left","10":"mobile-align-left","11":"ast-product-gallery-layout-horizontal-slider","12":"ast-product-single-variable","13":"ast-product-tabs-layout-horizontal","14":"ast-qv-on-image","16":"first","17":"instock","18":"shipping-taxable","19":"purchasable","20":"product-type-variable"},"aioseo_notices":[],"_links":{"self":[{"href":"https:\/\/www.aimycomfort.com\/store\/fr\/wp-json\/wp\/v2\/product\/28834","targetHints":{"allow":["GET"]}}],"collection":[{"href":"https:\/\/www.aimycomfort.com\/store\/fr\/wp-json\/wp\/v2\/product"}],"about":[{"href":"https:\/\/www.aimycomfort.com\/store\/fr\/wp-json\/wp\/v2\/types\/product"}],"replies":[{"embeddable":true,"href":"https:\/\/www.aimycomfort.com\/store\/fr\/wp-json\/wp\/v2\/comments?post=28834"}],"wp:featuredmedia":[{"embeddable":true,"href":"https:\/\/www.aimycomfort.com\/store\/fr\/wp-json\/wp\/v2\/media\/28701"}],"wp:attachment":[{"href":"https:\/\/www.aimycomfort.com\/store\/fr\/wp-json\/wp\/v2\/media?parent=28834"}],"wp:term":[{"taxonomy":"product_brand","embeddable":true,"href":"https:\/\/www.aimycomfort.com\/store\/fr\/wp-json\/wp\/v2\/product_brand?post=28834"},{"taxonomy":"product_cat","embeddable":true,"href":"https:\/\/www.aimycomfort.com\/store\/fr\/wp-json\/wp\/v2\/product_cat?post=28834"},{"taxonomy":"product_tag","embeddable":true,"href":"https:\/\/www.aimycomfort.com\/store\/fr\/wp-json\/wp\/v2\/product_tag?post=28834"}],"curies":[{"name":"wp","href":"https:\/\/api.w.org\/{rel}","templated":true}]}}