{"id":27632,"date":"2025-01-17T08:12:31","date_gmt":"2025-01-17T08:12:31","guid":{"rendered":"https:\/\/www.aimycomfort.com\/store\/product\/3d-fiber-hotel-pillow\/"},"modified":"2025-01-17T08:40:52","modified_gmt":"2025-01-17T08:40:52","slug":"3d-fiber-hotel-pillow","status":"publish","type":"product","link":"https:\/\/www.aimycomfort.com\/store\/fr\/produit\/3d-fiber-hotel-pillow\/","title":{"rendered":"Oreiller d&rsquo;H\u00f4tel en Fibre 3D"},"content":{"rendered":"<p>L&rsquo;Oreiller d&rsquo;H\u00f4tel en Fibre 3D est con\u00e7u avec un rembourrage en fibre moelleuse pour offrir un confort maximal et une exp\u00e9rience de sommeil luxueuse. Son tissu en polyester et coton de haute qualit\u00e9 garantit durabilit\u00e9 et une sensation douce et respirante. Con\u00e7u pour la stabilit\u00e9 et la fiabilit\u00e9, l&rsquo;oreiller subit cinq inspections de qualit\u00e9 pour maintenir des performances constantes. Avec de nombreuses options de personnalisation, y compris le tissu, la taille, le rembourrage, l&#8217;emballage et les logos, il est parfait pour un usage personnel ou pour r\u00e9pondre aux besoins de l&rsquo;h\u00f4tellerie.<\/p>\n<hr \/>\n<h2><strong>Caract\u00e9ristiques cl\u00e9s de l&rsquo;Oreiller d&rsquo;H\u00f4tel :<\/strong><\/h2>\n<h4><strong>Rembourrage en Fibre Moelleuse<\/strong><\/h4>\n<p class=\"first:mt-1.5\">Offre un confort doux et semblable \u00e0 un nuage pour un sommeil r\u00e9parateur et luxueux.<\/p>\n<h4><strong>Tissu Durable en Polyester et Coton<\/strong><\/h4>\n<p class=\"first:mt-1.5\">Respirant, doux et durable, garantissant une exp\u00e9rience de sommeil confortable.<\/p>\n<h4><strong>Cinq Inspections de Qualit\u00e9<\/strong><\/h4>\n<p class=\"first:mt-1.5\">Garantit une qualit\u00e9 stable et des performances constantes.<\/p>\n<h4><strong>Options Personnalisables<\/strong><\/h4>\n<p class=\"first:mt-1.5\">Prend en charge l&rsquo;OEM avec des options pour personnaliser le tissu, la taille, le rembourrage, l&#8217;emballage, les motifs et les logos.<\/p>\n<h4><strong>Design Polyvalent<\/strong><\/h4>\n<p class=\"first:mt-1.5\">Id\u00e9al pour un usage personnel ou comme option haut de gamme pour les h\u00f4tels et l&rsquo;h\u00f4tellerie.<\/p>\n<hr \/>\n<p class=\"first:mt-1.5\">L&rsquo;Oreiller d&rsquo;H\u00f4tel en Fibre 3D combine confort moelleux, mat\u00e9riaux durables et nombreuses options de personnalisation, en faisant le choix parfait pour une exp\u00e9rience de sommeil luxueuse et sur mesure.<\/p>\n","protected":false},"excerpt":{"rendered":"<p>L&rsquo;Oreiller d&rsquo;H\u00f4tel en Fibre 3D est dot\u00e9 d&rsquo;un rembourrage en fibre moelleuse et d&rsquo;un tissu durable en polyester et coton pour un confort et une respirabilit\u00e9 optimaux. Avec cinq inspections de qualit\u00e9 et de nombreuses options de personnalisation, il est parfait pour un usage personnel ou dans le secteur de l&rsquo;h\u00f4tellerie.<\/p>\n","protected":false},"featured_media":27527,"comment_status":"open","ping_status":"closed","template":"","meta":{"site-sidebar-layout":"default","site-content-layout":"","ast-site-content-layout":"default","site-content-style":"default","site-sidebar-style":"default","ast-global-header-display":"","ast-banner-title-visibility":"","ast-main-header-display":"","ast-hfb-above-header-display":"","ast-hfb-below-header-display":"","ast-hfb-mobile-header-display":"","site-post-title":"","ast-breadcrumbs-content":"","ast-featured-img":"","footer-sml-layout":"","theme-transparent-header-meta":"default","adv-header-id-meta":"","stick-header-meta":"","header-above-stick-meta":"","header-main-stick-meta":"","header-below-stick-meta":"","astra-migrate-meta-layouts":"set","ast-page-background-enabled":"default","ast-page-background-meta":{"desktop":{"background-color":"var(--ast-global-color-4)","background-image":"","background-repeat":"repeat","background-position":"center center","background-size":"auto","background-attachment":"scroll","background-type":"","background-media":"","overlay-type":"","overlay-color":"","overlay-opacity":"","overlay-gradient":""},"tablet":{"background-color":"","background-image":"","background-repeat":"repeat","background-position":"center center","background-size":"auto","background-attachment":"scroll","background-type":"","background-media":"","overlay-type":"","overlay-color":"","overlay-opacity":"","overlay-gradient":""},"mobile":{"background-color":"","background-image":"","background-repeat":"repeat","background-position":"center center","background-size":"auto","background-attachment":"scroll","background-type":"","background-media":"","overlay-type":"","overlay-color":"","overlay-opacity":"","overlay-gradient":""}},"ast-content-background-meta":{"desktop":{"background-color":"var(--ast-global-color-5)","background-image":"","background-repeat":"repeat","background-position":"center center","background-size":"auto","background-attachment":"scroll","background-type":"","background-media":"","overlay-type":"","overlay-color":"","overlay-opacity":"","overlay-gradient":""},"tablet":{"background-color":"var(--ast-global-color-5)","background-image":"","background-repeat":"repeat","background-position":"center center","background-size":"auto","background-attachment":"scroll","background-type":"","background-media":"","overlay-type":"","overlay-color":"","overlay-opacity":"","overlay-gradient":""},"mobile":{"background-color":"var(--ast-global-color-5)","background-image":"","background-repeat":"repeat","background-position":"center center","background-size":"auto","background-attachment":"scroll","background-type":"","background-media":"","overlay-type":"","overlay-color":"","overlay-opacity":"","overlay-gradient":""}}},"product_brand":[],"product_cat":[227,839],"product_tag":[1082],"class_list":{"0":"post-27632","1":"product","2":"type-product","3":"status-publish","4":"has-post-thumbnail","6":"product_cat-collection-doreillers","7":"product_cat-oreiller-de-lit","8":"product_tag-pillow-fr","9":"desktop-align-left","10":"tablet-align-left","11":"mobile-align-left","12":"ast-product-gallery-layout-horizontal-slider","13":"ast-product-single-variable","14":"ast-product-tabs-layout-horizontal","15":"ast-qv-on-image","17":"first","18":"instock","19":"shipping-taxable","20":"purchasable","21":"product-type-variable"},"aioseo_notices":[],"_links":{"self":[{"href":"https:\/\/www.aimycomfort.com\/store\/fr\/wp-json\/wp\/v2\/product\/27632","targetHints":{"allow":["GET"]}}],"collection":[{"href":"https:\/\/www.aimycomfort.com\/store\/fr\/wp-json\/wp\/v2\/product"}],"about":[{"href":"https:\/\/www.aimycomfort.com\/store\/fr\/wp-json\/wp\/v2\/types\/product"}],"replies":[{"embeddable":true,"href":"https:\/\/www.aimycomfort.com\/store\/fr\/wp-json\/wp\/v2\/comments?post=27632"}],"wp:featuredmedia":[{"embeddable":true,"href":"https:\/\/www.aimycomfort.com\/store\/fr\/wp-json\/wp\/v2\/media\/27527"}],"wp:attachment":[{"href":"https:\/\/www.aimycomfort.com\/store\/fr\/wp-json\/wp\/v2\/media?parent=27632"}],"wp:term":[{"taxonomy":"product_brand","embeddable":true,"href":"https:\/\/www.aimycomfort.com\/store\/fr\/wp-json\/wp\/v2\/product_brand?post=27632"},{"taxonomy":"product_cat","embeddable":true,"href":"https:\/\/www.aimycomfort.com\/store\/fr\/wp-json\/wp\/v2\/product_cat?post=27632"},{"taxonomy":"product_tag","embeddable":true,"href":"https:\/\/www.aimycomfort.com\/store\/fr\/wp-json\/wp\/v2\/product_tag?post=27632"}],"curies":[{"name":"wp","href":"https:\/\/api.w.org\/{rel}","templated":true}]}}