{"id":27329,"date":"2025-01-15T06:34:23","date_gmt":"2025-01-15T06:34:23","guid":{"rendered":"https:\/\/www.aimycomfort.com\/store\/product\/japanese-memory-foam-double-track-pillow\/"},"modified":"2025-01-15T08:22:54","modified_gmt":"2025-01-15T08:22:54","slug":"japanese-memory-foam-double-track-pillow","status":"publish","type":"product","link":"https:\/\/www.aimycomfort.com\/store\/fr\/produit\/japanese-memory-foam-double-track-pillow\/","title":{"rendered":"Oreiller Japonais en Mousse \u00e0 M\u00e9moire de Forme Double Piste"},"content":{"rendered":"<p>L\u2019Oreiller Japonais en Mousse \u00e0 M\u00e9moire de Forme Double Piste est con\u00e7u pour offrir un soutien complet au cou, aux \u00e9paules et aux bras, soulageant efficacement les douleurs cervicales et am\u00e9liorant la qualit\u00e9 du sommeil. Son design ergonomique \u00e0 cinq zones comprend des zones d\u00e9di\u00e9es au soutien lat\u00e9ral, au soutien de la t\u00eate, \u00e0 la protection des yeux, au soutien des bras et \u00e0 l\u2019alignement du cou. Fabriqu\u00e9 en mousse \u00e0 m\u00e9moire de forme \u00e0 rebond lent et recouvert de tissu respirant en soie glac\u00e9e, cet oreiller garantit un confort optimal, un soulagement de la pression et une exp\u00e9rience de sommeil fra\u00eeche et revigorante.<\/p>\n<hr \/>\n<h2><strong>Caract\u00e9ristiques cl\u00e9s de l\u2019Oreiller Double Piste :<\/strong><\/h2>\n<h4><strong>Design Ergonomique \u00e0 Cinq Zones<\/strong><\/h4>\n<p class=\"first:mt-1.5\">Comprend des zones pour le soutien lat\u00e9ral, le soutien de la t\u00eate, la protection des yeux, le soutien des bras et l\u2019alignement du cou, assurant une relaxation compl\u00e8te du corps.<\/p>\n<h4><strong>Zones d\u2019Oreiller Hautes et Basses<\/strong><\/h4>\n<ul>\n<li><strong>Zone d\u2019Oreiller Basse :<\/strong> Id\u00e9al pour ceux qui pr\u00e9f\u00e8rent les oreillers bas, \u00e9vitant la pression sur les oreilles.<\/li>\n<li><strong>Zone d\u2019Oreiller Haute :<\/strong> Soutient la courbure naturelle de la colonne vert\u00e9brale, aidant \u00e0 soulager les douleurs cervicales.<\/li>\n<\/ul>\n<h4><strong>Mousse \u00e0 M\u00e9moire de Forme \u00e0 Rebond Lent<\/strong><\/h4>\n<p class=\"first:mt-1.5\">S\u2019adapte \u00e0 la forme de votre t\u00eate et de votre cou, offrant un soutien solide et soulageant les points de pression.<\/p>\n<h4><strong>Tissu Respirant en Soie Glac\u00e9e<\/strong><\/h4>\n<p class=\"first:mt-1.5\">Tissu doux, agr\u00e9able pour la peau et absorbant l\u2019humidit\u00e9, qui vous garde au frais et \u00e0 l\u2019aise toute la nuit.<\/p>\n<h4><strong>Design Concave en Forme d\u2019Arc<\/strong><\/h4>\n<p class=\"first:mt-1.5\">S\u2019adapte \u00e0 la courbure naturelle de la colonne cervicale, offrant un alignement et une relaxation appropri\u00e9s pour la t\u00eate, le cou et les \u00e9paules.<\/p>\n<h4><strong>Artisanat de Haute Qualit\u00e9<\/strong><\/h4>\n<p class=\"first:mt-1.5\">Dispose d\u2019une fermeture \u00e9clair durable et de haute qualit\u00e9, ainsi que d\u2019une mousse \u00e0 m\u00e9moire de forme certifi\u00e9e selon les normes am\u00e9ricaines, pour des performances durables.<\/p>\n<hr \/>\n<p class=\"first:mt-1.5\">L\u2019Oreiller Japonais en Mousse \u00e0 M\u00e9moire de Forme Double Piste combine un design ergonomique avanc\u00e9, des mat\u00e9riaux de qualit\u00e9 sup\u00e9rieure et un artisanat r\u00e9fl\u00e9chi pour offrir une exp\u00e9rience de sommeil confortable, soutenante et apaisante.<\/p>\n","protected":false},"excerpt":{"rendered":"<p>L\u2019Oreiller Japonais en Mousse \u00e0 M\u00e9moire de Forme Double Piste est dot\u00e9 d\u2019un design ergonomique \u00e0 cinq zones pour un soutien complet du cou, des \u00e9paules et des bras. Fabriqu\u00e9 en mousse \u00e0 m\u00e9moire de forme \u00e0 rebond lent et en tissu respirant en soie glac\u00e9e, il soulage les douleurs cervicales, am\u00e9liore le sommeil et garantit un confort frais et sans pression.<\/p>\n","protected":false},"featured_media":27258,"comment_status":"open","ping_status":"closed","template":"","meta":{"site-sidebar-layout":"default","site-content-layout":"","ast-site-content-layout":"default","site-content-style":"default","site-sidebar-style":"default","ast-global-header-display":"","ast-banner-title-visibility":"","ast-main-header-display":"","ast-hfb-above-header-display":"","ast-hfb-below-header-display":"","ast-hfb-mobile-header-display":"","site-post-title":"","ast-breadcrumbs-content":"","ast-featured-img":"","footer-sml-layout":"","theme-transparent-header-meta":"default","adv-header-id-meta":"","stick-header-meta":"","header-above-stick-meta":"","header-main-stick-meta":"","header-below-stick-meta":"","astra-migrate-meta-layouts":"set","ast-page-background-enabled":"default","ast-page-background-meta":{"desktop":{"background-color":"var(--ast-global-color-4)","background-image":"","background-repeat":"repeat","background-position":"center center","background-size":"auto","background-attachment":"scroll","background-type":"","background-media":"","overlay-type":"","overlay-color":"","overlay-opacity":"","overlay-gradient":""},"tablet":{"background-color":"","background-image":"","background-repeat":"repeat","background-position":"center center","background-size":"auto","background-attachment":"scroll","background-type":"","background-media":"","overlay-type":"","overlay-color":"","overlay-opacity":"","overlay-gradient":""},"mobile":{"background-color":"","background-image":"","background-repeat":"repeat","background-position":"center center","background-size":"auto","background-attachment":"scroll","background-type":"","background-media":"","overlay-type":"","overlay-color":"","overlay-opacity":"","overlay-gradient":""}},"ast-content-background-meta":{"desktop":{"background-color":"var(--ast-global-color-5)","background-image":"","background-repeat":"repeat","background-position":"center center","background-size":"auto","background-attachment":"scroll","background-type":"","background-media":"","overlay-type":"","overlay-color":"","overlay-opacity":"","overlay-gradient":""},"tablet":{"background-color":"var(--ast-global-color-5)","background-image":"","background-repeat":"repeat","background-position":"center center","background-size":"auto","background-attachment":"scroll","background-type":"","background-media":"","overlay-type":"","overlay-color":"","overlay-opacity":"","overlay-gradient":""},"mobile":{"background-color":"var(--ast-global-color-5)","background-image":"","background-repeat":"repeat","background-position":"center center","background-size":"auto","background-attachment":"scroll","background-type":"","background-media":"","overlay-type":"","overlay-color":"","overlay-opacity":"","overlay-gradient":""}}},"product_brand":[],"product_cat":[227,857,839,893],"product_tag":[1081,1082,557,489,1083,788],"class_list":{"0":"post-27329","1":"product","2":"type-product","3":"status-publish","4":"has-post-thumbnail","6":"product_cat-collection-doreillers","7":"product_cat-oreiller-cervical","8":"product_cat-oreiller-de-lit","9":"product_cat-oreiller-pour-le-cou","10":"product_tag-memory-foam-fr-3","11":"product_tag-pillow-fr","12":"product_tag-neck-protect-fr","13":"product_tag-pain-relief-fr","14":"product_tag-relief-of-pressure-fr","15":"product_tag-ergonomic-support-fr","16":"desktop-align-left","17":"tablet-align-left","18":"mobile-align-left","19":"ast-product-gallery-layout-horizontal-slider","20":"ast-product-single-variable","21":"ast-product-tabs-layout-horizontal","22":"ast-qv-on-image","24":"first","25":"instock","26":"shipping-taxable","27":"purchasable","28":"product-type-variable"},"aioseo_notices":[],"_links":{"self":[{"href":"https:\/\/www.aimycomfort.com\/store\/fr\/wp-json\/wp\/v2\/product\/27329","targetHints":{"allow":["GET"]}}],"collection":[{"href":"https:\/\/www.aimycomfort.com\/store\/fr\/wp-json\/wp\/v2\/product"}],"about":[{"href":"https:\/\/www.aimycomfort.com\/store\/fr\/wp-json\/wp\/v2\/types\/product"}],"replies":[{"embeddable":true,"href":"https:\/\/www.aimycomfort.com\/store\/fr\/wp-json\/wp\/v2\/comments?post=27329"}],"wp:featuredmedia":[{"embeddable":true,"href":"https:\/\/www.aimycomfort.com\/store\/fr\/wp-json\/wp\/v2\/media\/27258"}],"wp:attachment":[{"href":"https:\/\/www.aimycomfort.com\/store\/fr\/wp-json\/wp\/v2\/media?parent=27329"}],"wp:term":[{"taxonomy":"product_brand","embeddable":true,"href":"https:\/\/www.aimycomfort.com\/store\/fr\/wp-json\/wp\/v2\/product_brand?post=27329"},{"taxonomy":"product_cat","embeddable":true,"href":"https:\/\/www.aimycomfort.com\/store\/fr\/wp-json\/wp\/v2\/product_cat?post=27329"},{"taxonomy":"product_tag","embeddable":true,"href":"https:\/\/www.aimycomfort.com\/store\/fr\/wp-json\/wp\/v2\/product_tag?post=27329"}],"curies":[{"name":"wp","href":"https:\/\/api.w.org\/{rel}","templated":true}]}}