{"id":27102,"date":"2025-01-13T05:46:37","date_gmt":"2025-01-13T05:46:37","guid":{"rendered":"https:\/\/www.aimycomfort.com\/store\/product\/bread-knitted-pillow\/"},"modified":"2025-01-13T06:57:24","modified_gmt":"2025-01-13T06:57:24","slug":"bread-knitted-pillow","status":"publish","type":"product","link":"https:\/\/www.aimycomfort.com\/store\/fr\/produit\/bread-knitted-pillow\/","title":{"rendered":"Oreiller Tricot\u00e9 en Forme de Pain"},"content":{"rendered":"<p class=\"first:mt-1.5\">L\u2019Oreiller Tricot\u00e9 en Forme de Pain est con\u00e7u pour soulager en profondeur la fatigue des \u00e9paules et du cou tout en offrant un soutien doux et respirant. Fabriqu\u00e9 avec un tissu en coton tricot\u00e9 ultra-doux et un rembourrage en fibres creuses, il offre un confort doux pour la peau, qui \u00e9vacue l\u2019humidit\u00e9, pour un sommeil r\u00e9parateur. Son design \u00e0 zones scientifiques garantit un soin optimal de la colonne cervicale, s\u2019adaptant \u00e0 diverses positions de sommeil pour un soutien personnalis\u00e9. L\u00e9ger, moelleux et durable, cet oreiller conserve sa forme et sa douceur pour un confort durable.<\/p>\n<h4><strong>Caract\u00e9ristiques Cl\u00e9s de l\u2019Oreiller Tricot\u00e9 en Forme de Pain :<\/strong><\/h4>\n<ul>\n<li><strong>Tissu en Coton Tricot\u00e9 Ultra-Doux<\/strong><br \/>\nDoux pour la peau, respirant et \u00e9vacuant l\u2019humidit\u00e9 pour un sommeil frais et confortable.<\/li>\n<li><strong>Rembourrage en Fibres Creuses<\/strong><br \/>\nL\u00e9ger, moelleux et avec des fibres \u00e0 rebond rapide qui favorisent la circulation de l\u2019air et offrent un soutien doux.<\/li>\n<li><strong>Design \u00e0 Zones Scientifiques<\/strong><br \/>\nOffre un soutien cibl\u00e9 pour la t\u00eate, le cou et les \u00e9paules, s\u2019adaptant aux positions de sommeil sur le dos, le c\u00f4t\u00e9 ou le ventre.<\/li>\n<li><strong>Soutien Ergonomique<\/strong><br \/>\nSoulage la pression et offre un soutien \u00e9quilibr\u00e9 pour pr\u00e9venir la fatigue du cou et garantir une relaxation profonde.<\/li>\n<li><strong>Design Durable et \u00c9l\u00e9gant<\/strong><br \/>\nFermeture \u00e9clair cach\u00e9e et bordures tridimensionnelles assurent la durabilit\u00e9, tandis que le tissu jacquard ajoute une touche douce et \u00e9l\u00e9gante.<\/li>\n<\/ul>\n<p class=\"first:mt-1.5\">L\u2019Oreiller Tricot\u00e9 en Forme de Pain combine douceur, respirabilit\u00e9 et design ergonomique, en faisant le choix parfait pour une exp\u00e9rience de sommeil confortable, soutenante et r\u00e9g\u00e9n\u00e9rante.<\/p>\n","protected":false},"excerpt":{"rendered":"<p>L\u2019Oreiller Tricot\u00e9 en Forme de Pain est dot\u00e9 d\u2019un tissu en coton tricot\u00e9 ultra-doux et d\u2019un rembourrage en fibres creuses pour un confort respirant et qui \u00e9vacue l\u2019humidit\u00e9. Son design ergonomique \u00e0 zones offre un soutien cibl\u00e9 pour la t\u00eate, le cou et les \u00e9paules, garantissant une relaxation profonde et un sommeil r\u00e9parateur dans toutes les positions.<\/p>\n","protected":false},"featured_media":26991,"comment_status":"open","ping_status":"closed","template":"","meta":{"site-sidebar-layout":"default","site-content-layout":"","ast-site-content-layout":"default","site-content-style":"default","site-sidebar-style":"default","ast-global-header-display":"","ast-banner-title-visibility":"","ast-main-header-display":"","ast-hfb-above-header-display":"","ast-hfb-below-header-display":"","ast-hfb-mobile-header-display":"","site-post-title":"","ast-breadcrumbs-content":"","ast-featured-img":"","footer-sml-layout":"","theme-transparent-header-meta":"default","adv-header-id-meta":"","stick-header-meta":"","header-above-stick-meta":"","header-main-stick-meta":"","header-below-stick-meta":"","astra-migrate-meta-layouts":"set","ast-page-background-enabled":"default","ast-page-background-meta":{"desktop":{"background-color":"var(--ast-global-color-4)","background-image":"","background-repeat":"repeat","background-position":"center center","background-size":"auto","background-attachment":"scroll","background-type":"","background-media":"","overlay-type":"","overlay-color":"","overlay-opacity":"","overlay-gradient":""},"tablet":{"background-color":"","background-image":"","background-repeat":"repeat","background-position":"center center","background-size":"auto","background-attachment":"scroll","background-type":"","background-media":"","overlay-type":"","overlay-color":"","overlay-opacity":"","overlay-gradient":""},"mobile":{"background-color":"","background-image":"","background-repeat":"repeat","background-position":"center center","background-size":"auto","background-attachment":"scroll","background-type":"","background-media":"","overlay-type":"","overlay-color":"","overlay-opacity":"","overlay-gradient":""}},"ast-content-background-meta":{"desktop":{"background-color":"var(--ast-global-color-5)","background-image":"","background-repeat":"repeat","background-position":"center center","background-size":"auto","background-attachment":"scroll","background-type":"","background-media":"","overlay-type":"","overlay-color":"","overlay-opacity":"","overlay-gradient":""},"tablet":{"background-color":"var(--ast-global-color-5)","background-image":"","background-repeat":"repeat","background-position":"center center","background-size":"auto","background-attachment":"scroll","background-type":"","background-media":"","overlay-type":"","overlay-color":"","overlay-opacity":"","overlay-gradient":""},"mobile":{"background-color":"var(--ast-global-color-5)","background-image":"","background-repeat":"repeat","background-position":"center center","background-size":"auto","background-attachment":"scroll","background-type":"","background-media":"","overlay-type":"","overlay-color":"","overlay-opacity":"","overlay-gradient":""}}},"product_brand":[],"product_cat":[227,857,839,893],"product_tag":[1082,489,788],"class_list":{"0":"post-27102","1":"product","2":"type-product","3":"status-publish","4":"has-post-thumbnail","6":"product_cat-collection-doreillers","7":"product_cat-oreiller-cervical","8":"product_cat-oreiller-de-lit","9":"product_cat-oreiller-pour-le-cou","10":"product_tag-pillow-fr","11":"product_tag-pain-relief-fr","12":"product_tag-ergonomic-support-fr","13":"desktop-align-left","14":"tablet-align-left","15":"mobile-align-left","16":"ast-product-gallery-layout-horizontal-slider","17":"ast-product-single-variable","18":"ast-product-tabs-layout-horizontal","19":"ast-qv-on-image","21":"first","22":"instock","23":"shipping-taxable","24":"purchasable","25":"product-type-variable"},"aioseo_notices":[],"_links":{"self":[{"href":"https:\/\/www.aimycomfort.com\/store\/fr\/wp-json\/wp\/v2\/product\/27102","targetHints":{"allow":["GET"]}}],"collection":[{"href":"https:\/\/www.aimycomfort.com\/store\/fr\/wp-json\/wp\/v2\/product"}],"about":[{"href":"https:\/\/www.aimycomfort.com\/store\/fr\/wp-json\/wp\/v2\/types\/product"}],"replies":[{"embeddable":true,"href":"https:\/\/www.aimycomfort.com\/store\/fr\/wp-json\/wp\/v2\/comments?post=27102"}],"wp:featuredmedia":[{"embeddable":true,"href":"https:\/\/www.aimycomfort.com\/store\/fr\/wp-json\/wp\/v2\/media\/26991"}],"wp:attachment":[{"href":"https:\/\/www.aimycomfort.com\/store\/fr\/wp-json\/wp\/v2\/media?parent=27102"}],"wp:term":[{"taxonomy":"product_brand","embeddable":true,"href":"https:\/\/www.aimycomfort.com\/store\/fr\/wp-json\/wp\/v2\/product_brand?post=27102"},{"taxonomy":"product_cat","embeddable":true,"href":"https:\/\/www.aimycomfort.com\/store\/fr\/wp-json\/wp\/v2\/product_cat?post=27102"},{"taxonomy":"product_tag","embeddable":true,"href":"https:\/\/www.aimycomfort.com\/store\/fr\/wp-json\/wp\/v2\/product_tag?post=27102"}],"curies":[{"name":"wp","href":"https:\/\/api.w.org\/{rel}","templated":true}]}}