{"id":26942,"date":"2025-01-10T09:13:30","date_gmt":"2025-01-10T09:13:30","guid":{"rendered":"https:\/\/www.aimycomfort.com\/store\/product\/amazons-best-selling-hotel-pillow\/"},"modified":"2025-01-13T06:38:24","modified_gmt":"2025-01-13T06:38:24","slug":"amazons-best-selling-hotel-pillow","status":"publish","type":"product","link":"https:\/\/www.aimycomfort.com\/store\/fr\/produit\/amazons-best-selling-hotel-pillow\/","title":{"rendered":"L\u2019Oreiller d\u2019H\u00f4tel le Plus Vendu sur Amazon"},"content":{"rendered":"<p class=\"first:mt-1.5\">L\u2019Oreiller d\u2019H\u00f4tel le Plus Vendu sur Amazon est con\u00e7u pour offrir une exp\u00e9rience de sommeil luxueuse digne d\u2019un h\u00f4tel cinq \u00e9toiles. Fabriqu\u00e9 avec des fibres de velours creuses, il absorbe et dissipe rapidement la sueur et l\u2019humidit\u00e9, gardant l\u2019oreiller propre et votre peau s\u00e8che. Son tissu doux pour la peau est soyeux, doux et finement tiss\u00e9 pour \u00e9viter la perte de fibres et offrir un ajustement confortable pour la colonne vert\u00e9brale et le cou. Avec un design tridimensionnel en forme de pain et un rembourrage ajustable, cet oreiller offre un soutien cervical optimal et un confort personnalisable pour un sommeil r\u00e9parateur et sain.<\/p>\n<h4><strong>Caract\u00e9ristiques Cl\u00e9s de l\u2019Oreiller d\u2019H\u00f4tel :<\/strong><\/h4>\n<ul>\n<li><strong>Fibres de Velours Creuses<\/strong><br \/>\nAbsorbent et dissipent rapidement la sueur et l\u2019humidit\u00e9, gardant l\u2019oreiller propre et la peau s\u00e8che.<\/li>\n<li><strong>Tissu Doux pour la Peau<\/strong><br \/>\nDoux, soyeux et finement tiss\u00e9 pour \u00e9viter la perte de fibres et garantir une sensation douce sur la peau.<\/li>\n<li><strong>Soutien Ergonomique<\/strong><br \/>\nDesign en forme de pain avec un ajustement confortable pour la courbe de la colonne vert\u00e9brale et du cou, prot\u00e9geant efficacement la colonne cervicale.<\/li>\n<li><strong>Design Tridimensionnel avec Motif Torsad\u00e9<\/strong><br \/>\nMotif torsad\u00e9 en diamant fait \u00e0 la main qui cr\u00e9e un oreiller tridimensionnel pour plus de confort et de durabilit\u00e9.<\/li>\n<li><strong>Rembourrage Ajustable<\/strong><br \/>\nFermeture \u00e9clair en m\u00e9tal lisse permettant d\u2019ajuster le rembourrage pour un soutien et un confort personnalis\u00e9s.<\/li>\n<li><strong>Antibact\u00e9rien et R\u00e9sistant aux Acariens<\/strong><br \/>\nFavorise un sommeil sain et hygi\u00e9nique gr\u00e2ce \u00e0 des propri\u00e9t\u00e9s antibact\u00e9riennes et r\u00e9sistantes aux acariens avanc\u00e9es.<\/li>\n<\/ul>\n<p class=\"first:mt-1.5\">L\u2019Oreiller d\u2019H\u00f4tel le Plus Vendu sur Amazon combine des mat\u00e9riaux luxueux, un design ergonomique et un artisanat m\u00e9ticuleux, en faisant le choix parfait pour une exp\u00e9rience de sommeil propre, confortable et digne d\u2019un h\u00f4tel cinq \u00e9toiles \u00e0 la maison.<\/p>\n","protected":false},"excerpt":{"rendered":"<p>L\u2019Oreiller d\u2019H\u00f4tel le Plus Vendu sur Amazon est dot\u00e9 de fibres de velours creuses pour une absorption rapide de l\u2019humidit\u00e9, gardant votre peau s\u00e8che et l\u2019oreiller propre. Son tissu soyeux et doux pour la peau, associ\u00e9 \u00e0 un design ergonomique en forme de pain, offre un soutien cervical optimal et un confort cinq \u00e9toiles. Antibact\u00e9rien, r\u00e9sistant aux acariens et ajustable, il garantit une exp\u00e9rience de sommeil saine et personnalis\u00e9e.<\/p>\n","protected":false},"featured_media":26743,"comment_status":"open","ping_status":"closed","template":"","meta":{"site-sidebar-layout":"default","site-content-layout":"","ast-site-content-layout":"default","site-content-style":"default","site-sidebar-style":"default","ast-global-header-display":"","ast-banner-title-visibility":"","ast-main-header-display":"","ast-hfb-above-header-display":"","ast-hfb-below-header-display":"","ast-hfb-mobile-header-display":"","site-post-title":"","ast-breadcrumbs-content":"","ast-featured-img":"","footer-sml-layout":"","theme-transparent-header-meta":"default","adv-header-id-meta":"","stick-header-meta":"","header-above-stick-meta":"","header-main-stick-meta":"","header-below-stick-meta":"","astra-migrate-meta-layouts":"set","ast-page-background-enabled":"default","ast-page-background-meta":{"desktop":{"background-color":"var(--ast-global-color-4)","background-image":"","background-repeat":"repeat","background-position":"center center","background-size":"auto","background-attachment":"scroll","background-type":"","background-media":"","overlay-type":"","overlay-color":"","overlay-opacity":"","overlay-gradient":""},"tablet":{"background-color":"","background-image":"","background-repeat":"repeat","background-position":"center center","background-size":"auto","background-attachment":"scroll","background-type":"","background-media":"","overlay-type":"","overlay-color":"","overlay-opacity":"","overlay-gradient":""},"mobile":{"background-color":"","background-image":"","background-repeat":"repeat","background-position":"center center","background-size":"auto","background-attachment":"scroll","background-type":"","background-media":"","overlay-type":"","overlay-color":"","overlay-opacity":"","overlay-gradient":""}},"ast-content-background-meta":{"desktop":{"background-color":"var(--ast-global-color-5)","background-image":"","background-repeat":"repeat","background-position":"center center","background-size":"auto","background-attachment":"scroll","background-type":"","background-media":"","overlay-type":"","overlay-color":"","overlay-opacity":"","overlay-gradient":""},"tablet":{"background-color":"var(--ast-global-color-5)","background-image":"","background-repeat":"repeat","background-position":"center center","background-size":"auto","background-attachment":"scroll","background-type":"","background-media":"","overlay-type":"","overlay-color":"","overlay-opacity":"","overlay-gradient":""},"mobile":{"background-color":"var(--ast-global-color-5)","background-image":"","background-repeat":"repeat","background-position":"center center","background-size":"auto","background-attachment":"scroll","background-type":"","background-media":"","overlay-type":"","overlay-color":"","overlay-opacity":"","overlay-gradient":""}}},"product_brand":[],"product_cat":[227,839],"product_tag":[1082,557],"class_list":{"0":"post-26942","1":"product","2":"type-product","3":"status-publish","4":"has-post-thumbnail","6":"product_cat-collection-doreillers","7":"product_cat-oreiller-de-lit","8":"product_tag-pillow-fr","9":"product_tag-neck-protect-fr","10":"desktop-align-left","11":"tablet-align-left","12":"mobile-align-left","13":"ast-product-gallery-layout-horizontal-slider","14":"ast-product-single-variable","15":"ast-product-tabs-layout-horizontal","16":"ast-qv-on-image","18":"first","19":"instock","20":"shipping-taxable","21":"purchasable","22":"product-type-variable"},"aioseo_notices":[],"_links":{"self":[{"href":"https:\/\/www.aimycomfort.com\/store\/fr\/wp-json\/wp\/v2\/product\/26942","targetHints":{"allow":["GET"]}}],"collection":[{"href":"https:\/\/www.aimycomfort.com\/store\/fr\/wp-json\/wp\/v2\/product"}],"about":[{"href":"https:\/\/www.aimycomfort.com\/store\/fr\/wp-json\/wp\/v2\/types\/product"}],"replies":[{"embeddable":true,"href":"https:\/\/www.aimycomfort.com\/store\/fr\/wp-json\/wp\/v2\/comments?post=26942"}],"wp:featuredmedia":[{"embeddable":true,"href":"https:\/\/www.aimycomfort.com\/store\/fr\/wp-json\/wp\/v2\/media\/26743"}],"wp:attachment":[{"href":"https:\/\/www.aimycomfort.com\/store\/fr\/wp-json\/wp\/v2\/media?parent=26942"}],"wp:term":[{"taxonomy":"product_brand","embeddable":true,"href":"https:\/\/www.aimycomfort.com\/store\/fr\/wp-json\/wp\/v2\/product_brand?post=26942"},{"taxonomy":"product_cat","embeddable":true,"href":"https:\/\/www.aimycomfort.com\/store\/fr\/wp-json\/wp\/v2\/product_cat?post=26942"},{"taxonomy":"product_tag","embeddable":true,"href":"https:\/\/www.aimycomfort.com\/store\/fr\/wp-json\/wp\/v2\/product_tag?post=26942"}],"curies":[{"name":"wp","href":"https:\/\/api.w.org\/{rel}","templated":true}]}}