{"id":26712,"date":"2025-01-10T03:31:44","date_gmt":"2025-01-10T03:31:44","guid":{"rendered":"https:\/\/www.aimycomfort.com\/store\/product\/pillow-0-pressure-slow-rebound-deep-sleep-memory-foam\/"},"modified":"2025-01-10T05:41:05","modified_gmt":"2025-01-10T05:41:05","slug":"pillow-0-pressure-slow-rebound-deep-sleep-memory-foam","status":"publish","type":"product","link":"https:\/\/www.aimycomfort.com\/store\/fr\/produit\/pillow-0-pressure-slow-rebound-deep-sleep-memory-foam\/","title":{"rendered":"Oreiller en Mousse \u00e0 M\u00e9moire de Forme pour un Sommeil Profond avec Rebond Lent et Pression Z\u00e9ro"},"content":{"rendered":"<p class=\"first:mt-1.5\"><strong>L\u2019Oreiller \u00e0 M\u00e9moire de Forme pour un Sommeil Profond avec Rebond Lent et Pression Z\u00e9ro<\/strong> est con\u00e7u pour offrir l\u2019\u00e9quilibre parfait entre douceur et soutien, garantissant un sommeil profond et sans pression. Sa mousse \u00e0 m\u00e9moire de forme \u00e0 rebond lent berce doucement la t\u00eate et le cou, lib\u00e9rant la pression tout en offrant un soutien flexible et respirant. Envelopp\u00e9 dans un tissu doux comme un nuage et respectueux de la peau, il est absorbant l\u2019humidit\u00e9, respirant et id\u00e9al pour les peaux sensibles. Durable et soigneusement con\u00e7u, cet oreiller est parfait pour atteindre un confort et une relaxation ultimes.<\/p>\n<h2><strong>Caract\u00e9ristiques principales de l\u2019oreiller :<\/strong><\/h2>\n<h4><strong>Mousse \u00e0 M\u00e9moire de Forme \u00e0 Rebond Lent<\/strong><\/h4>\n<p class=\"first:mt-1.5\">Offre un soutien flexible et sans pression en r\u00e9partissant uniform\u00e9ment la pression et en ber\u00e7ant la t\u00eate et le cou.<\/p>\n<h4><strong>Design Ergonomique<\/strong><\/h4>\n<p class=\"first:mt-1.5\">La surface large et plate de l\u2019oreiller garantit un confort optimal et \u00e9vite les formes irr\u00e9guli\u00e8res pour une meilleure posture de sommeil.<\/p>\n<h4><strong>Tissu Respectueux de la Peau<\/strong><\/h4>\n<p class=\"first:mt-1.5\">Envelopp\u00e9 dans un tissu doux, respirant et absorbant l\u2019humidit\u00e9 pour une sensation luxueuse et sans irritation.<\/p>\n<h4><strong>Absorption de l\u2019Humidit\u00e9 et Respirabilit\u00e9<\/strong><\/h4>\n<p class=\"first:mt-1.5\">Vous garde au frais et au sec toute la nuit, garantissant une exp\u00e9rience de sommeil confortable.<\/p>\n<h4><strong>Durable et de Haute Qualit\u00e9<\/strong><\/h4>\n<p class=\"first:mt-1.5\">Des coutures exquises et des mat\u00e9riaux de qualit\u00e9 sup\u00e9rieure garantissent une utilisation durable et un confort constant.<\/p>\n<p class=\"first:mt-1.5\">Il combine une technologie avanc\u00e9e de mousse \u00e0 m\u00e9moire de forme, un design ergonomique et des mat\u00e9riaux respectueux de la peau, ce qui en fait le choix parfait pour un sommeil profond, sans pression et r\u00e9parateur.<\/p>\n","protected":false},"excerpt":{"rendered":"<p class=\"first:mt-1.5\">L\u2019Oreiller \u00e0 M\u00e9moire de Forme pour un Sommeil Profond avec Rebond Lent et Pression Z\u00e9ro est dot\u00e9 de mousse \u00e0 m\u00e9moire de forme \u00e0 rebond lent pour un soutien sans pression et d\u2019un tissu doux comme un nuage, respectueux de la peau, offrant un confort respirant et absorbant l\u2019humidit\u00e9. Parfait pour un sommeil profond et r\u00e9parateur avec un soutien optimal de la t\u00eate et du cou.<\/p>\n","protected":false},"featured_media":26641,"comment_status":"open","ping_status":"closed","template":"","meta":{"site-sidebar-layout":"default","site-content-layout":"","ast-site-content-layout":"default","site-content-style":"default","site-sidebar-style":"default","ast-global-header-display":"","ast-banner-title-visibility":"","ast-main-header-display":"","ast-hfb-above-header-display":"","ast-hfb-below-header-display":"","ast-hfb-mobile-header-display":"","site-post-title":"","ast-breadcrumbs-content":"","ast-featured-img":"","footer-sml-layout":"","theme-transparent-header-meta":"default","adv-header-id-meta":"","stick-header-meta":"","header-above-stick-meta":"","header-main-stick-meta":"","header-below-stick-meta":"","astra-migrate-meta-layouts":"set","ast-page-background-enabled":"default","ast-page-background-meta":{"desktop":{"background-color":"var(--ast-global-color-4)","background-image":"","background-repeat":"repeat","background-position":"center center","background-size":"auto","background-attachment":"scroll","background-type":"","background-media":"","overlay-type":"","overlay-color":"","overlay-opacity":"","overlay-gradient":""},"tablet":{"background-color":"","background-image":"","background-repeat":"repeat","background-position":"center center","background-size":"auto","background-attachment":"scroll","background-type":"","background-media":"","overlay-type":"","overlay-color":"","overlay-opacity":"","overlay-gradient":""},"mobile":{"background-color":"","background-image":"","background-repeat":"repeat","background-position":"center center","background-size":"auto","background-attachment":"scroll","background-type":"","background-media":"","overlay-type":"","overlay-color":"","overlay-opacity":"","overlay-gradient":""}},"ast-content-background-meta":{"desktop":{"background-color":"var(--ast-global-color-5)","background-image":"","background-repeat":"repeat","background-position":"center center","background-size":"auto","background-attachment":"scroll","background-type":"","background-media":"","overlay-type":"","overlay-color":"","overlay-opacity":"","overlay-gradient":""},"tablet":{"background-color":"var(--ast-global-color-5)","background-image":"","background-repeat":"repeat","background-position":"center center","background-size":"auto","background-attachment":"scroll","background-type":"","background-media":"","overlay-type":"","overlay-color":"","overlay-opacity":"","overlay-gradient":""},"mobile":{"background-color":"var(--ast-global-color-5)","background-image":"","background-repeat":"repeat","background-position":"center center","background-size":"auto","background-attachment":"scroll","background-type":"","background-media":"","overlay-type":"","overlay-color":"","overlay-opacity":"","overlay-gradient":""}}},"product_brand":[],"product_cat":[227,839,893,866],"product_tag":[1081,1082],"class_list":{"0":"post-26712","1":"product","2":"type-product","3":"status-publish","4":"has-post-thumbnail","6":"product_cat-collection-doreillers","7":"product_cat-oreiller-de-lit","8":"product_cat-oreiller-pour-le-cou","9":"product_cat-oreiller-rafraichissant","10":"product_tag-memory-foam-fr-3","11":"product_tag-pillow-fr","12":"desktop-align-left","13":"tablet-align-left","14":"mobile-align-left","15":"ast-product-gallery-layout-horizontal-slider","16":"ast-product-single-variable","17":"ast-product-tabs-layout-horizontal","18":"ast-qv-on-image","20":"first","21":"instock","22":"shipping-taxable","23":"purchasable","24":"product-type-variable"},"aioseo_notices":[],"_links":{"self":[{"href":"https:\/\/www.aimycomfort.com\/store\/fr\/wp-json\/wp\/v2\/product\/26712","targetHints":{"allow":["GET"]}}],"collection":[{"href":"https:\/\/www.aimycomfort.com\/store\/fr\/wp-json\/wp\/v2\/product"}],"about":[{"href":"https:\/\/www.aimycomfort.com\/store\/fr\/wp-json\/wp\/v2\/types\/product"}],"replies":[{"embeddable":true,"href":"https:\/\/www.aimycomfort.com\/store\/fr\/wp-json\/wp\/v2\/comments?post=26712"}],"wp:featuredmedia":[{"embeddable":true,"href":"https:\/\/www.aimycomfort.com\/store\/fr\/wp-json\/wp\/v2\/media\/26641"}],"wp:attachment":[{"href":"https:\/\/www.aimycomfort.com\/store\/fr\/wp-json\/wp\/v2\/media?parent=26712"}],"wp:term":[{"taxonomy":"product_brand","embeddable":true,"href":"https:\/\/www.aimycomfort.com\/store\/fr\/wp-json\/wp\/v2\/product_brand?post=26712"},{"taxonomy":"product_cat","embeddable":true,"href":"https:\/\/www.aimycomfort.com\/store\/fr\/wp-json\/wp\/v2\/product_cat?post=26712"},{"taxonomy":"product_tag","embeddable":true,"href":"https:\/\/www.aimycomfort.com\/store\/fr\/wp-json\/wp\/v2\/product_tag?post=26712"}],"curies":[{"name":"wp","href":"https:\/\/api.w.org\/{rel}","templated":true}]}}