{"id":26613,"date":"2025-01-09T03:15:01","date_gmt":"2025-01-09T03:15:01","guid":{"rendered":"https:\/\/www.aimycomfort.com\/store\/product\/pillow-fluffy-feather-velvet-cloud-pillow\/"},"modified":"2025-01-09T03:32:41","modified_gmt":"2025-01-09T03:32:41","slug":"pillow-fluffy-feather-velvet-cloud-pillow","status":"publish","type":"product","link":"https:\/\/www.aimycomfort.com\/store\/fr\/produit\/pillow-fluffy-feather-velvet-cloud-pillow\/","title":{"rendered":"Oreiller Nuage en Velours et Plumes Douces"},"content":{"rendered":"<p class=\"first:mt-1.5\"><strong>L\u2019Oreiller Nuage en Velours et Plumes Douces<\/strong> est fabriqu\u00e9 avec un tissu en fibre de soja, riche en prot\u00e9ines de soja, pour nourrir la peau et offrir une sensation douce et d\u00e9licate. Son design absorbant l&rsquo;humidit\u00e9, respirant et r\u00e9silient s&rsquo;adapte \u00e0 vos courbes, offrant un excellent soutien pour les \u00e9paules et le cou. Durable et de longue dur\u00e9e, il garantit un sommeil confortable comme celui d\u2019un b\u00e9b\u00e9 chaque nuit.<\/p>\n<h2><strong>Caract\u00e9ristiques principales de l&rsquo;oreiller :<\/strong><\/h2>\n<ul>\n<li>\n<p class=\"first:mt-1.5\"><strong>Tissu en Fibre de Soja<\/strong><br \/>\nDoux, respectueux de la peau et riche en prot\u00e9ines de soja pour maintenir la vitalit\u00e9 de la peau.<\/p>\n<\/li>\n<li>\n<p class=\"first:mt-1.5\"><strong>Absorption de l&rsquo;Humidit\u00e9 et Respirabilit\u00e9<\/strong><br \/>\nVous garde au frais et \u00e0 l&rsquo;aise toute la nuit.<\/p>\n<\/li>\n<li>\n<p class=\"first:mt-1.5\"><strong>Doux et R\u00e9silient<\/strong><br \/>\nS&rsquo;adapte aux courbes du corps, offrant un soutien optimal pour les \u00e9paules et le cou.<\/p>\n<\/li>\n<li>\n<p class=\"first:mt-1.5\"><strong>Design Durable<\/strong><br \/>\nConfort durable avec une sensation luxueuse et semblable \u00e0 un nuage.<\/p>\n<\/li>\n<\/ul>\n","protected":false},"excerpt":{"rendered":"<p>L\u2019Oreiller Nuage en Velours et Plumes Douces est fabriqu\u00e9 avec un tissu en fibre de soja doux et respectueux de la peau, qui soutient les \u00e9paules et le cou tout en maintenant la vitalit\u00e9 de la peau. Absorbant l&rsquo;humidit\u00e9, respirant et durable, il garantit un sommeil confortable comme sur un nuage chaque nuit.<\/p>\n","protected":false},"featured_media":26512,"comment_status":"open","ping_status":"closed","template":"","meta":{"site-sidebar-layout":"default","site-content-layout":"","ast-site-content-layout":"default","site-content-style":"default","site-sidebar-style":"default","ast-global-header-display":"","ast-banner-title-visibility":"","ast-main-header-display":"","ast-hfb-above-header-display":"","ast-hfb-below-header-display":"","ast-hfb-mobile-header-display":"","site-post-title":"","ast-breadcrumbs-content":"","ast-featured-img":"","footer-sml-layout":"","theme-transparent-header-meta":"default","adv-header-id-meta":"","stick-header-meta":"","header-above-stick-meta":"","header-main-stick-meta":"","header-below-stick-meta":"","astra-migrate-meta-layouts":"set","ast-page-background-enabled":"default","ast-page-background-meta":{"desktop":{"background-color":"var(--ast-global-color-4)","background-image":"","background-repeat":"repeat","background-position":"center center","background-size":"auto","background-attachment":"scroll","background-type":"","background-media":"","overlay-type":"","overlay-color":"","overlay-opacity":"","overlay-gradient":""},"tablet":{"background-color":"","background-image":"","background-repeat":"repeat","background-position":"center center","background-size":"auto","background-attachment":"scroll","background-type":"","background-media":"","overlay-type":"","overlay-color":"","overlay-opacity":"","overlay-gradient":""},"mobile":{"background-color":"","background-image":"","background-repeat":"repeat","background-position":"center center","background-size":"auto","background-attachment":"scroll","background-type":"","background-media":"","overlay-type":"","overlay-color":"","overlay-opacity":"","overlay-gradient":""}},"ast-content-background-meta":{"desktop":{"background-color":"var(--ast-global-color-5)","background-image":"","background-repeat":"repeat","background-position":"center center","background-size":"auto","background-attachment":"scroll","background-type":"","background-media":"","overlay-type":"","overlay-color":"","overlay-opacity":"","overlay-gradient":""},"tablet":{"background-color":"var(--ast-global-color-5)","background-image":"","background-repeat":"repeat","background-position":"center center","background-size":"auto","background-attachment":"scroll","background-type":"","background-media":"","overlay-type":"","overlay-color":"","overlay-opacity":"","overlay-gradient":""},"mobile":{"background-color":"var(--ast-global-color-5)","background-image":"","background-repeat":"repeat","background-position":"center center","background-size":"auto","background-attachment":"scroll","background-type":"","background-media":"","overlay-type":"","overlay-color":"","overlay-opacity":"","overlay-gradient":""}}},"product_brand":[],"product_cat":[227,839,893],"product_tag":[1082,557],"class_list":{"0":"post-26613","1":"product","2":"type-product","3":"status-publish","4":"has-post-thumbnail","6":"product_cat-collection-doreillers","7":"product_cat-oreiller-de-lit","8":"product_cat-oreiller-pour-le-cou","9":"product_tag-pillow-fr","10":"product_tag-neck-protect-fr","11":"desktop-align-left","12":"tablet-align-left","13":"mobile-align-left","14":"ast-product-gallery-layout-horizontal-slider","15":"ast-product-single-variable","16":"ast-product-tabs-layout-horizontal","17":"ast-qv-on-image","19":"first","20":"instock","21":"shipping-taxable","22":"purchasable","23":"product-type-variable"},"aioseo_notices":[],"_links":{"self":[{"href":"https:\/\/www.aimycomfort.com\/store\/fr\/wp-json\/wp\/v2\/product\/26613","targetHints":{"allow":["GET"]}}],"collection":[{"href":"https:\/\/www.aimycomfort.com\/store\/fr\/wp-json\/wp\/v2\/product"}],"about":[{"href":"https:\/\/www.aimycomfort.com\/store\/fr\/wp-json\/wp\/v2\/types\/product"}],"replies":[{"embeddable":true,"href":"https:\/\/www.aimycomfort.com\/store\/fr\/wp-json\/wp\/v2\/comments?post=26613"}],"wp:featuredmedia":[{"embeddable":true,"href":"https:\/\/www.aimycomfort.com\/store\/fr\/wp-json\/wp\/v2\/media\/26512"}],"wp:attachment":[{"href":"https:\/\/www.aimycomfort.com\/store\/fr\/wp-json\/wp\/v2\/media?parent=26613"}],"wp:term":[{"taxonomy":"product_brand","embeddable":true,"href":"https:\/\/www.aimycomfort.com\/store\/fr\/wp-json\/wp\/v2\/product_brand?post=26613"},{"taxonomy":"product_cat","embeddable":true,"href":"https:\/\/www.aimycomfort.com\/store\/fr\/wp-json\/wp\/v2\/product_cat?post=26613"},{"taxonomy":"product_tag","embeddable":true,"href":"https:\/\/www.aimycomfort.com\/store\/fr\/wp-json\/wp\/v2\/product_tag?post=26613"}],"curies":[{"name":"wp","href":"https:\/\/api.w.org\/{rel}","templated":true}]}}