{"id":25901,"date":"2025-01-03T03:35:30","date_gmt":"2025-01-03T03:35:30","guid":{"rendered":"https:\/\/www.aimycomfort.com\/store\/product\/neck-pillow-hot-selling-memory-foam\/"},"modified":"2025-01-03T07:59:59","modified_gmt":"2025-01-03T07:59:59","slug":"neck-pillow-hot-selling-memory-foam","status":"publish","type":"product","link":"https:\/\/www.aimycomfort.com\/store\/fr\/produit\/neck-pillow-hot-selling-memory-foam\/","title":{"rendered":"Oreiller Cervical en Mousse \u00e0 M\u00e9moire de Forme le Plus Vendu"},"content":{"rendered":"<p>L&rsquo;Oreiller Cervical en Mousse \u00e0 M\u00e9moire de Forme le Plus Vendu est con\u00e7u pour offrir un soutien et un confort optimaux pour la t\u00eate, le cou et les \u00e9paules. Son design ergonomique s&rsquo;aligne sur la courbe cervicale naturelle, soulageant la pression et favorisant un sommeil sain. Le noyau en mousse \u00e0 m\u00e9moire de forme sensible \u00e0 la temp\u00e9rature offre un soutien \u00e0 rebond lent, tandis que le tissu respirant et antibact\u00e9rien garantit un environnement de sommeil propre et confortable.<\/p>\n<h2><strong>Caract\u00e9ristiques Cl\u00e9s de l&rsquo;Oreiller Cervical :<\/strong><\/h2>\n<ul>\n<li>\n<p class=\"first:mt-1.5\"><strong>Design Ergonomique<\/strong><br \/>\nS&rsquo;adapte \u00e0 la courbe du cou, offrant un soutien complet et soulageant la pression sur la t\u00eate, le cou et les \u00e9paules.<\/p>\n<\/li>\n<li>\n<p class=\"first:mt-1.5\"><strong>Noyau en Mousse \u00e0 M\u00e9moire de Forme<\/strong><br \/>\nLa mousse sensible \u00e0 la temp\u00e9rature disperse la pression et offre un soutien \u00e0 rebond lent pour le soin de la colonne cervicale.<\/p>\n<\/li>\n<li>\n<p class=\"first:mt-1.5\"><strong>Hauteur R\u00e9glable<\/strong><br \/>\nCon\u00e7u pour s&rsquo;aligner sur la courbure cervicale naturelle, apaisant et soutenant le cou.<\/p>\n<\/li>\n<li>\n<p class=\"first:mt-1.5\"><strong>Tissu Respirant et Antibact\u00e9rien<\/strong><br \/>\nLe tissu en couche d&rsquo;air doux pour la peau absorbe l&rsquo;humidit\u00e9, est respirant et r\u00e9siste aux invasions bact\u00e9riennes pour un sommeil sain.<\/p>\n<\/li>\n<li>\n<p class=\"first:mt-1.5\"><strong>Durable et \u00c9l\u00e9gant<\/strong><br \/>\nDot\u00e9 d&rsquo;une fermeture \u00e9clair dissimul\u00e9e et d&rsquo;une broderie exquise pour un design moderne et \u00e9l\u00e9gant.<\/p>\n<\/li>\n<\/ul>\n<hr \/>\n<p class=\"first:mt-1.5\">L&rsquo;Oreiller Cervical en Mousse \u00e0 M\u00e9moire de Forme le Plus Vendu combine des mat\u00e9riaux avanc\u00e9s et un design ergonomique pour offrir un confort sup\u00e9rieur, un soutien et un soin de la colonne cervicale, garantissant une exp\u00e9rience de sommeil r\u00e9paratrice et saine.<\/p>\n","protected":false},"excerpt":{"rendered":"<p>L&rsquo;Oreiller Cervical en Mousse \u00e0 M\u00e9moire de Forme le Plus Vendu est dot\u00e9 d&rsquo;un design ergonomique qui soutient la t\u00eate, le cou et les \u00e9paules tout en soulageant la pression. Son noyau en mousse \u00e0 m\u00e9moire de forme sensible \u00e0 la temp\u00e9rature offre un soutien \u00e0 rebond lent, et le tissu respirant et antibact\u00e9rien garantit un sommeil propre et confortable. Parfait pour favoriser un alignement cervical sain et un sommeil r\u00e9parateur.<\/p>\n","protected":false},"featured_media":25806,"comment_status":"open","ping_status":"closed","template":"","meta":{"site-sidebar-layout":"default","site-content-layout":"","ast-site-content-layout":"default","site-content-style":"default","site-sidebar-style":"default","ast-global-header-display":"","ast-banner-title-visibility":"","ast-main-header-display":"","ast-hfb-above-header-display":"","ast-hfb-below-header-display":"","ast-hfb-mobile-header-display":"","site-post-title":"","ast-breadcrumbs-content":"","ast-featured-img":"","footer-sml-layout":"","theme-transparent-header-meta":"default","adv-header-id-meta":"","stick-header-meta":"","header-above-stick-meta":"","header-main-stick-meta":"","header-below-stick-meta":"","astra-migrate-meta-layouts":"set","ast-page-background-enabled":"default","ast-page-background-meta":{"desktop":{"background-color":"var(--ast-global-color-4)","background-image":"","background-repeat":"repeat","background-position":"center center","background-size":"auto","background-attachment":"scroll","background-type":"","background-media":"","overlay-type":"","overlay-color":"","overlay-opacity":"","overlay-gradient":""},"tablet":{"background-color":"","background-image":"","background-repeat":"repeat","background-position":"center center","background-size":"auto","background-attachment":"scroll","background-type":"","background-media":"","overlay-type":"","overlay-color":"","overlay-opacity":"","overlay-gradient":""},"mobile":{"background-color":"","background-image":"","background-repeat":"repeat","background-position":"center center","background-size":"auto","background-attachment":"scroll","background-type":"","background-media":"","overlay-type":"","overlay-color":"","overlay-opacity":"","overlay-gradient":""}},"ast-content-background-meta":{"desktop":{"background-color":"var(--ast-global-color-5)","background-image":"","background-repeat":"repeat","background-position":"center center","background-size":"auto","background-attachment":"scroll","background-type":"","background-media":"","overlay-type":"","overlay-color":"","overlay-opacity":"","overlay-gradient":""},"tablet":{"background-color":"var(--ast-global-color-5)","background-image":"","background-repeat":"repeat","background-position":"center center","background-size":"auto","background-attachment":"scroll","background-type":"","background-media":"","overlay-type":"","overlay-color":"","overlay-opacity":"","overlay-gradient":""},"mobile":{"background-color":"var(--ast-global-color-5)","background-image":"","background-repeat":"repeat","background-position":"center center","background-size":"auto","background-attachment":"scroll","background-type":"","background-media":"","overlay-type":"","overlay-color":"","overlay-opacity":"","overlay-gradient":""}}},"product_brand":[],"product_cat":[227,857,839,893],"product_tag":[1082,557,489,1083],"class_list":{"0":"post-25901","1":"product","2":"type-product","3":"status-publish","4":"has-post-thumbnail","6":"product_cat-collection-doreillers","7":"product_cat-oreiller-cervical","8":"product_cat-oreiller-de-lit","9":"product_cat-oreiller-pour-le-cou","10":"product_tag-pillow-fr","11":"product_tag-neck-protect-fr","12":"product_tag-pain-relief-fr","13":"product_tag-relief-of-pressure-fr","14":"desktop-align-left","15":"tablet-align-left","16":"mobile-align-left","17":"ast-product-gallery-layout-horizontal-slider","18":"ast-product-single-variable","19":"ast-product-tabs-layout-horizontal","20":"ast-qv-on-image","22":"first","23":"instock","24":"shipping-taxable","25":"purchasable","26":"product-type-variable"},"aioseo_notices":[],"_links":{"self":[{"href":"https:\/\/www.aimycomfort.com\/store\/fr\/wp-json\/wp\/v2\/product\/25901","targetHints":{"allow":["GET"]}}],"collection":[{"href":"https:\/\/www.aimycomfort.com\/store\/fr\/wp-json\/wp\/v2\/product"}],"about":[{"href":"https:\/\/www.aimycomfort.com\/store\/fr\/wp-json\/wp\/v2\/types\/product"}],"replies":[{"embeddable":true,"href":"https:\/\/www.aimycomfort.com\/store\/fr\/wp-json\/wp\/v2\/comments?post=25901"}],"wp:featuredmedia":[{"embeddable":true,"href":"https:\/\/www.aimycomfort.com\/store\/fr\/wp-json\/wp\/v2\/media\/25806"}],"wp:attachment":[{"href":"https:\/\/www.aimycomfort.com\/store\/fr\/wp-json\/wp\/v2\/media?parent=25901"}],"wp:term":[{"taxonomy":"product_brand","embeddable":true,"href":"https:\/\/www.aimycomfort.com\/store\/fr\/wp-json\/wp\/v2\/product_brand?post=25901"},{"taxonomy":"product_cat","embeddable":true,"href":"https:\/\/www.aimycomfort.com\/store\/fr\/wp-json\/wp\/v2\/product_cat?post=25901"},{"taxonomy":"product_tag","embeddable":true,"href":"https:\/\/www.aimycomfort.com\/store\/fr\/wp-json\/wp\/v2\/product_tag?post=25901"}],"curies":[{"name":"wp","href":"https:\/\/api.w.org\/{rel}","templated":true}]}}