{"id":24276,"date":"2024-12-13T09:27:34","date_gmt":"2024-12-13T09:27:34","guid":{"rendered":"https:\/\/www.aimycomfort.com\/store\/product\/baby-pillow-slope-anti-vomiting\/"},"modified":"2024-12-19T18:02:35","modified_gmt":"2024-12-19T18:02:35","slug":"baby-pillow-slope-anti-vomiting","status":"publish","type":"product","link":"https:\/\/www.aimycomfort.com\/store\/fr\/produit\/baby-pillow-slope-anti-vomiting\/","title":{"rendered":"Coussin Inclin\u00e9 Anti-R\u00e9gurgitation pour B\u00e9b\u00e9"},"content":{"rendered":"<p>Le Baby Pillow Slope Anti-Vomiting est une solution soigneusement con\u00e7ue pour aider les b\u00e9b\u00e9s \u00e0 dormir confortablement, soulager les ballonnements et r\u00e9duire les r\u00e9gurgitations. Dot\u00e9 d&rsquo;une inclinaison de 15\u00b0, il simule l&rsquo;\u00e9treinte r\u00e9confortante de la position avion, favorisant la digestion et apaisant votre b\u00e9b\u00e9. Avec cinq zones principales et des fonctionnalit\u00e9s avanc\u00e9es, cet oreiller offre un soutien complet pour la sant\u00e9 et le bien-\u00eatre de votre b\u00e9b\u00e9.<\/p>\n<h2><strong>Caract\u00e9ristiques cl\u00e9s du Baby Pillow :<\/strong><\/h2>\n<ul>\n<li><strong>Design inclin\u00e9 \u00e0 15\u00b0<\/strong><br \/>\nAide \u00e0 soulager les ballonnements, les douleurs intestinales et les r\u00e9gurgitations en favorisant une position confortable avec la t\u00eate sur\u00e9lev\u00e9e.<\/li>\n<li><strong>Cinq zones principales<\/strong><br \/>\nComprend des zones anti-renversement, respirantes, de pression abdominale et de s\u00e9curit\u00e9 pour garantir confort et s\u00e9curit\u00e9.<\/li>\n<li><strong>Massage de pression abdominale<\/strong><br \/>\nLe design de massage invers\u00e9 stimule l&rsquo;abdomen du b\u00e9b\u00e9 pour expulser les gaz intestinaux, r\u00e9duisant ainsi l&rsquo;inconfort.<\/li>\n<li><strong>Tissu en maille respirante 3D<\/strong><br \/>\nLa zone respirante anti-suffocation assure une circulation d&rsquo;air fluide, r\u00e9duisant le risque d&rsquo;\u00e9touffement.<\/li>\n<li><strong>Mat\u00e9riau en velours doux<\/strong><br \/>\nUn tissu doux et \u00e0 temp\u00e9rature constante qui imite le toucher d&rsquo;une m\u00e8re, apaisant le b\u00e9b\u00e9 pour qu&rsquo;il s&rsquo;endorme.<\/li>\n<li><strong>Utilisation polyvalente<\/strong><br \/>\nFonctionne comme un oreiller anti-r\u00e9gurgitation, un oreiller pour la pratique de la t\u00eate relev\u00e9e, un oreiller apaisant anti-sursaut et un lit portable.<\/li>\n<li><strong>Pratique et hygi\u00e9nique<\/strong><br \/>\nDispose d&rsquo;une housse amovible et lavable avec une fermeture \u00e9clair cach\u00e9e pour un nettoyage facile, et d&rsquo;une sangle Velcro r\u00e9glable pour un positionnement s\u00e9curis\u00e9.<\/li>\n<\/ul>\n<hr \/>\n<p>Le Baby Pillow Slope Anti-Vomiting combine un design innovant et des mat\u00e9riaux de qualit\u00e9 sup\u00e9rieure pour offrir un environnement s\u00fbr, apaisant et de soutien \u00e0 votre b\u00e9b\u00e9. Parfait pour soulager l&rsquo;inconfort, favoriser la digestion et garantir un sommeil r\u00e9parateur.<\/p>\n","protected":false},"excerpt":{"rendered":"<p>Le Baby Pillow Slope Anti-Vomiting est dot\u00e9 d\u2019un design inclin\u00e9 \u00e0 15\u00b0 pour soulager les ballonnements, r\u00e9duire les r\u00e9gurgitations et favoriser la digestion. Avec cinq zones principales, un tissu en maille 3D respirant et un mat\u00e9riau en velours doux, il garantit confort, s\u00e9curit\u00e9 et soutien apaisant. Sa housse amovible et lavable, ainsi que ses sangles r\u00e9glables, le rendent pratique et hygi\u00e9nique pour un usage quotidien.<\/p>\n","protected":false},"featured_media":24185,"comment_status":"open","ping_status":"closed","template":"","meta":{"site-sidebar-layout":"default","site-content-layout":"","ast-site-content-layout":"default","site-content-style":"default","site-sidebar-style":"default","ast-global-header-display":"","ast-banner-title-visibility":"","ast-main-header-display":"","ast-hfb-above-header-display":"","ast-hfb-below-header-display":"","ast-hfb-mobile-header-display":"","site-post-title":"","ast-breadcrumbs-content":"","ast-featured-img":"","footer-sml-layout":"","theme-transparent-header-meta":"default","adv-header-id-meta":"","stick-header-meta":"","header-above-stick-meta":"","header-main-stick-meta":"","header-below-stick-meta":"","astra-migrate-meta-layouts":"set","ast-page-background-enabled":"default","ast-page-background-meta":{"desktop":{"background-color":"var(--ast-global-color-4)","background-image":"","background-repeat":"repeat","background-position":"center center","background-size":"auto","background-attachment":"scroll","background-type":"","background-media":"","overlay-type":"","overlay-color":"","overlay-opacity":"","overlay-gradient":""},"tablet":{"background-color":"","background-image":"","background-repeat":"repeat","background-position":"center center","background-size":"auto","background-attachment":"scroll","background-type":"","background-media":"","overlay-type":"","overlay-color":"","overlay-opacity":"","overlay-gradient":""},"mobile":{"background-color":"","background-image":"","background-repeat":"repeat","background-position":"center center","background-size":"auto","background-attachment":"scroll","background-type":"","background-media":"","overlay-type":"","overlay-color":"","overlay-opacity":"","overlay-gradient":""}},"ast-content-background-meta":{"desktop":{"background-color":"var(--ast-global-color-5)","background-image":"","background-repeat":"repeat","background-position":"center center","background-size":"auto","background-attachment":"scroll","background-type":"","background-media":"","overlay-type":"","overlay-color":"","overlay-opacity":"","overlay-gradient":""},"tablet":{"background-color":"var(--ast-global-color-5)","background-image":"","background-repeat":"repeat","background-position":"center center","background-size":"auto","background-attachment":"scroll","background-type":"","background-media":"","overlay-type":"","overlay-color":"","overlay-opacity":"","overlay-gradient":""},"mobile":{"background-color":"var(--ast-global-color-5)","background-image":"","background-repeat":"repeat","background-position":"center center","background-size":"auto","background-attachment":"scroll","background-type":"","background-media":"","overlay-type":"","overlay-color":"","overlay-opacity":"","overlay-gradient":""}}},"product_brand":[],"product_cat":[893],"product_tag":[555,228,557],"class_list":{"0":"post-24276","1":"product","2":"type-product","3":"status-publish","4":"has-post-thumbnail","6":"product_cat-oreiller-pour-le-cou","7":"product_tag-baby-pillow-fr","8":"product_tag-oreiller","9":"product_tag-neck-protect-fr","10":"desktop-align-left","11":"tablet-align-left","12":"mobile-align-left","13":"ast-product-gallery-layout-horizontal-slider","14":"ast-product-single-variable","15":"ast-product-tabs-layout-horizontal","16":"ast-qv-on-image","18":"first","19":"instock","20":"shipping-taxable","21":"purchasable","22":"product-type-variable"},"aioseo_notices":[],"_links":{"self":[{"href":"https:\/\/www.aimycomfort.com\/store\/fr\/wp-json\/wp\/v2\/product\/24276","targetHints":{"allow":["GET"]}}],"collection":[{"href":"https:\/\/www.aimycomfort.com\/store\/fr\/wp-json\/wp\/v2\/product"}],"about":[{"href":"https:\/\/www.aimycomfort.com\/store\/fr\/wp-json\/wp\/v2\/types\/product"}],"replies":[{"embeddable":true,"href":"https:\/\/www.aimycomfort.com\/store\/fr\/wp-json\/wp\/v2\/comments?post=24276"}],"wp:featuredmedia":[{"embeddable":true,"href":"https:\/\/www.aimycomfort.com\/store\/fr\/wp-json\/wp\/v2\/media\/24185"}],"wp:attachment":[{"href":"https:\/\/www.aimycomfort.com\/store\/fr\/wp-json\/wp\/v2\/media?parent=24276"}],"wp:term":[{"taxonomy":"product_brand","embeddable":true,"href":"https:\/\/www.aimycomfort.com\/store\/fr\/wp-json\/wp\/v2\/product_brand?post=24276"},{"taxonomy":"product_cat","embeddable":true,"href":"https:\/\/www.aimycomfort.com\/store\/fr\/wp-json\/wp\/v2\/product_cat?post=24276"},{"taxonomy":"product_tag","embeddable":true,"href":"https:\/\/www.aimycomfort.com\/store\/fr\/wp-json\/wp\/v2\/product_tag?post=24276"}],"curies":[{"name":"wp","href":"https:\/\/api.w.org\/{rel}","templated":true}]}}