{"id":23270,"date":"2024-12-09T06:47:50","date_gmt":"2024-12-09T06:47:50","guid":{"rendered":"https:\/\/www.aimycomfort.com\/store\/product\/home-pillow-0-pressure-cotton-parent-child-pillow\/"},"modified":"2024-12-09T09:27:33","modified_gmt":"2024-12-09T09:27:33","slug":"home-pillow-0-pressure-cotton-parent-child-pillow","status":"publish","type":"product","link":"https:\/\/www.aimycomfort.com\/store\/fr\/produit\/home-pillow-0-pressure-cotton-parent-child-pillow\/","title":{"rendered":"Oreiller Maison en Coton Z\u00e9ro Pression pour Parents et Enfants"},"content":{"rendered":"<p>**Oreiller Maison en Coton Z\u00e9ro Pression pour Parents et Enfants &#8212; Confort pour Toute la Famille**<\/p>\n<p>L&rsquo;<strong>Oreiller Maison en Coton Z\u00e9ro Pression pour Parents et Enfants<\/strong> est con\u00e7u pour offrir un confort et un soutien ultimes, le rendant parfait pour les parents et les enfants. Fabriqu\u00e9 avec du coton biobas\u00e9 z\u00e9ro pression et un tissu tricot\u00e9 respirant, il offre une exp\u00e9rience de sommeil douce, soutenante et non \u00e9touffante. La housse amovible et lavable garantit un entretien facile et une fra\u00eecheur durable.<\/p>\n<h2><strong>Caract\u00e9ristiques cl\u00e9s de l&rsquo;Oreiller Parents-Enfants :<\/strong><\/h2>\n<ul>\n<li><strong>Confort Z\u00e9ro Pression<\/strong><br \/>\nLe coton biobas\u00e9 z\u00e9ro pression offre un soutien doux, r\u00e9duisant les points de pression pour un sommeil r\u00e9parateur.<\/li>\n<li><strong>Respirant et Respectueux de la Peau<\/strong><br \/>\nFabriqu\u00e9 avec un tissu tricot\u00e9 respirant pour vous garder au frais et \u00e0 l&rsquo;aise toute la nuit.<\/li>\n<li><strong>Facile \u00e0 Entretenir<\/strong><br \/>\nDot\u00e9 d&rsquo;une housse amovible et lavable pour un nettoyage et une hygi\u00e8ne sans effort.<\/li>\n<\/ul>\n<hr \/>\n<p>Profitez d&rsquo;un confort doux, respirant et sans pression avec l&rsquo;<strong>Oreiller Maison en Coton Z\u00e9ro Pression pour Parents et Enfants<\/strong>. Parfait pour toute la famille, il est con\u00e7u pour un sommeil plus sain et relaxant.<\/p>\n","protected":false},"excerpt":{"rendered":"<p>&gt; L&rsquo;**Oreiller Maison en Coton Z\u00e9ro Pression pour Parents et Enfants** offre un confort doux et respirant gr\u00e2ce \u00e0 son coton biobas\u00e9 z\u00e9ro pression et son tissu tricot\u00e9 respectueux de la peau. Sa housse amovible et lavable garantit un entretien facile, ce qui en fait un choix parfait pour un sommeil r\u00e9parateur pour toute la famille. Disponible en plusieurs tailles pour un soutien personnalis\u00e9.<\/p>\n","protected":false},"featured_media":23134,"comment_status":"open","ping_status":"closed","template":"","meta":{"site-sidebar-layout":"default","site-content-layout":"","ast-site-content-layout":"default","site-content-style":"default","site-sidebar-style":"default","ast-global-header-display":"","ast-banner-title-visibility":"","ast-main-header-display":"","ast-hfb-above-header-display":"","ast-hfb-below-header-display":"","ast-hfb-mobile-header-display":"","site-post-title":"","ast-breadcrumbs-content":"","ast-featured-img":"","footer-sml-layout":"","theme-transparent-header-meta":"default","adv-header-id-meta":"","stick-header-meta":"","header-above-stick-meta":"","header-main-stick-meta":"","header-below-stick-meta":"","astra-migrate-meta-layouts":"set","ast-page-background-enabled":"default","ast-page-background-meta":{"desktop":{"background-color":"var(--ast-global-color-4)","background-image":"","background-repeat":"repeat","background-position":"center center","background-size":"auto","background-attachment":"scroll","background-type":"","background-media":"","overlay-type":"","overlay-color":"","overlay-opacity":"","overlay-gradient":""},"tablet":{"background-color":"","background-image":"","background-repeat":"repeat","background-position":"center center","background-size":"auto","background-attachment":"scroll","background-type":"","background-media":"","overlay-type":"","overlay-color":"","overlay-opacity":"","overlay-gradient":""},"mobile":{"background-color":"","background-image":"","background-repeat":"repeat","background-position":"center center","background-size":"auto","background-attachment":"scroll","background-type":"","background-media":"","overlay-type":"","overlay-color":"","overlay-opacity":"","overlay-gradient":""}},"ast-content-background-meta":{"desktop":{"background-color":"var(--ast-global-color-5)","background-image":"","background-repeat":"repeat","background-position":"center center","background-size":"auto","background-attachment":"scroll","background-type":"","background-media":"","overlay-type":"","overlay-color":"","overlay-opacity":"","overlay-gradient":""},"tablet":{"background-color":"var(--ast-global-color-5)","background-image":"","background-repeat":"repeat","background-position":"center center","background-size":"auto","background-attachment":"scroll","background-type":"","background-media":"","overlay-type":"","overlay-color":"","overlay-opacity":"","overlay-gradient":""},"mobile":{"background-color":"var(--ast-global-color-5)","background-image":"","background-repeat":"repeat","background-position":"center center","background-size":"auto","background-attachment":"scroll","background-type":"","background-media":"","overlay-type":"","overlay-color":"","overlay-opacity":"","overlay-gradient":""}}},"product_brand":[],"product_cat":[227,839,911],"product_tag":[787,228],"class_list":{"0":"post-23270","1":"product","2":"type-product","3":"status-publish","4":"has-post-thumbnail","6":"product_cat-collection-doreillers","7":"product_cat-oreiller-de-lit","8":"product_cat-oreiller-pour-enfants","9":"product_tag-memory-foam-fr-2","10":"product_tag-oreiller","11":"desktop-align-left","12":"tablet-align-left","13":"mobile-align-left","14":"ast-product-gallery-layout-horizontal-slider","15":"ast-product-single-variable","16":"ast-product-tabs-layout-horizontal","17":"ast-qv-on-image","19":"first","20":"instock","21":"shipping-taxable","22":"purchasable","23":"product-type-variable"},"aioseo_notices":[],"_links":{"self":[{"href":"https:\/\/www.aimycomfort.com\/store\/fr\/wp-json\/wp\/v2\/product\/23270","targetHints":{"allow":["GET"]}}],"collection":[{"href":"https:\/\/www.aimycomfort.com\/store\/fr\/wp-json\/wp\/v2\/product"}],"about":[{"href":"https:\/\/www.aimycomfort.com\/store\/fr\/wp-json\/wp\/v2\/types\/product"}],"replies":[{"embeddable":true,"href":"https:\/\/www.aimycomfort.com\/store\/fr\/wp-json\/wp\/v2\/comments?post=23270"}],"wp:featuredmedia":[{"embeddable":true,"href":"https:\/\/www.aimycomfort.com\/store\/fr\/wp-json\/wp\/v2\/media\/23134"}],"wp:attachment":[{"href":"https:\/\/www.aimycomfort.com\/store\/fr\/wp-json\/wp\/v2\/media?parent=23270"}],"wp:term":[{"taxonomy":"product_brand","embeddable":true,"href":"https:\/\/www.aimycomfort.com\/store\/fr\/wp-json\/wp\/v2\/product_brand?post=23270"},{"taxonomy":"product_cat","embeddable":true,"href":"https:\/\/www.aimycomfort.com\/store\/fr\/wp-json\/wp\/v2\/product_cat?post=23270"},{"taxonomy":"product_tag","embeddable":true,"href":"https:\/\/www.aimycomfort.com\/store\/fr\/wp-json\/wp\/v2\/product_tag?post=23270"}],"curies":[{"name":"wp","href":"https:\/\/api.w.org\/{rel}","templated":true}]}}