{"id":22748,"date":"2024-12-05T06:00:22","date_gmt":"2024-12-05T06:00:22","guid":{"rendered":"https:\/\/www.aimycomfort.com\/store\/product\/yoga-mat-tep-thick-soundproofing-and-anti-slip-yoga-mat\/"},"modified":"2024-12-05T08:32:28","modified_gmt":"2024-12-05T08:32:28","slug":"yoga-mat-tep-thick-soundproofing-and-anti-slip-yoga-mat","status":"publish","type":"product","link":"https:\/\/www.aimycomfort.com\/store\/fr\/produit\/yoga-mat-tep-thick-soundproofing-and-anti-slip-yoga-mat\/","title":{"rendered":"Tapis de Yoga TEP \u00c9pais, Antid\u00e9rapant et Isolant Phonique"},"content":{"rendered":"<p>Am\u00e9liorez votre routine de fitness avec le **Tapis de Yoga TEP \u00c9pais, Antid\u00e9rapant et Isolant Phonique**, con\u00e7u pour offrir un confort, une stabilit\u00e9 et une durabilit\u00e9 ultimes. Fabriqu\u00e9 en **mat\u00e9riau TPE respectueux de l&rsquo;environnement**, ce tapis dispose d&rsquo;un **design antid\u00e9rapant double face** et d&rsquo;un **coussin de 8 mm d&rsquo;\u00e9paisseur** pour prot\u00e9ger vos articulations et fournir une surface s\u00fbre et stable pour le yoga, le fitness, l&rsquo;a\u00e9robic ou m\u00eame une sieste.<\/p>\n<h2><strong>Caract\u00e9ristiques principales du tapis de yoga :<\/strong><\/h2>\n<ul>\n<li><strong>Design antid\u00e9rapant double face<\/strong><br \/>\nDes motifs antid\u00e9rapants scientifiquement con\u00e7us sur les deux faces garantissent une stabilit\u00e9 et emp\u00eachent de glisser pendant toute activit\u00e9.<\/li>\n<li><strong>\u00c9pais pour la protection des articulations<\/strong><br \/>\nLa <strong>mousse en nid d&rsquo;abeille de 8 mm<\/strong> offre une excellente absorption des chocs, une isolation phonique et un soutien doux, id\u00e9al pour toute la famille.<\/li>\n<li><strong>Durable et facile \u00e0 nettoyer<\/strong><br \/>\nFabriqu\u00e9 avec des mat\u00e9riaux r\u00e9sistants \u00e0 l&rsquo;usure, imperm\u00e9ables et r\u00e9sistants \u00e0 la transpiration, le tapis est facile \u00e0 nettoyer avec un simple chiffon, garantissant une utilisation durable.<\/li>\n<li><strong>Spacieux et confortable<\/strong><br \/>\nAvec une taille \u00e9largie de <strong>183 \u00d7 80 cm<\/strong>, le tapis offre un espace suffisant pour des mouvements sans restriction pendant votre pratique.<\/li>\n<li><strong>Styl\u00e9 et s\u00fbr<\/strong><br \/>\nDisponible en couleurs tendance comme le rose, le vert, le bleu, le violet et le rouge, le tapis allie esth\u00e9tique et fonctionnalit\u00e9, utilisant des mat\u00e9riaux naturels et non toxiques pour une utilisation s\u00fbre et \u00e9cologique.<\/li>\n<\/ul>\n<hr \/>\n<p><strong>Am\u00e9liorez votre exp\u00e9rience d&rsquo;entra\u00eenement avec le Tapis de Yoga TEP \u00c9pais, Antid\u00e9rapant et Isolant Phonique.<\/strong> Parfait pour les amateurs de fitness de tous niveaux, il offre confort, stabilit\u00e9 et style pour chaque pratique.<\/p>\n","protected":false},"excerpt":{"rendered":"<p>Le Tapis de Yoga TEP \u00c9pais, Antid\u00e9rapant et Isolant Phonique offre un coussin de 8 mm d&rsquo;\u00e9paisseur, un design antid\u00e9rapant double face et un mat\u00e9riau TPE \u00e9cologique pour une pratique s\u00fbre et confortable. Ses dimensions spacieuses de 183 \u00d7 80 cm, son absorption des chocs et sa surface imperm\u00e9able en font un choix parfait pour le yoga, le fitness ou la relaxation. Durable, facile \u00e0 nettoyer et disponible en couleurs tendance, il est id\u00e9al pour toute la famille.<\/p>\n","protected":false},"featured_media":22399,"comment_status":"open","ping_status":"closed","template":"","meta":{"site-sidebar-layout":"default","site-content-layout":"","ast-site-content-layout":"default","site-content-style":"default","site-sidebar-style":"default","ast-global-header-display":"","ast-banner-title-visibility":"","ast-main-header-display":"","ast-hfb-above-header-display":"","ast-hfb-below-header-display":"","ast-hfb-mobile-header-display":"","site-post-title":"","ast-breadcrumbs-content":"","ast-featured-img":"","footer-sml-layout":"","theme-transparent-header-meta":"default","adv-header-id-meta":"","stick-header-meta":"","header-above-stick-meta":"","header-main-stick-meta":"","header-below-stick-meta":"","astra-migrate-meta-layouts":"set","ast-page-background-enabled":"default","ast-page-background-meta":{"desktop":{"background-color":"var(--ast-global-color-4)","background-image":"","background-repeat":"repeat","background-position":"center center","background-size":"auto","background-attachment":"scroll","background-type":"","background-media":"","overlay-type":"","overlay-color":"","overlay-opacity":"","overlay-gradient":""},"tablet":{"background-color":"","background-image":"","background-repeat":"repeat","background-position":"center center","background-size":"auto","background-attachment":"scroll","background-type":"","background-media":"","overlay-type":"","overlay-color":"","overlay-opacity":"","overlay-gradient":""},"mobile":{"background-color":"","background-image":"","background-repeat":"repeat","background-position":"center center","background-size":"auto","background-attachment":"scroll","background-type":"","background-media":"","overlay-type":"","overlay-color":"","overlay-opacity":"","overlay-gradient":""}},"ast-content-background-meta":{"desktop":{"background-color":"var(--ast-global-color-5)","background-image":"","background-repeat":"repeat","background-position":"center center","background-size":"auto","background-attachment":"scroll","background-type":"","background-media":"","overlay-type":"","overlay-color":"","overlay-opacity":"","overlay-gradient":""},"tablet":{"background-color":"var(--ast-global-color-5)","background-image":"","background-repeat":"repeat","background-position":"center center","background-size":"auto","background-attachment":"scroll","background-type":"","background-media":"","overlay-type":"","overlay-color":"","overlay-opacity":"","overlay-gradient":""},"mobile":{"background-color":"var(--ast-global-color-5)","background-image":"","background-repeat":"repeat","background-position":"center center","background-size":"auto","background-attachment":"scroll","background-type":"","background-media":"","overlay-type":"","overlay-color":"","overlay-opacity":"","overlay-gradient":""}}},"product_brand":[],"product_cat":[306],"product_tag":[983],"class_list":{"0":"post-22748","1":"product","2":"type-product","3":"status-publish","4":"has-post-thumbnail","6":"product_cat-tapis-de-yoga","7":"product_tag-tapis-de-yoga","8":"desktop-align-left","9":"tablet-align-left","10":"mobile-align-left","11":"ast-product-gallery-layout-horizontal-slider","12":"ast-product-single-variable","13":"ast-product-tabs-layout-horizontal","14":"ast-qv-on-image","16":"first","17":"instock","18":"shipping-taxable","19":"purchasable","20":"product-type-variable"},"aioseo_notices":[],"_links":{"self":[{"href":"https:\/\/www.aimycomfort.com\/store\/fr\/wp-json\/wp\/v2\/product\/22748","targetHints":{"allow":["GET"]}}],"collection":[{"href":"https:\/\/www.aimycomfort.com\/store\/fr\/wp-json\/wp\/v2\/product"}],"about":[{"href":"https:\/\/www.aimycomfort.com\/store\/fr\/wp-json\/wp\/v2\/types\/product"}],"replies":[{"embeddable":true,"href":"https:\/\/www.aimycomfort.com\/store\/fr\/wp-json\/wp\/v2\/comments?post=22748"}],"wp:featuredmedia":[{"embeddable":true,"href":"https:\/\/www.aimycomfort.com\/store\/fr\/wp-json\/wp\/v2\/media\/22399"}],"wp:attachment":[{"href":"https:\/\/www.aimycomfort.com\/store\/fr\/wp-json\/wp\/v2\/media?parent=22748"}],"wp:term":[{"taxonomy":"product_brand","embeddable":true,"href":"https:\/\/www.aimycomfort.com\/store\/fr\/wp-json\/wp\/v2\/product_brand?post=22748"},{"taxonomy":"product_cat","embeddable":true,"href":"https:\/\/www.aimycomfort.com\/store\/fr\/wp-json\/wp\/v2\/product_cat?post=22748"},{"taxonomy":"product_tag","embeddable":true,"href":"https:\/\/www.aimycomfort.com\/store\/fr\/wp-json\/wp\/v2\/product_tag?post=22748"}],"curies":[{"name":"wp","href":"https:\/\/api.w.org\/{rel}","templated":true}]}}