{"id":22634,"date":"2024-12-05T07:53:19","date_gmt":"2024-12-05T07:53:19","guid":{"rendered":"https:\/\/www.aimycomfort.com\/store\/product\/bamboo-fiber-air-layer-jacquard-pillow\/"},"modified":"2024-12-05T09:16:58","modified_gmt":"2024-12-05T09:16:58","slug":"bamboo-fiber-air-layer-jacquard-pillow","status":"publish","type":"product","link":"https:\/\/www.aimycomfort.com\/store\/fr\/produit\/bamboo-fiber-air-layer-jacquard-pillow\/","title":{"rendered":"Oreiller Jacquard en Fibre de Bambou \u00e0 Couche d&rsquo;Air"},"content":{"rendered":"<p>Prot\u00e9gez votre oreiller avec la **Housse d&rsquo;Oreiller Jacquard en Fibre de Bambou \u00e0 Couche d&rsquo;Air**, dot\u00e9e d&rsquo;une **protection imperm\u00e9able et respirante en TPU** pour une protection double face. Douce, durable et lavable en machine, cette housse garantit une fra\u00eecheur durable tout en \u00e9tant douce pour la peau.<\/p>\n<h2><strong>Caract\u00e9ristiques cl\u00e9s de la Housse Jacquard :<\/strong><\/h2>\n<ul>\n<li><strong>Imperm\u00e9able et R\u00e9sistante aux Acariens<\/strong><br \/>\nLe <strong>film imperm\u00e9able en TPU<\/strong> bloque les mol\u00e9cules de liquide tout en laissant passer l&rsquo;air, gardant votre oreiller sec, respirant et exempt de bact\u00e9ries ou d&rsquo;acariens.<\/li>\n<li><strong>Tissu Doux et Confortable<\/strong><br \/>\nFabriqu\u00e9e avec une couche d&rsquo;air en fibre de bambou, la housse est absorbante, respirante et respectueuse de la peau pour un confort optimal.<\/li>\n<li><strong>Durable et Lavable<\/strong><br \/>\nCon\u00e7ue avec des coutures fines, elle r\u00e9siste au lavage en machine et conserve sa qualit\u00e9, garantissant propret\u00e9 et fra\u00eecheur au fil du temps.<\/li>\n<\/ul>\n<hr \/>\n<p><strong>Am\u00e9liorez la protection de votre oreiller avec la Housse d&rsquo;Oreiller Jacquard en Fibre de Bambou \u00e0 Couche d&rsquo;Air.<\/strong> Imperm\u00e9able, respirante et facile \u00e0 entretenir, c&rsquo;est le choix parfait pour un sommeil propre et confortable.<\/p>\n","protected":false},"excerpt":{"rendered":"<p>L&rsquo;Oreiller Jacquard en Fibre de Bambou \u00e0 Couche d&rsquo;Air est dot\u00e9 d&rsquo;une housse protectrice en TPU imperm\u00e9able et r\u00e9sistante aux acariens, qui est respirante, douce et durable. Son tissu en fibre de bambou garantit un confort optimal, tandis que son design lavable en machine garde votre oreiller frais et propre. Parfait pour une protection durable de l&rsquo;oreiller et une exp\u00e9rience de sommeil plus saine.<\/p>\n","protected":false},"featured_media":22551,"comment_status":"open","ping_status":"closed","template":"","meta":{"site-sidebar-layout":"default","site-content-layout":"","ast-site-content-layout":"default","site-content-style":"default","site-sidebar-style":"default","ast-global-header-display":"","ast-banner-title-visibility":"","ast-main-header-display":"","ast-hfb-above-header-display":"","ast-hfb-below-header-display":"","ast-hfb-mobile-header-display":"","site-post-title":"","ast-breadcrumbs-content":"","ast-featured-img":"","footer-sml-layout":"","theme-transparent-header-meta":"default","adv-header-id-meta":"","stick-header-meta":"","header-above-stick-meta":"","header-main-stick-meta":"","header-below-stick-meta":"","astra-migrate-meta-layouts":"set","ast-page-background-enabled":"default","ast-page-background-meta":{"desktop":{"background-color":"var(--ast-global-color-4)","background-image":"","background-repeat":"repeat","background-position":"center center","background-size":"auto","background-attachment":"scroll","background-type":"","background-media":"","overlay-type":"","overlay-color":"","overlay-opacity":"","overlay-gradient":""},"tablet":{"background-color":"","background-image":"","background-repeat":"repeat","background-position":"center center","background-size":"auto","background-attachment":"scroll","background-type":"","background-media":"","overlay-type":"","overlay-color":"","overlay-opacity":"","overlay-gradient":""},"mobile":{"background-color":"","background-image":"","background-repeat":"repeat","background-position":"center center","background-size":"auto","background-attachment":"scroll","background-type":"","background-media":"","overlay-type":"","overlay-color":"","overlay-opacity":"","overlay-gradient":""}},"ast-content-background-meta":{"desktop":{"background-color":"var(--ast-global-color-5)","background-image":"","background-repeat":"repeat","background-position":"center center","background-size":"auto","background-attachment":"scroll","background-type":"","background-media":"","overlay-type":"","overlay-color":"","overlay-opacity":"","overlay-gradient":""},"tablet":{"background-color":"var(--ast-global-color-5)","background-image":"","background-repeat":"repeat","background-position":"center center","background-size":"auto","background-attachment":"scroll","background-type":"","background-media":"","overlay-type":"","overlay-color":"","overlay-opacity":"","overlay-gradient":""},"mobile":{"background-color":"var(--ast-global-color-5)","background-image":"","background-repeat":"repeat","background-position":"center center","background-size":"auto","background-attachment":"scroll","background-type":"","background-media":"","overlay-type":"","overlay-color":"","overlay-opacity":"","overlay-gradient":""}}},"product_brand":[],"product_cat":[227,839,829],"product_tag":[228,225,788],"class_list":{"0":"post-22634","1":"product","2":"type-product","3":"status-publish","4":"has-post-thumbnail","6":"product_cat-collection-doreillers","7":"product_cat-oreiller-de-lit","8":"product_cat-oreiller-en-fibre-de-bambou","9":"product_tag-oreiller","10":"product_tag-soulagement-de-la-pression","11":"product_tag-ergonomic-support-fr","12":"desktop-align-left","13":"tablet-align-left","14":"mobile-align-left","15":"ast-product-gallery-layout-horizontal-slider","16":"ast-product-single-variable","17":"ast-product-tabs-layout-horizontal","18":"ast-qv-on-image","20":"first","21":"instock","22":"shipping-taxable","23":"purchasable","24":"product-type-variable"},"aioseo_notices":[],"_links":{"self":[{"href":"https:\/\/www.aimycomfort.com\/store\/fr\/wp-json\/wp\/v2\/product\/22634","targetHints":{"allow":["GET"]}}],"collection":[{"href":"https:\/\/www.aimycomfort.com\/store\/fr\/wp-json\/wp\/v2\/product"}],"about":[{"href":"https:\/\/www.aimycomfort.com\/store\/fr\/wp-json\/wp\/v2\/types\/product"}],"replies":[{"embeddable":true,"href":"https:\/\/www.aimycomfort.com\/store\/fr\/wp-json\/wp\/v2\/comments?post=22634"}],"wp:featuredmedia":[{"embeddable":true,"href":"https:\/\/www.aimycomfort.com\/store\/fr\/wp-json\/wp\/v2\/media\/22551"}],"wp:attachment":[{"href":"https:\/\/www.aimycomfort.com\/store\/fr\/wp-json\/wp\/v2\/media?parent=22634"}],"wp:term":[{"taxonomy":"product_brand","embeddable":true,"href":"https:\/\/www.aimycomfort.com\/store\/fr\/wp-json\/wp\/v2\/product_brand?post=22634"},{"taxonomy":"product_cat","embeddable":true,"href":"https:\/\/www.aimycomfort.com\/store\/fr\/wp-json\/wp\/v2\/product_cat?post=22634"},{"taxonomy":"product_tag","embeddable":true,"href":"https:\/\/www.aimycomfort.com\/store\/fr\/wp-json\/wp\/v2\/product_tag?post=22634"}],"curies":[{"name":"wp","href":"https:\/\/api.w.org\/{rel}","templated":true}]}}