{"id":22034,"date":"2024-12-03T07:30:12","date_gmt":"2024-12-03T07:30:12","guid":{"rendered":"https:\/\/www.aimycomfort.com\/store\/product\/u-shaped-travel-pillow-memory-foam-easy-take\/"},"modified":"2024-12-03T09:00:09","modified_gmt":"2024-12-03T09:00:09","slug":"u-shaped-travel-pillow-memory-foam-easy-take","status":"publish","type":"product","link":"https:\/\/www.aimycomfort.com\/store\/fr\/produit\/u-shaped-travel-pillow-memory-foam-easy-take\/","title":{"rendered":"Coussin de Voyage en Mousse \u00e0 M\u00e9moire de Forme en U Facile \u00e0 Transporter"},"content":{"rendered":"<p>D\u00e9couvrez un confort et un soutien ultimes o\u00f9 que vous alliez avec notre Coussin de Voyage en Forme de U.** Con\u00e7u avec une courbe fonctionnelle et scientifiquement \u00e9tudi\u00e9e, ce coussin offre un **soin cervical \u00e0 360\u00b0**, garantissant un confort perceptible et un soutien efficace pour votre cou, vos \u00e9paules et votre t\u00eate. Que vous voyagiez, travailliez au bureau ou conduisiez, ce coussin est votre compagnon id\u00e9al pour une relaxation sans stress.<\/p>\n<h2><strong>Caract\u00e9ristiques principales du Coussin de Voyage :<\/strong><\/h2>\n<ul>\n<li><strong>Design ergonomique pour un soutien maximal<\/strong><br \/>\nCon\u00e7u pour s&rsquo;adapter \u00e0 la courbe naturelle du cou humain, le coussin dispose d&rsquo;une <strong>double courbe de soutien pour les joues<\/strong> qui \u00e9pouse votre visage et vos \u00e9paules, offrant un ajustement confortable et s\u00e9curis\u00e9. Son design \u00e9pais et moelleux garantit une sensation douce mais ferme pour un confort durable.<\/li>\n<li><strong>Noyau en mousse \u00e0 m\u00e9moire de forme haut de gamme<\/strong><br \/>\nFabriqu\u00e9 avec une mousse \u00e0 m\u00e9moire de forme de haute qualit\u00e9, le coussin s&rsquo;adapte doucement \u00e0 votre corps, offrant un <strong>soutien doux et un soulagement de la pression<\/strong>. Il conserve sa forme tout en offrant un soutien puissant sous tous les angles, r\u00e9duisant le stress sur le cou et les \u00e9paules.<\/li>\n<li><strong>Tissu en velours respirant<\/strong><br \/>\nEnvelopp\u00e9 dans un <strong>tissu en velours Silver Lake<\/strong>, le coussin est doux au toucher, respirant et d\u00e9licat pour la peau. Le mat\u00e9riau est sensible \u00e0 la temp\u00e9rature, garantissant une exp\u00e9rience confortable dans tous les environnements.<\/li>\n<li><strong>Ajustement r\u00e9glable et personnalisable<\/strong><br \/>\n\u00c9quip\u00e9 d&rsquo;une <strong>boucle de verrouillage r\u00e9glable<\/strong>, le coussin vous permet de personnaliser l&rsquo;ajustement et l&rsquo;\u00e9lasticit\u00e9 pour votre confort. Le design assure un maintien s\u00e9curis\u00e9 tout en am\u00e9liorant votre exp\u00e9rience de sommeil.<\/li>\n<li><strong>Housse amovible et lavable<\/strong><br \/>\nLa housse du coussin est facile \u00e0 retirer et \u00e0 laver, gardant votre coussin de voyage frais et hygi\u00e9nique \u00e0 chaque utilisation.<\/li>\n<\/ul>\n<h4><strong>Utilisation polyvalente :<\/strong><\/h4>\n<p>Parfait pour <strong>les voyages, les siestes au bureau ou les longs trajets en voiture<\/strong>, ce coussin offre une protection compl\u00e8te du cou et am\u00e9liore votre exp\u00e9rience de relaxation o\u00f9 que vous soyez.<\/p>\n<p><strong>Mat\u00e9riaux s\u00fbrs et non toxiques :<\/strong><br \/>\nLes mati\u00e8res premi\u00e8res respectent les normes nationales de s\u00e9curit\u00e9, garantissant un produit s\u00fbr et durable. La mousse \u00e0 m\u00e9moire de forme est con\u00e7ue pour conserver sa forme sans se d\u00e9former, offrant un soutien fiable pendant des ann\u00e9es.<\/p>\n<hr \/>\n<p><strong>Am\u00e9liorez votre exp\u00e9rience de voyage et de relaxation avec le Coussin de Voyage en Mousse \u00e0 M\u00e9moire de Forme en Forme de U.<\/strong> Dites adieu aux douleurs cervicales et bonjour au confort sans stress, o\u00f9 que la vie vous m\u00e8ne !<\/p>\n","protected":false},"excerpt":{"rendered":"<p>D\u00e9couvrez un confort et un soutien ultimes avec le Coussin de Voyage en Mousse \u00e0 M\u00e9moire de Forme en U, con\u00e7u pour offrir un soin cervical \u00e0 360\u00b0. Son design ergonomique, sa mousse \u00e0 m\u00e9moire de forme haut de gamme et son tissu en velours respirant garantissent un soutien doux et soulageant pour votre cou, vos \u00e9paules et votre t\u00eate. Parfait pour les voyages, le bureau ou la conduite, ce coussin offre un ajustement r\u00e9glable et une housse lavable pour une commodit\u00e9 et une hygi\u00e8ne durables.<\/p>\n","protected":false},"featured_media":21958,"comment_status":"open","ping_status":"closed","template":"","meta":{"site-sidebar-layout":"default","site-content-layout":"","ast-site-content-layout":"default","site-content-style":"default","site-sidebar-style":"default","ast-global-header-display":"","ast-banner-title-visibility":"","ast-main-header-display":"","ast-hfb-above-header-display":"","ast-hfb-below-header-display":"","ast-hfb-mobile-header-display":"","site-post-title":"","ast-breadcrumbs-content":"","ast-featured-img":"","footer-sml-layout":"","theme-transparent-header-meta":"default","adv-header-id-meta":"","stick-header-meta":"","header-above-stick-meta":"","header-main-stick-meta":"","header-below-stick-meta":"","astra-migrate-meta-layouts":"set","ast-page-background-enabled":"default","ast-page-background-meta":{"desktop":{"background-color":"var(--ast-global-color-4)","background-image":"","background-repeat":"repeat","background-position":"center center","background-size":"auto","background-attachment":"scroll","background-type":"","background-media":"","overlay-type":"","overlay-color":"","overlay-opacity":"","overlay-gradient":""},"tablet":{"background-color":"","background-image":"","background-repeat":"repeat","background-position":"center center","background-size":"auto","background-attachment":"scroll","background-type":"","background-media":"","overlay-type":"","overlay-color":"","overlay-opacity":"","overlay-gradient":""},"mobile":{"background-color":"","background-image":"","background-repeat":"repeat","background-position":"center center","background-size":"auto","background-attachment":"scroll","background-type":"","background-media":"","overlay-type":"","overlay-color":"","overlay-opacity":"","overlay-gradient":""}},"ast-content-background-meta":{"desktop":{"background-color":"var(--ast-global-color-5)","background-image":"","background-repeat":"repeat","background-position":"center center","background-size":"auto","background-attachment":"scroll","background-type":"","background-media":"","overlay-type":"","overlay-color":"","overlay-opacity":"","overlay-gradient":""},"tablet":{"background-color":"var(--ast-global-color-5)","background-image":"","background-repeat":"repeat","background-position":"center center","background-size":"auto","background-attachment":"scroll","background-type":"","background-media":"","overlay-type":"","overlay-color":"","overlay-opacity":"","overlay-gradient":""},"mobile":{"background-color":"var(--ast-global-color-5)","background-image":"","background-repeat":"repeat","background-position":"center center","background-size":"auto","background-attachment":"scroll","background-type":"","background-media":"","overlay-type":"","overlay-color":"","overlay-opacity":"","overlay-gradient":""}}},"product_brand":[],"product_cat":[227,857,711,893,884],"product_tag":[228,1007,557],"class_list":{"0":"post-22034","1":"product","2":"type-product","3":"status-publish","4":"has-post-thumbnail","6":"product_cat-collection-doreillers","7":"product_cat-oreiller-cervical","8":"product_cat-travel-pillow-fr","9":"product_cat-oreiller-pour-le-cou","10":"product_cat-oreiller-pour-sieste","11":"product_tag-oreiller","12":"product_tag-travel-pillow-fr","13":"product_tag-neck-protect-fr","14":"desktop-align-left","15":"tablet-align-left","16":"mobile-align-left","17":"ast-product-gallery-layout-horizontal-slider","18":"ast-product-single-variable","19":"ast-product-tabs-layout-horizontal","20":"ast-qv-on-image","22":"first","23":"instock","24":"shipping-taxable","25":"purchasable","26":"product-type-variable"},"aioseo_notices":[],"_links":{"self":[{"href":"https:\/\/www.aimycomfort.com\/store\/fr\/wp-json\/wp\/v2\/product\/22034","targetHints":{"allow":["GET"]}}],"collection":[{"href":"https:\/\/www.aimycomfort.com\/store\/fr\/wp-json\/wp\/v2\/product"}],"about":[{"href":"https:\/\/www.aimycomfort.com\/store\/fr\/wp-json\/wp\/v2\/types\/product"}],"replies":[{"embeddable":true,"href":"https:\/\/www.aimycomfort.com\/store\/fr\/wp-json\/wp\/v2\/comments?post=22034"}],"wp:featuredmedia":[{"embeddable":true,"href":"https:\/\/www.aimycomfort.com\/store\/fr\/wp-json\/wp\/v2\/media\/21958"}],"wp:attachment":[{"href":"https:\/\/www.aimycomfort.com\/store\/fr\/wp-json\/wp\/v2\/media?parent=22034"}],"wp:term":[{"taxonomy":"product_brand","embeddable":true,"href":"https:\/\/www.aimycomfort.com\/store\/fr\/wp-json\/wp\/v2\/product_brand?post=22034"},{"taxonomy":"product_cat","embeddable":true,"href":"https:\/\/www.aimycomfort.com\/store\/fr\/wp-json\/wp\/v2\/product_cat?post=22034"},{"taxonomy":"product_tag","embeddable":true,"href":"https:\/\/www.aimycomfort.com\/store\/fr\/wp-json\/wp\/v2\/product_tag?post=22034"}],"curies":[{"name":"wp","href":"https:\/\/api.w.org\/{rel}","templated":true}]}}