{"id":21866,"date":"2024-11-29T03:14:18","date_gmt":"2024-11-29T03:14:18","guid":{"rendered":"https:\/\/www.aimycomfort.com\/store\/product\/baby-pillow-side-sleep-pillow-anti-vomiting-pillow\/"},"modified":"2024-11-29T08:25:19","modified_gmt":"2024-11-29T08:25:19","slug":"baby-pillow-side-sleep-pillow-anti-vomiting-pillow","status":"publish","type":"product","link":"https:\/\/www.aimycomfort.com\/store\/fr\/produit\/baby-pillow-side-sleep-pillow-anti-vomiting-pillow\/","title":{"rendered":"Oreiller Lat\u00e9ral pour B\u00e9b\u00e9 Anti-Vomissement"},"content":{"rendered":"<p>Assurez-vous que votre b\u00e9b\u00e9 dorme en toute s\u00e9curit\u00e9 et confortablement avec l&rsquo;Oreiller Lat\u00e9ral pour B\u00e9b\u00e9 Anti-Vomissement. Con\u00e7u avec des mat\u00e9riaux de haute qualit\u00e9 et des caract\u00e9ristiques r\u00e9fl\u00e9chies, cet oreiller favorise le sommeil sur le c\u00f4t\u00e9 pour aider \u00e0 pr\u00e9venir les vomissements et am\u00e9liorer la qualit\u00e9 du sommeil.<\/p>\n<h2><strong>Caract\u00e9ristiques cl\u00e9s de l&rsquo;Oreiller pour B\u00e9b\u00e9<\/strong>:<\/h2>\n<ul>\n<li><strong>Mat\u00e9riaux Premium<\/strong>: Fabriqu\u00e9 avec un tissu en velours plat haut de gamme (60% coton + 40% polyester) pour une sensation douce, respirante et respectueuse de la peau.<\/li>\n<li><strong>Noyau en Mousse \u00e0 M\u00e9moire de Forme<\/strong>: Dispose d&rsquo;un noyau en mousse \u00e0 m\u00e9moire de forme haute densit\u00e9 pour un rebond lent et un soutien doux, garantissant le confort de votre b\u00e9b\u00e9.<\/li>\n<li><strong>Largeur Ajustable<\/strong>: La largeur de l&rsquo;oreiller peut \u00eatre ajust\u00e9e pour s&rsquo;adapter \u00e0 la taille de votre b\u00e9b\u00e9, offrant un ajustement confortable et s\u00e9curis\u00e9.<\/li>\n<li><strong>Housse Amovible et Lavable<\/strong>: La housse est facile \u00e0 retirer et \u00e0 laver, garantissant hygi\u00e8ne et commodit\u00e9 pour les parents.<\/li>\n<li><strong>Design de Fermeture \u00c9clair Invisible<\/strong>: \u00c9quip\u00e9 d&rsquo;une fermeture \u00e9clair invisible en forme de goutte d&rsquo;eau pour une finition \u00e9l\u00e9gante, s\u00fbre et esth\u00e9tique.<\/li>\n<\/ul>\n<p>L&rsquo;Oreiller Lat\u00e9ral pour B\u00e9b\u00e9 Anti-Vomissement est le choix parfait pour les parents \u00e0 la recherche d&rsquo;une solution de sommeil s\u00fbre, confortable et facile \u00e0 entretenir pour leurs tout-petits.<\/p>\n","protected":false},"excerpt":{"rendered":"<p>Cet oreiller lat\u00e9ral est con\u00e7u pour offrir aux b\u00e9b\u00e9s un sommeil s\u00fbr et confortable. Fabriqu\u00e9 avec un tissu en velours haut de gamme et un noyau en mousse \u00e0 m\u00e9moire de forme, il offre un soutien doux et \u00e0 rebond lent. La largeur ajustable, la housse amovible et la fermeture \u00e9clair invisible garantissent commodit\u00e9 et hygi\u00e8ne.<\/p>\n","protected":false},"featured_media":21328,"comment_status":"open","ping_status":"closed","template":"","meta":{"site-sidebar-layout":"default","site-content-layout":"","ast-site-content-layout":"default","site-content-style":"default","site-sidebar-style":"default","ast-global-header-display":"","ast-banner-title-visibility":"","ast-main-header-display":"","ast-hfb-above-header-display":"","ast-hfb-below-header-display":"","ast-hfb-mobile-header-display":"","site-post-title":"","ast-breadcrumbs-content":"","ast-featured-img":"","footer-sml-layout":"","theme-transparent-header-meta":"default","adv-header-id-meta":"","stick-header-meta":"","header-above-stick-meta":"","header-main-stick-meta":"","header-below-stick-meta":"","astra-migrate-meta-layouts":"set","ast-page-background-enabled":"default","ast-page-background-meta":{"desktop":{"background-color":"var(--ast-global-color-4)","background-image":"","background-repeat":"repeat","background-position":"center center","background-size":"auto","background-attachment":"scroll","background-type":"","background-media":"","overlay-type":"","overlay-color":"","overlay-opacity":"","overlay-gradient":""},"tablet":{"background-color":"","background-image":"","background-repeat":"repeat","background-position":"center center","background-size":"auto","background-attachment":"scroll","background-type":"","background-media":"","overlay-type":"","overlay-color":"","overlay-opacity":"","overlay-gradient":""},"mobile":{"background-color":"","background-image":"","background-repeat":"repeat","background-position":"center center","background-size":"auto","background-attachment":"scroll","background-type":"","background-media":"","overlay-type":"","overlay-color":"","overlay-opacity":"","overlay-gradient":""}},"ast-content-background-meta":{"desktop":{"background-color":"var(--ast-global-color-5)","background-image":"","background-repeat":"repeat","background-position":"center center","background-size":"auto","background-attachment":"scroll","background-type":"","background-media":"","overlay-type":"","overlay-color":"","overlay-opacity":"","overlay-gradient":""},"tablet":{"background-color":"var(--ast-global-color-5)","background-image":"","background-repeat":"repeat","background-position":"center center","background-size":"auto","background-attachment":"scroll","background-type":"","background-media":"","overlay-type":"","overlay-color":"","overlay-opacity":"","overlay-gradient":""},"mobile":{"background-color":"var(--ast-global-color-5)","background-image":"","background-repeat":"repeat","background-position":"center center","background-size":"auto","background-attachment":"scroll","background-type":"","background-media":"","overlay-type":"","overlay-color":"","overlay-opacity":"","overlay-gradient":""}}},"product_brand":[],"product_cat":[227,911],"product_tag":[555,228,557],"class_list":{"0":"post-21866","1":"product","2":"type-product","3":"status-publish","4":"has-post-thumbnail","6":"product_cat-collection-doreillers","7":"product_cat-oreiller-pour-enfants","8":"product_tag-baby-pillow-fr","9":"product_tag-oreiller","10":"product_tag-neck-protect-fr","11":"desktop-align-left","12":"tablet-align-left","13":"mobile-align-left","14":"ast-product-gallery-layout-horizontal-slider","15":"ast-product-single-variable","16":"ast-product-tabs-layout-horizontal","17":"ast-qv-on-image","19":"first","20":"instock","21":"shipping-taxable","22":"purchasable","23":"product-type-variable"},"aioseo_notices":[],"_links":{"self":[{"href":"https:\/\/www.aimycomfort.com\/store\/fr\/wp-json\/wp\/v2\/product\/21866","targetHints":{"allow":["GET"]}}],"collection":[{"href":"https:\/\/www.aimycomfort.com\/store\/fr\/wp-json\/wp\/v2\/product"}],"about":[{"href":"https:\/\/www.aimycomfort.com\/store\/fr\/wp-json\/wp\/v2\/types\/product"}],"replies":[{"embeddable":true,"href":"https:\/\/www.aimycomfort.com\/store\/fr\/wp-json\/wp\/v2\/comments?post=21866"}],"wp:featuredmedia":[{"embeddable":true,"href":"https:\/\/www.aimycomfort.com\/store\/fr\/wp-json\/wp\/v2\/media\/21328"}],"wp:attachment":[{"href":"https:\/\/www.aimycomfort.com\/store\/fr\/wp-json\/wp\/v2\/media?parent=21866"}],"wp:term":[{"taxonomy":"product_brand","embeddable":true,"href":"https:\/\/www.aimycomfort.com\/store\/fr\/wp-json\/wp\/v2\/product_brand?post=21866"},{"taxonomy":"product_cat","embeddable":true,"href":"https:\/\/www.aimycomfort.com\/store\/fr\/wp-json\/wp\/v2\/product_cat?post=21866"},{"taxonomy":"product_tag","embeddable":true,"href":"https:\/\/www.aimycomfort.com\/store\/fr\/wp-json\/wp\/v2\/product_tag?post=21866"}],"curies":[{"name":"wp","href":"https:\/\/api.w.org\/{rel}","templated":true}]}}