{"id":21264,"date":"2024-11-28T03:24:27","date_gmt":"2024-11-28T03:24:27","guid":{"rendered":"https:\/\/www.aimycomfort.com\/store\/product\/travel-pillow-new-u-shaped-memory-foam-neck-pillow\/"},"modified":"2024-11-28T08:16:38","modified_gmt":"2024-11-28T08:16:38","slug":"travel-pillow-new-u-shaped-memory-foam-neck-pillow","status":"publish","type":"product","link":"https:\/\/www.aimycomfort.com\/store\/fr\/produit\/travel-pillow-new-u-shaped-memory-foam-neck-pillow\/","title":{"rendered":"Oreiller de Voyage Nouvel Oreiller de Cou en Mousse \u00e0 M\u00e9moire de Forme en U"},"content":{"rendered":"<p>Am\u00e9liorez votre exp\u00e9rience de voyage avec le Nouvel Oreiller de Cou en Coton \u00e0 M\u00e9moire de Forme en U, con\u00e7u pour offrir une protection et un confort sup\u00e9rieurs pour le cou. Cet oreiller de voyage dispose d&rsquo;un noyau en mousse \u00e0 m\u00e9moire de forme qui offre un soutien tridimensionnel, garantissant que votre colonne cervicale est bien prot\u00e9g\u00e9e et que la qualit\u00e9 de votre sommeil est am\u00e9lior\u00e9e.<\/p>\n<h2><strong>Caract\u00e9ristiques Cl\u00e9s de l&rsquo;Oreiller de Voyage<\/strong>:<\/h2>\n<ul>\n<li><strong>Design Ergonomique<\/strong>: Le design incurv\u00e9 s&rsquo;adapte parfaitement autour de votre cou, offrant un soutien rotatif \u00e0 360\u00b0 pour le confort dans n&rsquo;importe quelle position.<\/li>\n<li><strong>Noyau en Mousse \u00e0 M\u00e9moire de Forme<\/strong>: Offre un soutien durable et sans stress pour am\u00e9liorer la qualit\u00e9 du sommeil pendant le voyage.<\/li>\n<li><strong>Mat\u00e9riaux de Haute Qualit\u00e9<\/strong>: Fabriqu\u00e9 avec un tissu en soie glac\u00e9e respectueux de la peau, doux et confortable contre la peau.<\/li>\n<li><strong>Artisanat Exquis<\/strong>: Pr\u00e9sente un artisanat fin avec une coupe tridimensionnelle pour un ajustement et une finition professionnels.<\/li>\n<li><strong>Design Velcro Invisible<\/strong>: Assure une apparence \u00e9l\u00e9gante tout en permettant un ajustement facile et un ajustement s\u00e9curis\u00e9.<\/li>\n<li><strong>Portable et L\u00e9ger<\/strong>: Taille compacte et design l\u00e9ger le rendent facile \u00e0 transporter et \u00e0 ranger, parfait pour les voyages.<\/li>\n<\/ul>\n<p>Choisissez le Nouvel Oreiller de Cou en Coton \u00e0 M\u00e9moire de Forme en U pour un m\u00e9lange de confort, de soutien et de style, rendant vos voyages plus reposants et agr\u00e9ables.<\/p>\n","protected":false},"excerpt":{"rendered":"<p>Cet oreiller de voyage offre un soutien doux et respectueux de la peau avec un noyau en mousse \u00e0 m\u00e9moire de forme pour une protection tridimensionnelle du cou. Son design incurv\u00e9 et son ajustement rotatif \u00e0 360\u00b0 assurent confort et am\u00e9liorent la qualit\u00e9 du sommeil. Il pr\u00e9sente un artisanat exquis et un design Velcro invisible pour un look \u00e9l\u00e9gant.<\/p>\n","protected":false},"featured_media":20868,"comment_status":"open","ping_status":"closed","template":"","meta":{"site-sidebar-layout":"default","site-content-layout":"","ast-site-content-layout":"default","site-content-style":"default","site-sidebar-style":"default","ast-global-header-display":"","ast-banner-title-visibility":"","ast-main-header-display":"","ast-hfb-above-header-display":"","ast-hfb-below-header-display":"","ast-hfb-mobile-header-display":"","site-post-title":"","ast-breadcrumbs-content":"","ast-featured-img":"","footer-sml-layout":"","theme-transparent-header-meta":"default","adv-header-id-meta":"","stick-header-meta":"","header-above-stick-meta":"","header-main-stick-meta":"","header-below-stick-meta":"","astra-migrate-meta-layouts":"set","ast-page-background-enabled":"default","ast-page-background-meta":{"desktop":{"background-color":"var(--ast-global-color-4)","background-image":"","background-repeat":"repeat","background-position":"center center","background-size":"auto","background-attachment":"scroll","background-type":"","background-media":"","overlay-type":"","overlay-color":"","overlay-opacity":"","overlay-gradient":""},"tablet":{"background-color":"","background-image":"","background-repeat":"repeat","background-position":"center center","background-size":"auto","background-attachment":"scroll","background-type":"","background-media":"","overlay-type":"","overlay-color":"","overlay-opacity":"","overlay-gradient":""},"mobile":{"background-color":"","background-image":"","background-repeat":"repeat","background-position":"center center","background-size":"auto","background-attachment":"scroll","background-type":"","background-media":"","overlay-type":"","overlay-color":"","overlay-opacity":"","overlay-gradient":""}},"ast-content-background-meta":{"desktop":{"background-color":"var(--ast-global-color-5)","background-image":"","background-repeat":"repeat","background-position":"center center","background-size":"auto","background-attachment":"scroll","background-type":"","background-media":"","overlay-type":"","overlay-color":"","overlay-opacity":"","overlay-gradient":""},"tablet":{"background-color":"var(--ast-global-color-5)","background-image":"","background-repeat":"repeat","background-position":"center center","background-size":"auto","background-attachment":"scroll","background-type":"","background-media":"","overlay-type":"","overlay-color":"","overlay-opacity":"","overlay-gradient":""},"mobile":{"background-color":"var(--ast-global-color-5)","background-image":"","background-repeat":"repeat","background-position":"center center","background-size":"auto","background-attachment":"scroll","background-type":"","background-media":"","overlay-type":"","overlay-color":"","overlay-opacity":"","overlay-gradient":""}}},"product_brand":[],"product_cat":[227,711,893],"product_tag":[787,228,557],"class_list":{"0":"post-21264","1":"product","2":"type-product","3":"status-publish","4":"has-post-thumbnail","6":"product_cat-collection-doreillers","7":"product_cat-travel-pillow-fr","8":"product_cat-oreiller-pour-le-cou","9":"product_tag-memory-foam-fr-2","10":"product_tag-oreiller","11":"product_tag-neck-protect-fr","12":"desktop-align-left","13":"tablet-align-left","14":"mobile-align-left","15":"ast-product-gallery-layout-horizontal-slider","16":"ast-product-single-variable","17":"ast-product-tabs-layout-horizontal","18":"ast-qv-on-image","20":"first","21":"instock","22":"shipping-taxable","23":"purchasable","24":"product-type-variable"},"aioseo_notices":[],"_links":{"self":[{"href":"https:\/\/www.aimycomfort.com\/store\/fr\/wp-json\/wp\/v2\/product\/21264","targetHints":{"allow":["GET"]}}],"collection":[{"href":"https:\/\/www.aimycomfort.com\/store\/fr\/wp-json\/wp\/v2\/product"}],"about":[{"href":"https:\/\/www.aimycomfort.com\/store\/fr\/wp-json\/wp\/v2\/types\/product"}],"replies":[{"embeddable":true,"href":"https:\/\/www.aimycomfort.com\/store\/fr\/wp-json\/wp\/v2\/comments?post=21264"}],"wp:featuredmedia":[{"embeddable":true,"href":"https:\/\/www.aimycomfort.com\/store\/fr\/wp-json\/wp\/v2\/media\/20868"}],"wp:attachment":[{"href":"https:\/\/www.aimycomfort.com\/store\/fr\/wp-json\/wp\/v2\/media?parent=21264"}],"wp:term":[{"taxonomy":"product_brand","embeddable":true,"href":"https:\/\/www.aimycomfort.com\/store\/fr\/wp-json\/wp\/v2\/product_brand?post=21264"},{"taxonomy":"product_cat","embeddable":true,"href":"https:\/\/www.aimycomfort.com\/store\/fr\/wp-json\/wp\/v2\/product_cat?post=21264"},{"taxonomy":"product_tag","embeddable":true,"href":"https:\/\/www.aimycomfort.com\/store\/fr\/wp-json\/wp\/v2\/product_tag?post=21264"}],"curies":[{"name":"wp","href":"https:\/\/api.w.org\/{rel}","templated":true}]}}