{"id":20654,"date":"2024-11-26T06:55:48","date_gmt":"2024-11-26T06:55:48","guid":{"rendered":"https:\/\/www.aimycomfort.com\/store\/product\/leg-pillow-slow-rebound-heart-shaped\/"},"modified":"2024-11-26T08:48:26","modified_gmt":"2024-11-26T08:48:26","slug":"leg-pillow-slow-rebound-heart-shaped","status":"publish","type":"product","link":"https:\/\/www.aimycomfort.com\/store\/fr\/produit\/leg-pillow-slow-rebound-heart-shaped\/","title":{"rendered":"Oreiller pour Jambes en Forme de C\u0153ur \u00e0 Rebond Lent"},"content":{"rendered":"<p>D\u00e9couvrez un confort et un soutien am\u00e9lior\u00e9s avec l&rsquo;Oreiller pour Jambes en Forme de C\u0153ur \u00e0 Rebond Lent, con\u00e7u pour soulager le stress et favoriser la relaxation. Cet oreiller ergonomique est fabriqu\u00e9 en coton \u00e0 m\u00e9moire de forme spatial, offrant un ajustement parfait et un soulagement du stress pour vos jambes.<\/p>\n<h2><strong>Caract\u00e9ristiques Cl\u00e9s de l&rsquo;Oreiller pour Jambes<\/strong>:<\/h2>\n<ul>\n<li><strong>Design Ergonomique<\/strong>: Le design en forme de c\u0153ur et adapt\u00e9 aux courbes assure un soutien et un confort optimaux pour vos jambes.<\/li>\n<li><strong>Confort en Mousse \u00e0 M\u00e9moire<\/strong>: Fabriqu\u00e9 avec du coton \u00e0 m\u00e9moire de forme spatial \u00e0 rebond lent pour soulager le stress et am\u00e9liorer la relaxation.<\/li>\n<li><strong>Tissu Respirant<\/strong>: Dispose d&rsquo;une veste \u00e0 couche d&rsquo;air pour am\u00e9liorer la respirabilit\u00e9, vous gardant au frais et \u00e0 l&rsquo;aise.<\/li>\n<li><strong>Pratique et Hygi\u00e9nique<\/strong>: Le design \u00e0 fermeture \u00e9clair invisible permet un d\u00e9montage et un lavage faciles sans nuire \u00e0 la peau.<\/li>\n<li><strong>Construction Durable<\/strong>: Artisanat \u00e0 double couture avec enveloppement des bords et double couture assure durabilit\u00e9 et ajustement s\u00e9curis\u00e9.<\/li>\n<li><strong>Ajustement S\u00e9curis\u00e9<\/strong>: Le design de sangle anti-chute maintient l&rsquo;oreiller en place, offrant s\u00e9curit\u00e9 et relaxation pendant le sommeil.<\/li>\n<\/ul>\n<p>Choisissez l&rsquo;Oreiller pour Jambes en Forme de C\u0153ur \u00e0 Rebond Lent pour une solution confortable, de soutien et durable pour am\u00e9liorer la qualit\u00e9 de votre sommeil et la relaxation de vos jambes.<\/p>\n","protected":false},"excerpt":{"rendered":"<p>Cet oreiller ergonomique pour jambes, fabriqu\u00e9 en mousse \u00e0 m\u00e9moire de forme \u00e0 rebond lent, soulage le stress et am\u00e9liore le confort. Son tissu respirant et sa sangle anti-chute assurent un sommeil s\u00fbr et relaxant. Facile \u00e0 nettoyer gr\u00e2ce \u00e0 un design \u00e0 fermeture \u00e9clair invisible.<\/p>\n","protected":false},"featured_media":20471,"comment_status":"open","ping_status":"closed","template":"","meta":{"site-sidebar-layout":"default","site-content-layout":"","ast-site-content-layout":"default","site-content-style":"default","site-sidebar-style":"default","ast-global-header-display":"","ast-banner-title-visibility":"","ast-main-header-display":"","ast-hfb-above-header-display":"","ast-hfb-below-header-display":"","ast-hfb-mobile-header-display":"","site-post-title":"","ast-breadcrumbs-content":"","ast-featured-img":"","footer-sml-layout":"","theme-transparent-header-meta":"default","adv-header-id-meta":"","stick-header-meta":"","header-above-stick-meta":"","header-main-stick-meta":"","header-below-stick-meta":"","astra-migrate-meta-layouts":"set","ast-page-background-enabled":"default","ast-page-background-meta":{"desktop":{"background-color":"var(--ast-global-color-4)","background-image":"","background-repeat":"repeat","background-position":"center center","background-size":"auto","background-attachment":"scroll","background-type":"","background-media":"","overlay-type":"","overlay-color":"","overlay-opacity":"","overlay-gradient":""},"tablet":{"background-color":"","background-image":"","background-repeat":"repeat","background-position":"center center","background-size":"auto","background-attachment":"scroll","background-type":"","background-media":"","overlay-type":"","overlay-color":"","overlay-opacity":"","overlay-gradient":""},"mobile":{"background-color":"","background-image":"","background-repeat":"repeat","background-position":"center center","background-size":"auto","background-attachment":"scroll","background-type":"","background-media":"","overlay-type":"","overlay-color":"","overlay-opacity":"","overlay-gradient":""}},"ast-content-background-meta":{"desktop":{"background-color":"var(--ast-global-color-5)","background-image":"","background-repeat":"repeat","background-position":"center center","background-size":"auto","background-attachment":"scroll","background-type":"","background-media":"","overlay-type":"","overlay-color":"","overlay-opacity":"","overlay-gradient":""},"tablet":{"background-color":"var(--ast-global-color-5)","background-image":"","background-repeat":"repeat","background-position":"center center","background-size":"auto","background-attachment":"scroll","background-type":"","background-media":"","overlay-type":"","overlay-color":"","overlay-opacity":"","overlay-gradient":""},"mobile":{"background-color":"var(--ast-global-color-5)","background-image":"","background-repeat":"repeat","background-position":"center center","background-size":"auto","background-attachment":"scroll","background-type":"","background-media":"","overlay-type":"","overlay-color":"","overlay-opacity":"","overlay-gradient":""}}},"product_brand":[],"product_cat":[227,848,875],"product_tag":[787,228,788],"class_list":{"0":"post-20654","1":"product","2":"type-product","3":"status-publish","4":"has-post-thumbnail","6":"product_cat-collection-doreillers","7":"product_cat-oreiller-de-corps","8":"product_cat-oreiller-pour-pieds-et-jambes","9":"product_tag-memory-foam-fr-2","10":"product_tag-oreiller","11":"product_tag-ergonomic-support-fr","12":"desktop-align-left","13":"tablet-align-left","14":"mobile-align-left","15":"ast-product-gallery-layout-horizontal-slider","16":"ast-product-single-variable","17":"ast-product-tabs-layout-horizontal","18":"ast-qv-on-image","20":"first","21":"instock","22":"shipping-taxable","23":"purchasable","24":"product-type-variable"},"aioseo_notices":[],"_links":{"self":[{"href":"https:\/\/www.aimycomfort.com\/store\/fr\/wp-json\/wp\/v2\/product\/20654","targetHints":{"allow":["GET"]}}],"collection":[{"href":"https:\/\/www.aimycomfort.com\/store\/fr\/wp-json\/wp\/v2\/product"}],"about":[{"href":"https:\/\/www.aimycomfort.com\/store\/fr\/wp-json\/wp\/v2\/types\/product"}],"replies":[{"embeddable":true,"href":"https:\/\/www.aimycomfort.com\/store\/fr\/wp-json\/wp\/v2\/comments?post=20654"}],"wp:featuredmedia":[{"embeddable":true,"href":"https:\/\/www.aimycomfort.com\/store\/fr\/wp-json\/wp\/v2\/media\/20471"}],"wp:attachment":[{"href":"https:\/\/www.aimycomfort.com\/store\/fr\/wp-json\/wp\/v2\/media?parent=20654"}],"wp:term":[{"taxonomy":"product_brand","embeddable":true,"href":"https:\/\/www.aimycomfort.com\/store\/fr\/wp-json\/wp\/v2\/product_brand?post=20654"},{"taxonomy":"product_cat","embeddable":true,"href":"https:\/\/www.aimycomfort.com\/store\/fr\/wp-json\/wp\/v2\/product_cat?post=20654"},{"taxonomy":"product_tag","embeddable":true,"href":"https:\/\/www.aimycomfort.com\/store\/fr\/wp-json\/wp\/v2\/product_tag?post=20654"}],"curies":[{"name":"wp","href":"https:\/\/api.w.org\/{rel}","templated":true}]}}