{"id":20314,"date":"2024-11-25T03:59:36","date_gmt":"2024-11-25T03:59:36","guid":{"rendered":"https:\/\/www.aimycomfort.com\/store\/product\/hot-selling-memory-foam-childrens-pillow\/"},"modified":"2024-11-25T07:38:29","modified_gmt":"2024-11-25T07:38:29","slug":"hot-selling-memory-foam-childrens-pillow","status":"publish","type":"product","link":"https:\/\/www.aimycomfort.com\/store\/fr\/produit\/hot-selling-memory-foam-childrens-pillow\/","title":{"rendered":"Oreiller pour Enfants en Mousse \u00e0 M\u00e9moire de Forme Tr\u00e8s Vendu"},"content":{"rendered":"<p>Am\u00e9liorez la qualit\u00e9 de sommeil de votre enfant avec notre Oreiller pour Enfants en Mousse \u00e0 M\u00e9moire de Forme, con\u00e7u pour r\u00e9pondre aux besoins des enfants \u00e2g\u00e9s de 1 \u00e0 10 ans. Cet oreiller est dot\u00e9 de mousse \u00e0 m\u00e9moire de forme BASF de haute qualit\u00e9 d&rsquo;Allemagne, connue pour ses propri\u00e9t\u00e9s s\u00fbres et \u00e0 rebond lent qui offrent une protection et un soutien doux pour le cou. Le design de l&rsquo;oreiller assure une lib\u00e9ration \u00e9quilibr\u00e9e de la pression de la t\u00eate, favorisant un sommeil r\u00e9parateur.<\/p>\n<h2><strong>Caract\u00e9ristiques Cl\u00e9s de l&rsquo;Oreiller pour Enfants<\/strong>:<\/h2>\n<ul>\n<li><strong>Design \u00e0 Double Noyau R\u00e9glable<\/strong>: Le design unique 1+2 permet de r\u00e9gler la hauteur, s&rsquo;adaptant \u00e0 la croissance et aux besoins de confort de votre enfant.<\/li>\n<li><strong>Respirant et Doux pour la Peau<\/strong>: L&rsquo;oreiller comprend un noyau en mousse \u00e0 m\u00e9moire de forme respirant et une taie d&rsquo;oreiller en coton peign\u00e9, garantissant confort et respirabilit\u00e9 en toutes saisons.<\/li>\n<li><strong>Surface d&rsquo;Oreiller \u00c9largie<\/strong>: Avec une surface de 49 cm de large, l&rsquo;oreiller permet un mouvement \u00e0 360\u00b0, soutenant la tendance naturelle de votre enfant \u00e0 bouger pendant le sommeil sans tomber.<\/li>\n<li><strong>Structure Alv\u00e9olaire Poreuse<\/strong>: Ce design am\u00e9liore le flux d&rsquo;air, r\u00e9duisant l&rsquo;\u00e9touffement et maintenant un environnement de sommeil confortable, ce qui aide \u00e0 minimiser la transpiration.<\/li>\n<li><strong>Entretien Facile<\/strong>: Le design ouvert sans m\u00e9tal est simple, beau et permet un d\u00e9montage et un lavage faciles, garantissant hygi\u00e8ne et commodit\u00e9.<\/li>\n<\/ul>\n<p>Choisissez notre Oreiller pour Enfants en Mousse \u00e0 M\u00e9moire de Forme pour offrir \u00e0 votre enfant une exp\u00e9rience de sommeil s\u00fbre, confortable et de soutien, assurant qu&rsquo;il se r\u00e9veille rafra\u00eechi et pr\u00eat pour la journ\u00e9e.<\/p>\n","protected":false},"excerpt":{"rendered":"<p>Notre Oreiller pour Enfants en Mousse \u00e0 M\u00e9moire de Forme, con\u00e7u pour les enfants de 1 \u00e0 10 ans, est dot\u00e9 de mousse \u00e0 m\u00e9moire de forme BASF allemande pour un soutien doux du cou et un confort optimal. Le design \u00e0 double noyau r\u00e9glable et la housse en coton peign\u00e9 respirant assurent un confort tout au long de l&rsquo;ann\u00e9e. Avec une surface de 49 cm de large, il permet un mouvement \u00e0 360\u00b0, favorisant un sommeil r\u00e9parateur.<\/p>\n","protected":false},"featured_media":20017,"comment_status":"open","ping_status":"closed","template":"","meta":{"site-sidebar-layout":"default","site-content-layout":"","ast-site-content-layout":"default","site-content-style":"default","site-sidebar-style":"default","ast-global-header-display":"","ast-banner-title-visibility":"","ast-main-header-display":"","ast-hfb-above-header-display":"","ast-hfb-below-header-display":"","ast-hfb-mobile-header-display":"","site-post-title":"","ast-breadcrumbs-content":"","ast-featured-img":"","footer-sml-layout":"","theme-transparent-header-meta":"default","adv-header-id-meta":"","stick-header-meta":"","header-above-stick-meta":"","header-main-stick-meta":"","header-below-stick-meta":"","astra-migrate-meta-layouts":"set","ast-page-background-enabled":"default","ast-page-background-meta":{"desktop":{"background-color":"var(--ast-global-color-4)","background-image":"","background-repeat":"repeat","background-position":"center center","background-size":"auto","background-attachment":"scroll","background-type":"","background-media":"","overlay-type":"","overlay-color":"","overlay-opacity":"","overlay-gradient":""},"tablet":{"background-color":"","background-image":"","background-repeat":"repeat","background-position":"center center","background-size":"auto","background-attachment":"scroll","background-type":"","background-media":"","overlay-type":"","overlay-color":"","overlay-opacity":"","overlay-gradient":""},"mobile":{"background-color":"","background-image":"","background-repeat":"repeat","background-position":"center center","background-size":"auto","background-attachment":"scroll","background-type":"","background-media":"","overlay-type":"","overlay-color":"","overlay-opacity":"","overlay-gradient":""}},"ast-content-background-meta":{"desktop":{"background-color":"var(--ast-global-color-5)","background-image":"","background-repeat":"repeat","background-position":"center center","background-size":"auto","background-attachment":"scroll","background-type":"","background-media":"","overlay-type":"","overlay-color":"","overlay-opacity":"","overlay-gradient":""},"tablet":{"background-color":"var(--ast-global-color-5)","background-image":"","background-repeat":"repeat","background-position":"center center","background-size":"auto","background-attachment":"scroll","background-type":"","background-media":"","overlay-type":"","overlay-color":"","overlay-opacity":"","overlay-gradient":""},"mobile":{"background-color":"var(--ast-global-color-5)","background-image":"","background-repeat":"repeat","background-position":"center center","background-size":"auto","background-attachment":"scroll","background-type":"","background-media":"","overlay-type":"","overlay-color":"","overlay-opacity":"","overlay-gradient":""}}},"product_brand":[],"product_cat":[227,839,911],"product_tag":[555,787,228],"class_list":{"0":"post-20314","1":"product","2":"type-product","3":"status-publish","4":"has-post-thumbnail","6":"product_cat-collection-doreillers","7":"product_cat-oreiller-de-lit","8":"product_cat-oreiller-pour-enfants","9":"product_tag-baby-pillow-fr","10":"product_tag-memory-foam-fr-2","11":"product_tag-oreiller","12":"desktop-align-left","13":"tablet-align-left","14":"mobile-align-left","15":"ast-product-gallery-layout-horizontal-slider","16":"ast-product-single-variable","17":"ast-product-tabs-layout-horizontal","18":"ast-qv-on-image","20":"first","21":"instock","22":"shipping-taxable","23":"purchasable","24":"product-type-variable"},"aioseo_notices":[],"_links":{"self":[{"href":"https:\/\/www.aimycomfort.com\/store\/fr\/wp-json\/wp\/v2\/product\/20314","targetHints":{"allow":["GET"]}}],"collection":[{"href":"https:\/\/www.aimycomfort.com\/store\/fr\/wp-json\/wp\/v2\/product"}],"about":[{"href":"https:\/\/www.aimycomfort.com\/store\/fr\/wp-json\/wp\/v2\/types\/product"}],"replies":[{"embeddable":true,"href":"https:\/\/www.aimycomfort.com\/store\/fr\/wp-json\/wp\/v2\/comments?post=20314"}],"wp:featuredmedia":[{"embeddable":true,"href":"https:\/\/www.aimycomfort.com\/store\/fr\/wp-json\/wp\/v2\/media\/20017"}],"wp:attachment":[{"href":"https:\/\/www.aimycomfort.com\/store\/fr\/wp-json\/wp\/v2\/media?parent=20314"}],"wp:term":[{"taxonomy":"product_brand","embeddable":true,"href":"https:\/\/www.aimycomfort.com\/store\/fr\/wp-json\/wp\/v2\/product_brand?post=20314"},{"taxonomy":"product_cat","embeddable":true,"href":"https:\/\/www.aimycomfort.com\/store\/fr\/wp-json\/wp\/v2\/product_cat?post=20314"},{"taxonomy":"product_tag","embeddable":true,"href":"https:\/\/www.aimycomfort.com\/store\/fr\/wp-json\/wp\/v2\/product_tag?post=20314"}],"curies":[{"name":"wp","href":"https:\/\/api.w.org\/{rel}","templated":true}]}}