{"id":19881,"date":"2024-11-22T08:13:28","date_gmt":"2024-11-22T08:13:28","guid":{"rendered":"https:\/\/www.aimycomfort.com\/store\/product\/four-seasons-universal-shaped-pillow-for-baby\/"},"modified":"2024-11-22T08:57:52","modified_gmt":"2024-11-22T08:57:52","slug":"four-seasons-universal-shaped-pillow-for-baby","status":"publish","type":"product","link":"https:\/\/www.aimycomfort.com\/store\/fr\/produit\/four-seasons-universal-shaped-pillow-for-baby\/","title":{"rendered":"Oreiller Form\u00e9 Universel pour B\u00e9b\u00e9 Quatre Saisons"},"content":{"rendered":"<p>L&rsquo;Oreiller Form\u00e9 peut offrir \u00e0 votre b\u00e9b\u00e9 le confort et la s\u00e9curit\u00e9 ultimes avec notre Baby Four Seasons Universal. Cet oreiller est con\u00e7u pour offrir un soutien solide avec une housse douce et confortable, garantissant que votre b\u00e9b\u00e9 dort profond\u00e9ment tout au long de l&rsquo;ann\u00e9e. L&rsquo;oreiller dispose d&rsquo;un syst\u00e8me de protection du cou scientifiquement con\u00e7u qui est doux pour la peau et exempt d&rsquo;agents fluorescents, le rendant s\u00fbr pour la peau d\u00e9licate de votre b\u00e9b\u00e9.<\/p>\n<h2><strong>Caract\u00e9ristiques Cl\u00e9s de l&rsquo;Oreiller Form\u00e9<\/strong>:<\/h2>\n<ul>\n<li><strong>Soutien et Confort<\/strong>: Le noyau de l&rsquo;oreiller offre un soutien solide, tandis que la housse douce assure le confort. Il est con\u00e7u pour prot\u00e9ger le cou de mani\u00e8re s\u00fbre et efficace.<\/li>\n<li><strong>Respirant et Doux pour la Peau<\/strong>: Fabriqu\u00e9 en tissu modal, l&rsquo;oreiller \u00e9vacue la transpiration et absorbe l&rsquo;humidit\u00e9, gardant votre b\u00e9b\u00e9 au sec et \u00e0 l&rsquo;aise. Le noyau interne respirant en nid d&rsquo;abeille emp\u00eache l&rsquo;\u00e9touffement et peut \u00eatre lav\u00e9 \u00e0 l&rsquo;eau.<\/li>\n<li><strong>Hygi\u00e9nique et Facile \u00e0 Nettoyer<\/strong>: L&rsquo;ensemble de l&rsquo;oreiller est lavable, vous permettant de retirer facilement la transpiration et les taches de lait, et de r\u00e9sister aux bact\u00e9ries et aux moisissures.<\/li>\n<li><strong>\u00c9paisseur R\u00e9glable<\/strong>: Avec deux conceptions d&rsquo;\u00e9paisseur, l&rsquo;oreiller s&rsquo;adapte \u00e0 diff\u00e9rents \u00e2ges. La hauteur totale est inf\u00e9rieure \u00e0 3,5 cm, \u00e9vitant la compression des oreilles et les risques d&rsquo;\u00e9touffement. La hauteur de l&rsquo;oreiller pour le cou est de 1 cm, offrant un soutien appropri\u00e9 sans affecter l&rsquo;alignement de la colonne vert\u00e9brale.<\/li>\n<li><strong>Conception S\u00fbre<\/strong>: La th\u00e9orie brevet\u00e9e du soutien doux du cou post\u00e9rieur garantit que l&rsquo;oreiller n&rsquo;obstrue pas la respiration ni n&rsquo;interf\u00e8re avec la courbe naturelle de l&rsquo;arri\u00e8re de la t\u00eate.<\/li>\n<\/ul>\n<p>Choisissez l&rsquo;Oreiller Form\u00e9 Universel Baby Four Seasons pour une solution de sommeil s\u00fbre, douce et respirante qui soutient le confort et le bien-\u00eatre de votre b\u00e9b\u00e9 tout au long de l&rsquo;ann\u00e9e.<\/p>\n","protected":false},"excerpt":{"rendered":"<p>Notre Oreiller Form\u00e9 Universel pour B\u00e9b\u00e9 Quatre Saisons offre un soutien solide et un confort respirant avec une housse en tissu modal doux qui \u00e9vacue l&rsquo;humidit\u00e9. Il est enti\u00e8rement lavable et dispose d&rsquo;une \u00e9paisseur r\u00e9glable pour un soutien s\u00fbr du cou.<\/p>\n","protected":false},"featured_media":19796,"comment_status":"open","ping_status":"closed","template":"","meta":{"site-sidebar-layout":"default","site-content-layout":"","ast-site-content-layout":"default","site-content-style":"default","site-sidebar-style":"default","ast-global-header-display":"","ast-banner-title-visibility":"","ast-main-header-display":"","ast-hfb-above-header-display":"","ast-hfb-below-header-display":"","ast-hfb-mobile-header-display":"","site-post-title":"","ast-breadcrumbs-content":"","ast-featured-img":"","footer-sml-layout":"","theme-transparent-header-meta":"default","adv-header-id-meta":"","stick-header-meta":"","header-above-stick-meta":"","header-main-stick-meta":"","header-below-stick-meta":"","astra-migrate-meta-layouts":"set","ast-page-background-enabled":"default","ast-page-background-meta":{"desktop":{"background-color":"var(--ast-global-color-4)","background-image":"","background-repeat":"repeat","background-position":"center center","background-size":"auto","background-attachment":"scroll","background-type":"","background-media":"","overlay-type":"","overlay-color":"","overlay-opacity":"","overlay-gradient":""},"tablet":{"background-color":"","background-image":"","background-repeat":"repeat","background-position":"center center","background-size":"auto","background-attachment":"scroll","background-type":"","background-media":"","overlay-type":"","overlay-color":"","overlay-opacity":"","overlay-gradient":""},"mobile":{"background-color":"","background-image":"","background-repeat":"repeat","background-position":"center center","background-size":"auto","background-attachment":"scroll","background-type":"","background-media":"","overlay-type":"","overlay-color":"","overlay-opacity":"","overlay-gradient":""}},"ast-content-background-meta":{"desktop":{"background-color":"var(--ast-global-color-5)","background-image":"","background-repeat":"repeat","background-position":"center center","background-size":"auto","background-attachment":"scroll","background-type":"","background-media":"","overlay-type":"","overlay-color":"","overlay-opacity":"","overlay-gradient":""},"tablet":{"background-color":"var(--ast-global-color-5)","background-image":"","background-repeat":"repeat","background-position":"center center","background-size":"auto","background-attachment":"scroll","background-type":"","background-media":"","overlay-type":"","overlay-color":"","overlay-opacity":"","overlay-gradient":""},"mobile":{"background-color":"var(--ast-global-color-5)","background-image":"","background-repeat":"repeat","background-position":"center center","background-size":"auto","background-attachment":"scroll","background-type":"","background-media":"","overlay-type":"","overlay-color":"","overlay-opacity":"","overlay-gradient":""}}},"product_brand":[],"product_cat":[227,839,911],"product_tag":[555,228,557,788],"class_list":{"0":"post-19881","1":"product","2":"type-product","3":"status-publish","4":"has-post-thumbnail","6":"product_cat-collection-doreillers","7":"product_cat-oreiller-de-lit","8":"product_cat-oreiller-pour-enfants","9":"product_tag-baby-pillow-fr","10":"product_tag-oreiller","11":"product_tag-neck-protect-fr","12":"product_tag-ergonomic-support-fr","13":"desktop-align-left","14":"tablet-align-left","15":"mobile-align-left","16":"ast-product-gallery-layout-horizontal-slider","17":"ast-product-single-variable","18":"ast-product-tabs-layout-horizontal","19":"ast-qv-on-image","21":"first","22":"instock","23":"shipping-taxable","24":"purchasable","25":"product-type-variable"},"aioseo_notices":[],"_links":{"self":[{"href":"https:\/\/www.aimycomfort.com\/store\/fr\/wp-json\/wp\/v2\/product\/19881","targetHints":{"allow":["GET"]}}],"collection":[{"href":"https:\/\/www.aimycomfort.com\/store\/fr\/wp-json\/wp\/v2\/product"}],"about":[{"href":"https:\/\/www.aimycomfort.com\/store\/fr\/wp-json\/wp\/v2\/types\/product"}],"replies":[{"embeddable":true,"href":"https:\/\/www.aimycomfort.com\/store\/fr\/wp-json\/wp\/v2\/comments?post=19881"}],"wp:featuredmedia":[{"embeddable":true,"href":"https:\/\/www.aimycomfort.com\/store\/fr\/wp-json\/wp\/v2\/media\/19796"}],"wp:attachment":[{"href":"https:\/\/www.aimycomfort.com\/store\/fr\/wp-json\/wp\/v2\/media?parent=19881"}],"wp:term":[{"taxonomy":"product_brand","embeddable":true,"href":"https:\/\/www.aimycomfort.com\/store\/fr\/wp-json\/wp\/v2\/product_brand?post=19881"},{"taxonomy":"product_cat","embeddable":true,"href":"https:\/\/www.aimycomfort.com\/store\/fr\/wp-json\/wp\/v2\/product_cat?post=19881"},{"taxonomy":"product_tag","embeddable":true,"href":"https:\/\/www.aimycomfort.com\/store\/fr\/wp-json\/wp\/v2\/product_tag?post=19881"}],"curies":[{"name":"wp","href":"https:\/\/api.w.org\/{rel}","templated":true}]}}