{"id":19520,"date":"2024-11-21T06:21:11","date_gmt":"2024-11-21T06:21:11","guid":{"rendered":"https:\/\/www.aimycomfort.com\/store\/product\/cylindrical-neck-protection-pillow\/"},"modified":"2024-11-21T07:35:08","modified_gmt":"2024-11-21T07:35:08","slug":"cylindrical-neck-protection-pillow","status":"publish","type":"product","link":"https:\/\/www.aimycomfort.com\/store\/fr\/produit\/cylindrical-neck-protection-pillow\/","title":{"rendered":"Oreiller de Protection Cervicale Cylindrique"},"content":{"rendered":"<p>D\u00e9couvrez un confort et un soutien in\u00e9gal\u00e9s avec notre Oreiller de Protection Cervicale Cylindrique. Con\u00e7u pour soulager la pression cervicale et soutenir la colonne cervicale, cet oreiller polyvalent est parfait pour am\u00e9liorer votre relaxation et votre bien-\u00eatre.<\/p>\n<h2><strong>Caract\u00e9ristiques Cl\u00e9s de l&rsquo;Oreiller de Protection Cervicale<\/strong>:<\/h2>\n<ul>\n<li><strong>Soutien Cervical<\/strong>: Con\u00e7u sp\u00e9cialement pour redresser la colonne cervicale avec un arc invers\u00e9, cet oreiller offre un soutien \u00e0 trois points qui s&rsquo;adapte aux courbes de vos \u00e9paules, de votre cou et de l&rsquo;arri\u00e8re de votre t\u00eate.<\/li>\n<li><strong>Confort de la Mousse \u00e0 M\u00e9moire<\/strong>: Fabriqu\u00e9 avec du coton \u00e0 m\u00e9moire doux et \u00e9lastique, il offre un soutien \u00e9lastique pour la colonne cervicale, assurant un bon soutien avec une douceur et une duret\u00e9 mod\u00e9r\u00e9es qui r\u00e9sistent \u00e0 la d\u00e9formation.<\/li>\n<li><strong>Bienfaits pour la Sant\u00e9<\/strong>: Utilisez l&rsquo;oreiller cervical cylindrique pendant seulement dix minutes par jour pour dire adieu aux douleurs cervicales, d\u00e9tendre les nerfs et soulager la fatigue du cou. Il aide \u00e0 ouvrir naturellement la colonne cervicale pour restaurer sa courbure et soulager la fatigue.<\/li>\n<li><strong>Utilisation Polyvalente<\/strong>: Cet oreiller n&rsquo;est pas seulement pour le soutien du cou, mais peut \u00e9galement \u00eatre utilis\u00e9 pour la taille, les jambes ou comme oreiller ordinaire, ce qui en fait un ajout polyvalent \u00e0 votre literie.<\/li>\n<li><strong>Tissu de Haute Qualit\u00e9<\/strong>: Le tissu \u00e0 couche d&rsquo;air est anti-poussi\u00e8re, antibact\u00e9rien et respectueux de la peau, prot\u00e9geant le noyau de l&rsquo;oreiller de la contamination bact\u00e9rienne et am\u00e9liorant la propret\u00e9 de votre literie.<\/li>\n<li><strong>Entretien Facile<\/strong>: Dispose d&rsquo;une languette cach\u00e9e pour un d\u00e9montage et un nettoyage faciles. Le tissu est con\u00e7u pour r\u00e9sister au lavage sans se d\u00e9tacher, r\u00e9duisant le risque de rayures cutan\u00e9es.<\/li>\n<\/ul>\n<p>Am\u00e9liorez votre confort et votre soutien avec cet oreiller multifonctionnel, parfait pour quiconque cherche \u00e0 am\u00e9liorer la qualit\u00e9 de son sommeil et \u00e0 soulager l&rsquo;inconfort du cou et cervical.<\/p>\n","protected":false},"excerpt":{"rendered":"<p>Soulagez la pression cervicale et am\u00e9liorez le confort avec notre Oreiller de Protection Cervicale Cylindrique. Con\u00e7u pour un soutien optimal, il est dot\u00e9 de mousse \u00e0 m\u00e9moire de forme douce qui \u00e9pouse les courbes de vos \u00e9paules, de votre cou et de votre t\u00eate.<\/p>\n<p>Cet oreiller polyvalent peut \u00eatre utilis\u00e9 pour le soutien du cou, de la taille ou des jambes, et son tissu \u00e0 couche d&rsquo;air antibact\u00e9rien assure la propret\u00e9.<\/p>\n","protected":false},"featured_media":19437,"comment_status":"open","ping_status":"closed","template":"","meta":{"site-sidebar-layout":"default","site-content-layout":"","ast-site-content-layout":"default","site-content-style":"default","site-sidebar-style":"default","ast-global-header-display":"","ast-banner-title-visibility":"","ast-main-header-display":"","ast-hfb-above-header-display":"","ast-hfb-below-header-display":"","ast-hfb-mobile-header-display":"","site-post-title":"","ast-breadcrumbs-content":"","ast-featured-img":"","footer-sml-layout":"","theme-transparent-header-meta":"default","adv-header-id-meta":"","stick-header-meta":"","header-above-stick-meta":"","header-main-stick-meta":"","header-below-stick-meta":"","astra-migrate-meta-layouts":"set","ast-page-background-enabled":"default","ast-page-background-meta":{"desktop":{"background-color":"var(--ast-global-color-4)","background-image":"","background-repeat":"repeat","background-position":"center center","background-size":"auto","background-attachment":"scroll","background-type":"","background-media":"","overlay-type":"","overlay-color":"","overlay-opacity":"","overlay-gradient":""},"tablet":{"background-color":"","background-image":"","background-repeat":"repeat","background-position":"center center","background-size":"auto","background-attachment":"scroll","background-type":"","background-media":"","overlay-type":"","overlay-color":"","overlay-opacity":"","overlay-gradient":""},"mobile":{"background-color":"","background-image":"","background-repeat":"repeat","background-position":"center center","background-size":"auto","background-attachment":"scroll","background-type":"","background-media":"","overlay-type":"","overlay-color":"","overlay-opacity":"","overlay-gradient":""}},"ast-content-background-meta":{"desktop":{"background-color":"var(--ast-global-color-5)","background-image":"","background-repeat":"repeat","background-position":"center center","background-size":"auto","background-attachment":"scroll","background-type":"","background-media":"","overlay-type":"","overlay-color":"","overlay-opacity":"","overlay-gradient":""},"tablet":{"background-color":"var(--ast-global-color-5)","background-image":"","background-repeat":"repeat","background-position":"center center","background-size":"auto","background-attachment":"scroll","background-type":"","background-media":"","overlay-type":"","overlay-color":"","overlay-opacity":"","overlay-gradient":""},"mobile":{"background-color":"var(--ast-global-color-5)","background-image":"","background-repeat":"repeat","background-position":"center center","background-size":"auto","background-attachment":"scroll","background-type":"","background-media":"","overlay-type":"","overlay-color":"","overlay-opacity":"","overlay-gradient":""}}},"product_brand":[],"product_cat":[227,857,848,839,875],"product_tag":[787,228,557,225],"class_list":{"0":"post-19520","1":"product","2":"type-product","3":"status-publish","4":"has-post-thumbnail","6":"product_cat-collection-doreillers","7":"product_cat-oreiller-cervical","8":"product_cat-oreiller-de-corps","9":"product_cat-oreiller-de-lit","10":"product_cat-oreiller-pour-pieds-et-jambes","11":"product_tag-memory-foam-fr-2","12":"product_tag-oreiller","13":"product_tag-neck-protect-fr","14":"product_tag-soulagement-de-la-pression","15":"desktop-align-left","16":"tablet-align-left","17":"mobile-align-left","18":"ast-product-gallery-layout-horizontal-slider","19":"ast-product-single-variable","20":"ast-product-tabs-layout-horizontal","21":"ast-qv-on-image","23":"first","24":"instock","25":"shipping-taxable","26":"purchasable","27":"product-type-variable"},"aioseo_notices":[],"_links":{"self":[{"href":"https:\/\/www.aimycomfort.com\/store\/fr\/wp-json\/wp\/v2\/product\/19520","targetHints":{"allow":["GET"]}}],"collection":[{"href":"https:\/\/www.aimycomfort.com\/store\/fr\/wp-json\/wp\/v2\/product"}],"about":[{"href":"https:\/\/www.aimycomfort.com\/store\/fr\/wp-json\/wp\/v2\/types\/product"}],"replies":[{"embeddable":true,"href":"https:\/\/www.aimycomfort.com\/store\/fr\/wp-json\/wp\/v2\/comments?post=19520"}],"wp:featuredmedia":[{"embeddable":true,"href":"https:\/\/www.aimycomfort.com\/store\/fr\/wp-json\/wp\/v2\/media\/19437"}],"wp:attachment":[{"href":"https:\/\/www.aimycomfort.com\/store\/fr\/wp-json\/wp\/v2\/media?parent=19520"}],"wp:term":[{"taxonomy":"product_brand","embeddable":true,"href":"https:\/\/www.aimycomfort.com\/store\/fr\/wp-json\/wp\/v2\/product_brand?post=19520"},{"taxonomy":"product_cat","embeddable":true,"href":"https:\/\/www.aimycomfort.com\/store\/fr\/wp-json\/wp\/v2\/product_cat?post=19520"},{"taxonomy":"product_tag","embeddable":true,"href":"https:\/\/www.aimycomfort.com\/store\/fr\/wp-json\/wp\/v2\/product_tag?post=19520"}],"curies":[{"name":"wp","href":"https:\/\/api.w.org\/{rel}","templated":true}]}}