{"id":17745,"date":"2024-11-15T03:31:35","date_gmt":"2024-11-15T03:31:35","guid":{"rendered":"https:\/\/www.aimycomfort.com\/store\/product\/childrens-bamboo-fiber-memory-foam-shaping-pillow\/"},"modified":"2024-11-15T09:37:18","modified_gmt":"2024-11-15T09:37:18","slug":"childrens-bamboo-fiber-memory-foam-shaping-pillow","status":"publish","type":"product","link":"https:\/\/www.aimycomfort.com\/store\/fr\/produit\/childrens-bamboo-fiber-memory-foam-shaping-pillow\/","title":{"rendered":"Oreiller de Modelage en Mousse \u00e0 M\u00e9moire de Forme en Fibre de Bambou pour Enfants"},"content":{"rendered":"<p>L&rsquo;Oreiller de Modelage en Mousse \u00e0 M\u00e9moire de Forme en Fibre de Bambou pour Enfants est sp\u00e9cialement con\u00e7u pour les nourrissons de 0 \u00e0 12 mois, favorisant un d\u00e9veloppement sain de la forme de la t\u00eate tout en assurant un environnement de sommeil confortable. Cet oreiller scientifiquement con\u00e7u pr\u00e9sente des mat\u00e9riaux respirants et antibact\u00e9riens qui aident \u00e0 modeler la t\u00eate sans restreindre les positions de sommeil.<\/p>\n<h2>Caract\u00e9ristiques Principales:<\/h2>\n<ul>\n<li><strong>Conception Scientifique:<\/strong><br \/>\nLa conception zon\u00e9e raisonnable permet aux b\u00e9b\u00e9s de d\u00e9velopper de bonnes habitudes de sommeil, assurant une forme de t\u00eate compl\u00e8te et belle sans positions de sommeil fixes.<\/li>\n<li><strong>Doux et Confortable:<\/strong><br \/>\nFabriqu\u00e9 en mousse \u00e0 m\u00e9moire de forme de haute qualit\u00e9, offrant une surface douce et respectueuse de la peau qui absorbe doucement la pression, pr\u00e9venant la calvitie et l&rsquo;inconfort.<\/li>\n<li><strong>Fibre de Bambou Respirante:<\/strong><br \/>\nLe tissu en fibre de bambou frais et respirant \u00e9vacue l&rsquo;humidit\u00e9, gardant votre b\u00e9b\u00e9 confortable et exempt de rougeurs ou d&rsquo;\u00e9ryth\u00e8me, quelle que soit la transpiration.<\/li>\n<li><strong>Moulage Int\u00e9gr\u00e9:<\/strong><br \/>\nLa conception moul\u00e9e 3D int\u00e9gr\u00e9e offre des propri\u00e9t\u00e9s antibact\u00e9riennes et respirantes, aidant \u00e0 pr\u00e9venir la transpiration, la d\u00e9viation de la t\u00eate et les pleurs nocturnes.<\/li>\n<li><strong>Protection 24 Heures:<\/strong><br \/>\nCet oreiller offre une protection continue contre les bact\u00e9ries, assurant un environnement de sommeil propre et s\u00fbr pour votre b\u00e9b\u00e9.<\/li>\n<li><strong>Entretien Facile:<\/strong><br \/>\nL&rsquo;oreiller est facile \u00e0 laver et \u00e0 s\u00e9cher, ne bouloche pas et dispose d&rsquo;une taie d&rsquo;oreiller style enveloppe pour un changement et un lavage pratiques. Le noyau amovible est con\u00e7u pour \u00e9viter de gratter la peau d\u00e9licate du b\u00e9b\u00e9.<\/li>\n<\/ul>\n","protected":false},"excerpt":{"rendered":"<p>L&rsquo;Oreiller de Modelage en Mousse \u00e0 M\u00e9moire de Forme en Fibre de Bambou pour Enfants est con\u00e7u pour les nourrissons de 0 \u00e0 12 mois, favorisant un d\u00e9veloppement sain de la forme de la t\u00eate tout en assurant un environnement de sommeil confortable. Cet oreiller scientifiquement con\u00e7u pr\u00e9sente des mat\u00e9riaux respirants et antibact\u00e9riens qui mod\u00e8lent la t\u00eate sans restreindre les positions de sommeil, encourageant de bonnes habitudes de repos. Fabriqu\u00e9 en mousse \u00e0 m\u00e9moire de forme de haute qualit\u00e9, il offre une surface douce et respectueuse de la peau qui absorbe la pression et pr\u00e9vient les zones chauves. Le tissu frais en fibre de bambou \u00e9vacue l&rsquo;humidit\u00e9, gardant votre b\u00e9b\u00e9 confortable et sans irritation. Avec un entretien facile et un noyau amovible, cet oreiller fournit un environnement de sommeil propre et s\u00fbr pour votre petit.<\/p>\n","protected":false},"featured_media":17540,"comment_status":"open","ping_status":"closed","template":"","meta":{"site-sidebar-layout":"default","site-content-layout":"","ast-site-content-layout":"default","site-content-style":"default","site-sidebar-style":"default","ast-global-header-display":"","ast-banner-title-visibility":"","ast-main-header-display":"","ast-hfb-above-header-display":"","ast-hfb-below-header-display":"","ast-hfb-mobile-header-display":"","site-post-title":"","ast-breadcrumbs-content":"","ast-featured-img":"","footer-sml-layout":"","theme-transparent-header-meta":"default","adv-header-id-meta":"","stick-header-meta":"","header-above-stick-meta":"","header-main-stick-meta":"","header-below-stick-meta":"","astra-migrate-meta-layouts":"set","ast-page-background-enabled":"default","ast-page-background-meta":{"desktop":{"background-color":"var(--ast-global-color-4)","background-image":"","background-repeat":"repeat","background-position":"center center","background-size":"auto","background-attachment":"scroll","background-type":"","background-media":"","overlay-type":"","overlay-color":"","overlay-opacity":"","overlay-gradient":""},"tablet":{"background-color":"","background-image":"","background-repeat":"repeat","background-position":"center center","background-size":"auto","background-attachment":"scroll","background-type":"","background-media":"","overlay-type":"","overlay-color":"","overlay-opacity":"","overlay-gradient":""},"mobile":{"background-color":"","background-image":"","background-repeat":"repeat","background-position":"center center","background-size":"auto","background-attachment":"scroll","background-type":"","background-media":"","overlay-type":"","overlay-color":"","overlay-opacity":"","overlay-gradient":""}},"ast-content-background-meta":{"desktop":{"background-color":"var(--ast-global-color-5)","background-image":"","background-repeat":"repeat","background-position":"center center","background-size":"auto","background-attachment":"scroll","background-type":"","background-media":"","overlay-type":"","overlay-color":"","overlay-opacity":"","overlay-gradient":""},"tablet":{"background-color":"var(--ast-global-color-5)","background-image":"","background-repeat":"repeat","background-position":"center center","background-size":"auto","background-attachment":"scroll","background-type":"","background-media":"","overlay-type":"","overlay-color":"","overlay-opacity":"","overlay-gradient":""},"mobile":{"background-color":"var(--ast-global-color-5)","background-image":"","background-repeat":"repeat","background-position":"center center","background-size":"auto","background-attachment":"scroll","background-type":"","background-media":"","overlay-type":"","overlay-color":"","overlay-opacity":"","overlay-gradient":""}}},"product_brand":[],"product_cat":[839,911],"product_tag":[555,787,228],"class_list":{"0":"post-17745","1":"product","2":"type-product","3":"status-publish","4":"has-post-thumbnail","6":"product_cat-oreiller-de-lit","7":"product_cat-oreiller-pour-enfants","8":"product_tag-baby-pillow-fr","9":"product_tag-memory-foam-fr-2","10":"product_tag-oreiller","11":"desktop-align-left","12":"tablet-align-left","13":"mobile-align-left","14":"ast-product-gallery-layout-horizontal-slider","15":"ast-product-single-variable","16":"ast-product-tabs-layout-horizontal","17":"ast-qv-on-image","19":"first","20":"instock","21":"shipping-taxable","22":"purchasable","23":"product-type-variable"},"aioseo_notices":[],"_links":{"self":[{"href":"https:\/\/www.aimycomfort.com\/store\/fr\/wp-json\/wp\/v2\/product\/17745","targetHints":{"allow":["GET"]}}],"collection":[{"href":"https:\/\/www.aimycomfort.com\/store\/fr\/wp-json\/wp\/v2\/product"}],"about":[{"href":"https:\/\/www.aimycomfort.com\/store\/fr\/wp-json\/wp\/v2\/types\/product"}],"replies":[{"embeddable":true,"href":"https:\/\/www.aimycomfort.com\/store\/fr\/wp-json\/wp\/v2\/comments?post=17745"}],"wp:featuredmedia":[{"embeddable":true,"href":"https:\/\/www.aimycomfort.com\/store\/fr\/wp-json\/wp\/v2\/media\/17540"}],"wp:attachment":[{"href":"https:\/\/www.aimycomfort.com\/store\/fr\/wp-json\/wp\/v2\/media?parent=17745"}],"wp:term":[{"taxonomy":"product_brand","embeddable":true,"href":"https:\/\/www.aimycomfort.com\/store\/fr\/wp-json\/wp\/v2\/product_brand?post=17745"},{"taxonomy":"product_cat","embeddable":true,"href":"https:\/\/www.aimycomfort.com\/store\/fr\/wp-json\/wp\/v2\/product_cat?post=17745"},{"taxonomy":"product_tag","embeddable":true,"href":"https:\/\/www.aimycomfort.com\/store\/fr\/wp-json\/wp\/v2\/product_tag?post=17745"}],"curies":[{"name":"wp","href":"https:\/\/api.w.org\/{rel}","templated":true}]}}