{"id":17723,"date":"2024-11-15T06:52:57","date_gmt":"2024-11-15T06:52:57","guid":{"rendered":"https:\/\/www.aimycomfort.com\/store\/product\/gel-memory-foam-side-sleeping-triangular-wedge-pillow\/"},"modified":"2024-11-15T09:49:58","modified_gmt":"2024-11-15T09:49:58","slug":"gel-memory-foam-side-sleeping-triangular-wedge-pillow","status":"publish","type":"product","link":"https:\/\/www.aimycomfort.com\/store\/fr\/produit\/gel-memory-foam-side-sleeping-triangular-wedge-pillow\/","title":{"rendered":"Oreiller Triangulaire en Coin en Mousse \u00e0 M\u00e9moire de Forme avec Gel pour le Sommeil Lat\u00e9ral"},"content":{"rendered":"<p>L&rsquo;Oreiller Triangulaire en Coin en Mousse \u00e0 M\u00e9moire de Forme avec Gel pour Dormeur Lat\u00e9ral est con\u00e7u pour offrir un soutien et un confort exceptionnels, aidant \u00e0 soulager les douleurs dorsales, les maux de t\u00eate, les douleurs cervicales, les douleurs aux \u00e9paules et aux bras. Cet oreiller multifonctionnel peut \u00eatre utilis\u00e9 comme oreiller pour les jambes, les genoux, le dos ou la lecture, en faisant un ajout polyvalent \u00e0 votre routine de sommeil.<\/p>\n<h2>Caract\u00e9ristiques Principales:<\/h2>\n<ul>\n<li><strong>Utilisation Multifonctionnelle:<\/strong><br \/>\nDesign polyvalent permettant diverses utilisations, notamment le soutien des jambes, des genoux, du dos ou comme aide \u00e0 la lecture.<\/li>\n<li><strong>Mat\u00e9riaux de Haute Qualit\u00e9:<\/strong><br \/>\nRempli de fibre ultra-fine et de mousse haute densit\u00e9, cet oreiller offre une douceur et un soutien sup\u00e9rieurs.<\/li>\n<li><strong>Gel Rafra\u00eechissant et Mousse \u00e0 M\u00e9moire de Forme:<\/strong><br \/>\nLa combinaison de gel rafra\u00eechissant et de mousse \u00e0 m\u00e9moire de forme inject\u00e9e offre une exp\u00e9rience de sommeil confortable tout en r\u00e9gulant la temp\u00e9rature.<\/li>\n<li><strong>Housse D\u00e9tachable et Lavable:<\/strong><br \/>\nLa housse en bambou ultra-douce est facile \u00e0 retirer et \u00e0 laver, assurant hygi\u00e8ne et commodit\u00e9.<\/li>\n<li><strong>Respectueux de la Peau et Non Toxique:<\/strong><br \/>\nFabriqu\u00e9 avec des mat\u00e9riaux respectueux de la peau, cet oreiller est s\u00fbr pour tous les utilisateurs et favorise un environnement de sommeil sain.<\/li>\n<li><strong>Ventilation:<\/strong><br \/>\nCon\u00e7u pour la respirabilit\u00e9, l&rsquo;oreiller permet une circulation d&rsquo;air appropri\u00e9e, am\u00e9liorant le confort pendant l&rsquo;utilisation.<\/li>\n<\/ul>\n","protected":false},"excerpt":{"rendered":"<p>L&rsquo;Oreiller Triangulaire en Coin en Mousse \u00e0 M\u00e9moire de Forme avec Gel pour le Sommeil Lat\u00e9ral est con\u00e7u pour soulager les douleurs au dos, au cou, aux \u00e9paules et aux bras tout en offrant un soutien polyvalent. Cet oreiller multifonctionnel peut \u00eatre utilis\u00e9 comme support pour les jambes, les genoux, le dos ou pour la lecture. Il est dot\u00e9 d&rsquo;un remplissage en fibres ultra-fines de haute qualit\u00e9, d&rsquo;un noyau en mousse \u00e0 m\u00e9moire de forme infus\u00e9 de gel rafra\u00eechissant et d&rsquo;une housse douce en bambou d\u00e9tachable pour un lavage facile. Hypoallerg\u00e9nique et non toxique, cet oreiller favorise un environnement de sommeil confortable et sain, garantissant un r\u00e9veil revigor\u00e9 et sans douleur.<\/p>\n","protected":false},"featured_media":17632,"comment_status":"open","ping_status":"closed","template":"","meta":{"site-sidebar-layout":"default","site-content-layout":"","ast-site-content-layout":"default","site-content-style":"default","site-sidebar-style":"default","ast-global-header-display":"","ast-banner-title-visibility":"","ast-main-header-display":"","ast-hfb-above-header-display":"","ast-hfb-below-header-display":"","ast-hfb-mobile-header-display":"","site-post-title":"","ast-breadcrumbs-content":"","ast-featured-img":"","footer-sml-layout":"","theme-transparent-header-meta":"default","adv-header-id-meta":"","stick-header-meta":"","header-above-stick-meta":"","header-main-stick-meta":"","header-below-stick-meta":"","astra-migrate-meta-layouts":"set","ast-page-background-enabled":"default","ast-page-background-meta":{"desktop":{"background-color":"var(--ast-global-color-4)","background-image":"","background-repeat":"repeat","background-position":"center center","background-size":"auto","background-attachment":"scroll","background-type":"","background-media":"","overlay-type":"","overlay-color":"","overlay-opacity":"","overlay-gradient":""},"tablet":{"background-color":"","background-image":"","background-repeat":"repeat","background-position":"center center","background-size":"auto","background-attachment":"scroll","background-type":"","background-media":"","overlay-type":"","overlay-color":"","overlay-opacity":"","overlay-gradient":""},"mobile":{"background-color":"","background-image":"","background-repeat":"repeat","background-position":"center center","background-size":"auto","background-attachment":"scroll","background-type":"","background-media":"","overlay-type":"","overlay-color":"","overlay-opacity":"","overlay-gradient":""}},"ast-content-background-meta":{"desktop":{"background-color":"var(--ast-global-color-5)","background-image":"","background-repeat":"repeat","background-position":"center center","background-size":"auto","background-attachment":"scroll","background-type":"","background-media":"","overlay-type":"","overlay-color":"","overlay-opacity":"","overlay-gradient":""},"tablet":{"background-color":"var(--ast-global-color-5)","background-image":"","background-repeat":"repeat","background-position":"center center","background-size":"auto","background-attachment":"scroll","background-type":"","background-media":"","overlay-type":"","overlay-color":"","overlay-opacity":"","overlay-gradient":""},"mobile":{"background-color":"var(--ast-global-color-5)","background-image":"","background-repeat":"repeat","background-position":"center center","background-size":"auto","background-attachment":"scroll","background-type":"","background-media":"","overlay-type":"","overlay-color":"","overlay-opacity":"","overlay-gradient":""}}},"product_brand":[],"product_cat":[227,943,848,920,839,929,875],"product_tag":[787,788],"class_list":{"0":"post-17723","1":"product","2":"type-product","3":"status-publish","4":"has-post-thumbnail","6":"product_cat-collection-doreillers","7":"product_cat-sofa-pillow-fr","8":"product_cat-oreiller-de-corps","9":"product_cat-oreiller-de-lecture","10":"product_cat-oreiller-de-lit","11":"product_cat-oreiller-en-coin","12":"product_cat-oreiller-pour-pieds-et-jambes","13":"product_tag-memory-foam-fr-2","14":"product_tag-ergonomic-support-fr","15":"desktop-align-left","16":"tablet-align-left","17":"mobile-align-left","18":"ast-product-gallery-layout-horizontal-slider","19":"ast-product-single-variable","20":"ast-product-tabs-layout-horizontal","21":"ast-qv-on-image","23":"first","24":"instock","25":"shipping-taxable","26":"purchasable","27":"product-type-variable"},"aioseo_notices":[],"_links":{"self":[{"href":"https:\/\/www.aimycomfort.com\/store\/fr\/wp-json\/wp\/v2\/product\/17723","targetHints":{"allow":["GET"]}}],"collection":[{"href":"https:\/\/www.aimycomfort.com\/store\/fr\/wp-json\/wp\/v2\/product"}],"about":[{"href":"https:\/\/www.aimycomfort.com\/store\/fr\/wp-json\/wp\/v2\/types\/product"}],"replies":[{"embeddable":true,"href":"https:\/\/www.aimycomfort.com\/store\/fr\/wp-json\/wp\/v2\/comments?post=17723"}],"wp:featuredmedia":[{"embeddable":true,"href":"https:\/\/www.aimycomfort.com\/store\/fr\/wp-json\/wp\/v2\/media\/17632"}],"wp:attachment":[{"href":"https:\/\/www.aimycomfort.com\/store\/fr\/wp-json\/wp\/v2\/media?parent=17723"}],"wp:term":[{"taxonomy":"product_brand","embeddable":true,"href":"https:\/\/www.aimycomfort.com\/store\/fr\/wp-json\/wp\/v2\/product_brand?post=17723"},{"taxonomy":"product_cat","embeddable":true,"href":"https:\/\/www.aimycomfort.com\/store\/fr\/wp-json\/wp\/v2\/product_cat?post=17723"},{"taxonomy":"product_tag","embeddable":true,"href":"https:\/\/www.aimycomfort.com\/store\/fr\/wp-json\/wp\/v2\/product_tag?post=17723"}],"curies":[{"name":"wp","href":"https:\/\/api.w.org\/{rel}","templated":true}]}}