{"id":16470,"date":"2024-11-12T03:52:05","date_gmt":"2024-11-12T03:52:05","guid":{"rendered":"https:\/\/www.aimycomfort.com\/store\/product\/advanced-slow-rebound-milk-silk-mattress\/"},"modified":"2024-11-12T06:32:27","modified_gmt":"2024-11-12T06:32:27","slug":"advanced-slow-rebound-milk-silk-mattress","status":"publish","type":"product","link":"https:\/\/www.aimycomfort.com\/store\/fr\/produit\/advanced-slow-rebound-milk-silk-mattress\/","title":{"rendered":"Matelas en Soie de Lait \u00e0 Rembourrage Lent Avanc\u00e9"},"content":{"rendered":"<p>Le Matelas en Soie de Lait \u00e0 Rembourrage Lent Avanc\u00e9 est m\u00e9ticuleusement con\u00e7u pour offrir une exp\u00e9rience de sommeil exceptionnelle, combinant des mat\u00e9riaux innovants et un design r\u00e9fl\u00e9chi pour un confort et un soutien ultimes. Ce matelas pr\u00e9sente un m\u00e9lange unique de soie de lait \u00e0 rebond lent et de coton r\u00e9sistant \u00e0 la compression, garantissant une surface douce mais soutenante qui s&rsquo;adapte aux contours de votre corps.<\/p>\n<h3>Caract\u00e9ristiques Cl\u00e9s :<\/h3>\n<ul>\n<li><strong>Technologie de Soulagement de la Pression :<\/strong><br \/>\nLe matelas est rempli de mat\u00e9riaux \u00e0 rebond lent soigneusement s\u00e9lectionn\u00e9s qui r\u00e9partissent uniform\u00e9ment la pression corporelle, cr\u00e9ant une exp\u00e9rience de sommeil confortable qui minimise l&rsquo;inconfort et favorise un sommeil r\u00e9parateur.<\/li>\n<li><strong>Tissu Amical pour la Peau :<\/strong><br \/>\nFabriqu\u00e9 \u00e0 partir d&rsquo;un tissu respirant de niveau A, amical pour la peau des m\u00e8res et des b\u00e9b\u00e9s, ce matelas est con\u00e7u pour la s\u00e9curit\u00e9 et le confort. Dormir directement sur le matelas est rassurant et doux contre la peau.<\/li>\n<li><strong>Artisanat Exquis :<\/strong><br \/>\nLe matelas pr\u00e9sente des coutures exquises et des bords \u00e9l\u00e9gants, garantissant durabilit\u00e9 et esth\u00e9tique moderne. Le noyau interne fixe est con\u00e7u pour maintenir sa forme et son soutien au fil du temps.<\/li>\n<li><strong>Design Respirant :<\/strong><br \/>\nLe tissu en maille respirante 5D am\u00e9liore le flux d&rsquo;air, gardant le matelas frais et confortable tout au long de la nuit. Ce design pr\u00e9vient la surchauffe et assure un environnement de sommeil rafra\u00eechissant.<\/li>\n<li><strong>Soutien R\u00e9sistant \u00e0 la Compression :<\/strong><br \/>\nLe coton r\u00e9sistant \u00e0 la compression en soie de lait 3800D offre une excellente r\u00e9sistance au stress et protection de la colonne vert\u00e9brale, emp\u00eachant l&rsquo;effondrement et maintenant le soutien pour votre corps.<\/li>\n<li><strong>Absorption de l&rsquo;Humidit\u00e9 :<\/strong><br \/>\nLe matelas est con\u00e7u pour \u00eatre absorbant et respirant, emp\u00eachant la sensation d&rsquo;\u00e9touffement et garantissant une surface de sommeil s\u00e8che, m\u00eame apr\u00e8s une utilisation prolong\u00e9e.<\/li>\n<li><strong>Confort de la Mousse \u00e0 M\u00e9moire :<\/strong><br \/>\nLe matelas dispose d&rsquo;une couche compl\u00e8te de mousse \u00e0 m\u00e9moire qui soutient rapidement le corps, r\u00e9duisant l&rsquo;inconfort lors du retournement et s&rsquo;adaptant aux courbes de la taille et du dos pour un sommeil plus r\u00e9parateur.<\/li>\n<li><strong>Dispersion Uniforme de la Pression :<\/strong><br \/>\nAvec ses caract\u00e9ristiques de rebond lent, le matelas disperse efficacement le stress en fonction des changements de posture de sommeil, garantissant que vous vous allongiez \u00e0 plat sans laisser d&rsquo;espaces et offrant un soutien aux dormeurs sur le c\u00f4t\u00e9 sans appuyer sur les \u00e9paules.<\/li>\n<li><strong>Durabilit\u00e9 et Tests :<\/strong><br \/>\nLe matelas a pass\u00e9 plus de 3000 tests de stress, garantissant qu&rsquo;il maintienne sa forme et son soutien au fil du temps. Il est con\u00e7u pour garder votre taille confortable et votre colonne vert\u00e9brale align\u00e9e, r\u00e9duisant le risque de douleurs.<\/li>\n<li><strong>Design \u00e0 Double Face :<\/strong><br \/>\nCe matelas pr\u00e9sente un design \u00e0 double face adapt\u00e9 \u00e0 toutes les saisons. Le c\u00f4t\u00e9 avant est en tissu tricot\u00e9 imprim\u00e9 amical pour la peau, tandis que le c\u00f4t\u00e9 arri\u00e8re est \u00e9quip\u00e9 d&rsquo;un tissu en maille respirante antid\u00e9rapante 5D pour une stabilit\u00e9 accrue.<\/li>\n<li><strong>Rangement Pratique :<\/strong><br \/>\nLe matelas peut \u00eatre facilement pli\u00e9 ou roul\u00e9 pour un rangement pratique, ce qui le rend id\u00e9al pour les petits espaces. Son design l\u00e9ger permet une manipulation facile sans prendre beaucoup de place.<\/li>\n<\/ul>\n<p>Transformez votre exp\u00e9rience de sommeil avec le Matelas en Soie de Lait \u00e0 Rembourrage Lent Avanc\u00e9, con\u00e7u pour offrir l&rsquo;\u00e9quilibre parfait entre confort, soutien et respirabilit\u00e9. Profitez d&rsquo;une nuit de sommeil rafra\u00eechissante et r\u00e9paratrice, adapt\u00e9e aux besoins des dormeurs exigeants.<\/p>\n","protected":false},"excerpt":{"rendered":"<p>Le Matelas en Soie de Lait \u00e0 Rembourrage Lent Avanc\u00e9 est con\u00e7u pour offrir un confort et un soutien ultimes, avec des mat\u00e9riaux \u00e0 rebond lent soigneusement s\u00e9lectionn\u00e9s qui r\u00e9partissent uniform\u00e9ment la pression corporelle pour une exp\u00e9rience de sommeil reposante. Fabriqu\u00e9 avec un tissu respirant amical pour la peau de niveau A pour les m\u00e8res et les b\u00e9b\u00e9s, ce matelas garantit un environnement s\u00fbr et confortable. Sa maille respirante 5D favorise la circulation de l&rsquo;air, tandis que le coton r\u00e9sistant \u00e0 la compression \u00e9paissi emp\u00eache l&rsquo;effondrement et fournit un soutien doux pour la colonne vert\u00e9brale. Avec un design \u00e0 double face adapt\u00e9 \u00e0 toutes les saisons, le devant pr\u00e9sente un tissu tricot\u00e9 amical pour la peau, tandis que le revers est dot\u00e9 d&rsquo;une maille respirante antid\u00e9rapante. Ce matelas est pliable pour un rangement facile et peut \u00eatre personnalis\u00e9 en taille, ce qui en fait un choix parfait pour toute disposition de sommeil. Profitez d&rsquo;un sommeil rafra\u00eechissant et confortable avec ce matelas de haute qualit\u00e9 qui r\u00e9pond aux besoins des dormeurs les plus exigeants.<\/p>\n","protected":false},"featured_media":16358,"comment_status":"open","ping_status":"closed","template":"","meta":{"site-sidebar-layout":"default","site-content-layout":"","ast-site-content-layout":"default","site-content-style":"default","site-sidebar-style":"default","ast-global-header-display":"","ast-banner-title-visibility":"","ast-main-header-display":"","ast-hfb-above-header-display":"","ast-hfb-below-header-display":"","ast-hfb-mobile-header-display":"","site-post-title":"","ast-breadcrumbs-content":"","ast-featured-img":"","footer-sml-layout":"","theme-transparent-header-meta":"default","adv-header-id-meta":"","stick-header-meta":"","header-above-stick-meta":"","header-main-stick-meta":"","header-below-stick-meta":"","astra-migrate-meta-layouts":"set","ast-page-background-enabled":"default","ast-page-background-meta":{"desktop":{"background-color":"var(--ast-global-color-4)","background-image":"","background-repeat":"repeat","background-position":"center center","background-size":"auto","background-attachment":"scroll","background-type":"","background-media":"","overlay-type":"","overlay-color":"","overlay-opacity":"","overlay-gradient":""},"tablet":{"background-color":"","background-image":"","background-repeat":"repeat","background-position":"center center","background-size":"auto","background-attachment":"scroll","background-type":"","background-media":"","overlay-type":"","overlay-color":"","overlay-opacity":"","overlay-gradient":""},"mobile":{"background-color":"","background-image":"","background-repeat":"repeat","background-position":"center center","background-size":"auto","background-attachment":"scroll","background-type":"","background-media":"","overlay-type":"","overlay-color":"","overlay-opacity":"","overlay-gradient":""}},"ast-content-background-meta":{"desktop":{"background-color":"var(--ast-global-color-5)","background-image":"","background-repeat":"repeat","background-position":"center center","background-size":"auto","background-attachment":"scroll","background-type":"","background-media":"","overlay-type":"","overlay-color":"","overlay-opacity":"","overlay-gradient":""},"tablet":{"background-color":"var(--ast-global-color-5)","background-image":"","background-repeat":"repeat","background-position":"center center","background-size":"auto","background-attachment":"scroll","background-type":"","background-media":"","overlay-type":"","overlay-color":"","overlay-opacity":"","overlay-gradient":""},"mobile":{"background-color":"var(--ast-global-color-5)","background-image":"","background-repeat":"repeat","background-position":"center center","background-size":"auto","background-attachment":"scroll","background-type":"","background-media":"","overlay-type":"","overlay-color":"","overlay-opacity":"","overlay-gradient":""}}},"product_brand":[],"product_cat":[743],"product_tag":[734,556,225],"class_list":{"0":"post-16470","1":"product","2":"type-product","3":"status-publish","4":"has-post-thumbnail","6":"product_cat-memory-form-mattress-fr","7":"product_tag-matelas","8":"product_tag-memory-foam-fr","9":"product_tag-soulagement-de-la-pression","10":"desktop-align-left","11":"tablet-align-left","12":"mobile-align-left","13":"ast-product-gallery-layout-horizontal-slider","14":"ast-product-single-variable","15":"ast-product-tabs-layout-horizontal","16":"ast-qv-on-image","18":"first","19":"instock","20":"shipping-taxable","21":"purchasable","22":"product-type-variable"},"aioseo_notices":[],"_links":{"self":[{"href":"https:\/\/www.aimycomfort.com\/store\/fr\/wp-json\/wp\/v2\/product\/16470","targetHints":{"allow":["GET"]}}],"collection":[{"href":"https:\/\/www.aimycomfort.com\/store\/fr\/wp-json\/wp\/v2\/product"}],"about":[{"href":"https:\/\/www.aimycomfort.com\/store\/fr\/wp-json\/wp\/v2\/types\/product"}],"replies":[{"embeddable":true,"href":"https:\/\/www.aimycomfort.com\/store\/fr\/wp-json\/wp\/v2\/comments?post=16470"}],"wp:featuredmedia":[{"embeddable":true,"href":"https:\/\/www.aimycomfort.com\/store\/fr\/wp-json\/wp\/v2\/media\/16358"}],"wp:attachment":[{"href":"https:\/\/www.aimycomfort.com\/store\/fr\/wp-json\/wp\/v2\/media?parent=16470"}],"wp:term":[{"taxonomy":"product_brand","embeddable":true,"href":"https:\/\/www.aimycomfort.com\/store\/fr\/wp-json\/wp\/v2\/product_brand?post=16470"},{"taxonomy":"product_cat","embeddable":true,"href":"https:\/\/www.aimycomfort.com\/store\/fr\/wp-json\/wp\/v2\/product_cat?post=16470"},{"taxonomy":"product_tag","embeddable":true,"href":"https:\/\/www.aimycomfort.com\/store\/fr\/wp-json\/wp\/v2\/product_tag?post=16470"}],"curies":[{"name":"wp","href":"https:\/\/api.w.org\/{rel}","templated":true}]}}