{"id":15850,"date":"2024-11-07T07:56:45","date_gmt":"2024-11-07T07:56:45","guid":{"rendered":"https:\/\/www.aimycomfort.com\/store\/product\/student-memory-foam-mattress\/"},"modified":"2024-11-07T09:48:17","modified_gmt":"2024-11-07T09:48:17","slug":"student-memory-foam-mattress","status":"publish","type":"product","link":"https:\/\/www.aimycomfort.com\/store\/fr\/produit\/student-memory-foam-mattress\/","title":{"rendered":"Matelas en Mousse \u00e0 M\u00e9moire pour \u00c9tudiants"},"content":{"rendered":"<p>Le matelas en mousse \u00e0 m\u00e9moire de forme pour \u00e9tudiants est sp\u00e9cialement con\u00e7u pour les dortoirs \u00e9tudiants, offrant une exp\u00e9rience de sommeil confortable et de soutien. Ce matelas pr\u00e9sente du coton \u00e0 m\u00e9moire de gel \u00e0 rebond lent qui s&rsquo;adapte aux courbes du corps, garantissant un soutien optimal et un soulagement de la pression pour une nuit de sommeil r\u00e9parateur.<\/p>\n<h2><strong>Caract\u00e9ristiques Cl\u00e9s :<\/strong><\/h2>\n<ul>\n<li><strong>Excellente Performance de R\u00e9cup\u00e9ration :<\/strong><br \/>\nLe matelas poss\u00e8de de bonnes capacit\u00e9s de rebond, dispersant rapidement la pression et s&rsquo;adaptant \u00e0 la forme du corps avec un temps de rebond lent de 3 \u00e0 5 secondes.<\/li>\n<li><strong>Respirant et Confortable :<\/strong><br \/>\nFabriqu\u00e9 \u00e0 partir de mat\u00e9riaux respirants, il offre une sensation corporelle confortable tout en \u00e9quilibrant le soulagement du stress et le soutien.<\/li>\n<li><strong>Mat\u00e9riaux de Haute Qualit\u00e9 :<\/strong><br \/>\nConstruit avec un tissu Tencel anti-acariens et des particules de gel de mousse \u00e0 m\u00e9moire avec des ions de cuivre, il offre un toucher doux et favorise un environnement de sommeil sain.<\/li>\n<li><strong>Forte Soutien :<\/strong><br \/>\nLa mousse haute densit\u00e9 microporeuse offre un soutien robuste qui est flexible et r\u00e9sistant \u00e0 l&rsquo;effondrement, tandis que les particules de silicone antid\u00e9rapantes au fond maintiennent le matelas en place.<\/li>\n<li><strong>Contr\u00f4le de Temp\u00e9rature :<\/strong><br \/>\nLa technologie non sensible \u00e0 la temp\u00e9rature garantit que le matelas maintient sa forme et son confort \u00e0 diff\u00e9rentes temp\u00e9ratures, adapt\u00e9 \u00e0 toutes les saisons.<\/li>\n<li><strong>Ajustement Parfait pour les Dormeurs Lat\u00e9raux :<\/strong><br \/>\nCon\u00e7u pour fournir un soutien inductif, il s&rsquo;adapte parfaitement au corps, r\u00e9duisant la pression sur les \u00e9paules et la taille pour les dormeurs lat\u00e9raux.<\/li>\n<li><strong>Antibact\u00e9rien et Facile \u00e0 Entretenir :<\/strong><br \/>\nLa housse amovible et lavable pr\u00e9sente un design \u00e0 fermeture \u00e9clair pour un d\u00e9montage facile, tandis que le tissu de couche d&rsquo;air antibact\u00e9rien bloque les bact\u00e9ries et les acariens.<\/li>\n<\/ul>\n<p>D\u00e9couvrez un sommeil r\u00e9parateur et r\u00e9g\u00e9n\u00e9rateur avec le matelas en coton \u00e0 m\u00e9moire pour \u00e9tudiants, con\u00e7u pour am\u00e9liorer le confort et le soutien des \u00e9tudiants dans les environnements de dortoir.<\/p>\n","protected":false},"excerpt":{"rendered":"<p>Le matelas en coton m\u00e9moire pour \u00e9tudiants est con\u00e7u pour offrir un confort et un soutien optimaux dans les dortoirs \u00e9tudiants. Dot\u00e9 de gel de coton m\u00e9moire \u00e0 rebond lent, il s&rsquo;adapte aux courbes du corps, offrant un excellent soulagement de la pression et une exp\u00e9rience de sommeil confortable. Le tissu Tencel anti-acariens et respirant garantit une sensation douce, tandis que la mousse haute densit\u00e9 offre un soutien solide sans s&rsquo;effondrer. Gr\u00e2ce \u00e0 la technologie sensible \u00e0 la temp\u00e9rature, ce matelas maintient sa forme dans diverses conditions. Disponible en plusieurs tailles et \u00e9paisseurs, il comprend une housse amovible et lavable pour un entretien facile, ce qui en fait le choix parfait pour les \u00e9tudiants \u00e0 la recherche d&rsquo;un sommeil de qualit\u00e9.<\/p>\n","protected":false},"featured_media":15789,"comment_status":"open","ping_status":"closed","template":"","meta":{"site-sidebar-layout":"default","site-content-layout":"","ast-site-content-layout":"default","site-content-style":"default","site-sidebar-style":"default","ast-global-header-display":"","ast-banner-title-visibility":"","ast-main-header-display":"","ast-hfb-above-header-display":"","ast-hfb-below-header-display":"","ast-hfb-mobile-header-display":"","site-post-title":"","ast-breadcrumbs-content":"","ast-featured-img":"","footer-sml-layout":"","theme-transparent-header-meta":"default","adv-header-id-meta":"","stick-header-meta":"","header-above-stick-meta":"","header-main-stick-meta":"","header-below-stick-meta":"","astra-migrate-meta-layouts":"set","ast-page-background-enabled":"default","ast-page-background-meta":{"desktop":{"background-color":"var(--ast-global-color-4)","background-image":"","background-repeat":"repeat","background-position":"center center","background-size":"auto","background-attachment":"scroll","background-type":"","background-media":"","overlay-type":"","overlay-color":"","overlay-opacity":"","overlay-gradient":""},"tablet":{"background-color":"","background-image":"","background-repeat":"repeat","background-position":"center center","background-size":"auto","background-attachment":"scroll","background-type":"","background-media":"","overlay-type":"","overlay-color":"","overlay-opacity":"","overlay-gradient":""},"mobile":{"background-color":"","background-image":"","background-repeat":"repeat","background-position":"center center","background-size":"auto","background-attachment":"scroll","background-type":"","background-media":"","overlay-type":"","overlay-color":"","overlay-opacity":"","overlay-gradient":""}},"ast-content-background-meta":{"desktop":{"background-color":"var(--ast-global-color-5)","background-image":"","background-repeat":"repeat","background-position":"center center","background-size":"auto","background-attachment":"scroll","background-type":"","background-media":"","overlay-type":"","overlay-color":"","overlay-opacity":"","overlay-gradient":""},"tablet":{"background-color":"var(--ast-global-color-5)","background-image":"","background-repeat":"repeat","background-position":"center center","background-size":"auto","background-attachment":"scroll","background-type":"","background-media":"","overlay-type":"","overlay-color":"","overlay-opacity":"","overlay-gradient":""},"mobile":{"background-color":"var(--ast-global-color-5)","background-image":"","background-repeat":"repeat","background-position":"center center","background-size":"auto","background-attachment":"scroll","background-type":"","background-media":"","overlay-type":"","overlay-color":"","overlay-opacity":"","overlay-gradient":""}}},"product_brand":[],"product_cat":[743],"product_tag":[734,589],"class_list":{"0":"post-15850","1":"product","2":"type-product","3":"status-publish","4":"has-post-thumbnail","6":"product_cat-memory-form-mattress-fr","7":"product_tag-matelas","8":"product_tag-ergonomicsupport-fr","9":"desktop-align-left","10":"tablet-align-left","11":"mobile-align-left","12":"ast-product-gallery-layout-horizontal-slider","13":"ast-product-single-variable","14":"ast-product-tabs-layout-horizontal","15":"ast-qv-on-image","17":"first","18":"instock","19":"shipping-taxable","20":"purchasable","21":"product-type-variable"},"aioseo_notices":[],"_links":{"self":[{"href":"https:\/\/www.aimycomfort.com\/store\/fr\/wp-json\/wp\/v2\/product\/15850","targetHints":{"allow":["GET"]}}],"collection":[{"href":"https:\/\/www.aimycomfort.com\/store\/fr\/wp-json\/wp\/v2\/product"}],"about":[{"href":"https:\/\/www.aimycomfort.com\/store\/fr\/wp-json\/wp\/v2\/types\/product"}],"replies":[{"embeddable":true,"href":"https:\/\/www.aimycomfort.com\/store\/fr\/wp-json\/wp\/v2\/comments?post=15850"}],"wp:featuredmedia":[{"embeddable":true,"href":"https:\/\/www.aimycomfort.com\/store\/fr\/wp-json\/wp\/v2\/media\/15789"}],"wp:attachment":[{"href":"https:\/\/www.aimycomfort.com\/store\/fr\/wp-json\/wp\/v2\/media?parent=15850"}],"wp:term":[{"taxonomy":"product_brand","embeddable":true,"href":"https:\/\/www.aimycomfort.com\/store\/fr\/wp-json\/wp\/v2\/product_brand?post=15850"},{"taxonomy":"product_cat","embeddable":true,"href":"https:\/\/www.aimycomfort.com\/store\/fr\/wp-json\/wp\/v2\/product_cat?post=15850"},{"taxonomy":"product_tag","embeddable":true,"href":"https:\/\/www.aimycomfort.com\/store\/fr\/wp-json\/wp\/v2\/product_tag?post=15850"}],"curies":[{"name":"wp","href":"https:\/\/api.w.org\/{rel}","templated":true}]}}