{"id":15340,"date":"2024-11-06T03:23:19","date_gmt":"2024-11-06T03:23:19","guid":{"rendered":"https:\/\/www.aimycomfort.com\/store\/product\/customized-10cm-thick-memory-foam-breathable-mattress\/"},"modified":"2024-11-06T07:17:14","modified_gmt":"2024-11-06T07:17:14","slug":"customized-10cm-thick-memory-foam-breathable-mattress","status":"publish","type":"product","link":"https:\/\/www.aimycomfort.com\/store\/fr\/produit\/customized-10cm-thick-memory-foam-breathable-mattress\/","title":{"rendered":"Matelas Respirant en Mousse \u00e0 M\u00e9moire Personnalis\u00e9 de 10 cm d&rsquo;\u00c9paisseur"},"content":{"rendered":"<p>Le matelas respirant en mousse \u00e0 m\u00e9moire de gel de 10 cm d&rsquo;\u00e9paisseur personnalis\u00e9 est con\u00e7u pour offrir un confort et une polyvalence ultimes, ce qui le rend parfait pour une utilisation dans les dortoirs \u00e9tudiants. Ce tapis en \u00e9ponge pliable pr\u00e9sente une construction int\u00e9rieure \u00e0 cinq couches, comprenant un tissu jacquard tricot\u00e9, du coton m\u00e9moire perfor\u00e9, de la mousse haute densit\u00e9, de la mousse de soutien et un tissu en maille respirante 5D, garantissant une exp\u00e9rience de sommeil r\u00e9paratrice.<\/p>\n<h2><strong>Caract\u00e9ristiques Cl\u00e9s :<\/strong><\/h2>\n<ul>\n<li><strong>Construction \u00e0 Cinq Couches :<\/strong><br \/>\nLe matelas combine plusieurs mat\u00e9riaux pour un soutien et un confort optimaux, y compris une couche de tissu jacquard doux et de la mousse \u00e0 m\u00e9moire respirante.<\/li>\n<li><strong>Doux et Amical pour la Peau :<\/strong><br \/>\nLe tissu tricot\u00e9 est doux au toucher, ce qui le rend adapt\u00e9 pour dormir directement sur le matelas, tandis que les propri\u00e9t\u00e9s absorbantes d&rsquo;humidit\u00e9 vous gardent \u00e0 l&rsquo;aise toute la nuit.<\/li>\n<li><strong>Durable et R\u00e9silient :<\/strong><br \/>\nGr\u00e2ce \u00e0 la technologie matelass\u00e9e, ce matelas r\u00e9siste \u00e0 la d\u00e9formation et aux plis, garantissant une durabilit\u00e9 \u00e0 long terme.<\/li>\n<li><strong>Design Respirant :<\/strong><br \/>\nLe tissu en maille en forme de nid d&rsquo;abeille pr\u00e9sente des trous respirants qui favorisent le flux d&rsquo;air, maintenant le matelas sec et confortable tout en offrant une stabilit\u00e9 antid\u00e9rapante.<\/li>\n<li><strong>Tailles Polyvalentes :<\/strong><br \/>\nDisponible en plusieurs dimensions (90 x 200 cm, 120 x 200 cm, 150 x 200 cm), ce matelas convient \u00e0 diff\u00e9rentes tailles de lit.<\/li>\n<\/ul>\n<p>D\u00e9couvrez un sommeil confortable et de soutien avec le matelas respirant en mousse \u00e0 m\u00e9moire de gel de 10 cm d&rsquo;\u00e9paisseur personnalis\u00e9, con\u00e7u pour am\u00e9liorer votre environnement de sommeil tout en offrant la flexibilit\u00e9 dont vous avez besoin pour la vie en dortoir.<\/p>\n","protected":false},"excerpt":{"rendered":"<p>Le matelas respirant en mousse \u00e0 m\u00e9moire de gel de 10 cm d&rsquo;\u00e9paisseur personnalis\u00e9 est parfait pour une utilisation dans les dortoirs \u00e9tudiants. Ce tapis en \u00e9ponge pliable pr\u00e9sente une construction \u00e0 cinq couches, comprenant un tissu jacquard tricot\u00e9, du coton m\u00e9moire perfor\u00e9 et un mesh respirant, garantissant un confort et un soutien optimaux. Le tissu doux et amical pour la peau absorbe l&rsquo;humidit\u00e9 et est durable, tandis que le design en nid d&rsquo;abeille favorise le flux d&rsquo;air et la stabilit\u00e9. Disponible en plusieurs tailles (90 x 200 cm, 120 x 200 cm, 150 x 200 cm) et couleurs (blanc, gris), ce matelas offre une solution de sommeil confortable et polyvalente.<\/p>\n","protected":false},"featured_media":15012,"comment_status":"open","ping_status":"closed","template":"","meta":{"site-sidebar-layout":"default","site-content-layout":"","ast-site-content-layout":"default","site-content-style":"default","site-sidebar-style":"default","ast-global-header-display":"","ast-banner-title-visibility":"","ast-main-header-display":"","ast-hfb-above-header-display":"","ast-hfb-below-header-display":"","ast-hfb-mobile-header-display":"","site-post-title":"","ast-breadcrumbs-content":"","ast-featured-img":"","footer-sml-layout":"","theme-transparent-header-meta":"default","adv-header-id-meta":"","stick-header-meta":"","header-above-stick-meta":"","header-main-stick-meta":"","header-below-stick-meta":"","astra-migrate-meta-layouts":"set","ast-page-background-enabled":"default","ast-page-background-meta":{"desktop":{"background-color":"var(--ast-global-color-4)","background-image":"","background-repeat":"repeat","background-position":"center center","background-size":"auto","background-attachment":"scroll","background-type":"","background-media":"","overlay-type":"","overlay-color":"","overlay-opacity":"","overlay-gradient":""},"tablet":{"background-color":"","background-image":"","background-repeat":"repeat","background-position":"center center","background-size":"auto","background-attachment":"scroll","background-type":"","background-media":"","overlay-type":"","overlay-color":"","overlay-opacity":"","overlay-gradient":""},"mobile":{"background-color":"","background-image":"","background-repeat":"repeat","background-position":"center center","background-size":"auto","background-attachment":"scroll","background-type":"","background-media":"","overlay-type":"","overlay-color":"","overlay-opacity":"","overlay-gradient":""}},"ast-content-background-meta":{"desktop":{"background-color":"var(--ast-global-color-5)","background-image":"","background-repeat":"repeat","background-position":"center center","background-size":"auto","background-attachment":"scroll","background-type":"","background-media":"","overlay-type":"","overlay-color":"","overlay-opacity":"","overlay-gradient":""},"tablet":{"background-color":"var(--ast-global-color-5)","background-image":"","background-repeat":"repeat","background-position":"center center","background-size":"auto","background-attachment":"scroll","background-type":"","background-media":"","overlay-type":"","overlay-color":"","overlay-opacity":"","overlay-gradient":""},"mobile":{"background-color":"var(--ast-global-color-5)","background-image":"","background-repeat":"repeat","background-position":"center center","background-size":"auto","background-attachment":"scroll","background-type":"","background-media":"","overlay-type":"","overlay-color":"","overlay-opacity":"","overlay-gradient":""}}},"product_brand":[],"product_cat":[743],"product_tag":[734,556],"class_list":{"0":"post-15340","1":"product","2":"type-product","3":"status-publish","4":"has-post-thumbnail","6":"product_cat-memory-form-mattress-fr","7":"product_tag-matelas","8":"product_tag-memory-foam-fr","9":"desktop-align-left","10":"tablet-align-left","11":"mobile-align-left","12":"ast-product-gallery-layout-horizontal-slider","13":"ast-product-single-variable","14":"ast-product-tabs-layout-horizontal","15":"ast-qv-on-image","17":"first","18":"instock","19":"shipping-taxable","20":"purchasable","21":"product-type-variable"},"aioseo_notices":[],"_links":{"self":[{"href":"https:\/\/www.aimycomfort.com\/store\/fr\/wp-json\/wp\/v2\/product\/15340","targetHints":{"allow":["GET"]}}],"collection":[{"href":"https:\/\/www.aimycomfort.com\/store\/fr\/wp-json\/wp\/v2\/product"}],"about":[{"href":"https:\/\/www.aimycomfort.com\/store\/fr\/wp-json\/wp\/v2\/types\/product"}],"replies":[{"embeddable":true,"href":"https:\/\/www.aimycomfort.com\/store\/fr\/wp-json\/wp\/v2\/comments?post=15340"}],"wp:featuredmedia":[{"embeddable":true,"href":"https:\/\/www.aimycomfort.com\/store\/fr\/wp-json\/wp\/v2\/media\/15012"}],"wp:attachment":[{"href":"https:\/\/www.aimycomfort.com\/store\/fr\/wp-json\/wp\/v2\/media?parent=15340"}],"wp:term":[{"taxonomy":"product_brand","embeddable":true,"href":"https:\/\/www.aimycomfort.com\/store\/fr\/wp-json\/wp\/v2\/product_brand?post=15340"},{"taxonomy":"product_cat","embeddable":true,"href":"https:\/\/www.aimycomfort.com\/store\/fr\/wp-json\/wp\/v2\/product_cat?post=15340"},{"taxonomy":"product_tag","embeddable":true,"href":"https:\/\/www.aimycomfort.com\/store\/fr\/wp-json\/wp\/v2\/product_tag?post=15340"}],"curies":[{"name":"wp","href":"https:\/\/api.w.org\/{rel}","templated":true}]}}