{"id":14902,"date":"2024-11-05T08:22:57","date_gmt":"2024-11-05T08:22:57","guid":{"rendered":"https:\/\/www.aimycomfort.com\/store\/product\/pregnant-womens-sleep-special-leg-clamp-side-sleeping-pillow\/"},"modified":"2024-11-05T08:49:33","modified_gmt":"2024-11-05T08:49:33","slug":"pregnant-womens-sleep-special-leg-clamp-side-sleeping-pillow","status":"publish","type":"product","link":"https:\/\/www.aimycomfort.com\/store\/fr\/produit\/pregnant-womens-sleep-special-leg-clamp-side-sleeping-pillow\/","title":{"rendered":"Oreiller Sp\u00e9cial pour Dormir sur le C\u00f4t\u00e9 avec Pince pour Jambes pour Femmes Enceintes"},"content":{"rendered":"<p>L&rsquo;oreiller sp\u00e9cial pour dormir sur le c\u00f4t\u00e9 avec pince pour jambes pour femmes enceintes est con\u00e7u pour offrir un confort et un soutien ultimes aux personnes qui dorment sur le c\u00f4t\u00e9, en particulier pendant la grossesse. Cet oreiller polyvalent pr\u00e9sente un design ergonomique unique qui aide \u00e0 soulager la pression sur les coudes et les genoux, att\u00e9nuant les douleurs et les engourdissements des jambes pour une nuit de sommeil paisible.<\/p>\n<h2><strong>Caract\u00e9ristiques Cl\u00e9s :<\/strong><\/h2>\n<ul>\n<li><strong>Design Ergonomique :<\/strong><br \/>\nL&rsquo;oreiller est con\u00e7u pour soutenir diverses positions de sommeil, y compris le sommeil sur le c\u00f4t\u00e9, sur le dos et sur le ventre, garantissant un confort pour le dos et le cou.<\/li>\n<li><strong>Noyau en Coton M\u00e9moire :<\/strong><br \/>\nRempli d&rsquo;un noyau en coton m\u00e9moire, cet oreiller en forme de chenille offre un soutien doux et adaptatif qui s&rsquo;adapte aux courbes du corps.<\/li>\n<li><strong>Tissu Respirant :<\/strong><br \/>\nFabriqu\u00e9 en polyester frais et amical pour la peau, l&rsquo;oreiller est respirant et procure une sensation rafra\u00eechissante, \u00e9vitant la sensation d&rsquo;\u00e9touffement pendant le sommeil.<\/li>\n<li><strong>Zonage Scientifique :<\/strong><br \/>\nL&rsquo;oreiller pr\u00e9sente un soutien segment\u00e9 pour les bras et les jambes, \u00e9quilibrant le soulagement de la pression et garantissant le confort des mains, des jambes, de la taille et du dos.<\/li>\n<li><strong>Utilisation Polyvalente :<\/strong><br \/>\nCet oreiller multifonctionnel peut \u00eatre utilis\u00e9 comme t\u00eate de lit, support lombaire, oreiller pour les jambes ou oreiller pour dormir sur le ventre, ce qui en fait un ajout pratique \u00e0 votre routine de sommeil.<\/li>\n<li><strong>Entretien Facile :<\/strong><br \/>\nLa housse amovible peut \u00eatre facilement d\u00e9mont\u00e9e et lav\u00e9e, garantissant propret\u00e9 et commodit\u00e9.<\/li>\n<\/ul>\n<p>Am\u00e9liorez votre exp\u00e9rience de sommeil avec l&rsquo;oreiller sp\u00e9cial pour dormir sur le c\u00f4t\u00e9 avec pince pour jambes pour femmes enceintes, con\u00e7u pour offrir confort et soutien pour une nuit de sommeil r\u00e9parateur !<\/p>\n","protected":false},"excerpt":{"rendered":"<p>L&rsquo;oreiller sp\u00e9cial pour dormir sur le c\u00f4t\u00e9 avec pince pour jambes pour femmes enceintes est con\u00e7u pour offrir un confort et un soutien ultimes pendant le sommeil sur le c\u00f4t\u00e9. Son design ergonomique soulage la pression sur les coudes et les genoux, att\u00e9nuant les douleurs et les engourdissements des jambes. Rempli d&rsquo;un doux noyau en coton m\u00e9moire, cet oreiller s&rsquo;adapte aux courbes de votre corps et pr\u00e9sente un tissu respirant et amical pour la peau pour une exp\u00e9rience de sommeil fra\u00eeche. Polyvalent et multifonctionnel, il peut \u00eatre utilis\u00e9 comme t\u00eate de lit, support lombaire ou oreiller pour les jambes. La housse amovible est facile \u00e0 laver, ce qui en fait un choix pratique pour un sommeil r\u00e9parateur.<\/p>\n","protected":false},"featured_media":14785,"comment_status":"open","ping_status":"closed","template":"","meta":{"site-sidebar-layout":"default","site-content-layout":"","ast-site-content-layout":"default","site-content-style":"default","site-sidebar-style":"default","ast-global-header-display":"","ast-banner-title-visibility":"","ast-main-header-display":"","ast-hfb-above-header-display":"","ast-hfb-below-header-display":"","ast-hfb-mobile-header-display":"","site-post-title":"","ast-breadcrumbs-content":"","ast-featured-img":"","footer-sml-layout":"","theme-transparent-header-meta":"default","adv-header-id-meta":"","stick-header-meta":"","header-above-stick-meta":"","header-main-stick-meta":"","header-below-stick-meta":"","astra-migrate-meta-layouts":"set","ast-page-background-enabled":"default","ast-page-background-meta":{"desktop":{"background-color":"var(--ast-global-color-4)","background-image":"","background-repeat":"repeat","background-position":"center center","background-size":"auto","background-attachment":"scroll","background-type":"","background-media":"","overlay-type":"","overlay-color":"","overlay-opacity":"","overlay-gradient":""},"tablet":{"background-color":"","background-image":"","background-repeat":"repeat","background-position":"center center","background-size":"auto","background-attachment":"scroll","background-type":"","background-media":"","overlay-type":"","overlay-color":"","overlay-opacity":"","overlay-gradient":""},"mobile":{"background-color":"","background-image":"","background-repeat":"repeat","background-position":"center center","background-size":"auto","background-attachment":"scroll","background-type":"","background-media":"","overlay-type":"","overlay-color":"","overlay-opacity":"","overlay-gradient":""}},"ast-content-background-meta":{"desktop":{"background-color":"var(--ast-global-color-5)","background-image":"","background-repeat":"repeat","background-position":"center center","background-size":"auto","background-attachment":"scroll","background-type":"","background-media":"","overlay-type":"","overlay-color":"","overlay-opacity":"","overlay-gradient":""},"tablet":{"background-color":"var(--ast-global-color-5)","background-image":"","background-repeat":"repeat","background-position":"center center","background-size":"auto","background-attachment":"scroll","background-type":"","background-media":"","overlay-type":"","overlay-color":"","overlay-opacity":"","overlay-gradient":""},"mobile":{"background-color":"var(--ast-global-color-5)","background-image":"","background-repeat":"repeat","background-position":"center center","background-size":"auto","background-attachment":"scroll","background-type":"","background-media":"","overlay-type":"","overlay-color":"","overlay-opacity":"","overlay-gradient":""}}},"product_brand":[],"product_cat":[227,724],"product_tag":[556,228,589],"class_list":{"0":"post-14902","1":"product","2":"type-product","3":"status-publish","4":"has-post-thumbnail","6":"product_cat-collection-doreillers","7":"product_cat-pregnancy-pillow-fr","8":"product_tag-memory-foam-fr","9":"product_tag-oreiller","10":"product_tag-ergonomicsupport-fr","11":"desktop-align-left","12":"tablet-align-left","13":"mobile-align-left","14":"ast-product-gallery-layout-horizontal-slider","15":"ast-product-single-variable","16":"ast-product-tabs-layout-horizontal","17":"ast-qv-on-image","19":"first","20":"instock","21":"shipping-taxable","22":"purchasable","23":"product-type-variable"},"aioseo_notices":[],"_links":{"self":[{"href":"https:\/\/www.aimycomfort.com\/store\/fr\/wp-json\/wp\/v2\/product\/14902","targetHints":{"allow":["GET"]}}],"collection":[{"href":"https:\/\/www.aimycomfort.com\/store\/fr\/wp-json\/wp\/v2\/product"}],"about":[{"href":"https:\/\/www.aimycomfort.com\/store\/fr\/wp-json\/wp\/v2\/types\/product"}],"replies":[{"embeddable":true,"href":"https:\/\/www.aimycomfort.com\/store\/fr\/wp-json\/wp\/v2\/comments?post=14902"}],"wp:featuredmedia":[{"embeddable":true,"href":"https:\/\/www.aimycomfort.com\/store\/fr\/wp-json\/wp\/v2\/media\/14785"}],"wp:attachment":[{"href":"https:\/\/www.aimycomfort.com\/store\/fr\/wp-json\/wp\/v2\/media?parent=14902"}],"wp:term":[{"taxonomy":"product_brand","embeddable":true,"href":"https:\/\/www.aimycomfort.com\/store\/fr\/wp-json\/wp\/v2\/product_brand?post=14902"},{"taxonomy":"product_cat","embeddable":true,"href":"https:\/\/www.aimycomfort.com\/store\/fr\/wp-json\/wp\/v2\/product_cat?post=14902"},{"taxonomy":"product_tag","embeddable":true,"href":"https:\/\/www.aimycomfort.com\/store\/fr\/wp-json\/wp\/v2\/product_tag?post=14902"}],"curies":[{"name":"wp","href":"https:\/\/api.w.org\/{rel}","templated":true}]}}