{"id":14116,"date":"2024-11-01T05:40:51","date_gmt":"2024-11-01T05:40:51","guid":{"rendered":"https:\/\/www.aimycomfort.com\/store\/product\/u-shaped-memory-foam-travel-pillow\/"},"modified":"2024-11-04T09:16:01","modified_gmt":"2024-11-04T09:16:01","slug":"u-shaped-memory-foam-travel-pillow","status":"publish","type":"product","link":"https:\/\/www.aimycomfort.com\/store\/fr\/produit\/u-shaped-memory-foam-travel-pillow\/","title":{"rendered":"Oreiller de Voyage en Forme de U en Mousse \u00e0 M\u00e9moire"},"content":{"rendered":"<p>L&rsquo;oreiller de voyage en forme de U en mousse \u00e0 m\u00e9moire est con\u00e7u pour offrir un confort et un soutien ultimes pendant vos voyages. Fabriqu\u00e9 en mousse \u00e0 m\u00e9moire de haute densit\u00e9, cet oreiller offre une exp\u00e9rience douce et respirante qui s&rsquo;adapte aux courbes de votre t\u00eate et de votre cou, vous assurant de rester \u00e0 l&rsquo;aise que vous soyez dans un avion, une voiture ou un train.<\/p>\n<h2><strong>Caract\u00e9ristiques Cl\u00e9s de l&rsquo;Oreiller de Voyage :<\/strong><\/h2>\n<ul>\n<li><strong>Design Ergonomique :<\/strong><br \/>\nLa forme en U offre un excellent soutien du cou, aidant \u00e0 maintenir une posture droite et \u00e0 r\u00e9duire le risque de blessures au cou, ainsi que l&rsquo;inconfort aux \u00e9paules et au dos pendant le voyage.<\/li>\n<li><strong>Fermeture Velcro R\u00e9glable :<\/strong><br \/>\nDot\u00e9 d&rsquo;une sangle Velcro r\u00e9glable pratique, cet oreiller de voyage peut \u00eatre personnalis\u00e9 pour un ajustement s\u00e9curis\u00e9, garantissant qu&rsquo;il reste en place pendant que vous vous reposez.<\/li>\n<li><strong>L\u00e9ger et Portable :<\/strong><br \/>\nPesant moins de 500 g, cet oreiller de voyage est l\u00e9ger et s&rsquo;adapte facilement \u00e0 toute valise ou sac. Il peut \u00e9galement \u00eatre suspendu \u00e0 l&rsquo;ext\u00e9rieur de vos bagages pour un acc\u00e8s rapide.<\/li>\n<li><strong>Rangement Facile :<\/strong><br \/>\nL&rsquo;oreiller peut \u00eatre rang\u00e9 de mani\u00e8re compacte en seulement deux \u00e9tapes simples : ouvrir et coller les attaches adh\u00e9sives, ce qui facilite le rangement et le d\u00e9ballage.<\/li>\n<li><strong>Durable et Confortable :<\/strong><br \/>\nFabriqu\u00e9 en pur coton, l&rsquo;oreiller est non seulement doux et confortable, mais aussi tr\u00e8s \u00e9lastique et durable, garantissant une utilisation prolong\u00e9e. Il vous garde au frais et \u00e0 l&rsquo;aise pendant vos voyages.<\/li>\n<li><strong>Utilisation Polyvalente :<\/strong><br \/>\nParfait pour divers sc\u00e9narios de voyage, y compris les avions, les voitures et les trains, cet oreiller vous permet de profiter d&rsquo;un sommeil confortable \u00e0 tout moment et en tout lieu.<\/li>\n<\/ul>\n<p>L&rsquo;oreiller de voyage en forme de U en mousse \u00e0 m\u00e9moire est votre compagnon de voyage id\u00e9al, offrant le soutien et le confort dont vous avez besoin pour vous d\u00e9tendre et vous ressourcer en d\u00e9placement. Profitez d&rsquo;un sommeil r\u00e9parateur et arrivez \u00e0 votre destination en vous sentant rafra\u00eechi et pr\u00eat \u00e0 explorer !<\/p>\n","protected":false},"excerpt":{"rendered":"<p>L&rsquo;oreiller de voyage en forme de U en mousse \u00e0 m\u00e9moire offre un confort et un soutien exceptionnels pour votre cou pendant vos voyages. Fabriqu\u00e9 en mousse \u00e0 m\u00e9moire de haute densit\u00e9 et en pur coton, il s&rsquo;adapte \u00e0 votre t\u00eate et \u00e0 votre cou, r\u00e9duisant l&rsquo;inconfort tout en maintenant une posture droite. L\u00e9ger et portable, cet oreiller dispose d&rsquo;une fermeture Velcro r\u00e9glable pour un ajustement s\u00e9curis\u00e9 et peut \u00eatre facilement rang\u00e9 en seulement deux \u00e9tapes simples. Parfait pour les avions, les voitures et les trains, il garantit que vous profitez d&rsquo;un sommeil r\u00e9parateur \u00e0 tout moment et en tout lieu.<\/p>\n","protected":false},"featured_media":13685,"comment_status":"open","ping_status":"closed","template":"","meta":{"site-sidebar-layout":"default","site-content-layout":"","ast-site-content-layout":"default","site-content-style":"default","site-sidebar-style":"default","ast-global-header-display":"","ast-banner-title-visibility":"","ast-main-header-display":"","ast-hfb-above-header-display":"","ast-hfb-below-header-display":"","ast-hfb-mobile-header-display":"","site-post-title":"","ast-breadcrumbs-content":"","ast-featured-img":"","footer-sml-layout":"","theme-transparent-header-meta":"default","adv-header-id-meta":"","stick-header-meta":"","header-above-stick-meta":"","header-main-stick-meta":"","header-below-stick-meta":"","astra-migrate-meta-layouts":"set","ast-page-background-enabled":"default","ast-page-background-meta":{"desktop":{"background-color":"var(--ast-global-color-4)","background-image":"","background-repeat":"repeat","background-position":"center center","background-size":"auto","background-attachment":"scroll","background-type":"","background-media":"","overlay-type":"","overlay-color":"","overlay-opacity":"","overlay-gradient":""},"tablet":{"background-color":"","background-image":"","background-repeat":"repeat","background-position":"center center","background-size":"auto","background-attachment":"scroll","background-type":"","background-media":"","overlay-type":"","overlay-color":"","overlay-opacity":"","overlay-gradient":""},"mobile":{"background-color":"","background-image":"","background-repeat":"repeat","background-position":"center center","background-size":"auto","background-attachment":"scroll","background-type":"","background-media":"","overlay-type":"","overlay-color":"","overlay-opacity":"","overlay-gradient":""}},"ast-content-background-meta":{"desktop":{"background-color":"var(--ast-global-color-5)","background-image":"","background-repeat":"repeat","background-position":"center center","background-size":"auto","background-attachment":"scroll","background-type":"","background-media":"","overlay-type":"","overlay-color":"","overlay-opacity":"","overlay-gradient":""},"tablet":{"background-color":"var(--ast-global-color-5)","background-image":"","background-repeat":"repeat","background-position":"center center","background-size":"auto","background-attachment":"scroll","background-type":"","background-media":"","overlay-type":"","overlay-color":"","overlay-opacity":"","overlay-gradient":""},"mobile":{"background-color":"var(--ast-global-color-5)","background-image":"","background-repeat":"repeat","background-position":"center center","background-size":"auto","background-attachment":"scroll","background-type":"","background-media":"","overlay-type":"","overlay-color":"","overlay-opacity":"","overlay-gradient":""}}},"product_brand":[],"product_cat":[227,711],"product_tag":[228,557,589],"class_list":{"0":"post-14116","1":"product","2":"type-product","3":"status-publish","4":"has-post-thumbnail","6":"product_cat-collection-doreillers","7":"product_cat-travel-pillow-fr","8":"product_tag-oreiller","9":"product_tag-neck-protect-fr","10":"product_tag-ergonomicsupport-fr","11":"desktop-align-left","12":"tablet-align-left","13":"mobile-align-left","14":"ast-product-gallery-layout-horizontal-slider","15":"ast-product-single-variable","16":"ast-product-tabs-layout-horizontal","17":"ast-qv-on-image","19":"first","20":"instock","21":"shipping-taxable","22":"purchasable","23":"product-type-variable"},"aioseo_notices":[],"_links":{"self":[{"href":"https:\/\/www.aimycomfort.com\/store\/fr\/wp-json\/wp\/v2\/product\/14116","targetHints":{"allow":["GET"]}}],"collection":[{"href":"https:\/\/www.aimycomfort.com\/store\/fr\/wp-json\/wp\/v2\/product"}],"about":[{"href":"https:\/\/www.aimycomfort.com\/store\/fr\/wp-json\/wp\/v2\/types\/product"}],"replies":[{"embeddable":true,"href":"https:\/\/www.aimycomfort.com\/store\/fr\/wp-json\/wp\/v2\/comments?post=14116"}],"wp:featuredmedia":[{"embeddable":true,"href":"https:\/\/www.aimycomfort.com\/store\/fr\/wp-json\/wp\/v2\/media\/13685"}],"wp:attachment":[{"href":"https:\/\/www.aimycomfort.com\/store\/fr\/wp-json\/wp\/v2\/media?parent=14116"}],"wp:term":[{"taxonomy":"product_brand","embeddable":true,"href":"https:\/\/www.aimycomfort.com\/store\/fr\/wp-json\/wp\/v2\/product_brand?post=14116"},{"taxonomy":"product_cat","embeddable":true,"href":"https:\/\/www.aimycomfort.com\/store\/fr\/wp-json\/wp\/v2\/product_cat?post=14116"},{"taxonomy":"product_tag","embeddable":true,"href":"https:\/\/www.aimycomfort.com\/store\/fr\/wp-json\/wp\/v2\/product_tag?post=14116"}],"curies":[{"name":"wp","href":"https:\/\/api.w.org\/{rel}","templated":true}]}}