{"id":13281,"date":"2024-10-31T04:06:39","date_gmt":"2024-10-31T04:06:39","guid":{"rendered":"https:\/\/www.aimycomfort.com\/store\/product\/ergonomic-waist-protection-lumbar-support\/"},"modified":"2024-10-31T05:30:04","modified_gmt":"2024-10-31T05:30:04","slug":"support-lombaire-de-protection-ergonomique-pour-la-taille","status":"publish","type":"product","link":"https:\/\/www.aimycomfort.com\/store\/fr\/produit\/support-lombaire-de-protection-ergonomique-pour-la-taille\/","title":{"rendered":"Support Lombaire de Protection Ergonomique pour la Taille"},"content":{"rendered":"<p>Le support lombaire ergonomique pour la protection de la taille est con\u00e7u pour offrir un confort et un soutien optimaux pour le bas du dos, en faisant le compagnon parfait pour de longues heures assises au bureau, \u00e0 la maison ou dans la voiture. Ce coussin de si\u00e8ge polyvalent pr\u00e9sente un design en forme de C avec des points convexes doux qui s&rsquo;adaptent ergonomiquement \u00e0 la colonne vert\u00e9brale, offrant \u00e0 la fois protection et correction de la posture.<\/p>\n<h2><strong>Caract\u00e9ristiques Cl\u00e9s :<\/strong><\/h2>\n<ul>\n<li><strong>Utilisation Multifonctionnelle :<\/strong><br \/>\nId\u00e9al pour une utilisation au bureau, \u00e0 la maison et dans la voiture, ce coussin offre une protection et un soutien complets pour la taille.<\/li>\n<li><strong>Mat\u00e9riaux Durables :<\/strong><br \/>\nFabriqu\u00e9 avec du fil r\u00e9sistant aux plis et des fibres de spandex \u00e0 double couche, le coussin retrouve rapidement sa forme apr\u00e8s compression, garantissant une utilisation durable.<\/li>\n<li><strong>Design Ergonomique :<\/strong><br \/>\nLe coussin dispose d&rsquo;une couche ext\u00e9rieure en coton \u00e0 m\u00e9moire douce qui soutient la colonne lombaire sans comprimer les muscles de la taille, tandis que les points convexes offrent un soutien cibl\u00e9 pour les muscles lombaires.<\/li>\n<li><strong>Stabilit\u00e9 et Confort :<\/strong><br \/>\nLe design \u00e9limine le besoin de sangles fixes, \u00e9largissant la zone de contact pour la stabilit\u00e9 et le confort sans inclinaison.<\/li>\n<li><strong>Zonage Scientifique :<\/strong><br \/>\nDivis\u00e9 en trois zones principales, le coussin soulage efficacement la pression lombaire et s&rsquo;adapte \u00e0 la courbe naturelle de la taille, avec des ailes sur\u00e9lev\u00e9es pour un soutien suppl\u00e9mentaire.<\/li>\n<li><strong>Confort Saisonnier :<\/strong><br \/>\nConvient \u00e0 toutes les saisons, le coussin est respirant, d\u00e9tachable et lavable pour un entretien facile.<\/li>\n<\/ul>\n<p>Le support lombaire ergonomique pour la protection de la taille est la solution parfaite pour quiconque cherchant \u00e0 am\u00e9liorer sa posture assise et \u00e0 soulager la pression lombaire, garantissant une exp\u00e9rience de si\u00e8ge confortable et agr\u00e9able.<\/p>\n","protected":false},"excerpt":{"rendered":"<p>Le support lombaire ergonomique est con\u00e7u pour offrir un confort optimal et une correction de la posture pendant de longues heures assises. Ce coussin polyvalent pr\u00e9sente un design en forme de C avec des points convexes doux qui s&rsquo;adaptent \u00e0 la colonne vert\u00e9brale, offrant un soutien lombaire cibl\u00e9. Fabriqu\u00e9 en spandex durable et r\u00e9sistant aux plis, il offre de la stabilit\u00e9 sans avoir besoin de sangles fixes. Le coussin est respirant, d\u00e9tachable et lavable, ce qui le rend adapt\u00e9 \u00e0 toutes les saisons.<\/p>\n","protected":false},"featured_media":13196,"comment_status":"open","ping_status":"closed","template":"","meta":{"site-sidebar-layout":"default","site-content-layout":"","ast-site-content-layout":"default","site-content-style":"default","site-sidebar-style":"default","ast-global-header-display":"","ast-banner-title-visibility":"","ast-main-header-display":"","ast-hfb-above-header-display":"","ast-hfb-below-header-display":"","ast-hfb-mobile-header-display":"","site-post-title":"","ast-breadcrumbs-content":"","ast-featured-img":"","footer-sml-layout":"","theme-transparent-header-meta":"default","adv-header-id-meta":"","stick-header-meta":"","header-above-stick-meta":"","header-main-stick-meta":"","header-below-stick-meta":"","astra-migrate-meta-layouts":"set","ast-page-background-enabled":"default","ast-page-background-meta":{"desktop":{"background-color":"var(--ast-global-color-4)","background-image":"","background-repeat":"repeat","background-position":"center center","background-size":"auto","background-attachment":"scroll","background-type":"","background-media":"","overlay-type":"","overlay-color":"","overlay-opacity":"","overlay-gradient":""},"tablet":{"background-color":"","background-image":"","background-repeat":"repeat","background-position":"center center","background-size":"auto","background-attachment":"scroll","background-type":"","background-media":"","overlay-type":"","overlay-color":"","overlay-opacity":"","overlay-gradient":""},"mobile":{"background-color":"","background-image":"","background-repeat":"repeat","background-position":"center center","background-size":"auto","background-attachment":"scroll","background-type":"","background-media":"","overlay-type":"","overlay-color":"","overlay-opacity":"","overlay-gradient":""}},"ast-content-background-meta":{"desktop":{"background-color":"var(--ast-global-color-5)","background-image":"","background-repeat":"repeat","background-position":"center center","background-size":"auto","background-attachment":"scroll","background-type":"","background-media":"","overlay-type":"","overlay-color":"","overlay-opacity":"","overlay-gradient":""},"tablet":{"background-color":"var(--ast-global-color-5)","background-image":"","background-repeat":"repeat","background-position":"center center","background-size":"auto","background-attachment":"scroll","background-type":"","background-media":"","overlay-type":"","overlay-color":"","overlay-opacity":"","overlay-gradient":""},"mobile":{"background-color":"var(--ast-global-color-5)","background-image":"","background-repeat":"repeat","background-position":"center center","background-size":"auto","background-attachment":"scroll","background-type":"","background-media":"","overlay-type":"","overlay-color":"","overlay-opacity":"","overlay-gradient":""}}},"product_brand":[],"product_cat":[224],"product_tag":[556,589,226],"class_list":{"0":"post-13281","1":"product","2":"type-product","3":"status-publish","4":"has-post-thumbnail","6":"product_cat-support-lombaire","7":"product_tag-memory-foam-fr","8":"product_tag-ergonomicsupport-fr","9":"product_tag-support-lombaire","10":"desktop-align-left","11":"tablet-align-left","12":"mobile-align-left","13":"ast-product-gallery-layout-horizontal-slider","14":"ast-product-single-variable","15":"ast-product-tabs-layout-horizontal","16":"ast-qv-on-image","18":"first","19":"instock","20":"shipping-taxable","21":"purchasable","22":"product-type-variable"},"aioseo_notices":[],"_links":{"self":[{"href":"https:\/\/www.aimycomfort.com\/store\/fr\/wp-json\/wp\/v2\/product\/13281","targetHints":{"allow":["GET"]}}],"collection":[{"href":"https:\/\/www.aimycomfort.com\/store\/fr\/wp-json\/wp\/v2\/product"}],"about":[{"href":"https:\/\/www.aimycomfort.com\/store\/fr\/wp-json\/wp\/v2\/types\/product"}],"replies":[{"embeddable":true,"href":"https:\/\/www.aimycomfort.com\/store\/fr\/wp-json\/wp\/v2\/comments?post=13281"}],"wp:featuredmedia":[{"embeddable":true,"href":"https:\/\/www.aimycomfort.com\/store\/fr\/wp-json\/wp\/v2\/media\/13196"}],"wp:attachment":[{"href":"https:\/\/www.aimycomfort.com\/store\/fr\/wp-json\/wp\/v2\/media?parent=13281"}],"wp:term":[{"taxonomy":"product_brand","embeddable":true,"href":"https:\/\/www.aimycomfort.com\/store\/fr\/wp-json\/wp\/v2\/product_brand?post=13281"},{"taxonomy":"product_cat","embeddable":true,"href":"https:\/\/www.aimycomfort.com\/store\/fr\/wp-json\/wp\/v2\/product_cat?post=13281"},{"taxonomy":"product_tag","embeddable":true,"href":"https:\/\/www.aimycomfort.com\/store\/fr\/wp-json\/wp\/v2\/product_tag?post=13281"}],"curies":[{"name":"wp","href":"https:\/\/api.w.org\/{rel}","templated":true}]}}