{"id":13046,"date":"2024-10-30T03:18:47","date_gmt":"2024-10-30T03:18:47","guid":{"rendered":"https:\/\/www.aimycomfort.com\/store\/product\/pear-shaped-office-lumbar-support\/"},"modified":"2024-10-30T03:36:25","modified_gmt":"2024-10-30T03:36:25","slug":"pear-shaped-office-lumbar-support","status":"publish","type":"product","link":"https:\/\/www.aimycomfort.com\/store\/fr\/produit\/pear-shaped-office-lumbar-support\/","title":{"rendered":"Support lombaire de bureau en forme de poire"},"content":{"rendered":"<p>Le support lombaire de bureau en forme de poire est con\u00e7u pour am\u00e9liorer le confort lors de longues heures assises, que ce soit \u00e0 votre bureau ou dans la voiture. Ce coussin de si\u00e8ge mignon et fonctionnel est fabriqu\u00e9 en coton \u00e0 m\u00e9moire de forme sans pression, offrant un soutien complet et soulageant efficacement la pression sur le dos et la taille.<\/p>\n<h2><strong>Caract\u00e9ristiques Cl\u00e9s :<\/strong><\/h2>\n<ul>\n<li><strong>Design Ergonomique :<\/strong><br \/>\nLa courbe en forme de poire s&rsquo;adapte parfaitement \u00e0 la taille et au dos, \u00e9pousant vos contours naturels pour un soutien et un confort optimaux.<\/li>\n<li><strong>Soutien Sans Pression :<\/strong><br \/>\nFabriqu\u00e9 en coton \u00e0 m\u00e9moire de forme doux et soutenant, ce coussin garantit une exp\u00e9rience assise confortable sans fatigue, m\u00eame apr\u00e8s huit heures.<\/li>\n<li><strong>Soutien Global :<\/strong><br \/>\nLes cinq zones principales s&rsquo;adaptent aux courbes du corps, offrant un large soutien adapt\u00e9 \u00e0 diff\u00e9rents types de corps et relaxant les muscles de la taille.<\/li>\n<li><strong>Mat\u00e9riaux de Haute Qualit\u00e9 :<\/strong><br \/>\nFabriqu\u00e9 en tissu \u00e0 capuche respirant et en velours de peau de mouton, ce coussin est absorbant l&rsquo;humidit\u00e9 et doux pour la peau, garantissant une exp\u00e9rience fra\u00eeche et confortable.<\/li>\n<li><strong>Ajustement R\u00e9glable :<\/strong><br \/>\nDispose d&rsquo;une boucle arri\u00e8re \u00e0 haute \u00e9lasticit\u00e9 pour un ajustement flexible, le rendant adapt\u00e9 \u00e0 diff\u00e9rents types de chaises, avec une fermeture \u00e9clair lisse pour une fixation facile.<\/li>\n<\/ul>\n<p>Le support lombaire de bureau en forme de poire est le compagnon parfait pour quiconque recherche confort et soutien tout en travaillant ou en voyageant, garantissant que vous restiez d\u00e9tendu et concentr\u00e9 tout au long de la journ\u00e9e.<\/p>\n","protected":false},"excerpt":{"rendered":"<p>Le support lombaire de bureau en forme de poire est con\u00e7u pour un confort ultime lors de longues heures assises. Fabriqu\u00e9 en coton \u00e0 m\u00e9moire de forme sans pression, ce coussin pr\u00e9sente un design ergonomique en forme de poire qui soutient compl\u00e8tement la taille et le dos, soulageant la pression et la fatigue. Confectionn\u00e9 en tissu \u00e0 capuche respirant et en velours de peau de mouton, il garantit une exp\u00e9rience fra\u00eeche et douce pour la peau. Avec un ajustement r\u00e9glable et une fermeture \u00e9clair lisse pour une fixation facile, ce coussin est parfait pour les bureaux et les si\u00e8ges de voiture.<\/p>\n","protected":false},"featured_media":12969,"comment_status":"open","ping_status":"closed","template":"","meta":{"site-sidebar-layout":"default","site-content-layout":"","ast-site-content-layout":"default","site-content-style":"default","site-sidebar-style":"default","ast-global-header-display":"","ast-banner-title-visibility":"","ast-main-header-display":"","ast-hfb-above-header-display":"","ast-hfb-below-header-display":"","ast-hfb-mobile-header-display":"","site-post-title":"","ast-breadcrumbs-content":"","ast-featured-img":"","footer-sml-layout":"","theme-transparent-header-meta":"default","adv-header-id-meta":"","stick-header-meta":"","header-above-stick-meta":"","header-main-stick-meta":"","header-below-stick-meta":"","astra-migrate-meta-layouts":"set","ast-page-background-enabled":"default","ast-page-background-meta":{"desktop":{"background-color":"var(--ast-global-color-4)","background-image":"","background-repeat":"repeat","background-position":"center center","background-size":"auto","background-attachment":"scroll","background-type":"","background-media":"","overlay-type":"","overlay-color":"","overlay-opacity":"","overlay-gradient":""},"tablet":{"background-color":"","background-image":"","background-repeat":"repeat","background-position":"center center","background-size":"auto","background-attachment":"scroll","background-type":"","background-media":"","overlay-type":"","overlay-color":"","overlay-opacity":"","overlay-gradient":""},"mobile":{"background-color":"","background-image":"","background-repeat":"repeat","background-position":"center center","background-size":"auto","background-attachment":"scroll","background-type":"","background-media":"","overlay-type":"","overlay-color":"","overlay-opacity":"","overlay-gradient":""}},"ast-content-background-meta":{"desktop":{"background-color":"var(--ast-global-color-5)","background-image":"","background-repeat":"repeat","background-position":"center center","background-size":"auto","background-attachment":"scroll","background-type":"","background-media":"","overlay-type":"","overlay-color":"","overlay-opacity":"","overlay-gradient":""},"tablet":{"background-color":"var(--ast-global-color-5)","background-image":"","background-repeat":"repeat","background-position":"center center","background-size":"auto","background-attachment":"scroll","background-type":"","background-media":"","overlay-type":"","overlay-color":"","overlay-opacity":"","overlay-gradient":""},"mobile":{"background-color":"var(--ast-global-color-5)","background-image":"","background-repeat":"repeat","background-position":"center center","background-size":"auto","background-attachment":"scroll","background-type":"","background-media":"","overlay-type":"","overlay-color":"","overlay-opacity":"","overlay-gradient":""}}},"product_brand":[],"product_cat":[224],"product_tag":[556,589,226],"class_list":{"0":"post-13046","1":"product","2":"type-product","3":"status-publish","4":"has-post-thumbnail","6":"product_cat-support-lombaire","7":"product_tag-memory-foam-fr","8":"product_tag-ergonomicsupport-fr","9":"product_tag-support-lombaire","10":"desktop-align-left","11":"tablet-align-left","12":"mobile-align-left","13":"ast-product-gallery-layout-horizontal-slider","14":"ast-product-single-variable","15":"ast-product-tabs-layout-horizontal","16":"ast-qv-on-image","18":"first","19":"instock","20":"shipping-taxable","21":"purchasable","22":"product-type-variable"},"aioseo_notices":[],"_links":{"self":[{"href":"https:\/\/www.aimycomfort.com\/store\/fr\/wp-json\/wp\/v2\/product\/13046","targetHints":{"allow":["GET"]}}],"collection":[{"href":"https:\/\/www.aimycomfort.com\/store\/fr\/wp-json\/wp\/v2\/product"}],"about":[{"href":"https:\/\/www.aimycomfort.com\/store\/fr\/wp-json\/wp\/v2\/types\/product"}],"replies":[{"embeddable":true,"href":"https:\/\/www.aimycomfort.com\/store\/fr\/wp-json\/wp\/v2\/comments?post=13046"}],"wp:featuredmedia":[{"embeddable":true,"href":"https:\/\/www.aimycomfort.com\/store\/fr\/wp-json\/wp\/v2\/media\/12969"}],"wp:attachment":[{"href":"https:\/\/www.aimycomfort.com\/store\/fr\/wp-json\/wp\/v2\/media?parent=13046"}],"wp:term":[{"taxonomy":"product_brand","embeddable":true,"href":"https:\/\/www.aimycomfort.com\/store\/fr\/wp-json\/wp\/v2\/product_brand?post=13046"},{"taxonomy":"product_cat","embeddable":true,"href":"https:\/\/www.aimycomfort.com\/store\/fr\/wp-json\/wp\/v2\/product_cat?post=13046"},{"taxonomy":"product_tag","embeddable":true,"href":"https:\/\/www.aimycomfort.com\/store\/fr\/wp-json\/wp\/v2\/product_tag?post=13046"}],"curies":[{"name":"wp","href":"https:\/\/api.w.org\/{rel}","templated":true}]}}