{"id":12839,"date":"2024-10-29T03:16:11","date_gmt":"2024-10-29T03:16:11","guid":{"rendered":"https:\/\/www.aimycomfort.com\/store\/product\/zero-pressure-cloud-pillow\/"},"modified":"2024-10-29T05:52:05","modified_gmt":"2024-10-29T05:52:05","slug":"oreiller-zero-pressure-cloud","status":"publish","type":"product","link":"https:\/\/www.aimycomfort.com\/store\/fr\/produit\/oreiller-zero-pressure-cloud\/","title":{"rendered":"Oreiller Zero Pressure Cloud"},"content":{"rendered":"<p>D\u00e9couvrez un confort in\u00e9gal\u00e9 avec l&rsquo;Oreiller Zero Pressure Cloud, con\u00e7u pour un usage toute l&rsquo;ann\u00e9e. Cet oreiller en m\u00e9moire respirant pr\u00e9sente une mousse \u00e0 m\u00e9moire \u00e0 rebond lent qui offre une sensation semblable \u00e0 celle d&rsquo;un nuage, garantissant une nuit de sommeil r\u00e9paratrice.<\/p>\n<h2><strong>Caract\u00e9ristiques Cl\u00e9s :<\/strong><\/h2>\n<ul>\n<li><strong>Confort Semblable \u00e0 un Nuage :<\/strong><br \/>\nProfitez d&rsquo;une exp\u00e9rience de rebond douce et \u00e9lastique qui berce votre t\u00eate, votre cou et vos \u00e9paules, vous permettant de vous d\u00e9tendre et de laisser vaguer vos pens\u00e9es.<\/li>\n<li><strong>Design Ergonomique :<\/strong><br \/>\nLes quatre partitions de l&rsquo;oreiller soutiennent les courbes naturelles, offrant un soutien cervical et prot\u00e9geant efficacement votre colonne vert\u00e9brale pour un sommeil profond et r\u00e9parateur.<\/li>\n<li><strong>Soulagement du Stress :<\/strong><br \/>\nLa mousse \u00e0 rebond lent lib\u00e8re le stress et soulage la fatigue et l&rsquo;anxi\u00e9t\u00e9, favorisant une sensation de calme.<\/li>\n<li><strong>Antibact\u00e9rien et R\u00e9sistant aux Acariens :<\/strong><br \/>\nFabriqu\u00e9 avec une technologie de mousse PU, cet oreiller est inodore, non toxique et r\u00e9sistant aux allerg\u00e8nes.<\/li>\n<li><strong>Tissu L\u00e9ger et Respirant :<\/strong><br \/>\nConfectionn\u00e9 en tissu de soie glac\u00e9e et en coton polyester, l&rsquo;oreiller est doux, amical pour la peau et respirant pour un confort suppl\u00e9mentaire.<\/li>\n<\/ul>\n<p>L&rsquo;Oreiller Zero Pressure Cloud est votre compagnon parfait pour une exp\u00e9rience de sommeil confortable et r\u00e9g\u00e9n\u00e9rante, vous assurant de vous r\u00e9veiller rafra\u00eechi et pr\u00eat pour la journ\u00e9e.<\/p>\n","protected":false},"excerpt":{"rendered":"<p>L&rsquo;Oreiller Zero Pressure Cloud offre un confort toute l&rsquo;ann\u00e9e gr\u00e2ce \u00e0 sa mousse \u00e0 m\u00e9moire respirante \u00e0 rebond lent qui procure une sensation semblable \u00e0 celle d&rsquo;un nuage. Con\u00e7u avec une forme ergonomique et quatre partitions de soutien, il berce la t\u00eate, le cou et les \u00e9paules, favorisant un sommeil profond et soulageant le stress. Antibact\u00e9rien et r\u00e9sistant aux acariens, cet oreiller l\u00e9ger est fabriqu\u00e9 en tissu de soie glac\u00e9e doux pour une exp\u00e9rience agr\u00e9able sur la peau. Disponible en bleu, gris et blanc, c&rsquo;est l&rsquo;ajout parfait \u00e0 votre routine de sommeil.<\/p>\n","protected":false},"featured_media":12644,"comment_status":"open","ping_status":"closed","template":"","meta":{"site-sidebar-layout":"default","site-content-layout":"","ast-site-content-layout":"default","site-content-style":"default","site-sidebar-style":"default","ast-global-header-display":"","ast-banner-title-visibility":"","ast-main-header-display":"","ast-hfb-above-header-display":"","ast-hfb-below-header-display":"","ast-hfb-mobile-header-display":"","site-post-title":"","ast-breadcrumbs-content":"","ast-featured-img":"","footer-sml-layout":"","theme-transparent-header-meta":"default","adv-header-id-meta":"","stick-header-meta":"","header-above-stick-meta":"","header-main-stick-meta":"","header-below-stick-meta":"","astra-migrate-meta-layouts":"set","ast-page-background-enabled":"default","ast-page-background-meta":{"desktop":{"background-color":"var(--ast-global-color-4)","background-image":"","background-repeat":"repeat","background-position":"center center","background-size":"auto","background-attachment":"scroll","background-type":"","background-media":"","overlay-type":"","overlay-color":"","overlay-opacity":"","overlay-gradient":""},"tablet":{"background-color":"","background-image":"","background-repeat":"repeat","background-position":"center center","background-size":"auto","background-attachment":"scroll","background-type":"","background-media":"","overlay-type":"","overlay-color":"","overlay-opacity":"","overlay-gradient":""},"mobile":{"background-color":"","background-image":"","background-repeat":"repeat","background-position":"center center","background-size":"auto","background-attachment":"scroll","background-type":"","background-media":"","overlay-type":"","overlay-color":"","overlay-opacity":"","overlay-gradient":""}},"ast-content-background-meta":{"desktop":{"background-color":"var(--ast-global-color-5)","background-image":"","background-repeat":"repeat","background-position":"center center","background-size":"auto","background-attachment":"scroll","background-type":"","background-media":"","overlay-type":"","overlay-color":"","overlay-opacity":"","overlay-gradient":""},"tablet":{"background-color":"var(--ast-global-color-5)","background-image":"","background-repeat":"repeat","background-position":"center center","background-size":"auto","background-attachment":"scroll","background-type":"","background-media":"","overlay-type":"","overlay-color":"","overlay-opacity":"","overlay-gradient":""},"mobile":{"background-color":"var(--ast-global-color-5)","background-image":"","background-repeat":"repeat","background-position":"center center","background-size":"auto","background-attachment":"scroll","background-type":"","background-media":"","overlay-type":"","overlay-color":"","overlay-opacity":"","overlay-gradient":""}}},"product_brand":[],"product_cat":[227],"product_tag":[556,228,589],"class_list":{"0":"post-12839","1":"product","2":"type-product","3":"status-publish","4":"has-post-thumbnail","6":"product_cat-collection-doreillers","7":"product_tag-memory-foam-fr","8":"product_tag-oreiller","9":"product_tag-ergonomicsupport-fr","10":"desktop-align-left","11":"tablet-align-left","12":"mobile-align-left","13":"ast-product-gallery-layout-horizontal-slider","14":"ast-product-single-variable","15":"ast-product-tabs-layout-horizontal","16":"ast-qv-on-image","18":"first","19":"instock","20":"shipping-taxable","21":"purchasable","22":"product-type-variable"},"aioseo_notices":[],"_links":{"self":[{"href":"https:\/\/www.aimycomfort.com\/store\/fr\/wp-json\/wp\/v2\/product\/12839","targetHints":{"allow":["GET"]}}],"collection":[{"href":"https:\/\/www.aimycomfort.com\/store\/fr\/wp-json\/wp\/v2\/product"}],"about":[{"href":"https:\/\/www.aimycomfort.com\/store\/fr\/wp-json\/wp\/v2\/types\/product"}],"replies":[{"embeddable":true,"href":"https:\/\/www.aimycomfort.com\/store\/fr\/wp-json\/wp\/v2\/comments?post=12839"}],"wp:featuredmedia":[{"embeddable":true,"href":"https:\/\/www.aimycomfort.com\/store\/fr\/wp-json\/wp\/v2\/media\/12644"}],"wp:attachment":[{"href":"https:\/\/www.aimycomfort.com\/store\/fr\/wp-json\/wp\/v2\/media?parent=12839"}],"wp:term":[{"taxonomy":"product_brand","embeddable":true,"href":"https:\/\/www.aimycomfort.com\/store\/fr\/wp-json\/wp\/v2\/product_brand?post=12839"},{"taxonomy":"product_cat","embeddable":true,"href":"https:\/\/www.aimycomfort.com\/store\/fr\/wp-json\/wp\/v2\/product_cat?post=12839"},{"taxonomy":"product_tag","embeddable":true,"href":"https:\/\/www.aimycomfort.com\/store\/fr\/wp-json\/wp\/v2\/product_tag?post=12839"}],"curies":[{"name":"wp","href":"https:\/\/api.w.org\/{rel}","templated":true}]}}