{"id":12584,"date":"2024-10-28T07:34:29","date_gmt":"2024-10-28T07:34:29","guid":{"rendered":"https:\/\/www.aimycomfort.com\/store\/product\/office-memory-foam-lumbar-support\/"},"modified":"2024-10-28T07:57:23","modified_gmt":"2024-10-28T07:57:23","slug":"office-memory-foam-lumbar-support","status":"publish","type":"product","link":"https:\/\/www.aimycomfort.com\/store\/fr\/produit\/office-memory-foam-lumbar-support\/","title":{"rendered":"Support Lombaire en Mousse \u00e0 M\u00e9moire pour Bureau"},"content":{"rendered":"<p>Am\u00e9liorez votre confort au travail avec le Support Lombaire en Mousse \u00e0 M\u00e9moire pour Bureau, con\u00e7u pour fournir un soutien et une relaxation optimaux pour le bas du dos. Cet oreiller lombaire dispose d&rsquo;un noyau en mousse \u00e0 m\u00e9moire \u00e0 rebond lent qui s&rsquo;adapte \u00e0 la courbure naturelle de votre colonne vert\u00e9brale, garantissant un soutien efficace et une d\u00e9compression.<\/p>\n<h2><strong>Caract\u00e9ristiques Cl\u00e9s :<\/strong><\/h2>\n<ul>\n<li><strong>Design Ergonomique :<\/strong><br \/>\nLe design de courbe de soutien complet s&rsquo;adapte au contour de votre taille, soutenant efficacement votre dos et prot\u00e9geant la courbure naturelle de la colonne vert\u00e9brale.<\/li>\n<li><strong>Points de Massage Tridimensionnels :<\/strong><br \/>\nDes points de massage strat\u00e9giquement plac\u00e9s ciblent les zones de stress dans la colonne lombaire, partageant la pression et relaxant les muscles pour un soin intime.<\/li>\n<li><strong>Entretien Facile :<\/strong><br \/>\nLe design avec fermeture \u00e9clair permet un d\u00e9montage et un nettoyage faciles, garantissant que votre support lombaire reste frais.<\/li>\n<li><strong>Tissu Respirant et Confortable :<\/strong><br \/>\nFabriqu\u00e9 en tissu 100% coton, cet oreiller est doux, amical pour la peau et respirant, avec un \u00e9l\u00e9gant splice de deux couleurs qui r\u00e9siste \u00e0 la chute de cheveux et \u00e0 la formation de peluches.<\/li>\n<li><strong>Ajustement Securis\u00e9 :<\/strong><br \/>\nDes sangles \u00e0 haute \u00e9lasticit\u00e9 maintiennent l&rsquo;oreiller en place, s&rsquo;adaptant \u00e0 diff\u00e9rentes tailles de si\u00e8ges avec une largeur extensible allant jusqu&rsquo;\u00e0 56 cm.<\/li>\n<\/ul>\n<p>Le Support Lombaire en Mousse \u00e0 M\u00e9moire pour Bureau est votre compagnon parfait pour de longues heures au bureau, offrant le confort et le soutien dont vous avez besoin pour rester concentr\u00e9 et d\u00e9tendu.<\/p>\n","protected":false},"excerpt":{"rendered":"<p>Le Support Lombaire en Mousse \u00e0 M\u00e9moire pour Bureau est con\u00e7u pour am\u00e9liorer le confort lors de longues heures assises. Dot\u00e9 d&rsquo;un noyau en mousse \u00e0 m\u00e9moire \u00e0 rebond lent, il s&rsquo;adapte \u00e0 la courbure naturelle de votre colonne vert\u00e9brale, offrant un soutien efficace et une d\u00e9compression. Avec un design ergonomique, des points de massage tridimensionnels et un tissu en coton respirant, cet oreiller lombaire garantit une exp\u00e9rience confortable. Le design avec fermeture \u00e9clair permet un nettoyage facile, tandis que des sangles \u00e0 haute \u00e9lasticit\u00e9 le maintiennent en place sur n&rsquo;importe quel si\u00e8ge. Disponible en plusieurs couleurs, c&rsquo;est l&rsquo;ajout parfait \u00e0 votre configuration de bureau.<\/p>\n","protected":false},"featured_media":12485,"comment_status":"open","ping_status":"closed","template":"","meta":{"site-sidebar-layout":"default","site-content-layout":"","ast-site-content-layout":"default","site-content-style":"default","site-sidebar-style":"default","ast-global-header-display":"","ast-banner-title-visibility":"","ast-main-header-display":"","ast-hfb-above-header-display":"","ast-hfb-below-header-display":"","ast-hfb-mobile-header-display":"","site-post-title":"","ast-breadcrumbs-content":"","ast-featured-img":"","footer-sml-layout":"","theme-transparent-header-meta":"default","adv-header-id-meta":"","stick-header-meta":"","header-above-stick-meta":"","header-main-stick-meta":"","header-below-stick-meta":"","astra-migrate-meta-layouts":"set","ast-page-background-enabled":"default","ast-page-background-meta":{"desktop":{"background-color":"var(--ast-global-color-4)","background-image":"","background-repeat":"repeat","background-position":"center center","background-size":"auto","background-attachment":"scroll","background-type":"","background-media":"","overlay-type":"","overlay-color":"","overlay-opacity":"","overlay-gradient":""},"tablet":{"background-color":"","background-image":"","background-repeat":"repeat","background-position":"center center","background-size":"auto","background-attachment":"scroll","background-type":"","background-media":"","overlay-type":"","overlay-color":"","overlay-opacity":"","overlay-gradient":""},"mobile":{"background-color":"","background-image":"","background-repeat":"repeat","background-position":"center center","background-size":"auto","background-attachment":"scroll","background-type":"","background-media":"","overlay-type":"","overlay-color":"","overlay-opacity":"","overlay-gradient":""}},"ast-content-background-meta":{"desktop":{"background-color":"var(--ast-global-color-5)","background-image":"","background-repeat":"repeat","background-position":"center center","background-size":"auto","background-attachment":"scroll","background-type":"","background-media":"","overlay-type":"","overlay-color":"","overlay-opacity":"","overlay-gradient":""},"tablet":{"background-color":"var(--ast-global-color-5)","background-image":"","background-repeat":"repeat","background-position":"center center","background-size":"auto","background-attachment":"scroll","background-type":"","background-media":"","overlay-type":"","overlay-color":"","overlay-opacity":"","overlay-gradient":""},"mobile":{"background-color":"var(--ast-global-color-5)","background-image":"","background-repeat":"repeat","background-position":"center center","background-size":"auto","background-attachment":"scroll","background-type":"","background-media":"","overlay-type":"","overlay-color":"","overlay-opacity":"","overlay-gradient":""}}},"product_brand":[],"product_cat":[224],"product_tag":[556,589,226],"class_list":{"0":"post-12584","1":"product","2":"type-product","3":"status-publish","4":"has-post-thumbnail","6":"product_cat-support-lombaire","7":"product_tag-memory-foam-fr","8":"product_tag-ergonomicsupport-fr","9":"product_tag-support-lombaire","10":"desktop-align-left","11":"tablet-align-left","12":"mobile-align-left","13":"ast-product-gallery-layout-horizontal-slider","14":"ast-product-single-variable","15":"ast-product-tabs-layout-horizontal","16":"ast-qv-on-image","18":"first","19":"instock","20":"shipping-taxable","21":"purchasable","22":"product-type-variable"},"aioseo_notices":[],"_links":{"self":[{"href":"https:\/\/www.aimycomfort.com\/store\/fr\/wp-json\/wp\/v2\/product\/12584","targetHints":{"allow":["GET"]}}],"collection":[{"href":"https:\/\/www.aimycomfort.com\/store\/fr\/wp-json\/wp\/v2\/product"}],"about":[{"href":"https:\/\/www.aimycomfort.com\/store\/fr\/wp-json\/wp\/v2\/types\/product"}],"replies":[{"embeddable":true,"href":"https:\/\/www.aimycomfort.com\/store\/fr\/wp-json\/wp\/v2\/comments?post=12584"}],"wp:featuredmedia":[{"embeddable":true,"href":"https:\/\/www.aimycomfort.com\/store\/fr\/wp-json\/wp\/v2\/media\/12485"}],"wp:attachment":[{"href":"https:\/\/www.aimycomfort.com\/store\/fr\/wp-json\/wp\/v2\/media?parent=12584"}],"wp:term":[{"taxonomy":"product_brand","embeddable":true,"href":"https:\/\/www.aimycomfort.com\/store\/fr\/wp-json\/wp\/v2\/product_brand?post=12584"},{"taxonomy":"product_cat","embeddable":true,"href":"https:\/\/www.aimycomfort.com\/store\/fr\/wp-json\/wp\/v2\/product_cat?post=12584"},{"taxonomy":"product_tag","embeddable":true,"href":"https:\/\/www.aimycomfort.com\/store\/fr\/wp-json\/wp\/v2\/product_tag?post=12584"}],"curies":[{"name":"wp","href":"https:\/\/api.w.org\/{rel}","templated":true}]}}