{"id":12419,"date":"2024-10-28T02:41:45","date_gmt":"2024-10-28T02:41:45","guid":{"rendered":"https:\/\/www.aimycomfort.com\/store\/product\/baby-shaped-pillow\/"},"modified":"2024-10-28T06:38:25","modified_gmt":"2024-10-28T06:38:25","slug":"baby-shaped-pillow","status":"publish","type":"product","link":"https:\/\/www.aimycomfort.com\/store\/fr\/produit\/baby-shaped-pillow\/","title":{"rendered":"Oreiller en Forme de B\u00e9b\u00e9"},"content":{"rendered":"<p>L&rsquo;oreiller en forme de b\u00e9b\u00e9 est con\u00e7u de mani\u00e8re experte pour pr\u00e9venir le syndrome de la t\u00eate plate tout en offrant un confort optimal \u00e0 votre nouveau-n\u00e9. Cet adorable petit oreiller en forme d&rsquo;ours dispose d&rsquo;un noyau en mousse \u00e0 m\u00e9moire \u00e0 rebond lent qui offre un soulagement de la pression et un soutien, garantissant un sommeil paisible et tranquille.<\/p>\n<h2><strong>Caract\u00e9ristiques Cl\u00e9s de l&rsquo;Oreiller pour B\u00e9b\u00e9 :<\/strong><\/h2>\n<ul>\n<li><strong>Design Ergonomique :<\/strong><br \/>\nLe protecteur de cou en forme de M s&rsquo;adapte \u00e0 la forme naturelle de votre b\u00e9b\u00e9, favorisant un bon alignement de la t\u00eate et du confort.<\/li>\n<li><strong>Respirant et Dissipateur de Chaleur :<\/strong><br \/>\nFabriqu\u00e9 avec un syst\u00e8me de refroidissement circulant, cet oreiller \u00e9vacue la transpiration et pr\u00e9vient la surchauffe, gardant votre b\u00e9b\u00e9 \u00e0 l&rsquo;aise toute la nuit.<\/li>\n<li><strong>Correction Scientifique du Style :<\/strong><br \/>\nCon\u00e7u pour fa\u00e7onner et prot\u00e9ger la t\u00eate de votre b\u00e9b\u00e9, le centre concave favorise la circulation sanguine et aide \u00e0 maintenir une forme de t\u00eate saine.<\/li>\n<li><strong>Artisanat de Qualit\u00e9 :<\/strong><br \/>\nUn travail exquis avec un routage soign\u00e9 et des coutures m\u00e9ticuleuses garantit durabilit\u00e9 et douceur au toucher.<\/li>\n<li><strong>Mat\u00e9riau Soulageant la Pression :<\/strong><br \/>\nFabriqu\u00e9 en mousse \u00e0 m\u00e9moire soulageant la pression, l&rsquo;oreiller disperse uniform\u00e9ment la pression, offrant un soutien doux pour la t\u00eate et les joues de votre b\u00e9b\u00e9.<\/li>\n<\/ul>\n<p>L&rsquo;oreiller en forme de b\u00e9b\u00e9 est le compagnon parfait pour votre petit, garantissant qu&rsquo;il b\u00e9n\u00e9ficie d&rsquo;un environnement de sommeil confortable et de soutien tout en favorisant un d\u00e9veloppement sain de la t\u00eate.<\/p>\n","protected":false},"excerpt":{"rendered":"<p>L&rsquo;oreiller en forme de b\u00e9b\u00e9 est con\u00e7u pour pr\u00e9venir le syndrome de la t\u00eate plate tout en offrant un confort optimal aux nouveau-n\u00e9s. Cet adorable petit oreiller en forme d&rsquo;ours dispose d&rsquo;une mousse \u00e0 m\u00e9moire \u00e0 rebond lent pour soulager la pression et offrir un soutien, ainsi que d&rsquo;un design respirant et dissipateur de chaleur. Son protecteur de cou en forme de M favorise un bon alignement de la t\u00eate, tandis que le centre concave am\u00e9liore la circulation sanguine.<\/p>\n","protected":false},"featured_media":12304,"comment_status":"open","ping_status":"closed","template":"","meta":{"site-sidebar-layout":"default","site-content-layout":"","ast-site-content-layout":"default","site-content-style":"default","site-sidebar-style":"default","ast-global-header-display":"","ast-banner-title-visibility":"","ast-main-header-display":"","ast-hfb-above-header-display":"","ast-hfb-below-header-display":"","ast-hfb-mobile-header-display":"","site-post-title":"","ast-breadcrumbs-content":"","ast-featured-img":"","footer-sml-layout":"","theme-transparent-header-meta":"default","adv-header-id-meta":"","stick-header-meta":"","header-above-stick-meta":"","header-main-stick-meta":"","header-below-stick-meta":"","astra-migrate-meta-layouts":"set","ast-page-background-enabled":"default","ast-page-background-meta":{"desktop":{"background-color":"var(--ast-global-color-4)","background-image":"","background-repeat":"repeat","background-position":"center center","background-size":"auto","background-attachment":"scroll","background-type":"","background-media":"","overlay-type":"","overlay-color":"","overlay-opacity":"","overlay-gradient":""},"tablet":{"background-color":"","background-image":"","background-repeat":"repeat","background-position":"center center","background-size":"auto","background-attachment":"scroll","background-type":"","background-media":"","overlay-type":"","overlay-color":"","overlay-opacity":"","overlay-gradient":""},"mobile":{"background-color":"","background-image":"","background-repeat":"repeat","background-position":"center center","background-size":"auto","background-attachment":"scroll","background-type":"","background-media":"","overlay-type":"","overlay-color":"","overlay-opacity":"","overlay-gradient":""}},"ast-content-background-meta":{"desktop":{"background-color":"var(--ast-global-color-5)","background-image":"","background-repeat":"repeat","background-position":"center center","background-size":"auto","background-attachment":"scroll","background-type":"","background-media":"","overlay-type":"","overlay-color":"","overlay-opacity":"","overlay-gradient":""},"tablet":{"background-color":"var(--ast-global-color-5)","background-image":"","background-repeat":"repeat","background-position":"center center","background-size":"auto","background-attachment":"scroll","background-type":"","background-media":"","overlay-type":"","overlay-color":"","overlay-opacity":"","overlay-gradient":""},"mobile":{"background-color":"var(--ast-global-color-5)","background-image":"","background-repeat":"repeat","background-position":"center center","background-size":"auto","background-attachment":"scroll","background-type":"","background-media":"","overlay-type":"","overlay-color":"","overlay-opacity":"","overlay-gradient":""}}},"product_brand":[],"product_cat":[227],"product_tag":[555,557,589],"class_list":{"0":"post-12419","1":"product","2":"type-product","3":"status-publish","4":"has-post-thumbnail","6":"product_cat-collection-doreillers","7":"product_tag-baby-pillow-fr","8":"product_tag-neck-protect-fr","9":"product_tag-ergonomicsupport-fr","10":"desktop-align-left","11":"tablet-align-left","12":"mobile-align-left","13":"ast-product-gallery-layout-horizontal-slider","14":"ast-product-single-variable","15":"ast-product-tabs-layout-horizontal","16":"ast-qv-on-image","18":"first","19":"instock","20":"shipping-taxable","21":"purchasable","22":"product-type-variable"},"aioseo_notices":[],"_links":{"self":[{"href":"https:\/\/www.aimycomfort.com\/store\/fr\/wp-json\/wp\/v2\/product\/12419","targetHints":{"allow":["GET"]}}],"collection":[{"href":"https:\/\/www.aimycomfort.com\/store\/fr\/wp-json\/wp\/v2\/product"}],"about":[{"href":"https:\/\/www.aimycomfort.com\/store\/fr\/wp-json\/wp\/v2\/types\/product"}],"replies":[{"embeddable":true,"href":"https:\/\/www.aimycomfort.com\/store\/fr\/wp-json\/wp\/v2\/comments?post=12419"}],"wp:featuredmedia":[{"embeddable":true,"href":"https:\/\/www.aimycomfort.com\/store\/fr\/wp-json\/wp\/v2\/media\/12304"}],"wp:attachment":[{"href":"https:\/\/www.aimycomfort.com\/store\/fr\/wp-json\/wp\/v2\/media?parent=12419"}],"wp:term":[{"taxonomy":"product_brand","embeddable":true,"href":"https:\/\/www.aimycomfort.com\/store\/fr\/wp-json\/wp\/v2\/product_brand?post=12419"},{"taxonomy":"product_cat","embeddable":true,"href":"https:\/\/www.aimycomfort.com\/store\/fr\/wp-json\/wp\/v2\/product_cat?post=12419"},{"taxonomy":"product_tag","embeddable":true,"href":"https:\/\/www.aimycomfort.com\/store\/fr\/wp-json\/wp\/v2\/product_tag?post=12419"}],"curies":[{"name":"wp","href":"https:\/\/api.w.org\/{rel}","templated":true}]}}