{"id":11913,"date":"2024-10-22T05:25:07","date_gmt":"2024-10-22T05:25:07","guid":{"rendered":"https:\/\/www.aimycomfort.com\/store\/product\/new-s-shaped-single-neck-pillow\/"},"modified":"2024-10-25T05:45:54","modified_gmt":"2024-10-25T05:45:54","slug":"new-s-shaped-single-neck-pillow","status":"publish","type":"product","link":"https:\/\/www.aimycomfort.com\/store\/fr\/produit\/new-s-shaped-single-neck-pillow\/","title":{"rendered":"Nouvel oreiller pour le cou en forme de S"},"content":{"rendered":"<p>D\u00e9couvrez le summum du confort et du soutien avec notre Oreiller en Mousse \u00e0 M\u00e9moire de Forme pour le Sommeil, con\u00e7u pour offrir une protection du cou et un soulagement du stress. Cet oreiller corporel en forme de S est con\u00e7u pour offrir une distribution scientifique du poids et une traction \u00e9lastique, garantissant une exp\u00e9rience de sommeil reposante et r\u00e9g\u00e9n\u00e9rante.<\/p>\n<h3><strong>Caract\u00e9ristiques Cl\u00e9s :<\/strong><\/h3>\n<p><strong>Soulagement Scientifique du Poids et du Stress :<\/strong><br \/>\nCon\u00e7u pour r\u00e9partir le poids de mani\u00e8re uniforme, cet oreiller soulage la pression sur les muscles, les ligaments et les plexus nerveux, favorisant la relaxation et le confort.<\/p>\n<p><strong>Traction \u00c9lastique en S :<\/strong><br \/>\nLe design innovant en forme de S augmente la surface d&rsquo;ajustement, offrant un soutien complet du cou et un soulagement de la pression.<\/p>\n<p><strong>Double Force \u00c9lastique :<\/strong><br \/>\nDispose de deux degr\u00e9s diff\u00e9rents de force \u00e9lastique pour traiter divers probl\u00e8mes cervicaux, offrant un soutien cibl\u00e9 l\u00e0 o\u00f9 vous en avez le plus besoin.<\/p>\n<p><strong>Design de Surface Courb\u00e9e :<\/strong><br \/>\nLes surfaces courbes horizontales et verticales s&rsquo;adaptent pr\u00e9cis\u00e9ment \u00e0 la courbure naturelle du cou humain, am\u00e9liorant l&rsquo;alignement et r\u00e9duisant la tension.<\/p>\n<p><strong>Durable et Facile \u00e0 Nettoyer :<\/strong><br \/>\nL&rsquo;oreiller est lavable et poss\u00e8de une texture \u00e9lastique qui est \u00e0 la fois imperm\u00e9able et r\u00e9sistante \u00e0 l&rsquo;huile, garantissant un entretien facile et une durabilit\u00e9 \u00e0 long terme.<\/p>\n<p>\u00c9levez votre exp\u00e9rience de sommeil avec notre Oreiller en Mousse \u00e0 M\u00e9moire de Forme pour le Sommeil, con\u00e7u pour ceux qui recherchent une protection et un confort sup\u00e9rieurs pour le cou. Parfait pour quiconque cherchant \u00e0 am\u00e9liorer la qualit\u00e9 de son sommeil et \u00e0 soulager l&rsquo;inconfort au niveau du cou.<\/p>\n","protected":false},"excerpt":{"rendered":"<p>Oreiller en Mousse \u00e0 M\u00e9moire de Forme pour le Sommeil &#8211; en S Profitez d&rsquo;un soutien am\u00e9lior\u00e9 pour le cou avec notre Oreiller en Mousse \u00e0 M\u00e9moire de Forme pour le Sommeil en forme de S. Il offre un confort personnalisable, soulageant la pression gr\u00e2ce \u00e0 son design ergonomique. La housse lavable et imperm\u00e9able garantit un entretien facile, ce qui en fait un choix id\u00e9al pour am\u00e9liorer la qualit\u00e9 du sommeil et r\u00e9duire l&rsquo;inconfort au niveau du cou.<\/p>\n","protected":false},"featured_media":11347,"comment_status":"open","ping_status":"closed","template":"","meta":{"site-sidebar-layout":"default","site-content-layout":"","ast-site-content-layout":"default","site-content-style":"default","site-sidebar-style":"default","ast-global-header-display":"","ast-banner-title-visibility":"","ast-main-header-display":"","ast-hfb-above-header-display":"","ast-hfb-below-header-display":"","ast-hfb-mobile-header-display":"","site-post-title":"","ast-breadcrumbs-content":"","ast-featured-img":"","footer-sml-layout":"","theme-transparent-header-meta":"default","adv-header-id-meta":"","stick-header-meta":"","header-above-stick-meta":"","header-main-stick-meta":"","header-below-stick-meta":"","astra-migrate-meta-layouts":"set","ast-page-background-enabled":"default","ast-page-background-meta":{"desktop":{"background-color":"var(--ast-global-color-4)","background-image":"","background-repeat":"repeat","background-position":"center center","background-size":"auto","background-attachment":"scroll","background-type":"","background-media":"","overlay-type":"","overlay-color":"","overlay-opacity":"","overlay-gradient":""},"tablet":{"background-color":"","background-image":"","background-repeat":"repeat","background-position":"center center","background-size":"auto","background-attachment":"scroll","background-type":"","background-media":"","overlay-type":"","overlay-color":"","overlay-opacity":"","overlay-gradient":""},"mobile":{"background-color":"","background-image":"","background-repeat":"repeat","background-position":"center center","background-size":"auto","background-attachment":"scroll","background-type":"","background-media":"","overlay-type":"","overlay-color":"","overlay-opacity":"","overlay-gradient":""}},"ast-content-background-meta":{"desktop":{"background-color":"var(--ast-global-color-5)","background-image":"","background-repeat":"repeat","background-position":"center center","background-size":"auto","background-attachment":"scroll","background-type":"","background-media":"","overlay-type":"","overlay-color":"","overlay-opacity":"","overlay-gradient":""},"tablet":{"background-color":"var(--ast-global-color-5)","background-image":"","background-repeat":"repeat","background-position":"center center","background-size":"auto","background-attachment":"scroll","background-type":"","background-media":"","overlay-type":"","overlay-color":"","overlay-opacity":"","overlay-gradient":""},"mobile":{"background-color":"var(--ast-global-color-5)","background-image":"","background-repeat":"repeat","background-position":"center center","background-size":"auto","background-attachment":"scroll","background-type":"","background-media":"","overlay-type":"","overlay-color":"","overlay-opacity":"","overlay-gradient":""}}},"product_brand":[],"product_cat":[227],"product_tag":[228,489,225],"class_list":{"0":"post-11913","1":"product","2":"type-product","3":"status-publish","4":"has-post-thumbnail","6":"product_cat-collection-doreillers","7":"product_tag-oreiller","8":"product_tag-pain-relief-fr","9":"product_tag-soulagement-de-la-pression","10":"desktop-align-left","11":"tablet-align-left","12":"mobile-align-left","13":"ast-product-gallery-layout-horizontal-slider","14":"ast-product-gallery-with-no-image","15":"ast-product-single-variable","16":"ast-product-tabs-layout-horizontal","17":"ast-qv-on-image","19":"first","20":"instock","21":"shipping-taxable","22":"product-type-variable"},"aioseo_notices":[],"_links":{"self":[{"href":"https:\/\/www.aimycomfort.com\/store\/fr\/wp-json\/wp\/v2\/product\/11913","targetHints":{"allow":["GET"]}}],"collection":[{"href":"https:\/\/www.aimycomfort.com\/store\/fr\/wp-json\/wp\/v2\/product"}],"about":[{"href":"https:\/\/www.aimycomfort.com\/store\/fr\/wp-json\/wp\/v2\/types\/product"}],"replies":[{"embeddable":true,"href":"https:\/\/www.aimycomfort.com\/store\/fr\/wp-json\/wp\/v2\/comments?post=11913"}],"wp:featuredmedia":[{"embeddable":true,"href":"https:\/\/www.aimycomfort.com\/store\/fr\/wp-json\/wp\/v2\/media\/11347"}],"wp:attachment":[{"href":"https:\/\/www.aimycomfort.com\/store\/fr\/wp-json\/wp\/v2\/media?parent=11913"}],"wp:term":[{"taxonomy":"product_brand","embeddable":true,"href":"https:\/\/www.aimycomfort.com\/store\/fr\/wp-json\/wp\/v2\/product_brand?post=11913"},{"taxonomy":"product_cat","embeddable":true,"href":"https:\/\/www.aimycomfort.com\/store\/fr\/wp-json\/wp\/v2\/product_cat?post=11913"},{"taxonomy":"product_tag","embeddable":true,"href":"https:\/\/www.aimycomfort.com\/store\/fr\/wp-json\/wp\/v2\/product_tag?post=11913"}],"curies":[{"name":"wp","href":"https:\/\/api.w.org\/{rel}","templated":true}]}}