{"id":11652,"date":"2024-10-23T07:15:09","date_gmt":"2024-10-23T07:15:09","guid":{"rendered":"https:\/\/www.aimycomfort.com\/store\/product\/four-seasons-baby-neck-protection-memory-foam-pillow\/"},"modified":"2024-10-24T06:59:10","modified_gmt":"2024-10-24T06:59:10","slug":"oreiller-cervical-quatre-saisons-pour-bebe-en-mousse-a-memoire-de-forme","status":"publish","type":"product","link":"https:\/\/www.aimycomfort.com\/store\/fr\/produit\/oreiller-cervical-quatre-saisons-pour-bebe-en-mousse-a-memoire-de-forme\/","title":{"rendered":"Oreiller Cervical Quatre Saisons pour B\u00e9b\u00e9 en Mousse \u00e0 M\u00e9moire de Forme"},"content":{"rendered":"<p>Oreiller Cervical Quatre Saisons pour B\u00e9b\u00e9 : Offrez \u00e0 votre enfant le summum du confort et du soutien avec l&rsquo;Oreiller Cervical Quatre Saisons pour B\u00e9b\u00e9. Cet adorable oreiller lavable en forme de chat est con\u00e7u pour procurer aux enfants une exp\u00e9rience de sommeil apaisante et soutenue.<\/p>\n<h2><strong>Caract\u00e9ristiques Principales :<\/strong><\/h2>\n<ul>\n<li>\n<ul>\n<li><strong>Design Doux et Mignon :<\/strong><br \/>\nLa forme charmante de chat de l&rsquo;oreiller est \u00e0 la fois douce et accueillante, ajoutant une touche d\u00e9licieuse \u00e0 la chambre de tout enfant.<\/li>\n<li><strong>Granules de Massage 3D :<\/strong><br \/>\nL&rsquo;oreiller est dot\u00e9 de granules de massage 3D qui convergent en formes elliptiques, offrant un massage doux et une exp\u00e9rience tactile multicouche pour un confort accru.<\/li>\n<li><strong>Mousse \u00e0 M\u00e9moire de Forme Sans Pression :<\/strong><br \/>\nLe c\u0153ur de l&rsquo;oreiller est rempli de coton \u00e0 m\u00e9moire de forme sans pression, procurant une sensation semblable \u00e0 un nuage. Ce mat\u00e9riau doux et \u00e9lastique offre un soutien tridimensionnel, r\u00e9partissant uniform\u00e9ment la pression sans s&rsquo;affaisser.<\/li>\n<li><strong>Technologie de Refroidissement :<\/strong><br \/>\nInfus\u00e9 de soie rafra\u00eechissante avanc\u00e9e, l&rsquo;oreiller reste frais sans \u00eatre glacial, procurant un soulagement instantan\u00e9 de la chaleur estivale et am\u00e9liorant le confort.<\/li>\n<li><strong>Respirant et Fiable :<\/strong><br \/>\nLa taie d&rsquo;oreiller est fra\u00eeche et respirante, assurant un environnement de sommeil confortable pour votre enfant.<\/li>\n<\/ul>\n<\/li>\n<\/ul>\n<p>L&rsquo;Oreiller Cervical Quatre Saisons pour B\u00e9b\u00e9 est le m\u00e9lange parfait de confort, de soutien et de design ludique, garantissant \u00e0 votre enfant un sommeil r\u00e9parateur et revigorant tout au long de l&rsquo;ann\u00e9e.<\/p>\n","protected":false},"excerpt":{"rendered":"<p>L&rsquo;Oreiller Cervical Quatre Saisons pour B\u00e9b\u00e9 est une combinaison parfaite de confort, de soutien et de design ludique, garantissant \u00e0 votre b\u00e9b\u00e9 un sommeil r\u00e9parateur et \u00e9nergisant tout au long de l&rsquo;ann\u00e9e.<\/p>\n","protected":false},"featured_media":11566,"comment_status":"open","ping_status":"closed","template":"","meta":{"site-sidebar-layout":"default","site-content-layout":"","ast-site-content-layout":"default","site-content-style":"default","site-sidebar-style":"default","ast-global-header-display":"","ast-banner-title-visibility":"","ast-main-header-display":"","ast-hfb-above-header-display":"","ast-hfb-below-header-display":"","ast-hfb-mobile-header-display":"","site-post-title":"","ast-breadcrumbs-content":"","ast-featured-img":"","footer-sml-layout":"","theme-transparent-header-meta":"default","adv-header-id-meta":"","stick-header-meta":"","header-above-stick-meta":"","header-main-stick-meta":"","header-below-stick-meta":"","astra-migrate-meta-layouts":"set","ast-page-background-enabled":"default","ast-page-background-meta":{"desktop":{"background-color":"var(--ast-global-color-4)","background-image":"","background-repeat":"repeat","background-position":"center center","background-size":"auto","background-attachment":"scroll","background-type":"","background-media":"","overlay-type":"","overlay-color":"","overlay-opacity":"","overlay-gradient":""},"tablet":{"background-color":"","background-image":"","background-repeat":"repeat","background-position":"center center","background-size":"auto","background-attachment":"scroll","background-type":"","background-media":"","overlay-type":"","overlay-color":"","overlay-opacity":"","overlay-gradient":""},"mobile":{"background-color":"","background-image":"","background-repeat":"repeat","background-position":"center center","background-size":"auto","background-attachment":"scroll","background-type":"","background-media":"","overlay-type":"","overlay-color":"","overlay-opacity":"","overlay-gradient":""}},"ast-content-background-meta":{"desktop":{"background-color":"var(--ast-global-color-5)","background-image":"","background-repeat":"repeat","background-position":"center center","background-size":"auto","background-attachment":"scroll","background-type":"","background-media":"","overlay-type":"","overlay-color":"","overlay-opacity":"","overlay-gradient":""},"tablet":{"background-color":"var(--ast-global-color-5)","background-image":"","background-repeat":"repeat","background-position":"center center","background-size":"auto","background-attachment":"scroll","background-type":"","background-media":"","overlay-type":"","overlay-color":"","overlay-opacity":"","overlay-gradient":""},"mobile":{"background-color":"var(--ast-global-color-5)","background-image":"","background-repeat":"repeat","background-position":"center center","background-size":"auto","background-attachment":"scroll","background-type":"","background-media":"","overlay-type":"","overlay-color":"","overlay-opacity":"","overlay-gradient":""}}},"product_brand":[],"product_cat":[227],"product_tag":[555,556,557],"class_list":{"0":"post-11652","1":"product","2":"type-product","3":"status-publish","4":"has-post-thumbnail","6":"product_cat-collection-doreillers","7":"product_tag-baby-pillow-fr","8":"product_tag-memory-foam-fr","9":"product_tag-neck-protect-fr","10":"desktop-align-left","11":"tablet-align-left","12":"mobile-align-left","13":"ast-product-gallery-layout-horizontal-slider","14":"ast-product-single-variable","15":"ast-product-tabs-layout-horizontal","16":"ast-qv-on-image","18":"first","19":"instock","20":"shipping-taxable","21":"purchasable","22":"product-type-variable"},"aioseo_notices":[],"_links":{"self":[{"href":"https:\/\/www.aimycomfort.com\/store\/fr\/wp-json\/wp\/v2\/product\/11652","targetHints":{"allow":["GET"]}}],"collection":[{"href":"https:\/\/www.aimycomfort.com\/store\/fr\/wp-json\/wp\/v2\/product"}],"about":[{"href":"https:\/\/www.aimycomfort.com\/store\/fr\/wp-json\/wp\/v2\/types\/product"}],"replies":[{"embeddable":true,"href":"https:\/\/www.aimycomfort.com\/store\/fr\/wp-json\/wp\/v2\/comments?post=11652"}],"wp:featuredmedia":[{"embeddable":true,"href":"https:\/\/www.aimycomfort.com\/store\/fr\/wp-json\/wp\/v2\/media\/11566"}],"wp:attachment":[{"href":"https:\/\/www.aimycomfort.com\/store\/fr\/wp-json\/wp\/v2\/media?parent=11652"}],"wp:term":[{"taxonomy":"product_brand","embeddable":true,"href":"https:\/\/www.aimycomfort.com\/store\/fr\/wp-json\/wp\/v2\/product_brand?post=11652"},{"taxonomy":"product_cat","embeddable":true,"href":"https:\/\/www.aimycomfort.com\/store\/fr\/wp-json\/wp\/v2\/product_cat?post=11652"},{"taxonomy":"product_tag","embeddable":true,"href":"https:\/\/www.aimycomfort.com\/store\/fr\/wp-json\/wp\/v2\/product_tag?post=11652"}],"curies":[{"name":"wp","href":"https:\/\/api.w.org\/{rel}","templated":true}]}}