{"id":8104,"date":"2024-08-05T07:30:29","date_gmt":"2024-08-05T07:30:29","guid":{"rendered":"https:\/\/www.aimycomfort.com\/store\/product\/almohada-de-soporte-cervical-en-forma-de-mariposa\/"},"modified":"2024-08-23T07:32:39","modified_gmt":"2024-08-23T07:32:39","slug":"almohada-de-soporte-cervical-en-forma-de-mariposa","status":"publish","type":"product","link":"https:\/\/www.aimycomfort.com\/store\/es\/producto\/almohada-de-soporte-cervical-en-forma-de-mariposa\/","title":{"rendered":"Almohada de Soporte Cervical en Forma de Mariposa"},"content":{"rendered":"<p>Nuestra Almohada de Soporte Cervical en Forma de Mariposa no es solo una almohada &#8211; es una sesi\u00f3n de terapia nocturna para su cuello y columna. Al proporcionar soporte espec\u00edfico y un estiramiento suave, le ayuda a despertarse renovado, sin dolor y listo para enfrentar su d\u00eda.<\/p>\n<p>Caracter\u00edsticas principales:<\/p>\n<ul>\n<li>Dise\u00f1o de mariposa: Forma \u00fanica para proporcionar un soporte y confort \u00f3ptimos para el cuello<\/li>\n<li>Sistema de soporte curvado: Ofrece estiramiento bidireccional para absorber la presi\u00f3n y reducir la tensi\u00f3n<\/li>\n<li>Soporte D-Zone: Se adapta perfectamente a la curva de su cuello con un dise\u00f1o de soporte de cabeza de tres puntos<\/li>\n<li>N\u00facleo de espuma viscoel\u00e1stica espacial: Proporciona soporte 3D y distribuye uniformemente los puntos de presi\u00f3n<\/li>\n<li>Tecnolog\u00eda de rebote lento: Supera al l\u00e1tex en alivio de presi\u00f3n y confort<\/li>\n<\/ul>\n<p>Beneficios:<\/p>\n<ul>\n<li>Mantiene la saludable curva \u00abC\u00bb de su columna cervical al dormir boca arriba<\/li>\n<li>Mantiene su columna recta y alineada al dormir de lado<\/li>\n<li>Absorbe la presi\u00f3n del cuerpo, ajust\u00e1ndolo a la posici\u00f3n m\u00e1s c\u00f3moda<\/li>\n<li>Alivia el dolor y la rigidez del cuello<\/li>\n<\/ul>\n<p>Perfecta para:<\/p>\n<ul>\n<li>Aquellos que sufren de dolor o rigidez en el cuello<\/li>\n<li>Personas que buscan mejorar la calidad de su sue\u00f1o<\/li>\n<li>Cualquiera que desee mantener una alineaci\u00f3n adecuada de la columna durante el sue\u00f1o<\/li>\n<\/ul>\n<p>Detalles lujosos:<\/p>\n<ul>\n<li>Tela de capa de aire: Amigable con la piel, transpirable y ultra suave para el m\u00e1ximo confort<\/li>\n<li>Cremallera met\u00e1lica premium: Suave, duradera y f\u00e1cil de usar, reflejando nuestro compromiso con la calidad<\/li>\n<\/ul>\n<p>Cuidado y mantenimiento: Funda extra\u00edble y lavable para una f\u00e1cil limpieza y frescura duradera<\/p>\n<p>Invierta en su bienestar hoy. \u00a1Experimente la diferencia que un soporte adecuado para el cuello puede hacer en la calidad de su sue\u00f1o y su salud general con nuestra Almohada de Soporte Cervical en Forma de Mariposa!<\/p>\n","protected":false},"excerpt":{"rendered":"<p>Almohada de Soporte Cervical en Forma de Mariposa: Su clave para el confort del cuello y la salud de la columna<\/p>\n<p>Experimente un soporte para el cuello y alivio del dolor sin igual con nuestra innovadora Almohada de Soporte Cervical en Forma de Mariposa. Dise\u00f1ada para acunar su cuello y aliviar el malestar, esta almohada es su boleto para un mejor sue\u00f1o y una salud espinal mejorada.<\/p>\n","protected":false},"featured_media":6567,"comment_status":"open","ping_status":"closed","template":"","meta":{"site-sidebar-layout":"default","site-content-layout":"content-boxed-container","ast-site-content-layout":"normal-width-container","site-content-style":"boxed","site-sidebar-style":"unboxed","ast-global-header-display":"","ast-banner-title-visibility":"","ast-main-header-display":"","ast-hfb-above-header-display":"","ast-hfb-below-header-display":"","ast-hfb-mobile-header-display":"","site-post-title":"","ast-breadcrumbs-content":"","ast-featured-img":"","footer-sml-layout":"","theme-transparent-header-meta":"default","adv-header-id-meta":"","stick-header-meta":"","header-above-stick-meta":"","header-main-stick-meta":"","header-below-stick-meta":"","astra-migrate-meta-layouts":"set","ast-page-background-enabled":"default","ast-page-background-meta":{"desktop":{"background-color":"var(--ast-global-color-4)","background-image":"","background-repeat":"repeat","background-position":"center center","background-size":"auto","background-attachment":"scroll","background-type":"","background-media":"","overlay-type":"","overlay-color":"","overlay-opacity":"","overlay-gradient":""},"tablet":{"background-color":"","background-image":"","background-repeat":"repeat","background-position":"center center","background-size":"auto","background-attachment":"scroll","background-type":"","background-media":"","overlay-type":"","overlay-color":"","overlay-opacity":"","overlay-gradient":""},"mobile":{"background-color":"","background-image":"","background-repeat":"repeat","background-position":"center center","background-size":"auto","background-attachment":"scroll","background-type":"","background-media":"","overlay-type":"","overlay-color":"","overlay-opacity":"","overlay-gradient":""}},"ast-content-background-meta":{"desktop":{"background-color":"var(--ast-global-color-5)","background-image":"","background-repeat":"repeat","background-position":"center center","background-size":"auto","background-attachment":"scroll","background-type":"","background-media":"","overlay-type":"","overlay-color":"","overlay-opacity":"","overlay-gradient":""},"tablet":{"background-color":"var(--ast-global-color-5)","background-image":"","background-repeat":"repeat","background-position":"center center","background-size":"auto","background-attachment":"scroll","background-type":"","background-media":"","overlay-type":"","overlay-color":"","overlay-opacity":"","overlay-gradient":""},"mobile":{"background-color":"var(--ast-global-color-5)","background-image":"","background-repeat":"repeat","background-position":"center center","background-size":"auto","background-attachment":"scroll","background-type":"","background-media":"","overlay-type":"","overlay-color":"","overlay-opacity":"","overlay-gradient":""}}},"product_brand":[],"product_cat":[237],"product_tag":[235,238],"class_list":{"0":"post-8104","1":"product","2":"type-product","3":"status-publish","4":"has-post-thumbnail","6":"product_cat-coleccion-de-almohadas","7":"product_tag-alivio-de-presion","8":"product_tag-almohada","9":"desktop-align-left","10":"tablet-align-left","11":"mobile-align-left","12":"ast-product-gallery-layout-horizontal-slider","13":"ast-product-single-variable","14":"ast-product-tabs-layout-horizontal","15":"ast-qv-on-image","17":"first","18":"instock","19":"shipping-taxable","20":"purchasable","21":"product-type-variable"},"aioseo_notices":[],"_links":{"self":[{"href":"https:\/\/www.aimycomfort.com\/store\/es\/wp-json\/wp\/v2\/product\/8104","targetHints":{"allow":["GET"]}}],"collection":[{"href":"https:\/\/www.aimycomfort.com\/store\/es\/wp-json\/wp\/v2\/product"}],"about":[{"href":"https:\/\/www.aimycomfort.com\/store\/es\/wp-json\/wp\/v2\/types\/product"}],"replies":[{"embeddable":true,"href":"https:\/\/www.aimycomfort.com\/store\/es\/wp-json\/wp\/v2\/comments?post=8104"}],"wp:featuredmedia":[{"embeddable":true,"href":"https:\/\/www.aimycomfort.com\/store\/es\/wp-json\/wp\/v2\/media\/6567"}],"wp:attachment":[{"href":"https:\/\/www.aimycomfort.com\/store\/es\/wp-json\/wp\/v2\/media?parent=8104"}],"wp:term":[{"taxonomy":"product_brand","embeddable":true,"href":"https:\/\/www.aimycomfort.com\/store\/es\/wp-json\/wp\/v2\/product_brand?post=8104"},{"taxonomy":"product_cat","embeddable":true,"href":"https:\/\/www.aimycomfort.com\/store\/es\/wp-json\/wp\/v2\/product_cat?post=8104"},{"taxonomy":"product_tag","embeddable":true,"href":"https:\/\/www.aimycomfort.com\/store\/es\/wp-json\/wp\/v2\/product_tag?post=8104"}],"curies":[{"name":"wp","href":"https:\/\/api.w.org\/{rel}","templated":true}]}}