{"id":7724,"date":"2024-08-08T09:11:32","date_gmt":"2024-08-08T09:11:32","guid":{"rendered":"https:\/\/www.aimycomfort.com\/store\/product\/almohada-de-espuma-viscoelastica-en-forma-de-u\/"},"modified":"2024-08-23T07:20:38","modified_gmt":"2024-08-23T07:20:38","slug":"almohada-de-espuma-viscoelastica-en-forma-de-u","status":"publish","type":"product","link":"https:\/\/www.aimycomfort.com\/store\/es\/producto\/almohada-de-espuma-viscoelastica-en-forma-de-u\/","title":{"rendered":"Almohada de Espuma Viscoel\u00e1stica en Forma de U"},"content":{"rendered":"<p>Nuestra Almohada de Espuma Viscoel\u00e1stica en Forma de U no es solo un accesorio de viaje &#8211; es su zona de confort personal en movimiento. Ya sea que est\u00e9 embarc\u00e1ndose en un largo viaje, trabajando hasta tarde en la oficina, o simplemente relaj\u00e1ndose en casa, esta almohada asegura que su cuello siempre est\u00e9 apoyado y c\u00f3modo.<\/p>\n<p>\u00bfPor qu\u00e9 elegir nuestra Almohada de Espuma Viscoel\u00e1stica en Forma de U?<\/p>\n<ol>\n<li>Dise\u00f1o ergon\u00f3mico en forma de U:<\/li>\n<\/ol>\n<ul>\n<li>Se adapta perfectamente a la curva natural de su cuello<\/li>\n<li>Libera la presi\u00f3n del cuello para un confort supremo<\/li>\n<\/ul>\n<ol start=\"2\">\n<li>Soporte de 360 grados:<\/li>\n<\/ol>\n<ul>\n<li>Acuna su cuello y mejillas inferiores<\/li>\n<li>Mejora la protecci\u00f3n de la columna cervical<\/li>\n<\/ul>\n<ol start=\"3\">\n<li>Cierre oculto ajustable:<\/li>\n<\/ol>\n<ul>\n<li>Se adapta a diferentes anchos de hombros y formas de cara<\/li>\n<li>Asegura un ajuste perfecto para todos<\/li>\n<\/ul>\n<ol start=\"4\">\n<li>Funda de tela de yoga premium:<\/li>\n<\/ol>\n<ul>\n<li>Suave, amigable con la piel y transpirable<\/li>\n<li>Mejora la experiencia de confort general<\/li>\n<\/ul>\n<ol start=\"5\">\n<li>N\u00facleo de espuma viscoel\u00e1stica de alta calidad:<\/li>\n<\/ol>\n<ul>\n<li>Recuperaci\u00f3n lenta para un soporte personalizado<\/li>\n<li>Mantiene su forma para un confort duradero<\/li>\n<\/ul>\n<p>Sugerencias de uso:<\/p>\n<ul>\n<li>\u00dasela durante viajes en avi\u00f3n para un mejor sue\u00f1o y reducir el desfase horario<\/li>\n<li>Apoye su cuello durante largos viajes en coche o tren<\/li>\n<li>Proporcione confort durante siestas r\u00e1pidas en la oficina<\/li>\n<li>\u00dasela en casa mientras lee o ve televisi\u00f3n para una relajaci\u00f3n mejorada<\/li>\n<\/ul>\n","protected":false},"excerpt":{"rendered":"<p>Almohada de Espuma Viscoel\u00e1stica en Forma de U: El nuevo mejor amigo de su cuello<\/p>\n<p>Experimente un soporte y confort para el cuello sin igual con nuestra innovadora Almohada de Espuma Viscoel\u00e1stica en Forma de U. Dise\u00f1ada para acunar su cuello y aliviar la presi\u00f3n, esta almohada es su boleto para un viaje y relajaci\u00f3n sin estr\u00e9s.<\/p>\n","protected":false},"featured_media":6360,"comment_status":"open","ping_status":"closed","template":"","meta":{"site-sidebar-layout":"default","site-content-layout":"","ast-site-content-layout":"default","site-content-style":"default","site-sidebar-style":"default","ast-global-header-display":"","ast-banner-title-visibility":"","ast-main-header-display":"","ast-hfb-above-header-display":"","ast-hfb-below-header-display":"","ast-hfb-mobile-header-display":"","site-post-title":"","ast-breadcrumbs-content":"","ast-featured-img":"","footer-sml-layout":"","theme-transparent-header-meta":"default","adv-header-id-meta":"","stick-header-meta":"","header-above-stick-meta":"","header-main-stick-meta":"","header-below-stick-meta":"","astra-migrate-meta-layouts":"set","ast-page-background-enabled":"default","ast-page-background-meta":{"desktop":{"background-color":"var(--ast-global-color-4)","background-image":"","background-repeat":"repeat","background-position":"center center","background-size":"auto","background-attachment":"scroll","background-type":"","background-media":"","overlay-type":"","overlay-color":"","overlay-opacity":"","overlay-gradient":""},"tablet":{"background-color":"","background-image":"","background-repeat":"repeat","background-position":"center center","background-size":"auto","background-attachment":"scroll","background-type":"","background-media":"","overlay-type":"","overlay-color":"","overlay-opacity":"","overlay-gradient":""},"mobile":{"background-color":"","background-image":"","background-repeat":"repeat","background-position":"center center","background-size":"auto","background-attachment":"scroll","background-type":"","background-media":"","overlay-type":"","overlay-color":"","overlay-opacity":"","overlay-gradient":""}},"ast-content-background-meta":{"desktop":{"background-color":"var(--ast-global-color-5)","background-image":"","background-repeat":"repeat","background-position":"center center","background-size":"auto","background-attachment":"scroll","background-type":"","background-media":"","overlay-type":"","overlay-color":"","overlay-opacity":"","overlay-gradient":""},"tablet":{"background-color":"var(--ast-global-color-5)","background-image":"","background-repeat":"repeat","background-position":"center center","background-size":"auto","background-attachment":"scroll","background-type":"","background-media":"","overlay-type":"","overlay-color":"","overlay-opacity":"","overlay-gradient":""},"mobile":{"background-color":"var(--ast-global-color-5)","background-image":"","background-repeat":"repeat","background-position":"center center","background-size":"auto","background-attachment":"scroll","background-type":"","background-media":"","overlay-type":"","overlay-color":"","overlay-opacity":"","overlay-gradient":""}}},"product_brand":[],"product_cat":[717,237],"product_tag":[235,238],"class_list":{"0":"post-7724","1":"product","2":"type-product","3":"status-publish","4":"has-post-thumbnail","6":"product_cat-travel-pillow-es","7":"product_cat-coleccion-de-almohadas","8":"product_tag-alivio-de-presion","9":"product_tag-almohada","10":"desktop-align-left","11":"tablet-align-left","12":"mobile-align-left","13":"ast-product-gallery-layout-horizontal-slider","14":"ast-product-single-variable","15":"ast-product-tabs-layout-horizontal","16":"ast-qv-on-image","18":"first","19":"instock","20":"shipping-taxable","21":"purchasable","22":"product-type-variable"},"aioseo_notices":[],"_links":{"self":[{"href":"https:\/\/www.aimycomfort.com\/store\/es\/wp-json\/wp\/v2\/product\/7724","targetHints":{"allow":["GET"]}}],"collection":[{"href":"https:\/\/www.aimycomfort.com\/store\/es\/wp-json\/wp\/v2\/product"}],"about":[{"href":"https:\/\/www.aimycomfort.com\/store\/es\/wp-json\/wp\/v2\/types\/product"}],"replies":[{"embeddable":true,"href":"https:\/\/www.aimycomfort.com\/store\/es\/wp-json\/wp\/v2\/comments?post=7724"}],"wp:featuredmedia":[{"embeddable":true,"href":"https:\/\/www.aimycomfort.com\/store\/es\/wp-json\/wp\/v2\/media\/6360"}],"wp:attachment":[{"href":"https:\/\/www.aimycomfort.com\/store\/es\/wp-json\/wp\/v2\/media?parent=7724"}],"wp:term":[{"taxonomy":"product_brand","embeddable":true,"href":"https:\/\/www.aimycomfort.com\/store\/es\/wp-json\/wp\/v2\/product_brand?post=7724"},{"taxonomy":"product_cat","embeddable":true,"href":"https:\/\/www.aimycomfort.com\/store\/es\/wp-json\/wp\/v2\/product_cat?post=7724"},{"taxonomy":"product_tag","embeddable":true,"href":"https:\/\/www.aimycomfort.com\/store\/es\/wp-json\/wp\/v2\/product_tag?post=7724"}],"curies":[{"name":"wp","href":"https:\/\/api.w.org\/{rel}","templated":true}]}}