{"id":7714,"date":"2024-08-08T10:27:23","date_gmt":"2024-08-08T10:27:23","guid":{"rendered":"https:\/\/www.aimycomfort.com\/store\/product\/almohada-de-soporte-para-el-embarazo-ultimate\/"},"modified":"2024-08-23T07:09:29","modified_gmt":"2024-08-23T07:09:29","slug":"almohada-de-soporte-para-el-embarazo-ultimate","status":"publish","type":"product","link":"https:\/\/www.aimycomfort.com\/store\/es\/producto\/almohada-de-soporte-para-el-embarazo-ultimate\/","title":{"rendered":"Almohada de Soporte para el Embarazo Ultimate"},"content":{"rendered":"<p>Nuestra Almohada de Soporte para el Embarazo no es solo una almohada &#8211; es su estaci\u00f3n personal de confort dise\u00f1ada para crecer con usted. Desde las molestias tempranas del embarazo hasta el soporte posparto, esta almohada se adapta a sus necesidades cambiantes, asegurando que siempre est\u00e9 c\u00f3moda y apoyada.<\/p>\n<p>Beneficios:<\/p>\n<ul>\n<li>Alivia el dolor y la incomodidad en la parte baja de la espalda<\/li>\n<li>Proporciona un soporte crucial para su vientre en crecimiento<\/li>\n<li>Mejora la calidad del sue\u00f1o durante el embarazo<\/li>\n<li>Ofrece soporte vers\u00e1til desde el embarazo hasta la lactancia<\/li>\n<li>Se adapta a las necesidades cambiantes de su cuerpo<\/li>\n<\/ul>\n<p>\u00bfPor qu\u00e9 elegir nuestra Almohada de Soporte para el Embarazo?<\/p>\n<ol>\n<li>Versatilidad inigualable: Una almohada, m\u00faltiples usos a lo largo de su viaje<\/li>\n<li>Materiales de calidad: Duraderos, c\u00f3modos y seguros para usted y su beb\u00e9<\/li>\n<li>Soporte personalizable: Correas ajustables para el ajuste perfecto en cada etapa<\/li>\n<li>Cuidado f\u00e1cil: Funda lavable a m\u00e1quina para una frescura duradera<\/li>\n<\/ol>\n","protected":false},"excerpt":{"rendered":"<p>Presentamos la Almohada de Soporte para el Embarazo Ultimate: Confort desde la Barriga hasta el Beb\u00e9<\/p>\n<p>Experimente un confort y soporte sin igual a lo largo de su viaje de embarazo con nuestra innovadora Almohada de Soporte para el Embarazo. Dise\u00f1ada para adaptarse a sus necesidades cambiantes, esta vers\u00e1til almohada es su compa\u00f1era perfecta desde el inicio del embarazo hasta la lactancia y m\u00e1s all\u00e1.<\/p>\n","protected":false},"featured_media":6531,"comment_status":"open","ping_status":"closed","template":"","meta":{"site-sidebar-layout":"default","site-content-layout":"","ast-site-content-layout":"default","site-content-style":"default","site-sidebar-style":"default","ast-global-header-display":"","ast-banner-title-visibility":"","ast-main-header-display":"","ast-hfb-above-header-display":"","ast-hfb-below-header-display":"","ast-hfb-mobile-header-display":"","site-post-title":"","ast-breadcrumbs-content":"","ast-featured-img":"","footer-sml-layout":"","theme-transparent-header-meta":"default","adv-header-id-meta":"","stick-header-meta":"","header-above-stick-meta":"","header-main-stick-meta":"","header-below-stick-meta":"","astra-migrate-meta-layouts":"set","ast-page-background-enabled":"default","ast-page-background-meta":{"desktop":{"background-color":"var(--ast-global-color-4)","background-image":"","background-repeat":"repeat","background-position":"center center","background-size":"auto","background-attachment":"scroll","background-type":"","background-media":"","overlay-type":"","overlay-color":"","overlay-opacity":"","overlay-gradient":""},"tablet":{"background-color":"","background-image":"","background-repeat":"repeat","background-position":"center center","background-size":"auto","background-attachment":"scroll","background-type":"","background-media":"","overlay-type":"","overlay-color":"","overlay-opacity":"","overlay-gradient":""},"mobile":{"background-color":"","background-image":"","background-repeat":"repeat","background-position":"center center","background-size":"auto","background-attachment":"scroll","background-type":"","background-media":"","overlay-type":"","overlay-color":"","overlay-opacity":"","overlay-gradient":""}},"ast-content-background-meta":{"desktop":{"background-color":"var(--ast-global-color-5)","background-image":"","background-repeat":"repeat","background-position":"center center","background-size":"auto","background-attachment":"scroll","background-type":"","background-media":"","overlay-type":"","overlay-color":"","overlay-opacity":"","overlay-gradient":""},"tablet":{"background-color":"var(--ast-global-color-5)","background-image":"","background-repeat":"repeat","background-position":"center center","background-size":"auto","background-attachment":"scroll","background-type":"","background-media":"","overlay-type":"","overlay-color":"","overlay-opacity":"","overlay-gradient":""},"mobile":{"background-color":"var(--ast-global-color-5)","background-image":"","background-repeat":"repeat","background-position":"center center","background-size":"auto","background-attachment":"scroll","background-type":"","background-media":"","overlay-type":"","overlay-color":"","overlay-opacity":"","overlay-gradient":""}}},"product_brand":[],"product_cat":[730,237],"product_tag":[235,238],"class_list":{"0":"post-7714","1":"product","2":"type-product","3":"status-publish","4":"has-post-thumbnail","6":"product_cat-pregnancy-pillow-es","7":"product_cat-coleccion-de-almohadas","8":"product_tag-alivio-de-presion","9":"product_tag-almohada","10":"desktop-align-left","11":"tablet-align-left","12":"mobile-align-left","13":"ast-product-gallery-layout-horizontal-slider","14":"ast-product-single-variable","15":"ast-product-tabs-layout-horizontal","16":"ast-qv-on-image","18":"first","19":"instock","20":"shipping-taxable","21":"purchasable","22":"product-type-variable"},"aioseo_notices":[],"_links":{"self":[{"href":"https:\/\/www.aimycomfort.com\/store\/es\/wp-json\/wp\/v2\/product\/7714","targetHints":{"allow":["GET"]}}],"collection":[{"href":"https:\/\/www.aimycomfort.com\/store\/es\/wp-json\/wp\/v2\/product"}],"about":[{"href":"https:\/\/www.aimycomfort.com\/store\/es\/wp-json\/wp\/v2\/types\/product"}],"replies":[{"embeddable":true,"href":"https:\/\/www.aimycomfort.com\/store\/es\/wp-json\/wp\/v2\/comments?post=7714"}],"wp:featuredmedia":[{"embeddable":true,"href":"https:\/\/www.aimycomfort.com\/store\/es\/wp-json\/wp\/v2\/media\/6531"}],"wp:attachment":[{"href":"https:\/\/www.aimycomfort.com\/store\/es\/wp-json\/wp\/v2\/media?parent=7714"}],"wp:term":[{"taxonomy":"product_brand","embeddable":true,"href":"https:\/\/www.aimycomfort.com\/store\/es\/wp-json\/wp\/v2\/product_brand?post=7714"},{"taxonomy":"product_cat","embeddable":true,"href":"https:\/\/www.aimycomfort.com\/store\/es\/wp-json\/wp\/v2\/product_cat?post=7714"},{"taxonomy":"product_tag","embeddable":true,"href":"https:\/\/www.aimycomfort.com\/store\/es\/wp-json\/wp\/v2\/product_tag?post=7714"}],"curies":[{"name":"wp","href":"https:\/\/api.w.org\/{rel}","templated":true}]}}