{"id":7604,"date":"2024-08-09T02:10:00","date_gmt":"2024-08-09T02:10:00","guid":{"rendered":"https:\/\/www.aimycomfort.com\/store\/product\/cojin-de-asiento-de-espuma-viscoelastica-con-confort-como-en-las-nubes\/"},"modified":"2024-08-23T07:08:15","modified_gmt":"2024-08-23T07:08:15","slug":"cojin-de-asiento-de-espuma-viscoelastica-con-confort-como-en-las-nubes","status":"publish","type":"product","link":"https:\/\/www.aimycomfort.com\/store\/es\/producto\/cojin-de-asiento-de-espuma-viscoelastica-con-confort-como-en-las-nubes\/","title":{"rendered":"Coj\u00edn de Asiento de Espuma Viscoel\u00e1stica con Confort como en las Nubes"},"content":{"rendered":"<p>Nuestro Coj\u00edn de Asiento de Espuma Viscoel\u00e1stica con Confort como en las Nubes no es solo un coj\u00edn &#8211; es su oasis personal de confort. Ya sea que est\u00e9 trabajando largas horas en casa, soportando largas reuniones en la oficina, o simplemente relaj\u00e1ndose en su silla favorita, este coj\u00edn asegura que siempre est\u00e9 sentado en una nube.<\/p>\n<p>Beneficios:<\/p>\n<ul>\n<li>Alivia el dolor en la parte baja de la espalda y el coxis<\/li>\n<li>Mejora la postura y reduce la fatiga al estar sentado<\/li>\n<li>Aumenta la comodidad durante per\u00edodos prolongados de estar sentado<\/li>\n<li>Se adapta a la forma de su cuerpo para un soporte personalizado<\/li>\n<li>A\u00f1ade confort a asientos duros e inc\u00f3modos<\/li>\n<\/ul>\n<p>\u00bfPor qu\u00e9 elegir nuestro Coj\u00edn de Asiento de Espuma Viscoel\u00e1stica con Confort como en las Nubes?<\/p>\n<ol>\n<li>Materiales superiores: Espuma viscoel\u00e1stica de alta calidad y tela de terciopelo alemana<\/li>\n<li>Dise\u00f1o pensado: Caracter\u00edsticas ergon\u00f3micas para una distribuci\u00f3n \u00f3ptima de la presi\u00f3n<\/li>\n<li>Uso vers\u00e1til: Se adapta a la mayor\u00eda de las sillas y superficies de asiento<\/li>\n<li>F\u00e1cil mantenimiento: Funda extra\u00edble y lavable para una frescura duradera<\/li>\n<li>Atractivo est\u00e9tico: Dise\u00f1o elegante que complementa cualquier decoraci\u00f3n<\/li>\n<\/ol>\n","protected":false},"excerpt":{"rendered":"<div class=\" flex-1 overflow-hidden \">\n<div class=\"react-scroll-to-bottom--css-ieuyu-79elbk h-full relative\">\n<div class=\"react-scroll-to-bottom--css-ieuyu-1n7m0yu w-full h-full overflow-y-auto messages-container\">\n<div class=\" px-[0] py-[20px] \">\n<div class=\" \">\n<div class=\" \">\n<div class=\" text-[16px] text-darkcolor py-[2px] transition-all duration-300 sm:pr-[50px] xl:pr-[1px] \">\n<div class=\"ConvoChatOne_chatContent__Sm5jB group relative [@media(max-width:1250px)]:max-w-[700px] max-w-[800px] mx-auto flex gap-[9px] px-[60px] [@media(max-width:1250px)]:px-[10px] rounded-xl py-[8px] \">\n<div class=\" flex-1 relative \">\n<div class=\"flex-1 relative \">\n<div class=\" relative ml-[2px] -mt-[4px] \">\n<div class=\"prose dark:prose-invert \">\n<p>Coj\u00edn de Asiento de Espuma Viscoel\u00e1stica con Confort como en las Nubes: Si\u00e9ntese m\u00e1s tiempo, si\u00e9ntase mejor<\/p>\n<p>Experimente el m\u00e1ximo confort al sentarse con nuestro innovador Coj\u00edn de Asiento de Espuma Viscoel\u00e1stica de una sola pieza. Dise\u00f1ado para distribuir la presi\u00f3n de manera uniforme y proporcionar un soporte duradero, este coj\u00edn transforma cualquier asiento en un refugio de confort, permiti\u00e9ndole sentarse por per\u00edodos prolongados sin incomodidad ni fatiga.<\/p>\n<\/div>\n<\/div>\n<\/div>\n<\/div>\n<\/div>\n<\/div>\n<\/div>\n<\/div>\n<\/div>\n<\/div>\n<\/div>\n<\/div>\n","protected":false},"featured_media":6603,"comment_status":"open","ping_status":"closed","template":"","meta":{"site-sidebar-layout":"default","site-content-layout":"","ast-site-content-layout":"default","site-content-style":"default","site-sidebar-style":"default","ast-global-header-display":"","ast-banner-title-visibility":"","ast-main-header-display":"","ast-hfb-above-header-display":"","ast-hfb-below-header-display":"","ast-hfb-mobile-header-display":"","site-post-title":"","ast-breadcrumbs-content":"","ast-featured-img":"","footer-sml-layout":"","theme-transparent-header-meta":"default","adv-header-id-meta":"","stick-header-meta":"","header-above-stick-meta":"","header-main-stick-meta":"","header-below-stick-meta":"","astra-migrate-meta-layouts":"set","ast-page-background-enabled":"default","ast-page-background-meta":{"desktop":{"background-color":"var(--ast-global-color-4)","background-image":"","background-repeat":"repeat","background-position":"center center","background-size":"auto","background-attachment":"scroll","background-type":"","background-media":"","overlay-type":"","overlay-color":"","overlay-opacity":"","overlay-gradient":""},"tablet":{"background-color":"","background-image":"","background-repeat":"repeat","background-position":"center center","background-size":"auto","background-attachment":"scroll","background-type":"","background-media":"","overlay-type":"","overlay-color":"","overlay-opacity":"","overlay-gradient":""},"mobile":{"background-color":"","background-image":"","background-repeat":"repeat","background-position":"center center","background-size":"auto","background-attachment":"scroll","background-type":"","background-media":"","overlay-type":"","overlay-color":"","overlay-opacity":"","overlay-gradient":""}},"ast-content-background-meta":{"desktop":{"background-color":"var(--ast-global-color-5)","background-image":"","background-repeat":"repeat","background-position":"center center","background-size":"auto","background-attachment":"scroll","background-type":"","background-media":"","overlay-type":"","overlay-color":"","overlay-opacity":"","overlay-gradient":""},"tablet":{"background-color":"var(--ast-global-color-5)","background-image":"","background-repeat":"repeat","background-position":"center center","background-size":"auto","background-attachment":"scroll","background-type":"","background-media":"","overlay-type":"","overlay-color":"","overlay-opacity":"","overlay-gradient":""},"mobile":{"background-color":"var(--ast-global-color-5)","background-image":"","background-repeat":"repeat","background-position":"center center","background-size":"auto","background-attachment":"scroll","background-type":"","background-media":"","overlay-type":"","overlay-color":"","overlay-opacity":"","overlay-gradient":""}}},"product_brand":[],"product_cat":[317],"product_tag":[235,318],"class_list":{"0":"post-7604","1":"product","2":"type-product","3":"status-publish","4":"has-post-thumbnail","6":"product_cat-cojin","7":"product_tag-alivio-de-presion","8":"product_tag-cojin","9":"desktop-align-left","10":"tablet-align-left","11":"mobile-align-left","12":"ast-product-gallery-layout-horizontal-slider","13":"ast-product-single-variable","14":"ast-product-tabs-layout-horizontal","15":"ast-qv-on-image","17":"first","18":"instock","19":"shipping-taxable","20":"purchasable","21":"product-type-variable"},"aioseo_notices":[],"_links":{"self":[{"href":"https:\/\/www.aimycomfort.com\/store\/es\/wp-json\/wp\/v2\/product\/7604","targetHints":{"allow":["GET"]}}],"collection":[{"href":"https:\/\/www.aimycomfort.com\/store\/es\/wp-json\/wp\/v2\/product"}],"about":[{"href":"https:\/\/www.aimycomfort.com\/store\/es\/wp-json\/wp\/v2\/types\/product"}],"replies":[{"embeddable":true,"href":"https:\/\/www.aimycomfort.com\/store\/es\/wp-json\/wp\/v2\/comments?post=7604"}],"wp:featuredmedia":[{"embeddable":true,"href":"https:\/\/www.aimycomfort.com\/store\/es\/wp-json\/wp\/v2\/media\/6603"}],"wp:attachment":[{"href":"https:\/\/www.aimycomfort.com\/store\/es\/wp-json\/wp\/v2\/media?parent=7604"}],"wp:term":[{"taxonomy":"product_brand","embeddable":true,"href":"https:\/\/www.aimycomfort.com\/store\/es\/wp-json\/wp\/v2\/product_brand?post=7604"},{"taxonomy":"product_cat","embeddable":true,"href":"https:\/\/www.aimycomfort.com\/store\/es\/wp-json\/wp\/v2\/product_cat?post=7604"},{"taxonomy":"product_tag","embeddable":true,"href":"https:\/\/www.aimycomfort.com\/store\/es\/wp-json\/wp\/v2\/product_tag?post=7604"}],"curies":[{"name":"wp","href":"https:\/\/api.w.org\/{rel}","templated":true}]}}