{"id":7457,"date":"2024-08-09T08:22:28","date_gmt":"2024-08-09T08:22:28","guid":{"rendered":"https:\/\/www.aimycomfort.com\/store\/product\/cojin-ultimate-para-el-cuidado-de-la-columna-al-conducir\/"},"modified":"2024-08-09T08:22:28","modified_gmt":"2024-08-09T08:22:28","slug":"cojin-ultimate-para-el-cuidado-de-la-columna-al-conducir","status":"publish","type":"product","link":"https:\/\/www.aimycomfort.com\/store\/es\/producto\/cojin-ultimate-para-el-cuidado-de-la-columna-al-conducir\/","title":{"rendered":"Coj\u00edn Ultimate para el Cuidado de la Columna al Conducir"},"content":{"rendered":"<p>Nuestro Coj\u00edn para el Cuidado de la Columna al Conducir no es solo un coj\u00edn &#8211; es su compa\u00f1ero personal de confort para cualquier actividad sentada. Ya sea que se embarque en un viaje largo, trabaje en su escritorio o se relaje en casa, este coj\u00edn asegura que siempre est\u00e9 sentado con un confort y soporte \u00f3ptimos.<\/p>\n<p>Beneficios:<\/p>\n<ul>\n<li>Alivia el dolor de espalda y la fatiga durante viajes largos<\/li>\n<li>Mejora la postura y la alineaci\u00f3n de la columna<\/li>\n<li>Aumenta el confort general al sentarse en varios entornos<\/li>\n<li>Proporciona soporte espec\u00edfico a puntos de presi\u00f3n clave<\/li>\n<li>Se adapta a su cuerpo para un confort personalizado<\/li>\n<\/ul>\n<p>\u00bfPor qu\u00e9 elegir nuestro Coj\u00edn para el Cuidado de la Columna al Conducir?<\/p>\n<ol>\n<li>Soporte integral: Aborda el confort tanto de la espalda alta como baja<\/li>\n<li>Materiales de calidad: Espuma viscoel\u00e1stica premium y dise\u00f1o ecol\u00f3gico<\/li>\n<li>Uso vers\u00e1til: Adecuado para entornos de coche, oficina y hogar<\/li>\n<li>Dise\u00f1o pensado: Incorpora principios de la terapia tradicional de puntos de presi\u00f3n<\/li>\n<\/ol>\n","protected":false},"excerpt":{"rendered":"<p>Confort para cada kil\u00f3metro<\/p>\n<p>Experimente un confort y soporte sin igual con nuestro innovador Coj\u00edn para el Cuidado de la Columna al Conducir. Dise\u00f1ado con materiales ecol\u00f3gicos y principios ergon\u00f3micos, este coj\u00edn asegura un viaje sin fatiga, sin importar cu\u00e1n largo sea el trayecto.<\/p>\n","protected":false},"featured_media":6459,"comment_status":"open","ping_status":"closed","template":"","meta":{"site-sidebar-layout":"default","site-content-layout":"","ast-site-content-layout":"default","site-content-style":"default","site-sidebar-style":"default","ast-global-header-display":"","ast-banner-title-visibility":"","ast-main-header-display":"","ast-hfb-above-header-display":"","ast-hfb-below-header-display":"","ast-hfb-mobile-header-display":"","site-post-title":"","ast-breadcrumbs-content":"","ast-featured-img":"","footer-sml-layout":"","theme-transparent-header-meta":"default","adv-header-id-meta":"","stick-header-meta":"","header-above-stick-meta":"","header-main-stick-meta":"","header-below-stick-meta":"","astra-migrate-meta-layouts":"default","ast-page-background-enabled":"default","ast-page-background-meta":{"desktop":{"background-color":"var(--ast-global-color-4)","background-image":"","background-repeat":"repeat","background-position":"center center","background-size":"auto","background-attachment":"scroll","background-type":"","background-media":"","overlay-type":"","overlay-color":"","overlay-opacity":"","overlay-gradient":""},"tablet":{"background-color":"","background-image":"","background-repeat":"repeat","background-position":"center center","background-size":"auto","background-attachment":"scroll","background-type":"","background-media":"","overlay-type":"","overlay-color":"","overlay-opacity":"","overlay-gradient":""},"mobile":{"background-color":"","background-image":"","background-repeat":"repeat","background-position":"center center","background-size":"auto","background-attachment":"scroll","background-type":"","background-media":"","overlay-type":"","overlay-color":"","overlay-opacity":"","overlay-gradient":""}},"ast-content-background-meta":{"desktop":{"background-color":"var(--ast-global-color-5)","background-image":"","background-repeat":"repeat","background-position":"center center","background-size":"auto","background-attachment":"scroll","background-type":"","background-media":"","overlay-type":"","overlay-color":"","overlay-opacity":"","overlay-gradient":""},"tablet":{"background-color":"var(--ast-global-color-5)","background-image":"","background-repeat":"repeat","background-position":"center center","background-size":"auto","background-attachment":"scroll","background-type":"","background-media":"","overlay-type":"","overlay-color":"","overlay-opacity":"","overlay-gradient":""},"mobile":{"background-color":"var(--ast-global-color-5)","background-image":"","background-repeat":"repeat","background-position":"center center","background-size":"auto","background-attachment":"scroll","background-type":"","background-media":"","overlay-type":"","overlay-color":"","overlay-opacity":"","overlay-gradient":""}}},"product_brand":[],"product_cat":[134],"product_tag":[235],"class_list":{"0":"post-7457","1":"product","2":"type-product","3":"status-publish","4":"has-post-thumbnail","6":"product_cat-apoyo-lumbar","7":"product_tag-alivio-de-presion","8":"desktop-align-left","9":"tablet-align-left","10":"mobile-align-left","11":"ast-product-gallery-layout-horizontal-slider","12":"ast-product-single-variable","13":"ast-product-tabs-layout-horizontal","14":"ast-qv-on-image","16":"first","17":"instock","18":"shipping-taxable","19":"purchasable","20":"product-type-variable"},"aioseo_notices":[],"_links":{"self":[{"href":"https:\/\/www.aimycomfort.com\/store\/es\/wp-json\/wp\/v2\/product\/7457","targetHints":{"allow":["GET"]}}],"collection":[{"href":"https:\/\/www.aimycomfort.com\/store\/es\/wp-json\/wp\/v2\/product"}],"about":[{"href":"https:\/\/www.aimycomfort.com\/store\/es\/wp-json\/wp\/v2\/types\/product"}],"replies":[{"embeddable":true,"href":"https:\/\/www.aimycomfort.com\/store\/es\/wp-json\/wp\/v2\/comments?post=7457"}],"wp:featuredmedia":[{"embeddable":true,"href":"https:\/\/www.aimycomfort.com\/store\/es\/wp-json\/wp\/v2\/media\/6459"}],"wp:attachment":[{"href":"https:\/\/www.aimycomfort.com\/store\/es\/wp-json\/wp\/v2\/media?parent=7457"}],"wp:term":[{"taxonomy":"product_brand","embeddable":true,"href":"https:\/\/www.aimycomfort.com\/store\/es\/wp-json\/wp\/v2\/product_brand?post=7457"},{"taxonomy":"product_cat","embeddable":true,"href":"https:\/\/www.aimycomfort.com\/store\/es\/wp-json\/wp\/v2\/product_cat?post=7457"},{"taxonomy":"product_tag","embeddable":true,"href":"https:\/\/www.aimycomfort.com\/store\/es\/wp-json\/wp\/v2\/product_tag?post=7457"}],"curies":[{"name":"wp","href":"https:\/\/api.w.org\/{rel}","templated":true}]}}