{"id":7326,"date":"2024-08-09T08:35:22","date_gmt":"2024-08-09T08:35:22","guid":{"rendered":"https:\/\/www.aimycomfort.com\/store\/product\/set-de-confort-ultimate-de-espuma-viscoelastica-para-coche\/"},"modified":"2024-08-23T06:59:32","modified_gmt":"2024-08-23T06:59:32","slug":"set-de-confort-ultimate-de-espuma-viscoelastica-para-coche","status":"publish","type":"product","link":"https:\/\/www.aimycomfort.com\/store\/es\/producto\/set-de-confort-ultimate-de-espuma-viscoelastica-para-coche\/","title":{"rendered":"Set de Confort Ultimate de Espuma Viscoel\u00e1stica para Coche"},"content":{"rendered":"<p>Nuestro Set de Confort de Espuma Viscoel\u00e1stica para Coche no es solo un accesorio &#8211; es su estaci\u00f3n de confort personal sobre ruedas. Ya sea que est\u00e9 enfrentando el trayecto diario al trabajo o embarc\u00e1ndose en una aventura a trav\u00e9s del pa\u00eds, este set asegura que usted y sus pasajeros siempre viajen con supremo confort y estilo.<\/p>\n<p>Beneficios:<\/p>\n<ul>\n<li>Alivia el dolor de cuello y espalda baja durante viajes largos<\/li>\n<li>Mejora la postura y reduce la fatiga del conductor<\/li>\n<li>Aumenta el confort general de conducci\u00f3n para todos los pasajeros<\/li>\n<li>Se adapta a su cuerpo para un soporte personalizado<\/li>\n<li>Se mantiene firmemente en su lugar con un dise\u00f1o estrat\u00e9gico y sujeciones<\/li>\n<\/ul>\n<p>\u00bfPor qu\u00e9 elegir nuestro Set de Confort de Espuma Viscoel\u00e1stica para Coche?<\/p>\n<ol>\n<li>Soporte integral: Aborda el confort tanto del cuello como de la espalda baja<\/li>\n<li>Materiales de calidad: Espuma viscoel\u00e1stica premium termosensible<\/li>\n<li>Dise\u00f1o pensado: Caracter\u00edsticas ergon\u00f3micas basadas en la mec\u00e1nica del cuerpo humano<\/li>\n<li>Uso vers\u00e1til: Adecuado para varias posiciones de asiento y todos los pasajeros del coche<\/li>\n<\/ol>\n","protected":false},"excerpt":{"rendered":"<p>Soporte para cuello y lumbar para una conducci\u00f3n sin fatiga<\/p>\n<p>Experimente un nuevo nivel de confort al conducir con nuestro innovador Set de Confort de Espuma Viscoel\u00e1stica para Coche. Dise\u00f1ado para apoyar su cuello y espalda baja simult\u00e1neamente, este set asegura que llegue a su destino sinti\u00e9ndose renovado y sin dolor, sin importar cu\u00e1n largo sea el viaje.<\/p>\n","protected":false},"featured_media":6450,"comment_status":"open","ping_status":"closed","template":"","meta":{"site-sidebar-layout":"default","site-content-layout":"","ast-site-content-layout":"default","site-content-style":"default","site-sidebar-style":"default","ast-global-header-display":"","ast-banner-title-visibility":"","ast-main-header-display":"","ast-hfb-above-header-display":"","ast-hfb-below-header-display":"","ast-hfb-mobile-header-display":"","site-post-title":"","ast-breadcrumbs-content":"","ast-featured-img":"","footer-sml-layout":"","theme-transparent-header-meta":"default","adv-header-id-meta":"","stick-header-meta":"","header-above-stick-meta":"","header-main-stick-meta":"","header-below-stick-meta":"","astra-migrate-meta-layouts":"set","ast-page-background-enabled":"default","ast-page-background-meta":{"desktop":{"background-color":"var(--ast-global-color-4)","background-image":"","background-repeat":"repeat","background-position":"center center","background-size":"auto","background-attachment":"scroll","background-type":"","background-media":"","overlay-type":"","overlay-color":"","overlay-opacity":"","overlay-gradient":""},"tablet":{"background-color":"","background-image":"","background-repeat":"repeat","background-position":"center center","background-size":"auto","background-attachment":"scroll","background-type":"","background-media":"","overlay-type":"","overlay-color":"","overlay-opacity":"","overlay-gradient":""},"mobile":{"background-color":"","background-image":"","background-repeat":"repeat","background-position":"center center","background-size":"auto","background-attachment":"scroll","background-type":"","background-media":"","overlay-type":"","overlay-color":"","overlay-opacity":"","overlay-gradient":""}},"ast-content-background-meta":{"desktop":{"background-color":"var(--ast-global-color-5)","background-image":"","background-repeat":"repeat","background-position":"center center","background-size":"auto","background-attachment":"scroll","background-type":"","background-media":"","overlay-type":"","overlay-color":"","overlay-opacity":"","overlay-gradient":""},"tablet":{"background-color":"var(--ast-global-color-5)","background-image":"","background-repeat":"repeat","background-position":"center center","background-size":"auto","background-attachment":"scroll","background-type":"","background-media":"","overlay-type":"","overlay-color":"","overlay-opacity":"","overlay-gradient":""},"mobile":{"background-color":"var(--ast-global-color-5)","background-image":"","background-repeat":"repeat","background-position":"center center","background-size":"auto","background-attachment":"scroll","background-type":"","background-media":"","overlay-type":"","overlay-color":"","overlay-opacity":"","overlay-gradient":""}}},"product_brand":[],"product_cat":[134],"product_tag":[235,236],"class_list":{"0":"post-7326","1":"product","2":"type-product","3":"status-publish","4":"has-post-thumbnail","6":"product_cat-apoyo-lumbar","7":"product_tag-alivio-de-presion","8":"product_tag-soporte-lumbar","9":"desktop-align-left","10":"tablet-align-left","11":"mobile-align-left","12":"ast-product-gallery-layout-horizontal-slider","13":"ast-product-single-variable","14":"ast-product-tabs-layout-horizontal","15":"ast-qv-on-image","17":"first","18":"instock","19":"shipping-taxable","20":"purchasable","21":"product-type-variable"},"aioseo_notices":[],"_links":{"self":[{"href":"https:\/\/www.aimycomfort.com\/store\/es\/wp-json\/wp\/v2\/product\/7326","targetHints":{"allow":["GET"]}}],"collection":[{"href":"https:\/\/www.aimycomfort.com\/store\/es\/wp-json\/wp\/v2\/product"}],"about":[{"href":"https:\/\/www.aimycomfort.com\/store\/es\/wp-json\/wp\/v2\/types\/product"}],"replies":[{"embeddable":true,"href":"https:\/\/www.aimycomfort.com\/store\/es\/wp-json\/wp\/v2\/comments?post=7326"}],"wp:featuredmedia":[{"embeddable":true,"href":"https:\/\/www.aimycomfort.com\/store\/es\/wp-json\/wp\/v2\/media\/6450"}],"wp:attachment":[{"href":"https:\/\/www.aimycomfort.com\/store\/es\/wp-json\/wp\/v2\/media?parent=7326"}],"wp:term":[{"taxonomy":"product_brand","embeddable":true,"href":"https:\/\/www.aimycomfort.com\/store\/es\/wp-json\/wp\/v2\/product_brand?post=7326"},{"taxonomy":"product_cat","embeddable":true,"href":"https:\/\/www.aimycomfort.com\/store\/es\/wp-json\/wp\/v2\/product_cat?post=7326"},{"taxonomy":"product_tag","embeddable":true,"href":"https:\/\/www.aimycomfort.com\/store\/es\/wp-json\/wp\/v2\/product_tag?post=7326"}],"curies":[{"name":"wp","href":"https:\/\/api.w.org\/{rel}","templated":true}]}}