{"id":7315,"date":"2024-08-09T08:44:48","date_gmt":"2024-08-09T08:44:48","guid":{"rendered":"https:\/\/www.aimycomfort.com\/store\/product\/soporte-lumbar-de-espuma-viscoelastica-ultimate-para-coche\/"},"modified":"2024-08-23T06:58:17","modified_gmt":"2024-08-23T06:58:17","slug":"soporte-lumbar-de-espuma-viscoelastica-ultimate-para-coche","status":"publish","type":"product","link":"https:\/\/www.aimycomfort.com\/store\/es\/producto\/soporte-lumbar-de-espuma-viscoelastica-ultimate-para-coche\/","title":{"rendered":"Soporte Lumbar de Espuma Viscoel\u00e1stica Ultimate para Coche"},"content":{"rendered":"<p>Nuestro Soporte Lumbar de Espuma Viscoel\u00e1stica para Coche no es solo un accesorio &#8211; es su especialista personal en cuidado de la espalda sobre ruedas. Ya sea que est\u00e9 enfrentando el trayecto diario al trabajo o embarc\u00e1ndose en una aventura a trav\u00e9s del pa\u00eds, este soporte lumbar asegura que siempre est\u00e9 conduciendo con un confort \u00f3ptimo y un soporte adecuado para la espalda.<\/p>\n<p>Beneficios:<\/p>\n<ul>\n<li>Alivia el dolor y la fatiga en la parte baja de la espalda durante viajes largos<\/li>\n<li>Mejora la postura y la alineaci\u00f3n de la columna<\/li>\n<li>Aumenta el confort general al conducir<\/li>\n<li>Proporciona un soporte personalizado que se adapta a su cuerpo<\/li>\n<li>Promueve una mejor circulaci\u00f3n de aire para un viaje fresco y c\u00f3modo<\/li>\n<\/ul>\n<p>\u00bfPor qu\u00e9 elegir nuestro Soporte Lumbar de Espuma Viscoel\u00e1stica para Coche?<\/p>\n<ol>\n<li>Tecnolog\u00eda avanzada: Sistema neum\u00e1tico para un alivio \u00f3ptimo de la presi\u00f3n<\/li>\n<li>Materiales de calidad: Espuma viscoel\u00e1stica premium y telas cuidadosamente seleccionadas<\/li>\n<li>Dise\u00f1o pensado: Caracter\u00edsticas ergon\u00f3micas basadas en la mec\u00e1nica del cuerpo humano<\/li>\n<li>F\u00e1cil mantenimiento: Funda extra\u00edble y lavable para una frescura duradera<\/li>\n<li>Uso vers\u00e1til: Adecuado para varios tipos de veh\u00edculos y dise\u00f1os de asientos<\/li>\n<\/ol>\n","protected":false},"excerpt":{"rendered":"<p>Su experto personal en cuidado de la espalda<\/p>\n<p>Experimente un confort y soporte sin igual con nuestro innovador Soporte Lumbar de Espuma Viscoel\u00e1stica para Coche. Dise\u00f1ado con tecnolog\u00eda de vanguardia y principios ergon\u00f3micos, este soporte lumbar asegura un viaje c\u00f3modo y libre de dolor, sin importar cu\u00e1n largo sea el trayecto.<\/p>\n","protected":false},"featured_media":6477,"comment_status":"open","ping_status":"closed","template":"","meta":{"site-sidebar-layout":"default","site-content-layout":"","ast-site-content-layout":"default","site-content-style":"default","site-sidebar-style":"default","ast-global-header-display":"","ast-banner-title-visibility":"","ast-main-header-display":"","ast-hfb-above-header-display":"","ast-hfb-below-header-display":"","ast-hfb-mobile-header-display":"","site-post-title":"","ast-breadcrumbs-content":"","ast-featured-img":"","footer-sml-layout":"","theme-transparent-header-meta":"default","adv-header-id-meta":"","stick-header-meta":"","header-above-stick-meta":"","header-main-stick-meta":"","header-below-stick-meta":"","astra-migrate-meta-layouts":"set","ast-page-background-enabled":"default","ast-page-background-meta":{"desktop":{"background-color":"var(--ast-global-color-4)","background-image":"","background-repeat":"repeat","background-position":"center center","background-size":"auto","background-attachment":"scroll","background-type":"","background-media":"","overlay-type":"","overlay-color":"","overlay-opacity":"","overlay-gradient":""},"tablet":{"background-color":"","background-image":"","background-repeat":"repeat","background-position":"center center","background-size":"auto","background-attachment":"scroll","background-type":"","background-media":"","overlay-type":"","overlay-color":"","overlay-opacity":"","overlay-gradient":""},"mobile":{"background-color":"","background-image":"","background-repeat":"repeat","background-position":"center center","background-size":"auto","background-attachment":"scroll","background-type":"","background-media":"","overlay-type":"","overlay-color":"","overlay-opacity":"","overlay-gradient":""}},"ast-content-background-meta":{"desktop":{"background-color":"var(--ast-global-color-5)","background-image":"","background-repeat":"repeat","background-position":"center center","background-size":"auto","background-attachment":"scroll","background-type":"","background-media":"","overlay-type":"","overlay-color":"","overlay-opacity":"","overlay-gradient":""},"tablet":{"background-color":"var(--ast-global-color-5)","background-image":"","background-repeat":"repeat","background-position":"center center","background-size":"auto","background-attachment":"scroll","background-type":"","background-media":"","overlay-type":"","overlay-color":"","overlay-opacity":"","overlay-gradient":""},"mobile":{"background-color":"var(--ast-global-color-5)","background-image":"","background-repeat":"repeat","background-position":"center center","background-size":"auto","background-attachment":"scroll","background-type":"","background-media":"","overlay-type":"","overlay-color":"","overlay-opacity":"","overlay-gradient":""}}},"product_brand":[],"product_cat":[134],"product_tag":[235,236],"class_list":{"0":"post-7315","1":"product","2":"type-product","3":"status-publish","4":"has-post-thumbnail","6":"product_cat-apoyo-lumbar","7":"product_tag-alivio-de-presion","8":"product_tag-soporte-lumbar","9":"desktop-align-left","10":"tablet-align-left","11":"mobile-align-left","12":"ast-product-gallery-layout-horizontal-slider","13":"ast-product-tabs-layout-horizontal","14":"ast-qv-on-image","16":"first","17":"instock","18":"shipping-taxable","19":"purchasable","20":"product-type-simple"},"aioseo_notices":[],"_links":{"self":[{"href":"https:\/\/www.aimycomfort.com\/store\/es\/wp-json\/wp\/v2\/product\/7315","targetHints":{"allow":["GET"]}}],"collection":[{"href":"https:\/\/www.aimycomfort.com\/store\/es\/wp-json\/wp\/v2\/product"}],"about":[{"href":"https:\/\/www.aimycomfort.com\/store\/es\/wp-json\/wp\/v2\/types\/product"}],"replies":[{"embeddable":true,"href":"https:\/\/www.aimycomfort.com\/store\/es\/wp-json\/wp\/v2\/comments?post=7315"}],"wp:featuredmedia":[{"embeddable":true,"href":"https:\/\/www.aimycomfort.com\/store\/es\/wp-json\/wp\/v2\/media\/6477"}],"wp:attachment":[{"href":"https:\/\/www.aimycomfort.com\/store\/es\/wp-json\/wp\/v2\/media?parent=7315"}],"wp:term":[{"taxonomy":"product_brand","embeddable":true,"href":"https:\/\/www.aimycomfort.com\/store\/es\/wp-json\/wp\/v2\/product_brand?post=7315"},{"taxonomy":"product_cat","embeddable":true,"href":"https:\/\/www.aimycomfort.com\/store\/es\/wp-json\/wp\/v2\/product_cat?post=7315"},{"taxonomy":"product_tag","embeddable":true,"href":"https:\/\/www.aimycomfort.com\/store\/es\/wp-json\/wp\/v2\/product_tag?post=7315"}],"curies":[{"name":"wp","href":"https:\/\/api.w.org\/{rel}","templated":true}]}}