{"id":7296,"date":"2024-08-09T09:00:15","date_gmt":"2024-08-09T09:00:15","guid":{"rendered":"https:\/\/www.aimycomfort.com\/store\/product\/respaldo-de-cabecera-multifuncional-4-en-1\/"},"modified":"2024-08-23T06:57:04","modified_gmt":"2024-08-23T06:57:04","slug":"respaldo-de-cabecera-multifuncional-4-en-1","status":"publish","type":"product","link":"https:\/\/www.aimycomfort.com\/store\/es\/producto\/respaldo-de-cabecera-multifuncional-4-en-1\/","title":{"rendered":"Respaldo de Cabecera Multifuncional 4 en 1"},"content":{"rendered":"<p>Ya sea que est\u00e9 leyendo, viendo televisi\u00f3n, trabajando o simplemente relaj\u00e1ndose, nuestro Respaldo de Cama Multifuncional se adapta a sus necesidades. Experimente la mezcla perfecta de soporte y comodidad.<\/p>\n<p>Caracter\u00edsticas principales:<\/p>\n<ol>\n<li>Maravilla ergon\u00f3mica:<\/li>\n<\/ol>\n<ul>\n<li>Imita la curva natural de su columna para un soporte perfecto<\/li>\n<li>Dise\u00f1o por zonas que cuida cada parte de su espalda<\/li>\n<\/ul>\n<ol start=\"2\">\n<li>Funcionalidad 4 en 1:<\/li>\n<\/ol>\n<ul>\n<li>Transici\u00f3n perfecta de respaldo de cama a almohada, soporte para el cuello o reposapiernas<\/li>\n<li>Mezcle y combine componentes para su configuraci\u00f3n de confort ideal<\/li>\n<\/ul>\n<ol start=\"3\">\n<li>Soporte tipo abrazo:<\/li>\n<\/ol>\n<ul>\n<li>Lados elevados con dise\u00f1o envolvente 3D<\/li>\n<li>Se siente como un abrazo suave para su espalda baja<\/li>\n<\/ul>\n<ol start=\"4\">\n<li>Confort de talla \u00fanica:<\/li>\n<\/ol>\n<ul>\n<li>Generosa \u00e1rea de superficie que se adapta a todos los tipos de cuerpo<\/li>\n<li>Confort lujoso en cualquier posici\u00f3n &#8211; acostado, sentado o reclinado<\/li>\n<\/ul>\n<ol start=\"5\">\n<li>Estabilidad garantizada:<\/li>\n<\/ol>\n<ul>\n<li>Sistema de correas ocultas mantiene el respaldo firmemente en su lugar<\/li>\n<\/ul>\n<ol start=\"6\">\n<li>Materiales premium:<\/li>\n<\/ol>\n<ul>\n<li>N\u00facleo de espuma viscoel\u00e1stica de recuperaci\u00f3n lenta para un confort que alivia la presi\u00f3n<\/li>\n<li>Funda de tela de yoga cepillada &#8211; transpirable, suave como la seda y amigable con la piel<\/li>\n<\/ul>\n<ol start=\"7\">\n<li>Dise\u00f1o f\u00e1cil de usar:<\/li>\n<\/ol>\n<ul>\n<li>Cremallera suave para f\u00e1cil extracci\u00f3n y limpieza de la funda<\/li>\n<\/ul>\n","protected":false},"excerpt":{"rendered":"<ol start=\"3\">\n<li>El vers\u00e1til respaldo de cama<\/li>\n<\/ol>\n<p>Transforme su cama en un refugio de relajaci\u00f3n con nuestro Respaldo de Cama Multifuncional. Dise\u00f1ado para acunar toda su espalda, este producto innovador ofrece un confort y soporte sin igual para cada posici\u00f3n.<\/p>\n","protected":false},"featured_media":6441,"comment_status":"open","ping_status":"closed","template":"","meta":{"site-sidebar-layout":"default","site-content-layout":"","ast-site-content-layout":"default","site-content-style":"default","site-sidebar-style":"default","ast-global-header-display":"","ast-banner-title-visibility":"","ast-main-header-display":"","ast-hfb-above-header-display":"","ast-hfb-below-header-display":"","ast-hfb-mobile-header-display":"","site-post-title":"","ast-breadcrumbs-content":"","ast-featured-img":"","footer-sml-layout":"","theme-transparent-header-meta":"default","adv-header-id-meta":"","stick-header-meta":"","header-above-stick-meta":"","header-main-stick-meta":"","header-below-stick-meta":"","astra-migrate-meta-layouts":"set","ast-page-background-enabled":"default","ast-page-background-meta":{"desktop":{"background-color":"var(--ast-global-color-4)","background-image":"","background-repeat":"repeat","background-position":"center center","background-size":"auto","background-attachment":"scroll","background-type":"","background-media":"","overlay-type":"","overlay-color":"","overlay-opacity":"","overlay-gradient":""},"tablet":{"background-color":"","background-image":"","background-repeat":"repeat","background-position":"center center","background-size":"auto","background-attachment":"scroll","background-type":"","background-media":"","overlay-type":"","overlay-color":"","overlay-opacity":"","overlay-gradient":""},"mobile":{"background-color":"","background-image":"","background-repeat":"repeat","background-position":"center center","background-size":"auto","background-attachment":"scroll","background-type":"","background-media":"","overlay-type":"","overlay-color":"","overlay-opacity":"","overlay-gradient":""}},"ast-content-background-meta":{"desktop":{"background-color":"var(--ast-global-color-5)","background-image":"","background-repeat":"repeat","background-position":"center center","background-size":"auto","background-attachment":"scroll","background-type":"","background-media":"","overlay-type":"","overlay-color":"","overlay-opacity":"","overlay-gradient":""},"tablet":{"background-color":"var(--ast-global-color-5)","background-image":"","background-repeat":"repeat","background-position":"center center","background-size":"auto","background-attachment":"scroll","background-type":"","background-media":"","overlay-type":"","overlay-color":"","overlay-opacity":"","overlay-gradient":""},"mobile":{"background-color":"var(--ast-global-color-5)","background-image":"","background-repeat":"repeat","background-position":"center center","background-size":"auto","background-attachment":"scroll","background-type":"","background-media":"","overlay-type":"","overlay-color":"","overlay-opacity":"","overlay-gradient":""}}},"product_brand":[],"product_cat":[134,237],"product_tag":[235,236],"class_list":{"0":"post-7296","1":"product","2":"type-product","3":"status-publish","4":"has-post-thumbnail","6":"product_cat-apoyo-lumbar","7":"product_cat-coleccion-de-almohadas","8":"product_tag-alivio-de-presion","9":"product_tag-soporte-lumbar","10":"desktop-align-left","11":"tablet-align-left","12":"mobile-align-left","13":"ast-product-gallery-layout-horizontal-slider","14":"ast-product-single-variable","15":"ast-product-tabs-layout-horizontal","16":"ast-qv-on-image","18":"first","19":"instock","20":"shipping-taxable","21":"purchasable","22":"product-type-variable"},"aioseo_notices":[],"_links":{"self":[{"href":"https:\/\/www.aimycomfort.com\/store\/es\/wp-json\/wp\/v2\/product\/7296","targetHints":{"allow":["GET"]}}],"collection":[{"href":"https:\/\/www.aimycomfort.com\/store\/es\/wp-json\/wp\/v2\/product"}],"about":[{"href":"https:\/\/www.aimycomfort.com\/store\/es\/wp-json\/wp\/v2\/types\/product"}],"replies":[{"embeddable":true,"href":"https:\/\/www.aimycomfort.com\/store\/es\/wp-json\/wp\/v2\/comments?post=7296"}],"wp:featuredmedia":[{"embeddable":true,"href":"https:\/\/www.aimycomfort.com\/store\/es\/wp-json\/wp\/v2\/media\/6441"}],"wp:attachment":[{"href":"https:\/\/www.aimycomfort.com\/store\/es\/wp-json\/wp\/v2\/media?parent=7296"}],"wp:term":[{"taxonomy":"product_brand","embeddable":true,"href":"https:\/\/www.aimycomfort.com\/store\/es\/wp-json\/wp\/v2\/product_brand?post=7296"},{"taxonomy":"product_cat","embeddable":true,"href":"https:\/\/www.aimycomfort.com\/store\/es\/wp-json\/wp\/v2\/product_cat?post=7296"},{"taxonomy":"product_tag","embeddable":true,"href":"https:\/\/www.aimycomfort.com\/store\/es\/wp-json\/wp\/v2\/product_tag?post=7296"}],"curies":[{"name":"wp","href":"https:\/\/api.w.org\/{rel}","templated":true}]}}