{"id":7215,"date":"2024-08-13T03:58:06","date_gmt":"2024-08-13T03:58:06","guid":{"rendered":"https:\/\/www.aimycomfort.com\/store\/product\/almohada-premium-de-algodon-pp-y-espuma-triturada\/"},"modified":"2024-08-23T06:50:22","modified_gmt":"2024-08-23T06:50:22","slug":"almohada-premium-de-algodon-pp-y-espuma-triturada","status":"publish","type":"product","link":"https:\/\/www.aimycomfort.com\/store\/es\/producto\/almohada-premium-de-algodon-pp-y-espuma-triturada\/","title":{"rendered":"Almohada Premium de Algod\u00f3n PP y Espuma Triturada"},"content":{"rendered":"<p>Diga adi\u00f3s a las noches de insomnio y hola a las ma\u00f1anas renovadas. \u00a1Su viaje hacia un mejor sue\u00f1o comienza aqu\u00ed!<\/p>\n<p>Ya sea que duerma de lado, boca arriba o en alguna posici\u00f3n intermedia, nuestra Almohada de Algod\u00f3n PP y Espuma Triturada se adapta a sus necesidades. Experimente el equilibrio perfecto entre comodidad suave y estructura de apoyo que se adapta a usted, no al rev\u00e9s.<\/p>\n<p>Caracter\u00edsticas principales:<\/p>\n<ol>\n<li>Lujo de calidad hotelera:<\/li>\n<\/ol>\n<ul>\n<li>Disfrute de la misma comodidad lujosa que se encuentra en hoteles de primer nivel<\/li>\n<li>Transforme su dormitorio en un refugio de relajaci\u00f3n<\/li>\n<\/ul>\n<ol start=\"2\">\n<li>Fibra de alta elasticidad:<\/li>\n<\/ol>\n<ul>\n<li>Fibras de calidad premium y resilientes para una recuperaci\u00f3n superior<\/li>\n<li>Durabilidad excepcional para una comodidad duradera<\/li>\n<\/ul>\n<ol start=\"3\">\n<li>Comodidad triple:<\/li>\n<\/ol>\n<ul>\n<li>Alto rebote para un soporte receptivo<\/li>\n<li>Soporte fuerte y estable para una alineaci\u00f3n adecuada<\/li>\n<li>Absorbe la humedad y es transpirable para un sue\u00f1o fresco<\/li>\n<\/ul>\n<ol start=\"4\">\n<li>Libertad multicapa:<\/li>\n<\/ol>\n<ul>\n<li>Dise\u00f1o innovador multicapa que equilibra suavidad y soporte<\/li>\n<li>Se adapta a su estilo de sue\u00f1o \u00fanico, liber\u00e1ndolo de la incomodidad<\/li>\n<\/ul>\n<ol start=\"5\">\n<li>Comodidad vers\u00e1til:<\/li>\n<\/ol>\n<ul>\n<li>Perfecta para todas las posiciones de sue\u00f1o<\/li>\n<li>Soporte personalizable seg\u00fan sus preferencias personales<\/li>\n<\/ul>\n<p>\u00a1Actualice a un sue\u00f1o de cinco estrellas esta noche. Porque cuando duerme mejor, vive mejor!<\/p>\n","protected":false},"excerpt":{"rendered":"<p>Su boleto para un sue\u00f1o de cinco estrellas<\/p>\n<p>\u00bfLas noches de insomnio lo est\u00e1n frenando? Diga adi\u00f3s a dar vueltas en la cama y hola a la comodidad lujosa de un hotel de cinco estrellas &#8211; \u00a1justo en su propio dormitorio!<\/p>\n<p>Sum\u00e9rjase en un mundo de comodidad suave y sin presi\u00f3n con nuestra innovadora Almohada de Algod\u00f3n PP y Espuma Triturada. No es solo una almohada; es su santuario personal para dormir.<\/p>\n","protected":false},"featured_media":6855,"comment_status":"open","ping_status":"closed","template":"","meta":{"site-sidebar-layout":"default","site-content-layout":"","ast-site-content-layout":"default","site-content-style":"default","site-sidebar-style":"default","ast-global-header-display":"","ast-banner-title-visibility":"","ast-main-header-display":"","ast-hfb-above-header-display":"","ast-hfb-below-header-display":"","ast-hfb-mobile-header-display":"","site-post-title":"","ast-breadcrumbs-content":"","ast-featured-img":"","footer-sml-layout":"","theme-transparent-header-meta":"default","adv-header-id-meta":"","stick-header-meta":"","header-above-stick-meta":"","header-main-stick-meta":"","header-below-stick-meta":"","astra-migrate-meta-layouts":"set","ast-page-background-enabled":"default","ast-page-background-meta":{"desktop":{"background-color":"var(--ast-global-color-4)","background-image":"","background-repeat":"repeat","background-position":"center center","background-size":"auto","background-attachment":"scroll","background-type":"","background-media":"","overlay-type":"","overlay-color":"","overlay-opacity":"","overlay-gradient":""},"tablet":{"background-color":"","background-image":"","background-repeat":"repeat","background-position":"center center","background-size":"auto","background-attachment":"scroll","background-type":"","background-media":"","overlay-type":"","overlay-color":"","overlay-opacity":"","overlay-gradient":""},"mobile":{"background-color":"","background-image":"","background-repeat":"repeat","background-position":"center center","background-size":"auto","background-attachment":"scroll","background-type":"","background-media":"","overlay-type":"","overlay-color":"","overlay-opacity":"","overlay-gradient":""}},"ast-content-background-meta":{"desktop":{"background-color":"var(--ast-global-color-5)","background-image":"","background-repeat":"repeat","background-position":"center center","background-size":"auto","background-attachment":"scroll","background-type":"","background-media":"","overlay-type":"","overlay-color":"","overlay-opacity":"","overlay-gradient":""},"tablet":{"background-color":"var(--ast-global-color-5)","background-image":"","background-repeat":"repeat","background-position":"center center","background-size":"auto","background-attachment":"scroll","background-type":"","background-media":"","overlay-type":"","overlay-color":"","overlay-opacity":"","overlay-gradient":""},"mobile":{"background-color":"var(--ast-global-color-5)","background-image":"","background-repeat":"repeat","background-position":"center center","background-size":"auto","background-attachment":"scroll","background-type":"","background-media":"","overlay-type":"","overlay-color":"","overlay-opacity":"","overlay-gradient":""}}},"product_brand":[],"product_cat":[237],"product_tag":[235,238],"class_list":{"0":"post-7215","1":"product","2":"type-product","3":"status-publish","4":"has-post-thumbnail","6":"product_cat-coleccion-de-almohadas","7":"product_tag-alivio-de-presion","8":"product_tag-almohada","9":"desktop-align-left","10":"tablet-align-left","11":"mobile-align-left","12":"ast-product-gallery-layout-horizontal-slider","13":"ast-product-tabs-layout-horizontal","14":"ast-qv-on-image","16":"first","17":"instock","18":"shipping-taxable","19":"purchasable","20":"product-type-simple"},"aioseo_notices":[],"_links":{"self":[{"href":"https:\/\/www.aimycomfort.com\/store\/es\/wp-json\/wp\/v2\/product\/7215","targetHints":{"allow":["GET"]}}],"collection":[{"href":"https:\/\/www.aimycomfort.com\/store\/es\/wp-json\/wp\/v2\/product"}],"about":[{"href":"https:\/\/www.aimycomfort.com\/store\/es\/wp-json\/wp\/v2\/types\/product"}],"replies":[{"embeddable":true,"href":"https:\/\/www.aimycomfort.com\/store\/es\/wp-json\/wp\/v2\/comments?post=7215"}],"wp:featuredmedia":[{"embeddable":true,"href":"https:\/\/www.aimycomfort.com\/store\/es\/wp-json\/wp\/v2\/media\/6855"}],"wp:attachment":[{"href":"https:\/\/www.aimycomfort.com\/store\/es\/wp-json\/wp\/v2\/media?parent=7215"}],"wp:term":[{"taxonomy":"product_brand","embeddable":true,"href":"https:\/\/www.aimycomfort.com\/store\/es\/wp-json\/wp\/v2\/product_brand?post=7215"},{"taxonomy":"product_cat","embeddable":true,"href":"https:\/\/www.aimycomfort.com\/store\/es\/wp-json\/wp\/v2\/product_cat?post=7215"},{"taxonomy":"product_tag","embeddable":true,"href":"https:\/\/www.aimycomfort.com\/store\/es\/wp-json\/wp\/v2\/product_tag?post=7215"}],"curies":[{"name":"wp","href":"https:\/\/api.w.org\/{rel}","templated":true}]}}