{"id":7208,"date":"2024-08-09T09:36:20","date_gmt":"2024-08-09T09:36:20","guid":{"rendered":"https:\/\/www.aimycomfort.com\/store\/product\/combo-de-soporte-lumbar-abrazo-de-mariposa\/"},"modified":"2024-08-23T06:54:24","modified_gmt":"2024-08-23T06:54:24","slug":"combo-de-soporte-lumbar-abrazo-de-mariposa","status":"publish","type":"product","link":"https:\/\/www.aimycomfort.com\/store\/es\/producto\/combo-de-soporte-lumbar-abrazo-de-mariposa\/","title":{"rendered":"Combo de Soporte Lumbar Abrazo de Mariposa"},"content":{"rendered":"<p>Ya sea que est\u00e9 navegando por el tr\u00e1fico de la hora punta, trabajando durante todo el d\u00eda o simplemente relaj\u00e1ndose en casa, nuestro Combo de Soporte Lumbar Abrazo de Mariposa asegura que su espalda se mantenga feliz y saludable. \u00a1Diga adi\u00f3s a la incomodidad y hola a un nuevo nivel de bienestar al sentarse!<\/p>\n<p>Caracter\u00edsticas principales:<\/p>\n<ol>\n<li>Dise\u00f1o amigable con la columna:<\/li>\n<\/ol>\n<ul>\n<li>Se adapta perfectamente a las curvas naturales de su espalda<\/li>\n<li>Ideal para viajes largos, trabajo de oficina o sentarse por per\u00edodos prolongados<\/li>\n<\/ul>\n<ol start=\"2\">\n<li>Tecnolog\u00eda de Abrazo en forma de W:<\/li>\n<\/ol>\n<ul>\n<li>Envuelve su espalda baja para una comodidad de 360\u00b0<\/li>\n<li>Promueve una postura adecuada para una columna m\u00e1s feliz y saludable<\/li>\n<\/ul>\n<ol start=\"3\">\n<li>Soporte de precisi\u00f3n 3D:<\/li>\n<\/ol>\n<ul>\n<li>Sigue la curvatura exacta de su columna<\/li>\n<li>Proporciona soporte espec\u00edfico a su regi\u00f3n lumbar<\/li>\n<li>Abraza suavemente sus costados para un cuidado integral<\/li>\n<\/ul>\n<ol start=\"4\">\n<li>Dise\u00f1o vers\u00e1til de dos piezas:<\/li>\n<\/ol>\n<ul>\n<li>Secci\u00f3n superior extendida para un soporte completo de la espalda<\/li>\n<li>Coj\u00edn inferior desmontable para una comodidad personalizable<\/li>\n<li>\u00daselos juntos o por separado para una experiencia a medida<\/li>\n<\/ul>\n<ol start=\"5\">\n<li>N\u00facleo de espuma viscoel\u00e1stica premium:<\/li>\n<\/ol>\n<ul>\n<li>Espuma de alta densidad y recuperaci\u00f3n lenta que se adapta a su forma \u00fanica<\/li>\n<li>Ofrece el equilibrio perfecto entre suavidad y soporte<\/li>\n<li>Mantiene sus propiedades de soporte con el tiempo<\/li>\n<\/ul>\n","protected":false},"excerpt":{"rendered":"<p>Su clave para la comodidad durante todo el d\u00eda<\/p>\n<p>Experimente una revoluci\u00f3n en la comodidad al sentarse con nuestro innovador Combo de Soporte Lumbar Abrazo de Mariposa. Dise\u00f1ado para acunar su columna y desterrar la fatiga, esta maravilla ergon\u00f3mica asegura que se mantenga c\u00f3modo y apoyado, sin importar cu\u00e1nto tiempo est\u00e9 sentado.<\/p>\n","protected":false},"featured_media":6405,"comment_status":"open","ping_status":"closed","template":"","meta":{"site-sidebar-layout":"default","site-content-layout":"","ast-site-content-layout":"default","site-content-style":"default","site-sidebar-style":"default","ast-global-header-display":"","ast-banner-title-visibility":"","ast-main-header-display":"","ast-hfb-above-header-display":"","ast-hfb-below-header-display":"","ast-hfb-mobile-header-display":"","site-post-title":"","ast-breadcrumbs-content":"","ast-featured-img":"","footer-sml-layout":"","theme-transparent-header-meta":"default","adv-header-id-meta":"","stick-header-meta":"","header-above-stick-meta":"","header-main-stick-meta":"","header-below-stick-meta":"","astra-migrate-meta-layouts":"set","ast-page-background-enabled":"default","ast-page-background-meta":{"desktop":{"background-color":"var(--ast-global-color-4)","background-image":"","background-repeat":"repeat","background-position":"center center","background-size":"auto","background-attachment":"scroll","background-type":"","background-media":"","overlay-type":"","overlay-color":"","overlay-opacity":"","overlay-gradient":""},"tablet":{"background-color":"","background-image":"","background-repeat":"repeat","background-position":"center center","background-size":"auto","background-attachment":"scroll","background-type":"","background-media":"","overlay-type":"","overlay-color":"","overlay-opacity":"","overlay-gradient":""},"mobile":{"background-color":"","background-image":"","background-repeat":"repeat","background-position":"center center","background-size":"auto","background-attachment":"scroll","background-type":"","background-media":"","overlay-type":"","overlay-color":"","overlay-opacity":"","overlay-gradient":""}},"ast-content-background-meta":{"desktop":{"background-color":"var(--ast-global-color-5)","background-image":"","background-repeat":"repeat","background-position":"center center","background-size":"auto","background-attachment":"scroll","background-type":"","background-media":"","overlay-type":"","overlay-color":"","overlay-opacity":"","overlay-gradient":""},"tablet":{"background-color":"var(--ast-global-color-5)","background-image":"","background-repeat":"repeat","background-position":"center center","background-size":"auto","background-attachment":"scroll","background-type":"","background-media":"","overlay-type":"","overlay-color":"","overlay-opacity":"","overlay-gradient":""},"mobile":{"background-color":"var(--ast-global-color-5)","background-image":"","background-repeat":"repeat","background-position":"center center","background-size":"auto","background-attachment":"scroll","background-type":"","background-media":"","overlay-type":"","overlay-color":"","overlay-opacity":"","overlay-gradient":""}}},"product_brand":[],"product_cat":[134],"product_tag":[235,236],"class_list":{"0":"post-7208","1":"product","2":"type-product","3":"status-publish","4":"has-post-thumbnail","6":"product_cat-apoyo-lumbar","7":"product_tag-alivio-de-presion","8":"product_tag-soporte-lumbar","9":"desktop-align-left","10":"tablet-align-left","11":"mobile-align-left","12":"ast-product-gallery-layout-horizontal-slider","13":"ast-product-single-variable","14":"ast-product-tabs-layout-horizontal","15":"ast-qv-on-image","17":"first","18":"instock","19":"shipping-taxable","20":"purchasable","21":"product-type-variable"},"aioseo_notices":[],"_links":{"self":[{"href":"https:\/\/www.aimycomfort.com\/store\/es\/wp-json\/wp\/v2\/product\/7208","targetHints":{"allow":["GET"]}}],"collection":[{"href":"https:\/\/www.aimycomfort.com\/store\/es\/wp-json\/wp\/v2\/product"}],"about":[{"href":"https:\/\/www.aimycomfort.com\/store\/es\/wp-json\/wp\/v2\/types\/product"}],"replies":[{"embeddable":true,"href":"https:\/\/www.aimycomfort.com\/store\/es\/wp-json\/wp\/v2\/comments?post=7208"}],"wp:featuredmedia":[{"embeddable":true,"href":"https:\/\/www.aimycomfort.com\/store\/es\/wp-json\/wp\/v2\/media\/6405"}],"wp:attachment":[{"href":"https:\/\/www.aimycomfort.com\/store\/es\/wp-json\/wp\/v2\/media?parent=7208"}],"wp:term":[{"taxonomy":"product_brand","embeddable":true,"href":"https:\/\/www.aimycomfort.com\/store\/es\/wp-json\/wp\/v2\/product_brand?post=7208"},{"taxonomy":"product_cat","embeddable":true,"href":"https:\/\/www.aimycomfort.com\/store\/es\/wp-json\/wp\/v2\/product_cat?post=7208"},{"taxonomy":"product_tag","embeddable":true,"href":"https:\/\/www.aimycomfort.com\/store\/es\/wp-json\/wp\/v2\/product_tag?post=7208"}],"curies":[{"name":"wp","href":"https:\/\/api.w.org\/{rel}","templated":true}]}}