{"id":29148,"date":"2025-02-06T05:26:31","date_gmt":"2025-02-06T05:26:31","guid":{"rendered":"https:\/\/www.aimycomfort.com\/store\/product\/imitation-rabbit-fur-sofa-pillow\/"},"modified":"2025-02-06T06:44:43","modified_gmt":"2025-02-06T06:44:43","slug":"imitation-rabbit-fur-sofa-pillow","status":"publish","type":"product","link":"https:\/\/www.aimycomfort.com\/store\/es\/producto\/imitation-rabbit-fur-sofa-pillow\/","title":{"rendered":"Coj\u00edn de Sof\u00e1 de Piel de Conejo Imitaci\u00f3n"},"content":{"rendered":"<p class=\"first:mt-1.5\">El Coj\u00edn de Sof\u00e1 de Piel de Conejo Imitaci\u00f3n combina un dise\u00f1o simple pero lujoso con una suavidad y comodidad incomparables. Hecho de piel de conejo de imitaci\u00f3n, es c\u00e1lido, transpirable y amigable con la piel, ofreciendo un toque acogedor y elegante a tu espacio. Con una artesan\u00eda exquisita, costuras uniformes y un cierre de metal duradero con dise\u00f1o invisible, este coj\u00edn es tanto elegante como pr\u00e1ctico. F\u00e1cil de mantener, se puede lavar a mano y a m\u00e1quina, garantizando una calidad duradera.<\/p>\n<p class=\"first:mt-1.5\"><strong>Caracter\u00edsticas Clave del Coj\u00edn de Sof\u00e1:<\/strong><\/p>\n<h4><strong>Lujosa Piel de Conejo Imitaci\u00f3n<\/strong><\/h4>\n<p class=\"first:mt-1.5\">Material suave, c\u00e1lido y amigable con la piel que a\u00f1ade un toque de elegancia y comodidad a cualquier habitaci\u00f3n.<\/p>\n<h4><strong>Artesan\u00eda Exquisita<\/strong><\/h4>\n<p class=\"first:mt-1.5\">Costuras uniformes y dise\u00f1o de borde con bloqueo en los cuatro lados que garantizan durabilidad y un acabado pulido.<\/p>\n<h4><strong>Cierre de Metal Duradero<\/strong><\/h4>\n<p class=\"first:mt-1.5\">Dise\u00f1o de cierre invisible para una apariencia sin costuras, combinando practicidad y estilo.<\/p>\n<h4><strong>F\u00e1cil Mantenimiento<\/strong><\/h4>\n<p class=\"first:mt-1.5\">Lavable a mano y a m\u00e1quina para una limpieza sin complicaciones y un uso duradero.<\/p>\n<h4><strong>Colores y Tama\u00f1os Vers\u00e1tiles<\/strong><\/h4>\n<p class=\"first:mt-1.5\">Disponible en una variedad de colores, incluyendo Naranja, Gris Oscuro, Rosa, Negro, Azul, Blanco, Verde Oscuro, Gris Claro, Marr\u00f3n y Verde Claro, con un tama\u00f1o est\u00e1ndar de <strong>45 x 45 cm<\/strong>.<\/p>\n<p class=\"first:mt-1.5\">El Coj\u00edn de Sof\u00e1 de Piel de Conejo Imitaci\u00f3n es la combinaci\u00f3n perfecta de calidad, comodidad y estilo, lo que lo convierte en una adici\u00f3n ideal para la decoraci\u00f3n de tu hogar.<\/p>\n","protected":false},"excerpt":{"rendered":"<p class=\"first:mt-1.5\">El Coj\u00edn de Sof\u00e1 de Piel de Conejo Imitaci\u00f3n cuenta con una piel de conejo de imitaci\u00f3n suave y amigable con la piel, con una artesan\u00eda exquisita y un cierre invisible duradero. Disponible en una variedad de colores, es f\u00e1cil de limpiar y a\u00f1ade un toque lujoso a cualquier espacio.<\/p>\n","protected":false},"featured_media":28917,"comment_status":"open","ping_status":"closed","template":"","meta":{"site-sidebar-layout":"default","site-content-layout":"","ast-site-content-layout":"default","site-content-style":"default","site-sidebar-style":"default","ast-global-header-display":"","ast-banner-title-visibility":"","ast-main-header-display":"","ast-hfb-above-header-display":"","ast-hfb-below-header-display":"","ast-hfb-mobile-header-display":"","site-post-title":"","ast-breadcrumbs-content":"","ast-featured-img":"","footer-sml-layout":"","theme-transparent-header-meta":"default","adv-header-id-meta":"","stick-header-meta":"","header-above-stick-meta":"","header-main-stick-meta":"","header-below-stick-meta":"","astra-migrate-meta-layouts":"set","ast-page-background-enabled":"default","ast-page-background-meta":{"desktop":{"background-color":"var(--ast-global-color-4)","background-image":"","background-repeat":"repeat","background-position":"center center","background-size":"auto","background-attachment":"scroll","background-type":"","background-media":"","overlay-type":"","overlay-color":"","overlay-opacity":"","overlay-gradient":""},"tablet":{"background-color":"","background-image":"","background-repeat":"repeat","background-position":"center center","background-size":"auto","background-attachment":"scroll","background-type":"","background-media":"","overlay-type":"","overlay-color":"","overlay-opacity":"","overlay-gradient":""},"mobile":{"background-color":"","background-image":"","background-repeat":"repeat","background-position":"center center","background-size":"auto","background-attachment":"scroll","background-type":"","background-media":"","overlay-type":"","overlay-color":"","overlay-opacity":"","overlay-gradient":""}},"ast-content-background-meta":{"desktop":{"background-color":"var(--ast-global-color-5)","background-image":"","background-repeat":"repeat","background-position":"center center","background-size":"auto","background-attachment":"scroll","background-type":"","background-media":"","overlay-type":"","overlay-color":"","overlay-opacity":"","overlay-gradient":""},"tablet":{"background-color":"var(--ast-global-color-5)","background-image":"","background-repeat":"repeat","background-position":"center center","background-size":"auto","background-attachment":"scroll","background-type":"","background-media":"","overlay-type":"","overlay-color":"","overlay-opacity":"","overlay-gradient":""},"mobile":{"background-color":"var(--ast-global-color-5)","background-image":"","background-repeat":"repeat","background-position":"center center","background-size":"auto","background-attachment":"scroll","background-type":"","background-media":"","overlay-type":"","overlay-color":"","overlay-opacity":"","overlay-gradient":""}}},"product_brand":[],"product_cat":[949],"product_tag":[238],"class_list":{"0":"post-29148","1":"product","2":"type-product","3":"status-publish","4":"has-post-thumbnail","6":"product_cat-sofa-pillow-es","7":"product_tag-almohada","8":"desktop-align-left","9":"tablet-align-left","10":"mobile-align-left","11":"ast-product-gallery-layout-horizontal-slider","12":"ast-product-single-variable","13":"ast-product-tabs-layout-horizontal","14":"ast-qv-on-image","16":"first","17":"instock","18":"shipping-taxable","19":"purchasable","20":"product-type-variable"},"aioseo_notices":[],"_links":{"self":[{"href":"https:\/\/www.aimycomfort.com\/store\/es\/wp-json\/wp\/v2\/product\/29148","targetHints":{"allow":["GET"]}}],"collection":[{"href":"https:\/\/www.aimycomfort.com\/store\/es\/wp-json\/wp\/v2\/product"}],"about":[{"href":"https:\/\/www.aimycomfort.com\/store\/es\/wp-json\/wp\/v2\/types\/product"}],"replies":[{"embeddable":true,"href":"https:\/\/www.aimycomfort.com\/store\/es\/wp-json\/wp\/v2\/comments?post=29148"}],"wp:featuredmedia":[{"embeddable":true,"href":"https:\/\/www.aimycomfort.com\/store\/es\/wp-json\/wp\/v2\/media\/28917"}],"wp:attachment":[{"href":"https:\/\/www.aimycomfort.com\/store\/es\/wp-json\/wp\/v2\/media?parent=29148"}],"wp:term":[{"taxonomy":"product_brand","embeddable":true,"href":"https:\/\/www.aimycomfort.com\/store\/es\/wp-json\/wp\/v2\/product_brand?post=29148"},{"taxonomy":"product_cat","embeddable":true,"href":"https:\/\/www.aimycomfort.com\/store\/es\/wp-json\/wp\/v2\/product_cat?post=29148"},{"taxonomy":"product_tag","embeddable":true,"href":"https:\/\/www.aimycomfort.com\/store\/es\/wp-json\/wp\/v2\/product_tag?post=29148"}],"curies":[{"name":"wp","href":"https:\/\/api.w.org\/{rel}","templated":true}]}}