{"id":26625,"date":"2025-01-09T03:15:01","date_gmt":"2025-01-09T03:15:01","guid":{"rendered":"https:\/\/www.aimycomfort.com\/store\/product\/pillow-fluffy-feather-velvet-cloud-pillow\/"},"modified":"2025-01-09T03:36:55","modified_gmt":"2025-01-09T03:36:55","slug":"pillow-fluffy-feather-velvet-cloud-pillow","status":"publish","type":"product","link":"https:\/\/www.aimycomfort.com\/store\/es\/producto\/pillow-fluffy-feather-velvet-cloud-pillow\/","title":{"rendered":"Almohada Nube de Plumas y Terciopelo Esponjosa"},"content":{"rendered":"<p class=\"first:mt-1.5\"><strong>La Almohada Nube de Plumas y Terciopelo esponjosa<\/strong> est\u00e1 confeccionada con tela de fibra de soya, rica en prote\u00ednas de soya, para nutrir la piel y proporcionar un tacto suave y delicado. Su dise\u00f1o absorbente de humedad, transpirable y resiliente se adapta a tus curvas, ofreciendo un excelente soporte para los hombros y el cuello. Duradera y de larga duraci\u00f3n, garantiza un sue\u00f1o c\u00f3modo como el de un beb\u00e9 cada noche.<\/p>\n<h2><strong>Caracter\u00edsticas clave de la almohada:<\/strong><\/h2>\n<ul>\n<li>\n<p class=\"first:mt-1.5\"><strong>Tela de Fibra de Soya<\/strong><br \/>\nSuave, amigable con la piel y rica en prote\u00ednas de soya para mantener la vitalidad de la piel.<\/p>\n<\/li>\n<li>\n<p class=\"first:mt-1.5\"><strong>Absorbente de Humedad y Transpirable<\/strong><br \/>\nTe mantiene fresco y c\u00f3modo durante toda la noche.<\/p>\n<\/li>\n<li>\n<p class=\"first:mt-1.5\"><strong>Suave y Resiliente<\/strong><br \/>\nSe adapta a las curvas del cuerpo, proporcionando un soporte \u00f3ptimo para los hombros y el cuello.<\/p>\n<\/li>\n<li>\n<p class=\"first:mt-1.5\"><strong>Dise\u00f1o Duradero<\/strong><br \/>\nComodidad duradera con una sensaci\u00f3n lujosa y similar a una nube.<\/p>\n<\/li>\n<\/ul>\n","protected":false},"excerpt":{"rendered":"<p>La Almohada Nube de Plumas y Terciopelo presenta un suave y amigable tejido de fibra de soya que apoya los hombros y el cuello mientras mantiene la vitalidad de la piel. Absorbente de humedad, transpirable y duradera, garantiza un sue\u00f1o c\u00f3modo como en una nube cada noche.<\/p>\n","protected":false},"featured_media":26518,"comment_status":"open","ping_status":"closed","template":"","meta":{"site-sidebar-layout":"default","site-content-layout":"","ast-site-content-layout":"default","site-content-style":"default","site-sidebar-style":"default","ast-global-header-display":"","ast-banner-title-visibility":"","ast-main-header-display":"","ast-hfb-above-header-display":"","ast-hfb-below-header-display":"","ast-hfb-mobile-header-display":"","site-post-title":"","ast-breadcrumbs-content":"","ast-featured-img":"","footer-sml-layout":"","theme-transparent-header-meta":"default","adv-header-id-meta":"","stick-header-meta":"","header-above-stick-meta":"","header-main-stick-meta":"","header-below-stick-meta":"","astra-migrate-meta-layouts":"set","ast-page-background-enabled":"default","ast-page-background-meta":{"desktop":{"background-color":"var(--ast-global-color-4)","background-image":"","background-repeat":"repeat","background-position":"center center","background-size":"auto","background-attachment":"scroll","background-type":"","background-media":"","overlay-type":"","overlay-color":"","overlay-opacity":"","overlay-gradient":""},"tablet":{"background-color":"","background-image":"","background-repeat":"repeat","background-position":"center center","background-size":"auto","background-attachment":"scroll","background-type":"","background-media":"","overlay-type":"","overlay-color":"","overlay-opacity":"","overlay-gradient":""},"mobile":{"background-color":"","background-image":"","background-repeat":"repeat","background-position":"center center","background-size":"auto","background-attachment":"scroll","background-type":"","background-media":"","overlay-type":"","overlay-color":"","overlay-opacity":"","overlay-gradient":""}},"ast-content-background-meta":{"desktop":{"background-color":"var(--ast-global-color-5)","background-image":"","background-repeat":"repeat","background-position":"center center","background-size":"auto","background-attachment":"scroll","background-type":"","background-media":"","overlay-type":"","overlay-color":"","overlay-opacity":"","overlay-gradient":""},"tablet":{"background-color":"var(--ast-global-color-5)","background-image":"","background-repeat":"repeat","background-position":"center center","background-size":"auto","background-attachment":"scroll","background-type":"","background-media":"","overlay-type":"","overlay-color":"","overlay-opacity":"","overlay-gradient":""},"mobile":{"background-color":"var(--ast-global-color-5)","background-image":"","background-repeat":"repeat","background-position":"center center","background-size":"auto","background-attachment":"scroll","background-type":"","background-media":"","overlay-type":"","overlay-color":"","overlay-opacity":"","overlay-gradient":""}}},"product_brand":[],"product_cat":[845,899,237],"product_tag":[238,543],"class_list":{"0":"post-26625","1":"product","2":"type-product","3":"status-publish","4":"has-post-thumbnail","6":"product_cat-almohada-de-cama","7":"product_cat-almohada-para-el-cuello","8":"product_cat-coleccion-de-almohadas","9":"product_tag-almohada","10":"product_tag-protector-de-cuello","11":"desktop-align-left","12":"tablet-align-left","13":"mobile-align-left","14":"ast-product-gallery-layout-horizontal-slider","15":"ast-product-single-variable","16":"ast-product-tabs-layout-horizontal","17":"ast-qv-on-image","19":"first","20":"instock","21":"shipping-taxable","22":"purchasable","23":"product-type-variable"},"aioseo_notices":[],"_links":{"self":[{"href":"https:\/\/www.aimycomfort.com\/store\/es\/wp-json\/wp\/v2\/product\/26625","targetHints":{"allow":["GET"]}}],"collection":[{"href":"https:\/\/www.aimycomfort.com\/store\/es\/wp-json\/wp\/v2\/product"}],"about":[{"href":"https:\/\/www.aimycomfort.com\/store\/es\/wp-json\/wp\/v2\/types\/product"}],"replies":[{"embeddable":true,"href":"https:\/\/www.aimycomfort.com\/store\/es\/wp-json\/wp\/v2\/comments?post=26625"}],"wp:featuredmedia":[{"embeddable":true,"href":"https:\/\/www.aimycomfort.com\/store\/es\/wp-json\/wp\/v2\/media\/26518"}],"wp:attachment":[{"href":"https:\/\/www.aimycomfort.com\/store\/es\/wp-json\/wp\/v2\/media?parent=26625"}],"wp:term":[{"taxonomy":"product_brand","embeddable":true,"href":"https:\/\/www.aimycomfort.com\/store\/es\/wp-json\/wp\/v2\/product_brand?post=26625"},{"taxonomy":"product_cat","embeddable":true,"href":"https:\/\/www.aimycomfort.com\/store\/es\/wp-json\/wp\/v2\/product_cat?post=26625"},{"taxonomy":"product_tag","embeddable":true,"href":"https:\/\/www.aimycomfort.com\/store\/es\/wp-json\/wp\/v2\/product_tag?post=26625"}],"curies":[{"name":"wp","href":"https:\/\/api.w.org\/{rel}","templated":true}]}}