{"id":25090,"date":"2024-12-26T03:06:23","date_gmt":"2024-12-26T03:06:23","guid":{"rendered":"https:\/\/www.aimycomfort.com\/store\/product\/single-pillow-amazon-hot-selling-cotton-hotel-pillow\/"},"modified":"2024-12-30T05:45:35","modified_gmt":"2024-12-30T05:45:35","slug":"single-pillow-amazon-hot-selling-cotton-hotel-pillow","status":"publish","type":"product","link":"https:\/\/www.aimycomfort.com\/store\/es\/producto\/single-pillow-amazon-hot-selling-cotton-hotel-pillow\/","title":{"rendered":"Almohada Individual de Algod\u00f3n de Hotel M\u00e1s Vendida en Amazon"},"content":{"rendered":"<p>La Almohada Individual combina lujo y comodidad, con una funda de sat\u00e9n sedosa y fibra de gel refrescante para una experiencia de sue\u00f1o reparadora. Su construcci\u00f3n de rebote garantiza un soporte duradero sin deformaciones, mientras que el elegante dise\u00f1o a rayas y el tejido de 250 hilos a\u00f1aden un toque de sofisticaci\u00f3n. Perfecta para todas las posiciones de sue\u00f1o, esta almohada te mantiene fresco, apoyado y c\u00f3modo durante todo el a\u00f1o.<\/p>\n<h2><strong>Caracter\u00edsticas clave de la Almohada Individual:<\/strong><\/h2>\n<ul>\n<li>\n<p class=\"first:mt-1.5\"><strong>Fibra de gel refrescante<\/strong><br \/>\nRegula la temperatura para mantenerte fresco y c\u00f3modo toda la noche.<\/p>\n<\/li>\n<li>\n<p class=\"first:mt-1.5\"><strong>Construcci\u00f3n de rebote<\/strong><br \/>\nProporciona un soporte duradero que no se deforma, asegurando un sue\u00f1o ininterrumpido.<\/p>\n<\/li>\n<li>\n<p class=\"first:mt-1.5\"><strong>Dise\u00f1o elegante<\/strong><br \/>\nCuenta con una funda de sat\u00e9n sedosa a rayas y un tejido de 250 hilos para un aspecto y sensaci\u00f3n lujosos.<\/p>\n<\/li>\n<li>\n<p class=\"first:mt-1.5\"><strong>Soporte para todas las posiciones<\/strong><br \/>\nIdeal para quienes duermen boca abajo, de espaldas o de lado, reduciendo los movimientos durante la noche.<\/p>\n<\/li>\n<li>\n<p class=\"first:mt-1.5\"><strong>Duradera e higi\u00e9nica<\/strong><br \/>\nResistente a la decoloraci\u00f3n, a las manchas y libre de materiales irritantes para un uso prolongado.<\/p>\n<\/li>\n<\/ul>\n<hr \/>\n<p class=\"first:mt-1.5\">La Almohada Individual es la combinaci\u00f3n perfecta de estilo, comodidad y durabilidad, ofreciendo lujo de calidad hotelera para tu hogar. Mantente fresco, apoyado y c\u00f3modo durante todo el a\u00f1o con esta almohada premium.<\/p>\n","protected":false},"excerpt":{"rendered":"<p>La Almohada Individual ofrece comodidad de calidad hotelera con una funda de sat\u00e9n sedosa y fibra de gel refrescante para regular la temperatura. Su construcci\u00f3n de rebote proporciona un soporte duradero sin deformaciones, perfecta para todas las posiciones de sue\u00f1o. Resistente a la decoloraci\u00f3n, a las manchas y con un dise\u00f1o lujoso, garantiza un sue\u00f1o fresco y reparador durante todo el a\u00f1o.<\/p>\n","protected":false},"featured_media":24983,"comment_status":"open","ping_status":"closed","template":"","meta":{"site-sidebar-layout":"default","site-content-layout":"","ast-site-content-layout":"default","site-content-style":"default","site-sidebar-style":"default","ast-global-header-display":"","ast-banner-title-visibility":"","ast-main-header-display":"","ast-hfb-above-header-display":"","ast-hfb-below-header-display":"","ast-hfb-mobile-header-display":"","site-post-title":"","ast-breadcrumbs-content":"","ast-featured-img":"","footer-sml-layout":"","theme-transparent-header-meta":"default","adv-header-id-meta":"","stick-header-meta":"","header-above-stick-meta":"","header-main-stick-meta":"","header-below-stick-meta":"","astra-migrate-meta-layouts":"set","ast-page-background-enabled":"default","ast-page-background-meta":{"desktop":{"background-color":"var(--ast-global-color-4)","background-image":"","background-repeat":"repeat","background-position":"center center","background-size":"auto","background-attachment":"scroll","background-type":"","background-media":"","overlay-type":"","overlay-color":"","overlay-opacity":"","overlay-gradient":""},"tablet":{"background-color":"","background-image":"","background-repeat":"repeat","background-position":"center center","background-size":"auto","background-attachment":"scroll","background-type":"","background-media":"","overlay-type":"","overlay-color":"","overlay-opacity":"","overlay-gradient":""},"mobile":{"background-color":"","background-image":"","background-repeat":"repeat","background-position":"center center","background-size":"auto","background-attachment":"scroll","background-type":"","background-media":"","overlay-type":"","overlay-color":"","overlay-opacity":"","overlay-gradient":""}},"ast-content-background-meta":{"desktop":{"background-color":"var(--ast-global-color-5)","background-image":"","background-repeat":"repeat","background-position":"center center","background-size":"auto","background-attachment":"scroll","background-type":"","background-media":"","overlay-type":"","overlay-color":"","overlay-opacity":"","overlay-gradient":""},"tablet":{"background-color":"var(--ast-global-color-5)","background-image":"","background-repeat":"repeat","background-position":"center center","background-size":"auto","background-attachment":"scroll","background-type":"","background-media":"","overlay-type":"","overlay-color":"","overlay-opacity":"","overlay-gradient":""},"mobile":{"background-color":"var(--ast-global-color-5)","background-image":"","background-repeat":"repeat","background-position":"center center","background-size":"auto","background-attachment":"scroll","background-type":"","background-media":"","overlay-type":"","overlay-color":"","overlay-opacity":"","overlay-gradient":""}}},"product_brand":[],"product_cat":[845,872,237],"product_tag":[238],"class_list":{"0":"post-25090","1":"product","2":"type-product","3":"status-publish","4":"has-post-thumbnail","6":"product_cat-almohada-de-cama","7":"product_cat-almohada-refrigerante","8":"product_cat-coleccion-de-almohadas","9":"product_tag-almohada","10":"desktop-align-left","11":"tablet-align-left","12":"mobile-align-left","13":"ast-product-gallery-layout-horizontal-slider","14":"ast-product-single-variable","15":"ast-product-tabs-layout-horizontal","16":"ast-qv-on-image","18":"first","19":"instock","20":"shipping-taxable","21":"purchasable","22":"product-type-variable"},"aioseo_notices":[],"_links":{"self":[{"href":"https:\/\/www.aimycomfort.com\/store\/es\/wp-json\/wp\/v2\/product\/25090","targetHints":{"allow":["GET"]}}],"collection":[{"href":"https:\/\/www.aimycomfort.com\/store\/es\/wp-json\/wp\/v2\/product"}],"about":[{"href":"https:\/\/www.aimycomfort.com\/store\/es\/wp-json\/wp\/v2\/types\/product"}],"replies":[{"embeddable":true,"href":"https:\/\/www.aimycomfort.com\/store\/es\/wp-json\/wp\/v2\/comments?post=25090"}],"wp:featuredmedia":[{"embeddable":true,"href":"https:\/\/www.aimycomfort.com\/store\/es\/wp-json\/wp\/v2\/media\/24983"}],"wp:attachment":[{"href":"https:\/\/www.aimycomfort.com\/store\/es\/wp-json\/wp\/v2\/media?parent=25090"}],"wp:term":[{"taxonomy":"product_brand","embeddable":true,"href":"https:\/\/www.aimycomfort.com\/store\/es\/wp-json\/wp\/v2\/product_brand?post=25090"},{"taxonomy":"product_cat","embeddable":true,"href":"https:\/\/www.aimycomfort.com\/store\/es\/wp-json\/wp\/v2\/product_cat?post=25090"},{"taxonomy":"product_tag","embeddable":true,"href":"https:\/\/www.aimycomfort.com\/store\/es\/wp-json\/wp\/v2\/product_tag?post=25090"}],"curies":[{"name":"wp","href":"https:\/\/api.w.org\/{rel}","templated":true}]}}